{"id":109,"date":"2015-03-18T21:46:35","date_gmt":"2015-03-18T21:46:35","guid":{"rendered":"http:\/\/localhost\/test\/?page_id=108"},"modified":"2026-03-30T07:10:44","modified_gmt":"2026-03-30T05:10:44","slug":"kontakt_damiper","status":"publish","type":"page","link":"https:\/\/damiper.sk\/sk\/kontakt_damiper\/","title":{"rendered":"Kontakt"},"content":{"rendered":"<div class=\"wpb-content-wrapper\"><p>[vc_row][vc_column][\/vc_column][vc_column][vc_column_text css_animation=&#8220;top-to-bottom&#8220;]<\/p>\n<h1>Damiper s.r.o.<\/h1>\n<h3>Pred po\u013eom 1744\/7a<br \/>\n911 01 Tren\u010d\u00edn<\/h3>\n<p>e-mail: <strong>info [@] damiper bodka sk<\/strong><br \/>\nmobil: <strong>0911 190 227<\/strong><\/p>\n<p>I\u010cO: 36707350<br \/>\nI\u010c DPH: SK2022279677<\/p>\n<h2><span style=\"color: #ff9900;\">Kontakt &#8211; osobn\u00fd odber tovaru B\u00e1novce nad Bebravou<\/span><\/h2>\n<h3>Kpt. Jaro\u0161a 996\/22, Doln\u00e9 Ozorovce (pred COOP Jednota)<\/h3>\n<p>e-mail:\u00a0<b>banovce [@] damiper bodka sk<br \/>\n<\/b>mobil: <strong>0911 190 227<\/strong><\/p>\n<p><span style=\"color: #ff9900;\"><strong>Osobn\u00fd odber v\u017edy na z\u00e1klade dohody vopred (\u010dasovo neobmedzen\u00fd).<\/strong><\/span><\/p>\n<p><strong>\u00a0<\/strong>[\/vc_column_text][vc_gmaps link=&#8220;#E-8_JTNDaWZyYW1lJTIwc3JjJTNEJTIyaHR0cHMlM0ElMkYlMkZ3d3cuZ29vZ2xlLmNvbSUyRm1hcHMlMkZlbWJlZCUzRnBiJTNEJTIxMW0xOCUyMTFtMTIlMjExbTMlMjExZDI2MzIuMDIwNzk1MjE3ODg0NCUyMTJkMTguMjQxNTE4NzExNDY0ODI0JTIxM2Q0OC43MjQxOTQzMTAwMjIyNCUyMTJtMyUyMTFmMCUyMTJmMCUyMTNmMCUyMTNtMiUyMTFpMTAyNCUyMTJpNzY4JTIxNGYxMy4xJTIxM20zJTIxMW0yJTIxMXMweDQ3MTRhMjIyN2IzMTI5NjklMjUzQTB4ZGQ0YzhjMjdhZTE4YTAwMiUyMTJzRGFtaXBlciUyNTIwcy4lMjUyMHIuJTI1MjBvLiUyNTIwJTI1N0MlMjUyME9LTiUyNUMzJTI1ODElMjUyMCUyNTdDJTI1MjBEVkVSRSUyNTIwJTI1N0MlMjUyMFBPRExBSFklMjE1ZTAlMjEzbTIlMjExc3NrJTIxMnNzayUyMTR2MTc2MTcxNjg4NDQyOSUyMTVtMiUyMTFzc2slMjEyc3NrJTIyJTIwd2lkdGglM0QlMjI2MDAlMjIlMjBoZWlnaHQlM0QlMjI0NTAlMjIlMjBzdHlsZSUzRCUyMmJvcmRlciUzQTAlM0IlMjIlMjBhbGxvd2Z1bGxzY3JlZW4lM0QlMjIlMjIlMjBsb2FkaW5nJTNEJTIybGF6eSUyMiUyMHJlZmVycmVycG9saWN5JTNEJTIybm8tcmVmZXJyZXItd2hlbi1kb3duZ3JhZGUlMjIlM0UlM0MlMkZpZnJhbWUlM0U=&#8220; css=&#8220;&#8220; src=&#8220;https:\/\/www.google.com\/maps\/embed?pb=!1m18!1m12!1m3!1d2632.0207952178844!2d18.241518711464824!3d48.72419431002224!2m3!1f0!2f0!3f0!3m2!1i1024!2i768!4f13.1!3m3!1m2!1s0x4714a2227b312969%3A0xdd4c8c27ae18a002!2sDamiper%20s.%20r.%20o.%20%7C%20OKN%C3%81%20%7C%20DVERE%20%7C%20PODLAHY!5e0!3m2!1ssk!2ssk!4v1761716884429!5m2!1ssk!2ssk&#8220; width=&#8220;600&#8243; height=&#8220;450&#8243; style=&#8220;border:0;&#8220; allowfullscreen=&#8220;&#8220; loading=&#8220;lazy&#8220;][\/vc_column][\/vc_row][vc_row css=&#8220;.vc_custom_1452421666731{margin-top: 32px !important;margin-bottom: 64px !important;}&#8220;][vc_column width=&#8220;1\/2&#8243;][vc_column_text css=&#8220;&#8220;]<a id=\"kontakt\"><\/a><\/p>\n<h3><span style=\"color: #ff9900;\">Potrebujete poradi\u0165 s v\u00fdberom vhodn\u00fdch <a href=\"http:\/\/damiper.sk\/sk\/plastove-okna-trencin\/\" target=\"_blank\" rel=\"noopener noreferrer\">plastov\u00fdch a hlin\u00edkov\u00fdch okien<\/a>, <a href=\"http:\/\/damiper.sk\/sk\/produkty\/okna-dvere\/plastove-dvere\/\" target=\"_blank\" rel=\"noopener noreferrer\">vchodov\u00fdch<\/a> a <a href=\"http:\/\/damiper.sk\/sk\/interierove-dvere-trencin\/\" target=\"_blank\" rel=\"noopener noreferrer\">interi\u00e9rov\u00fdch dver\u00ed<\/a> alebo <a href=\"http:\/\/damiper.sk\/sk\/plavajuce-podlahy-trencin\/\" target=\"_blank\" rel=\"noopener noreferrer\">pl\u00e1vaj\u00facich podl\u00e1h<\/a>?<\/span><\/h3>\n<p>Prostredn\u00edctvom kontaktn\u00e9ho formul\u00e1ra V\u00e1m radi zodpovieme v\u0161etky Va\u0161e ot\u00e1zky.<\/p>\n<p>Tento formul\u00e1r nev\u00e1hajte vyu\u017ei\u0165 aj v pr\u00edpade z\u00e1ujmu o vypracovanie <strong><span style=\"color: #ff9900;\">cenovej ponuky<\/span><\/strong>.<\/p>\n<p>Nezabudnite uvies\u0165 aj svoj telefonick\u00fd kontakt &#8211; je to ve\u013emi d\u00f4le\u017eit\u00e9 najm\u00e4 v pr\u00edpade, ak potrebujeme doplni\u0165 inform\u00e1cie k vypracovaniu cenovej ponuky.<\/p>\n<p>Te\u0161\u00edme sa na v\u0161etky Va\u0161e ot\u00e1zky a pripomienky.<\/p>\n<h3><img fetchpriority=\"high\" decoding=\"async\" class=\"size-full wp-image-2238\" src=\"http:\/\/damiper.sk\/sk\/wp-content\/uploads\/kontakt.jpg\" alt=\"kontakt\" width=\"450\" height=\"300\" srcset=\"https:\/\/damiper.sk\/sk\/wp-content\/uploads\/kontakt.jpg 450w, https:\/\/damiper.sk\/sk\/wp-content\/uploads\/kontakt-300x200.jpg 300w\" sizes=\"(max-width: 450px) 100vw, 450px\" \/><\/h3>\n<p>[\/vc_column_text][\/vc_column][vc_column width=&#8220;1\/2&#8243;]\n<div class=\"wpcf7 no-js\" id=\"wpcf7-f4-o1\" lang=\"sk-SK\" dir=\"ltr\" data-wpcf7-id=\"4\">\n<div class=\"screen-reader-response\"><p role=\"status\" aria-live=\"polite\" aria-atomic=\"true\"><\/p> <ul><\/ul><\/div>\n<form action=\"\/sk\/wp-json\/wp\/v2\/pages\/109#wpcf7-f4-o1\" method=\"post\" class=\"wpcf7-form init\" aria-label=\"Kontaktn\u00fd formul\u00e1r\" novalidate=\"novalidate\" data-status=\"init\">\n<fieldset class=\"hidden-fields-container\"><input type=\"hidden\" name=\"_wpcf7\" value=\"4\" \/><input type=\"hidden\" name=\"_wpcf7_version\" value=\"6.1.4\" \/><input type=\"hidden\" name=\"_wpcf7_locale\" value=\"sk_SK\" \/><input type=\"hidden\" name=\"_wpcf7_unit_tag\" value=\"wpcf7-f4-o1\" \/><input type=\"hidden\" name=\"_wpcf7_container_post\" value=\"0\" \/><input type=\"hidden\" name=\"_wpcf7_posted_data_hash\" value=\"\" \/><input type=\"hidden\" name=\"_wpcf7_recaptcha_response\" value=\"\" \/>\n<\/fieldset>\n<p>Va\u0161e meno (povinn\u00e9)\n<\/p>\n<p><span class=\"wpcf7-form-control-wrap\" data-name=\"meno\"><input size=\"40\" maxlength=\"400\" class=\"wpcf7-form-control wpcf7-text wpcf7-validates-as-required\" aria-required=\"true\" aria-invalid=\"false\" placeholder=\"Zadajte va\u0161e meno\" value=\"\" type=\"text\" name=\"meno\" \/><\/span>\n<\/p>\n<p>V\u00e1\u0161 email (povinn\u00e9)\n<\/p>\n<p><span class=\"wpcf7-form-control-wrap\" data-name=\"email\"><input size=\"40\" maxlength=\"400\" class=\"wpcf7-form-control wpcf7-email wpcf7-validates-as-required wpcf7-text wpcf7-validates-as-email\" aria-required=\"true\" aria-invalid=\"false\" placeholder=\"Zadajte e-mailov\u00fa adresu\" value=\"\" type=\"email\" name=\"email\" \/><\/span>\n<\/p>\n<p>Va\u0161e tel. \u010d\u00edslo (povinn\u00e9)\n<\/p>\n<p><span class=\"wpcf7-form-control-wrap\" data-name=\"mobil\"><input size=\"40\" maxlength=\"400\" class=\"wpcf7-form-control wpcf7-tel wpcf7-validates-as-required wpcf7-text wpcf7-validates-as-tel\" aria-required=\"true\" aria-invalid=\"false\" placeholder=\"Zadajte tel. \u010d\u00edslo\" value=\"\" type=\"tel\" name=\"mobil\" \/><\/span>\n<\/p>\n<p>Va\u0161a spr\u00e1va\n<\/p>\n<p><span class=\"wpcf7-form-control-wrap\" data-name=\"sprava\"><textarea cols=\"40\" rows=\"10\" maxlength=\"2000\" class=\"wpcf7-form-control wpcf7-textarea wpcf7-validates-as-required\" aria-required=\"true\" aria-invalid=\"false\" placeholder=\"Va\u0161e ot\u00e1zky a n\u00e1mety (pre r\u00fdchlej\u0161\u00ed kontakt uve\u010fte va\u0161e telef\u00f3nne \u010d\u00edslo)\" name=\"sprava\"><\/textarea><\/span>\n<\/p>\n<p><span class=\"wpcf7-form-control-wrap\" data-name=\"potvrdenie\"><span class=\"wpcf7-form-control wpcf7-acceptance\"><span class=\"wpcf7-list-item\"><input type=\"checkbox\" name=\"potvrdenie\" value=\"1\" aria-invalid=\"false\" \/><\/span><\/span><\/span> Nie som robot\n<\/p>\n<p><input class=\"wpcf7-form-control wpcf7-submit has-spinner\" type=\"submit\" value=\"Odosla\u0165 spr\u00e1vu\" \/>\n<\/p><div class=\"wpcf7-response-output\" aria-hidden=\"true\"><\/div>\n<\/form>\n<\/div>\n[\/vc_column][\/vc_row]<\/p>\n<\/div>","protected":false},"excerpt":{"rendered":"<p>[vc_row][vc_column][\/vc_column][vc_column][vc_column_text css_animation=&#8220;top-to-bottom&#8220;] Damiper s.r.o. Pred po\u013eom 1744\/7a 911 01 Tren\u010d\u00edn e-mail: info [@] damiper bodka sk mobil: 0911 190 227 I\u010cO: 36707350 I\u010c DPH: SK2022279677 Kontakt &#8211; osobn\u00fd odber tovaru B\u00e1novce nad Bebravou Kpt. Jaro\u0161a 996\/22, Doln\u00e9 Ozorovce (pred COOP Jednota) e-mail:\u00a0banovce [@] damiper bodka sk mobil: 0911 190 227 Osobn\u00fd odber v\u017edy na z\u00e1klade..<\/p>\n","protected":false},"author":1,"featured_media":0,"parent":0,"menu_order":0,"comment_status":"closed","ping_status":"closed","template":"template-full.php","meta":{"footnotes":""},"class_list":["post-109","page","type-page","status-publish","hentry"],"yoast_head":"<!-- This site is optimized with the Yoast SEO plugin v26.5 - https:\/\/yoast.com\/wordpress\/plugins\/seo\/ -->\n<title>Kontakt | Okn\u00e1 | Dvere | Podlahy | Damiper s. r. o.<\/title>\n<meta name=\"description\" content=\"Kontakt-osobn\u00fd odber tovaru B\u00e1novce nad Bebravou \/Kpt. Jaro\u0161a 22, Doln\u00e9 Ozorovce\/, 0911 190 227 | info@damiper.sk\" \/>\n<meta name=\"robots\" content=\"index, follow, max-snippet:-1, max-image-preview:large, max-video-preview:-1\" \/>\n<link rel=\"canonical\" href=\"https:\/\/damiper.sk\/sk\/kontakt_damiper\/\" \/>\n<meta property=\"og:locale\" content=\"sk_SK\" \/>\n<meta property=\"og:type\" content=\"article\" \/>\n<meta property=\"og:title\" content=\"Kontakt | Okn\u00e1 | Dvere | Podlahy | Damiper s. r. o.\" \/>\n<meta property=\"og:description\" content=\"Kontakt-osobn\u00fd odber tovaru B\u00e1novce nad Bebravou \/Kpt. Jaro\u0161a 22, Doln\u00e9 Ozorovce\/, 0911 190 227 | info@damiper.sk\" \/>\n<meta property=\"og:url\" content=\"https:\/\/damiper.sk\/sk\/kontakt_damiper\/\" \/>\n<meta property=\"og:site_name\" content=\"Damiper s.r.o. \u00bb Okn\u00e1 | dvere | podlahy\" \/>\n<meta property=\"article:modified_time\" content=\"2026-03-30T05:10:44+00:00\" \/>\n<meta property=\"og:image\" content=\"https:\/\/damiper.sk\/sk\/wp-content\/uploads\/kontakt.jpg\" \/>\n\t<meta property=\"og:image:width\" content=\"450\" \/>\n\t<meta property=\"og:image:height\" content=\"300\" \/>\n\t<meta property=\"og:image:type\" content=\"image\/jpeg\" \/>\n<meta name=\"twitter:card\" content=\"summary_large_image\" \/>\n<meta name=\"twitter:label1\" content=\"Predpokladan\u00fd \u010das \u010d\u00edtania\" \/>\n\t<meta name=\"twitter:data1\" content=\"1 min\u00fata\" \/>\n<script type=\"application\/ld+json\" class=\"yoast-schema-graph\">{\"@context\":\"https:\/\/schema.org\",\"@graph\":[{\"@type\":\"WebPage\",\"@id\":\"https:\/\/damiper.sk\/sk\/kontakt_damiper\/\",\"url\":\"https:\/\/damiper.sk\/sk\/kontakt_damiper\/\",\"name\":\"Kontakt | Okn\u00e1 | Dvere | Podlahy | Damiper s. r. o.\",\"isPartOf\":{\"@id\":\"https:\/\/damiper.sk\/sk\/#website\"},\"primaryImageOfPage\":{\"@id\":\"https:\/\/damiper.sk\/sk\/kontakt_damiper\/#primaryimage\"},\"image\":{\"@id\":\"https:\/\/damiper.sk\/sk\/kontakt_damiper\/#primaryimage\"},\"thumbnailUrl\":\"http:\/\/damiper.sk\/sk\/wp-content\/uploads\/kontakt.jpg\",\"datePublished\":\"2015-03-18T21:46:35+00:00\",\"dateModified\":\"2026-03-30T05:10:44+00:00\",\"description\":\"Kontakt-osobn\u00fd odber tovaru B\u00e1novce nad Bebravou \/Kpt. Jaro\u0161a 22, Doln\u00e9 Ozorovce\/, 0911 190 227 | info@damiper.sk\",\"breadcrumb\":{\"@id\":\"https:\/\/damiper.sk\/sk\/kontakt_damiper\/#breadcrumb\"},\"inLanguage\":\"sk-SK\",\"potentialAction\":[{\"@type\":\"ReadAction\",\"target\":[\"https:\/\/damiper.sk\/sk\/kontakt_damiper\/\"]}]},{\"@type\":\"ImageObject\",\"inLanguage\":\"sk-SK\",\"@id\":\"https:\/\/damiper.sk\/sk\/kontakt_damiper\/#primaryimage\",\"url\":\"https:\/\/damiper.sk\/sk\/wp-content\/uploads\/kontakt.jpg\",\"contentUrl\":\"https:\/\/damiper.sk\/sk\/wp-content\/uploads\/kontakt.jpg\",\"width\":450,\"height\":300,\"caption\":\"kontakt\"},{\"@type\":\"BreadcrumbList\",\"@id\":\"https:\/\/damiper.sk\/sk\/kontakt_damiper\/#breadcrumb\",\"itemListElement\":[{\"@type\":\"ListItem\",\"position\":1,\"name\":\"Domovsk\u00e1 str\u00e1nka\",\"item\":\"https:\/\/damiper.sk\/sk\/\"},{\"@type\":\"ListItem\",\"position\":2,\"name\":\"Kontakt\"}]},{\"@type\":\"WebSite\",\"@id\":\"https:\/\/damiper.sk\/sk\/#website\",\"url\":\"https:\/\/damiper.sk\/sk\/\",\"name\":\"Damiper s.r.o. \u00bb Okn\u00e1 | dvere | podlahy\",\"description\":\"Plastov\u00e9 okn\u00e1 | Dvere | Podlahy | Interi\u00e9r\",\"potentialAction\":[{\"@type\":\"SearchAction\",\"target\":{\"@type\":\"EntryPoint\",\"urlTemplate\":\"https:\/\/damiper.sk\/sk\/?s={search_term_string}\"},\"query-input\":{\"@type\":\"PropertyValueSpecification\",\"valueRequired\":true,\"valueName\":\"search_term_string\"}}],\"inLanguage\":\"sk-SK\"}]}<\/script>\n<!-- \/ Yoast SEO plugin. -->","yoast_head_json":{"title":"Kontakt | Okn\u00e1 | Dvere | Podlahy | Damiper s. r. o.","description":"Kontakt-osobn\u00fd odber tovaru B\u00e1novce nad Bebravou \/Kpt. Jaro\u0161a 22, Doln\u00e9 Ozorovce\/, 0911 190 227 | info@damiper.sk","robots":{"index":"index","follow":"follow","max-snippet":"max-snippet:-1","max-image-preview":"max-image-preview:large","max-video-preview":"max-video-preview:-1"},"canonical":"https:\/\/damiper.sk\/sk\/kontakt_damiper\/","og_locale":"sk_SK","og_type":"article","og_title":"Kontakt | Okn\u00e1 | Dvere | Podlahy | Damiper s. r. o.","og_description":"Kontakt-osobn\u00fd odber tovaru B\u00e1novce nad Bebravou \/Kpt. Jaro\u0161a 22, Doln\u00e9 Ozorovce\/, 0911 190 227 | info@damiper.sk","og_url":"https:\/\/damiper.sk\/sk\/kontakt_damiper\/","og_site_name":"Damiper s.r.o. \u00bb Okn\u00e1 | dvere | podlahy","article_modified_time":"2026-03-30T05:10:44+00:00","og_image":[{"width":450,"height":300,"url":"https:\/\/damiper.sk\/sk\/wp-content\/uploads\/kontakt.jpg","type":"image\/jpeg"}],"twitter_card":"summary_large_image","twitter_misc":{"Predpokladan\u00fd \u010das \u010d\u00edtania":"1 min\u00fata"},"schema":{"@context":"https:\/\/schema.org","@graph":[{"@type":"WebPage","@id":"https:\/\/damiper.sk\/sk\/kontakt_damiper\/","url":"https:\/\/damiper.sk\/sk\/kontakt_damiper\/","name":"Kontakt | Okn\u00e1 | Dvere | Podlahy | Damiper s. r. o.","isPartOf":{"@id":"https:\/\/damiper.sk\/sk\/#website"},"primaryImageOfPage":{"@id":"https:\/\/damiper.sk\/sk\/kontakt_damiper\/#primaryimage"},"image":{"@id":"https:\/\/damiper.sk\/sk\/kontakt_damiper\/#primaryimage"},"thumbnailUrl":"http:\/\/damiper.sk\/sk\/wp-content\/uploads\/kontakt.jpg","datePublished":"2015-03-18T21:46:35+00:00","dateModified":"2026-03-30T05:10:44+00:00","description":"Kontakt-osobn\u00fd odber tovaru B\u00e1novce nad Bebravou \/Kpt. Jaro\u0161a 22, Doln\u00e9 Ozorovce\/, 0911 190 227 | info@damiper.sk","breadcrumb":{"@id":"https:\/\/damiper.sk\/sk\/kontakt_damiper\/#breadcrumb"},"inLanguage":"sk-SK","potentialAction":[{"@type":"ReadAction","target":["https:\/\/damiper.sk\/sk\/kontakt_damiper\/"]}]},{"@type":"ImageObject","inLanguage":"sk-SK","@id":"https:\/\/damiper.sk\/sk\/kontakt_damiper\/#primaryimage","url":"https:\/\/damiper.sk\/sk\/wp-content\/uploads\/kontakt.jpg","contentUrl":"https:\/\/damiper.sk\/sk\/wp-content\/uploads\/kontakt.jpg","width":450,"height":300,"caption":"kontakt"},{"@type":"BreadcrumbList","@id":"https:\/\/damiper.sk\/sk\/kontakt_damiper\/#breadcrumb","itemListElement":[{"@type":"ListItem","position":1,"name":"Domovsk\u00e1 str\u00e1nka","item":"https:\/\/damiper.sk\/sk\/"},{"@type":"ListItem","position":2,"name":"Kontakt"}]},{"@type":"WebSite","@id":"https:\/\/damiper.sk\/sk\/#website","url":"https:\/\/damiper.sk\/sk\/","name":"Damiper s.r.o. \u00bb Okn\u00e1 | dvere | podlahy","description":"Plastov\u00e9 okn\u00e1 | Dvere | Podlahy | Interi\u00e9r","potentialAction":[{"@type":"SearchAction","target":{"@type":"EntryPoint","urlTemplate":"https:\/\/damiper.sk\/sk\/?s={search_term_string}"},"query-input":{"@type":"PropertyValueSpecification","valueRequired":true,"valueName":"search_term_string"}}],"inLanguage":"sk-SK"}]}},"_links":{"self":[{"href":"https:\/\/damiper.sk\/sk\/wp-json\/wp\/v2\/pages\/109","targetHints":{"allow":["GET"]}}],"collection":[{"href":"https:\/\/damiper.sk\/sk\/wp-json\/wp\/v2\/pages"}],"about":[{"href":"https:\/\/damiper.sk\/sk\/wp-json\/wp\/v2\/types\/page"}],"author":[{"embeddable":true,"href":"https:\/\/damiper.sk\/sk\/wp-json\/wp\/v2\/users\/1"}],"replies":[{"embeddable":true,"href":"https:\/\/damiper.sk\/sk\/wp-json\/wp\/v2\/comments?post=109"}],"version-history":[{"count":38,"href":"https:\/\/damiper.sk\/sk\/wp-json\/wp\/v2\/pages\/109\/revisions"}],"predecessor-version":[{"id":8273,"href":"https:\/\/damiper.sk\/sk\/wp-json\/wp\/v2\/pages\/109\/revisions\/8273"}],"wp:attachment":[{"href":"https:\/\/damiper.sk\/sk\/wp-json\/wp\/v2\/media?parent=109"}],"curies":[{"name":"wp","href":"https:\/\/api.w.org\/{rel}","templated":true}]}}