{"id":2726,"date":"2019-02-01T21:14:10","date_gmt":"2019-02-01T19:14:10","guid":{"rendered":"http:\/\/damiper.sk\/sk\/?page_id=2726"},"modified":"2019-11-22T21:11:47","modified_gmt":"2019-11-22T19:11:47","slug":"vyhlasenie-ochrana-osobnych-udajov-gdpr","status":"publish","type":"page","link":"https:\/\/damiper.sk\/sk\/vyhlasenie-ochrana-osobnych-udajov-gdpr\/","title":{"rendered":"Vyhl\u00e1senie | Ochrana osobn\u00fdch \u00fadajov | GDPR"},"content":{"rendered":"<h2><img fetchpriority=\"high\" decoding=\"async\" class=\"alignnone wp-image-2727 size-full\" src=\"http:\/\/damiper.sk\/sk\/wp-content\/uploads\/GDPR-Damiper.sk-pixabay-ochrana-osobnych-udajov-damiper-okna-dvere-podlahy.jpg\" alt=\"GDPR - Damiper.sk - pixabay - ochrana osobnych udajov - damiper - okna - dvere - podlahy\" width=\"1920\" height=\"1122\" srcset=\"https:\/\/damiper.sk\/sk\/wp-content\/uploads\/GDPR-Damiper.sk-pixabay-ochrana-osobnych-udajov-damiper-okna-dvere-podlahy.jpg 1920w, https:\/\/damiper.sk\/sk\/wp-content\/uploads\/GDPR-Damiper.sk-pixabay-ochrana-osobnych-udajov-damiper-okna-dvere-podlahy-300x175.jpg 300w, https:\/\/damiper.sk\/sk\/wp-content\/uploads\/GDPR-Damiper.sk-pixabay-ochrana-osobnych-udajov-damiper-okna-dvere-podlahy-1024x598.jpg 1024w\" sizes=\"(max-width: 1920px) 100vw, 1920px\" \/>Ochrana osobn\u00fdch \u00fadajov pod\u013ea GDPR<\/h2>\n<p>Webov\u00e9 str\u00e1nky spolo\u010dnosti Damiper, s.r.o. (\u010falej len &#8222;spolo\u010dnos\u0165&#8220;), na ktor\u00fdch sa pr\u00e1ve nach\u00e1dzate zbieraj\u00fa a\u00a0ukladaj\u00fa inform\u00e1cie o\u00a0n\u00e1v\u0161tevn\u00edkoch a\u00a0u\u017e\u00edvate\u013eoch str\u00e1nok. Jedn\u00e1 sa o\u00a0inform\u00e1cie, ktor\u00e9 u\u017e\u00edvate\u013e str\u00e1nky zad\u00e1 do formul\u00e1rov str\u00e1nky, najm\u00e4 e-mailov\u00fa adresu, meno a\u00a0priezvisko, adresu pre potreby faktur\u00e1cie a pr\u00edpadne aj telef\u00f3nne \u010d\u00edslo.<\/p>\n<p>Pou\u017e\u00edvanie s\u00faborov cookies a\u00a0nakladanie s\u00a0nimi na t\u00fdchto www str\u00e1nkach je realizovan\u00e9 v\u00a0s\u00falade s pr\u00edslu\u0161n\u00fdmi ustanoveniami z\u00e1kona \u010d. 18\/2018 Z. z. o ochrane osobn\u00fdch \u00fadajov a o zmene a doplnen\u00ed niektor\u00fdch predpisov.<\/p>\n<p>Spolo\u010dnos\u0165 m\u00f4\u017ee pou\u017e\u00edva\u0165 softv\u00e9r, ktor\u00fd meria a\u00a0zbiera inform\u00e1cie o\u00a0IP adrese, prihlasovac\u00edch \u00fadajoch, hesl\u00e1ch u\u017e\u00edvate\u013eov str\u00e1nok, n\u00e1v\u0161tevnosti str\u00e1nky vr\u00e1tane \u010dasu str\u00e1ven\u00e9ho na str\u00e1nke, jeho podstr\u00e1nkach, po\u010dtu n\u00e1v\u0161tev \u010di in\u00fdch parametrov spr\u00e1vania sa n\u00e1v\u0161tevn\u00edka str\u00e1nky. Okrem toho softv\u00e9r m\u00f4\u017ee zbiera\u0165 a\u00a0uklada\u0165 koment\u00e1re, komunik\u00e1ciu \u010di profil u\u017e\u00edvate\u013ea str\u00e1nok.\u200b Pre\u010d\u00edtajte si viac ako jednotliv\u00e9 slu\u017eby aplikovan\u00e9 na str\u00e1nkach spolo\u010dnosti sprac\u00favaj\u00fa osobn\u00e9 \u00fadaje:<\/p>\n<h2>Google formul\u00e1re a Google analytics<\/h2>\n<p>Registr\u00e1cia na semin\u00e1r prebieha prostredn\u00edctvom formul\u00e1ra spolo\u010dnosti Google LLC (so s\u00eddlom v USA). Viac o politike spolo\u010dnosti <a href=\"https:\/\/privacy.google.com\/businesses\/compliance\/#?modal_active=none\" target=\"_blank\" rel=\"noopener noreferrer\">Google LLC<\/a>a o vyhl\u00e1sen\u00ed ochrany osobn\u00fdch \u00fadajov n\u00e1jdete na str\u00e1nke spolo\u010dnosti. Google analytics n\u00e1stroje pou\u017e\u00edvaj\u00fa tzv. cookies, ktor\u00e9 zbieraj\u00fa d\u00e1ta o n\u00e1v\u0161tevn\u00edkoch str\u00e1nok. Ak\u00fdm sp\u00f4sobom funguj\u00fa cookies na na\u0161ich str\u00e1nkach a ako sp\u013a\u0148a google ochranu osobn\u00fdch \u00fadajov si m\u00f4\u017eete pre\u010d\u00edta\u0165 na tejto <a href=\"https:\/\/support.google.com\/analytics\/answer\/3379636?hl=sk\" target=\"_blank\" rel=\"noopener noreferrer\">str\u00e1nke<\/a>.<\/p>\n<p>Spolo\u010dnos\u0165 pou\u017e\u00edva osobn\u00e9 ako aj neosobn\u00e9 \u00fadaje u\u017e\u00edvate\u013ea str\u00e1nok iba nasledovn\u00fdmi sp\u00f4sobmi: \u00a0(1) na zabezpe\u010denie svojich slu\u017eieb (2) Na zabezpe\u010denie vybavenia objedn\u00e1vok a faktur\u00e1cii (3) na zabezpe\u010denie klientskej a\u00a0technickej podpory u\u017e\u00edvate\u013ea (4) na kontaktovanie u\u017e\u00edvate\u013ea oh\u013eadom inform\u00e1ci\u00ed a\u00a0pon\u00fak \u010di reklam\u00e1cii (5) na vytvorenie \u0161tatistick\u00fdch d\u00e1t, ktor\u00e9 spolo\u010dnosti pom\u00f4\u017eu zlep\u0161i\u0165 na\u0161e slu\u017eby (6) na zabezpe\u010denie regul\u00e1rnych a\u00a0z\u00e1konn\u00fdch po\u017eiadaviek.<\/p>\n<h2>Facebook<\/h2>\n<p>Spolo\u010dnos\u0165 pou\u017e\u00edva Facebook k \u0161\u00edreniu svojho obsahu prostredn\u00edctvom svojho facebook profilu. Preva\u017ene pou\u017e\u00edvame konto spolo\u010dnosti k \u0161\u00edreniu zauj\u00edmav\u00e9ho obsahu, pozv\u00e1nok na pravide\u013en\u00e9 semin\u00e1re prostredn\u00edctvom facebook rekl\u00e1m aj formou remarketingu. Facebook zverejnil svoje <a href=\"https:\/\/www.facebook.com\/legal\/terms\/update\/?ref=email&amp;locale=sk_SK\" target=\"_blank\" rel=\"noopener noreferrer\">obchodn\u00e9 podmienky<\/a>, <a href=\"https:\/\/www.facebook.com\/about\/privacy\/update\/?ref=email&amp;locale=sk_SK\" target=\"_blank\" rel=\"noopener noreferrer\">z\u00e1sady pou\u017e\u00edvania osobn\u00fdch \u00fadajov<\/a>a <a href=\"https:\/\/www.facebook.com\/policies\/cookies\/?ref=email&amp;locale=sk_SK\" target=\"_blank\" rel=\"noopener noreferrer\">z\u00e1sady pou\u017e\u00edvania cookies tu<\/a>.<\/p>\n<h2>Zendesk<\/h2>\n<p>Spolo\u010dnos\u0165 pou\u017e\u00edva aplik\u00e1ciu Zendesk v\u00fdhradne ku komunik\u00e1cii s vami &#8211; na\u0161imi potencion\u00e1lnymi z\u00e1kazn\u00edkmi a z\u00e1kazn\u00edkmi na z\u00e1klade va\u0161eho vlastn\u00e9ho vy\u017eiadania. Na\u0161e &#8222;chat&#8220; okno sa nach\u00e1dza v pravom dolnom rohu a po\u010das d\u0148a je na\u0161a technick\u00e1 podpora pre v\u00e1s pripravenn\u00e1 asistova\u0165 s ak\u00fdmiko\u013evek dotazmi. Pri komunik\u00e1cii m\u00f4\u017eete po\u017eiada\u0165 o vymazanie, resp. neukladanie ak\u00fdchko\u013evek \u00fadajov, ktor\u00e9 by aplik\u00e1cia Zendesk mohla o n\u00e1v\u0161tevn\u00edkoch uklada\u0165. Sta\u010d\u00ed po\u017eiadavku nap\u00edsa\u0165 v z\u00e1vere rozhovoru. Ochrana osobn\u00fdch \u00fadajov, pou\u017eitie cookies a \u010fal\u0161ie vyhl\u00e1senia pre pou\u017e\u00edvate\u013eov slu\u017eby Zendesk s\u00fa zverejnen\u00e9 na <a href=\"https:\/\/www.zendesk.com\/company\/customers-partners\/eu-data-protection\/\" target=\"_blank\" rel=\"noopener noreferrer\">tejto str\u00e1nke<\/a>.<\/p>\n<h2>WordPress<\/h2>\n<p>Spolo\u010dnos\u0165 m\u00e1 svoje webov\u00e9 str\u00e1nky umiestnen\u00e9 na port\u00e1le\u00a0<a href=\"https:\/\/wordpress.org\/about\/privacy\/\" target=\"_blank\" rel=\"noopener noreferrer\">WordPress.org<\/a>. Tento port\u00e1l n\u00e1m\u00a0zabezpe\u010duje\u00a0webov\u00e9 str\u00e1nky, ktor\u00fdmi pred\u00e1vame svoje slu\u017eby u\u017e\u00edvate\u013eom. D\u00e1ta klientov a\u00a0n\u00e1v\u0161tevn\u00edkov m\u00f4\u017eu by\u0165 ukladan\u00e9 v\u00a0datab\u00e1zach tejto spolo\u010dnosti. Ochrana osobn\u00fdch \u00fadajov je zabezpe\u010den\u00e1 spolo\u010dnos\u0165ou WordPress.org pre v\u0161etky d\u00e1ta.<\/p>\n<p>Spolo\u010dnos\u0165 m\u00e1 pr\u00e1vo kontaktova\u0165 u\u017e\u00edvate\u013eov str\u00e1nok z d\u00f4vodu naplnenia slu\u017eieb alebo \u00fa\u010delov, na ktor\u00e9 dal u\u017e\u00edvate\u013e spolo\u010dnosti pr\u00e1vo. Okrem toho ho m\u00f4\u017ee spolo\u010dnos\u0165 kontaktova\u0165 najm\u00e4 v\u00a0pr\u00edpade rie\u0161enia sporov, ot\u00e1zok t\u00fdkaj\u00facich sa \u00fa\u010dtu, zak\u00fapen\u00e9ho \u010di prenajat\u00e9ho software \u010di slu\u017eieb spolo\u010dnosti alebo in\u00fdch z\u00e1konn\u00fdch povinnost\u00ed.\u00a0Spolo\u010dnos\u0165 pou\u017e\u00edva na svojich str\u00e1nkach cookies tret\u00edch str\u00e1n, ktor\u00e9 zhroma\u017e\u010fuj\u00fa d\u00e1ta o\u00a0u\u017e\u00edvate\u013eoch a\u00a0n\u00e1v\u0161tevn\u00edkoch str\u00e1nok.<\/p>\n<p>V\u00a0pr\u00edpade, \u017ee nechcete, aby sme va\u0161e d\u00e1ta spracov\u00e1vali, kontaktujte n\u00e1s na adrese\u00a0info [zavin\u00e1\u010d] damiper [bodka] sk. Ak by ste mali z\u00e1ujem spr\u00edstupni\u0165, opravi\u0165, zmeni\u0165 alebo vymaza\u0165 svoje osobn\u00e9 \u00fadaje, po\u017eiadajte n\u00e1s o\u00a0to na adrese uvedenej vy\u0161\u0161ie.\u00a0Spolo\u010dnos\u0165 si rezervuje pr\u00e1vo na modifik\u00e1ciu vyhl\u00e1senia ochrany osobn\u00fdch \u00fadajov, preto pros\u00edm nav\u0161tevujte tieto str\u00e1nky pravidelne. Zmeny a\u00a0vyjasnenia sa m\u00f4\u017eu realizova\u0165 okam\u017eite zverejnen\u00edm na webov\u00fdch str\u00e1nkach spolo\u010dnosti. Ak sa ochrana osobn\u00fdch \u00fadajov bude meni\u0165 formou z\u00e1sadn\u00fdch zmien v pou\u017e\u00edvan\u00ed, budeme v\u00e1s informova\u0165 a tieto str\u00e1nky bud\u00fa aktualizovan\u00e9.<\/p>\n<h2>\u010co ak nechcete\u00a0pou\u017e\u00edva\u0165 cookies<\/h2>\n<p>\u0160tandardn\u00e9 predvolen\u00e9 nastavenia v\u00e4\u010d\u0161iny internetov\u00fdch prehliada\u010dov umo\u017e\u0148uje automatick\u00e9 prij\u00edmanie a spracovanie s\u00faborov cookies. V\u00a0pr\u00edpade, \u017ee cookies akt\u00edvne vo svojom prehliada\u010di nechcete, je mo\u017en\u00e9 nastavenie zmeni\u0165 v\u00a0nastaveniach internetov\u00e9ho prehliada\u010da (inform\u00e1cie ako zmeni\u0165 nastavenie cookies n\u00e1jdete v sekcii Help, N\u00e1poveda alebo Pomoc \/ Pomocn\u00edk). Nastavenie pou\u017eitia cookies je platn\u00e9 iba pre ten internetov\u00fd prehliada\u010d, v\u00a0ktorom je nastavenie realizovan\u00e9. Zak\u00e1zanie cookies pravdepodobne ovplyvn\u00ed funk\u010dnos\u0165 v\u0161etk\u00fdch internetov\u00fdch str\u00e1nok pou\u017e\u00edvaj\u00facich cookies zobrazovan\u00fdch v\u00a0danom internetovom prehliada\u010di.<\/p>\n","protected":false},"excerpt":{"rendered":"<p>Ochrana osobn\u00fdch \u00fadajov pod\u013ea GDPR Webov\u00e9 str\u00e1nky spolo\u010dnosti Damiper, s.r.o. (\u010falej len &#8222;spolo\u010dnos\u0165&#8220;), na ktor\u00fdch sa pr\u00e1ve nach\u00e1dzate zbieraj\u00fa a\u00a0ukladaj\u00fa inform\u00e1cie o\u00a0n\u00e1v\u0161tevn\u00edkoch a\u00a0u\u017e\u00edvate\u013eoch str\u00e1nok. Jedn\u00e1 sa o\u00a0inform\u00e1cie, ktor\u00e9 u\u017e\u00edvate\u013e str\u00e1nky zad\u00e1 do formul\u00e1rov str\u00e1nky, najm\u00e4 e-mailov\u00fa adresu, meno a\u00a0priezvisko, adresu pre potreby faktur\u00e1cie a pr\u00edpadne aj telef\u00f3nne \u010d\u00edslo. Pou\u017e\u00edvanie s\u00faborov cookies a\u00a0nakladanie s\u00a0nimi na t\u00fdchto..<\/p>\n","protected":false},"author":1,"featured_media":2727,"parent":0,"menu_order":0,"comment_status":"closed","ping_status":"closed","template":"","meta":{"footnotes":""},"class_list":["post-2726","page","type-page","status-publish","has-post-thumbnail","hentry"],"yoast_head":"<!-- This site is optimized with the Yoast SEO plugin v26.5 - https:\/\/yoast.com\/wordpress\/plugins\/seo\/ -->\n<title>Ochrana osobn\u00fdch \u00fadajov | GDPR Vyhl\u00e1senie | Damiper.sk<\/title>\n<meta name=\"description\" content=\"Ochrana osobn\u00fdch \u00fadajov pod\u013ea GDPR. Na tejto str\u00e1nke sa dozviete v\u0161etko o spracov\u00favan\u00ed osobn\u00fdch \u00fadajov n\u00e1v\u0161tevn\u00edkov str\u00e1nok damiper.sk | info@damiper.sk\" \/>\n<meta name=\"robots\" content=\"index, follow, max-snippet:-1, max-image-preview:large, max-video-preview:-1\" \/>\n<link rel=\"canonical\" href=\"https:\/\/damiper.sk\/sk\/vyhlasenie-ochrana-osobnych-udajov-gdpr\/\" \/>\n<meta property=\"og:locale\" content=\"sk_SK\" \/>\n<meta property=\"og:type\" content=\"article\" \/>\n<meta property=\"og:title\" content=\"Ochrana osobn\u00fdch \u00fadajov | GDPR Vyhl\u00e1senie | Damiper.sk\" \/>\n<meta property=\"og:description\" content=\"Ochrana osobn\u00fdch \u00fadajov pod\u013ea GDPR. Na tejto str\u00e1nke sa dozviete v\u0161etko o spracov\u00favan\u00ed osobn\u00fdch \u00fadajov n\u00e1v\u0161tevn\u00edkov str\u00e1nok damiper.sk | info@damiper.sk\" \/>\n<meta property=\"og:url\" content=\"https:\/\/damiper.sk\/sk\/vyhlasenie-ochrana-osobnych-udajov-gdpr\/\" \/>\n<meta property=\"og:site_name\" content=\"Damiper s.r.o. \u00bb Okn\u00e1 | dvere | podlahy\" \/>\n<meta property=\"article:modified_time\" content=\"2019-11-22T19:11:47+00:00\" \/>\n<meta property=\"og:image\" content=\"https:\/\/damiper.sk\/sk\/wp-content\/uploads\/GDPR-Damiper.sk-pixabay-ochrana-osobnych-udajov-damiper-okna-dvere-podlahy.jpg\" \/>\n\t<meta property=\"og:image:width\" content=\"1920\" \/>\n\t<meta property=\"og:image:height\" content=\"1122\" \/>\n\t<meta property=\"og:image:type\" content=\"image\/jpeg\" \/>\n<meta name=\"twitter:card\" content=\"summary_large_image\" \/>\n<meta name=\"twitter:label1\" content=\"Predpokladan\u00fd \u010das \u010d\u00edtania\" \/>\n\t<meta name=\"twitter:data1\" content=\"5 min\u00fat\" \/>\n<script type=\"application\/ld+json\" class=\"yoast-schema-graph\">{\"@context\":\"https:\/\/schema.org\",\"@graph\":[{\"@type\":\"WebPage\",\"@id\":\"https:\/\/damiper.sk\/sk\/vyhlasenie-ochrana-osobnych-udajov-gdpr\/\",\"url\":\"https:\/\/damiper.sk\/sk\/vyhlasenie-ochrana-osobnych-udajov-gdpr\/\",\"name\":\"Ochrana osobn\u00fdch \u00fadajov | GDPR Vyhl\u00e1senie | Damiper.sk\",\"isPartOf\":{\"@id\":\"https:\/\/damiper.sk\/sk\/#website\"},\"primaryImageOfPage\":{\"@id\":\"https:\/\/damiper.sk\/sk\/vyhlasenie-ochrana-osobnych-udajov-gdpr\/#primaryimage\"},\"image\":{\"@id\":\"https:\/\/damiper.sk\/sk\/vyhlasenie-ochrana-osobnych-udajov-gdpr\/#primaryimage\"},\"thumbnailUrl\":\"https:\/\/damiper.sk\/sk\/wp-content\/uploads\/GDPR-Damiper.sk-pixabay-ochrana-osobnych-udajov-damiper-okna-dvere-podlahy.jpg\",\"datePublished\":\"2019-02-01T19:14:10+00:00\",\"dateModified\":\"2019-11-22T19:11:47+00:00\",\"description\":\"Ochrana osobn\u00fdch \u00fadajov pod\u013ea GDPR. Na tejto str\u00e1nke sa dozviete v\u0161etko o spracov\u00favan\u00ed osobn\u00fdch \u00fadajov n\u00e1v\u0161tevn\u00edkov str\u00e1nok damiper.sk | info@damiper.sk\",\"breadcrumb\":{\"@id\":\"https:\/\/damiper.sk\/sk\/vyhlasenie-ochrana-osobnych-udajov-gdpr\/#breadcrumb\"},\"inLanguage\":\"sk-SK\",\"potentialAction\":[{\"@type\":\"ReadAction\",\"target\":[\"https:\/\/damiper.sk\/sk\/vyhlasenie-ochrana-osobnych-udajov-gdpr\/\"]}]},{\"@type\":\"ImageObject\",\"inLanguage\":\"sk-SK\",\"@id\":\"https:\/\/damiper.sk\/sk\/vyhlasenie-ochrana-osobnych-udajov-gdpr\/#primaryimage\",\"url\":\"https:\/\/damiper.sk\/sk\/wp-content\/uploads\/GDPR-Damiper.sk-pixabay-ochrana-osobnych-udajov-damiper-okna-dvere-podlahy.jpg\",\"contentUrl\":\"https:\/\/damiper.sk\/sk\/wp-content\/uploads\/GDPR-Damiper.sk-pixabay-ochrana-osobnych-udajov-damiper-okna-dvere-podlahy.jpg\",\"width\":1920,\"height\":1122,\"caption\":\"GDPR - Damiper.sk - pixabay - ochrana osobnych udajov - damiper - okna - dvere - podlahy\"},{\"@type\":\"BreadcrumbList\",\"@id\":\"https:\/\/damiper.sk\/sk\/vyhlasenie-ochrana-osobnych-udajov-gdpr\/#breadcrumb\",\"itemListElement\":[{\"@type\":\"ListItem\",\"position\":1,\"name\":\"Domovsk\u00e1 str\u00e1nka\",\"item\":\"https:\/\/damiper.sk\/sk\/\"},{\"@type\":\"ListItem\",\"position\":2,\"name\":\"Vyhl\u00e1senie | Ochrana osobn\u00fdch \u00fadajov | GDPR\"}]},{\"@type\":\"WebSite\",\"@id\":\"https:\/\/damiper.sk\/sk\/#website\",\"url\":\"https:\/\/damiper.sk\/sk\/\",\"name\":\"Damiper s.r.o. \u00bb Okn\u00e1 | dvere | podlahy\",\"description\":\"Plastov\u00e9 okn\u00e1 | Dvere | Podlahy | Interi\u00e9r\",\"potentialAction\":[{\"@type\":\"SearchAction\",\"target\":{\"@type\":\"EntryPoint\",\"urlTemplate\":\"https:\/\/damiper.sk\/sk\/?s={search_term_string}\"},\"query-input\":{\"@type\":\"PropertyValueSpecification\",\"valueRequired\":true,\"valueName\":\"search_term_string\"}}],\"inLanguage\":\"sk-SK\"}]}<\/script>\n<!-- \/ Yoast SEO plugin. -->","yoast_head_json":{"title":"Ochrana osobn\u00fdch \u00fadajov | GDPR Vyhl\u00e1senie | Damiper.sk","description":"Ochrana osobn\u00fdch \u00fadajov pod\u013ea GDPR. Na tejto str\u00e1nke sa dozviete v\u0161etko o spracov\u00favan\u00ed osobn\u00fdch \u00fadajov n\u00e1v\u0161tevn\u00edkov str\u00e1nok damiper.sk | info@damiper.sk","robots":{"index":"index","follow":"follow","max-snippet":"max-snippet:-1","max-image-preview":"max-image-preview:large","max-video-preview":"max-video-preview:-1"},"canonical":"https:\/\/damiper.sk\/sk\/vyhlasenie-ochrana-osobnych-udajov-gdpr\/","og_locale":"sk_SK","og_type":"article","og_title":"Ochrana osobn\u00fdch \u00fadajov | GDPR Vyhl\u00e1senie | Damiper.sk","og_description":"Ochrana osobn\u00fdch \u00fadajov pod\u013ea GDPR. Na tejto str\u00e1nke sa dozviete v\u0161etko o spracov\u00favan\u00ed osobn\u00fdch \u00fadajov n\u00e1v\u0161tevn\u00edkov str\u00e1nok damiper.sk | info@damiper.sk","og_url":"https:\/\/damiper.sk\/sk\/vyhlasenie-ochrana-osobnych-udajov-gdpr\/","og_site_name":"Damiper s.r.o. \u00bb Okn\u00e1 | dvere | podlahy","article_modified_time":"2019-11-22T19:11:47+00:00","og_image":[{"width":1920,"height":1122,"url":"https:\/\/damiper.sk\/sk\/wp-content\/uploads\/GDPR-Damiper.sk-pixabay-ochrana-osobnych-udajov-damiper-okna-dvere-podlahy.jpg","type":"image\/jpeg"}],"twitter_card":"summary_large_image","twitter_misc":{"Predpokladan\u00fd \u010das \u010d\u00edtania":"5 min\u00fat"},"schema":{"@context":"https:\/\/schema.org","@graph":[{"@type":"WebPage","@id":"https:\/\/damiper.sk\/sk\/vyhlasenie-ochrana-osobnych-udajov-gdpr\/","url":"https:\/\/damiper.sk\/sk\/vyhlasenie-ochrana-osobnych-udajov-gdpr\/","name":"Ochrana osobn\u00fdch \u00fadajov | GDPR Vyhl\u00e1senie | Damiper.sk","isPartOf":{"@id":"https:\/\/damiper.sk\/sk\/#website"},"primaryImageOfPage":{"@id":"https:\/\/damiper.sk\/sk\/vyhlasenie-ochrana-osobnych-udajov-gdpr\/#primaryimage"},"image":{"@id":"https:\/\/damiper.sk\/sk\/vyhlasenie-ochrana-osobnych-udajov-gdpr\/#primaryimage"},"thumbnailUrl":"https:\/\/damiper.sk\/sk\/wp-content\/uploads\/GDPR-Damiper.sk-pixabay-ochrana-osobnych-udajov-damiper-okna-dvere-podlahy.jpg","datePublished":"2019-02-01T19:14:10+00:00","dateModified":"2019-11-22T19:11:47+00:00","description":"Ochrana osobn\u00fdch \u00fadajov pod\u013ea GDPR. Na tejto str\u00e1nke sa dozviete v\u0161etko o spracov\u00favan\u00ed osobn\u00fdch \u00fadajov n\u00e1v\u0161tevn\u00edkov str\u00e1nok damiper.sk | info@damiper.sk","breadcrumb":{"@id":"https:\/\/damiper.sk\/sk\/vyhlasenie-ochrana-osobnych-udajov-gdpr\/#breadcrumb"},"inLanguage":"sk-SK","potentialAction":[{"@type":"ReadAction","target":["https:\/\/damiper.sk\/sk\/vyhlasenie-ochrana-osobnych-udajov-gdpr\/"]}]},{"@type":"ImageObject","inLanguage":"sk-SK","@id":"https:\/\/damiper.sk\/sk\/vyhlasenie-ochrana-osobnych-udajov-gdpr\/#primaryimage","url":"https:\/\/damiper.sk\/sk\/wp-content\/uploads\/GDPR-Damiper.sk-pixabay-ochrana-osobnych-udajov-damiper-okna-dvere-podlahy.jpg","contentUrl":"https:\/\/damiper.sk\/sk\/wp-content\/uploads\/GDPR-Damiper.sk-pixabay-ochrana-osobnych-udajov-damiper-okna-dvere-podlahy.jpg","width":1920,"height":1122,"caption":"GDPR - Damiper.sk - pixabay - ochrana osobnych udajov - damiper - okna - dvere - podlahy"},{"@type":"BreadcrumbList","@id":"https:\/\/damiper.sk\/sk\/vyhlasenie-ochrana-osobnych-udajov-gdpr\/#breadcrumb","itemListElement":[{"@type":"ListItem","position":1,"name":"Domovsk\u00e1 str\u00e1nka","item":"https:\/\/damiper.sk\/sk\/"},{"@type":"ListItem","position":2,"name":"Vyhl\u00e1senie | Ochrana osobn\u00fdch \u00fadajov | GDPR"}]},{"@type":"WebSite","@id":"https:\/\/damiper.sk\/sk\/#website","url":"https:\/\/damiper.sk\/sk\/","name":"Damiper s.r.o. \u00bb Okn\u00e1 | dvere | podlahy","description":"Plastov\u00e9 okn\u00e1 | Dvere | Podlahy | Interi\u00e9r","potentialAction":[{"@type":"SearchAction","target":{"@type":"EntryPoint","urlTemplate":"https:\/\/damiper.sk\/sk\/?s={search_term_string}"},"query-input":{"@type":"PropertyValueSpecification","valueRequired":true,"valueName":"search_term_string"}}],"inLanguage":"sk-SK"}]}},"_links":{"self":[{"href":"https:\/\/damiper.sk\/sk\/wp-json\/wp\/v2\/pages\/2726","targetHints":{"allow":["GET"]}}],"collection":[{"href":"https:\/\/damiper.sk\/sk\/wp-json\/wp\/v2\/pages"}],"about":[{"href":"https:\/\/damiper.sk\/sk\/wp-json\/wp\/v2\/types\/page"}],"author":[{"embeddable":true,"href":"https:\/\/damiper.sk\/sk\/wp-json\/wp\/v2\/users\/1"}],"replies":[{"embeddable":true,"href":"https:\/\/damiper.sk\/sk\/wp-json\/wp\/v2\/comments?post=2726"}],"version-history":[{"count":8,"href":"https:\/\/damiper.sk\/sk\/wp-json\/wp\/v2\/pages\/2726\/revisions"}],"predecessor-version":[{"id":2999,"href":"https:\/\/damiper.sk\/sk\/wp-json\/wp\/v2\/pages\/2726\/revisions\/2999"}],"wp:featuredmedia":[{"embeddable":true,"href":"https:\/\/damiper.sk\/sk\/wp-json\/wp\/v2\/media\/2727"}],"wp:attachment":[{"href":"https:\/\/damiper.sk\/sk\/wp-json\/wp\/v2\/media?parent=2726"}],"curies":[{"name":"wp","href":"https:\/\/api.w.org\/{rel}","templated":true}]}}