{"id":1801,"date":"2016-01-07T16:31:19","date_gmt":"2016-01-07T14:31:19","guid":{"rendered":"http:\/\/damiper.sk\/sk\/?post_type=product&#038;p=1801"},"modified":"2023-12-04T22:46:21","modified_gmt":"2023-12-04T20:46:21","slug":"okna-aluplast-ideal-4000","status":"publish","type":"product","link":"https:\/\/damiper.sk\/sk\/produkt\/okna-aluplast-ideal-4000\/","title":{"rendered":"Aluplast IDEAL 4000 SL\/RL"},"content":{"rendered":"<p>Plastov\u00e9 okn\u00e1 Aluplast IDEAL 4000 SL\/RL s\u00fa vhodn\u00e9 hlavne pri rekon\u0161trukci\u00e1ch bytov v tehlov\u00fdch alebo panelov\u00fdch bytov\u00fdch domoch, pri obnove nebytov\u00fdch priestorov bytov\u00fdch domov (medziposchodia, pivni\u010dn\u00e9 priestory), ale tak isto aj pre \u0161tandardn\u00e9 novostavby. Tento profil je ve\u013emi \u010dastou vo\u013ebou pri stavbe alebo rekon\u0161trukcii priemyseln\u00fdch objektov. Plastov\u00e9 okn\u00e1 z profilu Aluplast IDEAL 4000 je tak isto mo\u017en\u00e9 pou\u017ei\u0165 pri rekon\u0161trukcii historick\u00fdch objektov, preto\u017ee pon\u00faka mno\u017estvo doplnkov ako medzisklen\u00e9 mrie\u017eky, prie\u010dky do kr\u00eddla a pod., ktor\u00e9 vieme prisp\u00f4sobi\u0165 pod\u013ea konkr\u00e9tnej po\u017eiadavky. Naviac, svoj\u00edm subt\u00edlnym vzh\u013eadom pri vo\u013ebe spr\u00e1vnej farby je tak\u00e9to plastov\u00e9 okno takmer ako dreven\u00e9.<\/p>\n<p>Plastov\u00e9 okn\u00e1 Aluplast IDEAL 4000 s ozna\u010den\u00edm SL s\u00fa okn\u00e1 s rovn\u00fdm vzh\u013eadom kr\u00eddla, ozna\u010denie RL je pre obl\u00e9 kr\u00eddlo. V dne\u0161nej dobe s\u00fa pri tomto type okna viac \u017eiadan\u00e9 s ozna\u010den\u00edm RL, teda obl\u00e9.<\/p>\n<div id=\"attachment_7765\" style=\"width: 953px\" class=\"wp-caption aligncenter\"><img fetchpriority=\"high\" decoding=\"async\" aria-describedby=\"caption-attachment-7765\" class=\"size-full wp-image-7765\" src=\"http:\/\/damiper.sk\/sk\/wp-content\/uploads\/Snimka-obrazovky-2023-12-04-o-21.41.49.png\" alt=\"plastove_okna_aluplast_ideal_4000_idealne_pre_rekonstrukciu\" width=\"943\" height=\"626\" srcset=\"https:\/\/damiper.sk\/sk\/wp-content\/uploads\/Snimka-obrazovky-2023-12-04-o-21.41.49.png 943w, https:\/\/damiper.sk\/sk\/wp-content\/uploads\/Snimka-obrazovky-2023-12-04-o-21.41.49-300x199.png 300w, https:\/\/damiper.sk\/sk\/wp-content\/uploads\/Snimka-obrazovky-2023-12-04-o-21.41.49-600x398.png 600w\" sizes=\"(max-width: 943px) 100vw, 943px\" \/><p id=\"caption-attachment-7765\" class=\"wp-caption-text\"><strong>Plastov\u00e9 okn\u00e1 Aluplast IDEAL 4000 &#8211; ide\u00e1lne pre rekon\u0161trukciu<\/strong><\/p><\/div>\n<h2><span style=\"color: #ff9900;\">Farebn\u00e9 mo\u017enosti<\/span><\/h2>\n<p>Tento kvalitn\u00fd nemeck\u00fd profil pon\u00faka \u0161irok\u00fa \u0161k\u00e1lu <a href=\"http:\/\/damiper.sk\/sk\/plastove_okna_vo_farbach\/\" target=\"_blank\" rel=\"noopener noreferrer\">farebn\u00fdch preveden\u00ed<\/a>:<\/p>\n<ul>\n<li>biela farba \u2013 najjednoduch\u0161ie prevedenie<\/li>\n<li>1-strann\u00e1 lamin\u00e1cia \u2013 interi\u00e9r biela\/exteri\u00e9r farba alebo opa\u010dne (naj\u010dastej\u0161ie drevoimit\u00e1cie)<\/li>\n<li>2-strann\u00e1 lamin\u00e1cia \u2013 interi\u00e9r a exteri\u00e9r v rovnakej farbe inej ako biela (naj\u010dastej\u0161ie drevoimit\u00e1cie)<\/li>\n<\/ul>\n<p>Cenovo je najlacnej\u0161\u00ed variant biela, potom 1-strann\u00e1 lamin\u00e1cia a nakoniec 2-strann\u00e1 lamin\u00e1cia.<\/p>\n<h2><span style=\"color: #ff9900;\">Prevedenie<\/span><\/h2>\n<ul>\n<li>fixn\u00e9 okn\u00e1 \u2013 okn\u00e1 bez mo\u017enosti otvorenia<\/li>\n<li>balk\u00f3nov\u00e9 dvere<\/li>\n<li>1-kr\u00eddlov\u00e9, 2-kr\u00eddlov\u00e9 a 3-kr\u00eddlov\u00e9 okn\u00e1<\/li>\n<li>atypy \u2013 obl\u00faky, trojuholn\u00edky, \u0161tvorce, lichobe\u017en\u00edky, \u2026<\/li>\n<li>posuvn\u00e9 dvere \u2013 automatick\u00e9 alebo manu\u00e1lne<\/li>\n<li>HS portal \u2013 zdvi\u017eno-posuvn\u00e9 dvere<\/li>\n<\/ul>\n<p>K plastov\u00fdm okn\u00e1m pon\u00fakame <a href=\"http:\/\/damiper.sk\/sk\/doplnky-k-plastovym-oknam\/\" target=\"_blank\" rel=\"noopener noreferrer\">v\u0161etky druhy doplnkov<\/a> ako exteri\u00e9rov\u00e9 a interi\u00e9rov\u00e9 parapety r\u00f4znych hr\u00fabok a \u0161\u00edrok, tieniacu techniku \/exteri\u00e9rov\u00e9 a interi\u00e9rov\u00e9 \u017eal\u00fazie, roletky Climax, vertik\u00e1lne l\u00e1tkov\u00e9 \u017eal\u00fazie\/, siete proti hmyzu \/pevn\u00e9 odn\u00edmate\u013en\u00e9, dverov\u00e9 otv\u00e1racie alebo samonav\u00edjacie\/.<\/p>\n<p>Na v\u0161etky na\u0161e plastov\u00e9 okn\u00e1 poskytujeme <a href=\"http:\/\/damiper.sk\/sk\/sluzby\/\" target=\"_blank\" rel=\"noopener noreferrer\">z\u00e1ru\u010dn\u00fa dobu<\/a> 2 roky bez oh\u013eadu na to, \u010di sa rozhodnete len pre samotn\u00e9 okn\u00e1 alebo si zvol\u00edte aj mo\u017enos\u0165 s mont\u00e1\u017eou.<\/p>\n<p>V\u0161etky \u010fal\u0161ie inform\u00e1cie V\u00e1m radi poskytneme v na\u0161ich obchodn\u00fdch kancel\u00e1ri\u00e1ch, ktor\u00e9 n\u00e1jdete v B\u00e1novciach nad Bebravou a v Tren\u010d\u00edne (bli\u017e\u0161ie info v \u010dasti <a href=\"http:\/\/damiper.sk\/sk\/kontakt\/\">Kontakt<\/a>), alebo prostredn\u00edctvom spr\u00e1vy zanechanej na na\u0161ej <a href=\"https:\/\/www.facebook.com\/damiper.sk\/?ref=aymt_homepage_panel\">Facebook<\/a> str\u00e1nke.<\/p>\n","protected":false},"excerpt":{"rendered":"<ul>\n<li style=\"text-align: left;\">5-komorov\u00fd r\u00e1m, 70 mm stavebn\u00e1 h\u013abka<\/li>\n<li style=\"text-align: left;\">6-komorov\u00e9 kr\u00eddlo, 70 mm \u0161\u00edrka<\/li>\n<li style=\"text-align: left;\">dorazov\u00e9 2-tesnenie &#8211; siv\u00e9 alebo \u010dierne (pod\u013ea farby okna)<\/li>\n<li style=\"text-align: left;\">pozinkovan\u00e1 oce\u013eov\u00e1 v\u00fdstuha v hr\u00fabke od 1,4 &#8211; 2,0 mm<\/li>\n<li style=\"text-align: left;\">odvodnenie r\u00e1mu &#8211; optim\u00e1lny odtok ne\u017eiad\u00facej vody<\/li>\n<li>mo\u017enosti zasklenia:\n<ul>\n<li>izola\u010dn\u00e9 2-sklo 4\/16\/4 Ug = 1,1 W\/m\u00b2K s arg\u00f3nom<\/li>\n<li>izola\u010dn\u00e9 3-sklo 4\/12\/4\/12\/4 Ug = 0,7 W\/m\u00b2K s arg\u00f3nom<\/li>\n<\/ul>\n<\/li>\n<\/ul>\n<ul>\n<li style=\"text-align: left;\">celoobvodov\u00e9 kovanie ROTO NT s mikroventil\u00e1ciou<\/li>\n<\/ul>\n<p>&nbsp;<\/p>\n","protected":false},"featured_media":1802,"comment_status":"closed","ping_status":"closed","template":"","meta":[],"product_brand":[],"product_cat":[161,109],"product_tag":[113,117,114,115,112,116],"class_list":{"0":"post-1801","1":"product","2":"type-product","3":"status-publish","4":"has-post-thumbnail","6":"product_cat-okna-aluplast","7":"product_cat-okna-dvere","8":"product_tag-2-sklo","9":"product_tag-2-tesnenie","10":"product_tag-3-sklo","11":"product_tag-5-komorove","12":"product_tag-aluplast","13":"product_tag-plastove-okna","15":"first","16":"instock","17":"shipping-taxable","18":"product-type-simple"},"yoast_head":"<!-- This site is optimized with the Yoast SEO plugin v26.5 - https:\/\/yoast.com\/wordpress\/plugins\/seo\/ -->\n<title>Okn\u00e1 Aluplast IDEAL 4000 - ide\u00e1l pre rekon\u0161trukciu | Damiper s.r.o.<\/title>\n<meta name=\"description\" content=\"Vy\u017eiadajte si cenov\u00fa ponuku &gt;TU&lt; na okn\u00e1 Aluplast IDEAL 4000 | Vhodn\u00e9 na prer\u00e1bku, aj novostavbu | info@damiper.sk | 0911 190 227 | Tren\u010d\u00edn | B\u00e1novce n\/B.\" \/>\n<meta name=\"robots\" content=\"index, follow, max-snippet:-1, max-image-preview:large, max-video-preview:-1\" \/>\n<link rel=\"canonical\" href=\"https:\/\/damiper.sk\/sk\/produkt\/okna-aluplast-ideal-4000\/\" \/>\n<meta property=\"og:locale\" content=\"sk_SK\" \/>\n<meta property=\"og:type\" content=\"article\" \/>\n<meta property=\"og:title\" content=\"Okn\u00e1 Aluplast IDEAL 4000 - ide\u00e1l pre rekon\u0161trukciu | Damiper s.r.o.\" \/>\n<meta property=\"og:description\" content=\"Vy\u017eiadajte si cenov\u00fa ponuku &gt;TU&lt; na okn\u00e1 Aluplast IDEAL 4000 | Vhodn\u00e9 na prer\u00e1bku, aj novostavbu | info@damiper.sk | 0911 190 227 | Tren\u010d\u00edn | B\u00e1novce n\/B.\" \/>\n<meta property=\"og:url\" content=\"https:\/\/damiper.sk\/sk\/produkt\/okna-aluplast-ideal-4000\/\" \/>\n<meta property=\"og:site_name\" content=\"Damiper s.r.o. \u00bb Okn\u00e1 | dvere | podlahy\" \/>\n<meta property=\"article:modified_time\" content=\"2023-12-04T20:46:21+00:00\" \/>\n<meta property=\"og:image\" content=\"http:\/\/damiper.sk\/sk\/wp-content\/uploads\/353-1.jpg\" \/>\n\t<meta property=\"og:image:width\" content=\"500\" \/>\n\t<meta property=\"og:image:height\" content=\"400\" \/>\n\t<meta property=\"og:image:type\" content=\"image\/jpeg\" \/>\n<meta name=\"twitter:card\" content=\"summary_large_image\" \/>\n<meta name=\"twitter:label1\" content=\"Predpokladan\u00fd \u010das \u010d\u00edtania\" \/>\n\t<meta name=\"twitter:data1\" content=\"2 min\u00faty\" \/>\n<script type=\"application\/ld+json\" class=\"yoast-schema-graph\">{\"@context\":\"https:\/\/schema.org\",\"@graph\":[{\"@type\":\"WebPage\",\"@id\":\"https:\/\/damiper.sk\/sk\/produkt\/okna-aluplast-ideal-4000\/\",\"url\":\"https:\/\/damiper.sk\/sk\/produkt\/okna-aluplast-ideal-4000\/\",\"name\":\"Okn\u00e1 Aluplast IDEAL 4000 - ide\u00e1l pre rekon\u0161trukciu | Damiper s.r.o.\",\"isPartOf\":{\"@id\":\"https:\/\/damiper.sk\/sk\/#website\"},\"primaryImageOfPage\":{\"@id\":\"https:\/\/damiper.sk\/sk\/produkt\/okna-aluplast-ideal-4000\/#primaryimage\"},\"image\":{\"@id\":\"https:\/\/damiper.sk\/sk\/produkt\/okna-aluplast-ideal-4000\/#primaryimage\"},\"thumbnailUrl\":\"https:\/\/damiper.sk\/sk\/wp-content\/uploads\/353-1.jpg\",\"datePublished\":\"2016-01-07T14:31:19+00:00\",\"dateModified\":\"2023-12-04T20:46:21+00:00\",\"description\":\"Vy\u017eiadajte si cenov\u00fa ponuku >TU&lt; na okn\u00e1 Aluplast IDEAL 4000 | Vhodn\u00e9 na prer\u00e1bku, aj novostavbu | info@damiper.sk | 0911 190 227 | Tren\u010d\u00edn | B\u00e1novce n\/B.\",\"breadcrumb\":{\"@id\":\"https:\/\/damiper.sk\/sk\/produkt\/okna-aluplast-ideal-4000\/#breadcrumb\"},\"inLanguage\":\"sk-SK\",\"potentialAction\":[{\"@type\":\"ReadAction\",\"target\":[\"https:\/\/damiper.sk\/sk\/produkt\/okna-aluplast-ideal-4000\/\"]}]},{\"@type\":\"ImageObject\",\"inLanguage\":\"sk-SK\",\"@id\":\"https:\/\/damiper.sk\/sk\/produkt\/okna-aluplast-ideal-4000\/#primaryimage\",\"url\":\"https:\/\/damiper.sk\/sk\/wp-content\/uploads\/353-1.jpg\",\"contentUrl\":\"https:\/\/damiper.sk\/sk\/wp-content\/uploads\/353-1.jpg\",\"width\":500,\"height\":400,\"caption\":\"okn\u00e1 Aluplast IDEAL 4000\"},{\"@type\":\"BreadcrumbList\",\"@id\":\"https:\/\/damiper.sk\/sk\/produkt\/okna-aluplast-ideal-4000\/#breadcrumb\",\"itemListElement\":[{\"@type\":\"ListItem\",\"position\":1,\"name\":\"Domovsk\u00e1 str\u00e1nka\",\"item\":\"https:\/\/damiper.sk\/sk\/\"},{\"@type\":\"ListItem\",\"position\":2,\"name\":\"Shop\",\"item\":\"https:\/\/damiper.sk\/sk\/?page_id=323\"},{\"@type\":\"ListItem\",\"position\":3,\"name\":\"Aluplast IDEAL 4000 SL\/RL\"}]},{\"@type\":\"WebSite\",\"@id\":\"https:\/\/damiper.sk\/sk\/#website\",\"url\":\"https:\/\/damiper.sk\/sk\/\",\"name\":\"Damiper s.r.o. \u00bb Okn\u00e1 | dvere | podlahy\",\"description\":\"Plastov\u00e9 okn\u00e1 | Dvere | Podlahy | Interi\u00e9r\",\"potentialAction\":[{\"@type\":\"SearchAction\",\"target\":{\"@type\":\"EntryPoint\",\"urlTemplate\":\"https:\/\/damiper.sk\/sk\/?s={search_term_string}\"},\"query-input\":{\"@type\":\"PropertyValueSpecification\",\"valueRequired\":true,\"valueName\":\"search_term_string\"}}],\"inLanguage\":\"sk-SK\"}]}<\/script>\n<!-- \/ Yoast SEO plugin. -->","yoast_head_json":{"title":"Okn\u00e1 Aluplast IDEAL 4000 - ide\u00e1l pre rekon\u0161trukciu | Damiper s.r.o.","description":"Vy\u017eiadajte si cenov\u00fa ponuku >TU&lt; na okn\u00e1 Aluplast IDEAL 4000 | Vhodn\u00e9 na prer\u00e1bku, aj novostavbu | info@damiper.sk | 0911 190 227 | Tren\u010d\u00edn | B\u00e1novce n\/B.","robots":{"index":"index","follow":"follow","max-snippet":"max-snippet:-1","max-image-preview":"max-image-preview:large","max-video-preview":"max-video-preview:-1"},"canonical":"https:\/\/damiper.sk\/sk\/produkt\/okna-aluplast-ideal-4000\/","og_locale":"sk_SK","og_type":"article","og_title":"Okn\u00e1 Aluplast IDEAL 4000 - ide\u00e1l pre rekon\u0161trukciu | Damiper s.r.o.","og_description":"Vy\u017eiadajte si cenov\u00fa ponuku >TU&lt; na okn\u00e1 Aluplast IDEAL 4000 | Vhodn\u00e9 na prer\u00e1bku, aj novostavbu | info@damiper.sk | 0911 190 227 | Tren\u010d\u00edn | B\u00e1novce n\/B.","og_url":"https:\/\/damiper.sk\/sk\/produkt\/okna-aluplast-ideal-4000\/","og_site_name":"Damiper s.r.o. \u00bb Okn\u00e1 | dvere | podlahy","article_modified_time":"2023-12-04T20:46:21+00:00","og_image":[{"width":500,"height":400,"url":"http:\/\/damiper.sk\/sk\/wp-content\/uploads\/353-1.jpg","type":"image\/jpeg"}],"twitter_card":"summary_large_image","twitter_misc":{"Predpokladan\u00fd \u010das \u010d\u00edtania":"2 min\u00faty"},"schema":{"@context":"https:\/\/schema.org","@graph":[{"@type":"WebPage","@id":"https:\/\/damiper.sk\/sk\/produkt\/okna-aluplast-ideal-4000\/","url":"https:\/\/damiper.sk\/sk\/produkt\/okna-aluplast-ideal-4000\/","name":"Okn\u00e1 Aluplast IDEAL 4000 - ide\u00e1l pre rekon\u0161trukciu | Damiper s.r.o.","isPartOf":{"@id":"https:\/\/damiper.sk\/sk\/#website"},"primaryImageOfPage":{"@id":"https:\/\/damiper.sk\/sk\/produkt\/okna-aluplast-ideal-4000\/#primaryimage"},"image":{"@id":"https:\/\/damiper.sk\/sk\/produkt\/okna-aluplast-ideal-4000\/#primaryimage"},"thumbnailUrl":"https:\/\/damiper.sk\/sk\/wp-content\/uploads\/353-1.jpg","datePublished":"2016-01-07T14:31:19+00:00","dateModified":"2023-12-04T20:46:21+00:00","description":"Vy\u017eiadajte si cenov\u00fa ponuku >TU&lt; na okn\u00e1 Aluplast IDEAL 4000 | Vhodn\u00e9 na prer\u00e1bku, aj novostavbu | info@damiper.sk | 0911 190 227 | Tren\u010d\u00edn | B\u00e1novce n\/B.","breadcrumb":{"@id":"https:\/\/damiper.sk\/sk\/produkt\/okna-aluplast-ideal-4000\/#breadcrumb"},"inLanguage":"sk-SK","potentialAction":[{"@type":"ReadAction","target":["https:\/\/damiper.sk\/sk\/produkt\/okna-aluplast-ideal-4000\/"]}]},{"@type":"ImageObject","inLanguage":"sk-SK","@id":"https:\/\/damiper.sk\/sk\/produkt\/okna-aluplast-ideal-4000\/#primaryimage","url":"https:\/\/damiper.sk\/sk\/wp-content\/uploads\/353-1.jpg","contentUrl":"https:\/\/damiper.sk\/sk\/wp-content\/uploads\/353-1.jpg","width":500,"height":400,"caption":"okn\u00e1 Aluplast IDEAL 4000"},{"@type":"BreadcrumbList","@id":"https:\/\/damiper.sk\/sk\/produkt\/okna-aluplast-ideal-4000\/#breadcrumb","itemListElement":[{"@type":"ListItem","position":1,"name":"Domovsk\u00e1 str\u00e1nka","item":"https:\/\/damiper.sk\/sk\/"},{"@type":"ListItem","position":2,"name":"Shop","item":"https:\/\/damiper.sk\/sk\/?page_id=323"},{"@type":"ListItem","position":3,"name":"Aluplast IDEAL 4000 SL\/RL"}]},{"@type":"WebSite","@id":"https:\/\/damiper.sk\/sk\/#website","url":"https:\/\/damiper.sk\/sk\/","name":"Damiper s.r.o. \u00bb Okn\u00e1 | dvere | podlahy","description":"Plastov\u00e9 okn\u00e1 | Dvere | Podlahy | Interi\u00e9r","potentialAction":[{"@type":"SearchAction","target":{"@type":"EntryPoint","urlTemplate":"https:\/\/damiper.sk\/sk\/?s={search_term_string}"},"query-input":{"@type":"PropertyValueSpecification","valueRequired":true,"valueName":"search_term_string"}}],"inLanguage":"sk-SK"}]}},"_links":{"self":[{"href":"https:\/\/damiper.sk\/sk\/wp-json\/wp\/v2\/product\/1801","targetHints":{"allow":["GET"]}}],"collection":[{"href":"https:\/\/damiper.sk\/sk\/wp-json\/wp\/v2\/product"}],"about":[{"href":"https:\/\/damiper.sk\/sk\/wp-json\/wp\/v2\/types\/product"}],"replies":[{"embeddable":true,"href":"https:\/\/damiper.sk\/sk\/wp-json\/wp\/v2\/comments?post=1801"}],"wp:featuredmedia":[{"embeddable":true,"href":"https:\/\/damiper.sk\/sk\/wp-json\/wp\/v2\/media\/1802"}],"wp:attachment":[{"href":"https:\/\/damiper.sk\/sk\/wp-json\/wp\/v2\/media?parent=1801"}],"wp:term":[{"taxonomy":"product_brand","embeddable":true,"href":"https:\/\/damiper.sk\/sk\/wp-json\/wp\/v2\/product_brand?post=1801"},{"taxonomy":"product_cat","embeddable":true,"href":"https:\/\/damiper.sk\/sk\/wp-json\/wp\/v2\/product_cat?post=1801"},{"taxonomy":"product_tag","embeddable":true,"href":"https:\/\/damiper.sk\/sk\/wp-json\/wp\/v2\/product_tag?post=1801"}],"curies":[{"name":"wp","href":"https:\/\/api.w.org\/{rel}","templated":true}]}}