{"id":1845,"date":"2016-01-08T14:37:47","date_gmt":"2016-01-08T12:37:47","guid":{"rendered":"http:\/\/damiper.sk\/sk\/produkt\/okna-salamander-streamline-sl-76\/"},"modified":"2023-12-04T23:19:12","modified_gmt":"2023-12-04T21:19:12","slug":"okna-salamander-greenevolution-flex","status":"publish","type":"product","link":"https:\/\/damiper.sk\/sk\/produkt\/okna-salamander-greenevolution-flex\/","title":{"rendered":"Salamander GreenEvolution FLEX"},"content":{"rendered":"<p class=\"s12\"><span class=\"s5\">Plastov\u00e9 okno Salamander <\/span><span class=\"s5\">G<\/span><span class=\"s5\">reenEvolution FLEX <\/span><span class=\"s5\">m\u00e1<\/span> <span class=\"s5\">a<\/span><span class=\"s5\">trakt\u00edvny profilov\u00fd syst\u00e9m <\/span><span class=\"s5\">a<\/span><span class=\"s5\"> je ide\u00e1lnou vo\u013ebou pre ka\u017ed\u00e9ho, kto oce\u0148uje predov\u0161etk\u00fdm komfort b\u00fdvania a \u00fatulnos\u0165 a m\u00e1 najvy\u0161\u0161ie \u0161tandardy kvality a dizajnu. Inovat\u00edvna 5-komorov\u00e1 kon\u0161trukcia a sofistikovan\u00e1 technol\u00f3gia tesnenia zais\u0165uj\u00fa optim\u00e1lnu tepeln\u00fa ochranu a najlep\u0161iu energetick\u00fa \u00fa\u010dinnos\u0165. 6-komorov\u00fd syst\u00e9m a tri \u00farovne tesnenia v\u00fdrazne zni\u017euj\u00fa spotrebu energie a zvy\u0161uj\u00fa zvukov\u00fa izol\u00e1ciu. Centr\u00e1lny syst\u00e9m tesnenia zais\u0165uje, \u017ee nevznikaj\u00fa \u017eiadne studen\u00e9 mosty a zabra\u0148uje \u00faniku tepla z miestnosti. To zais\u0165uje vysok\u00fa \u00farove\u0148 tepelnej ochrany.<\/span><\/p>\n<p class=\"s12\"><span class=\"s5\">Trojsklo pozost\u00e1va z troch tab\u00fa\u013e skla oddelen\u00fdch dvoma medzerami. To zlep\u0161uje zvukov\u00fa izol\u00e1ciu a z\u00e1rove\u0148 zni\u017euje energetick\u00e9 straty. Vysok\u00fa energetick\u00fa \u00fa\u010dinnos\u0165 a pr\u00edjemn\u00fa kl\u00edmu v miestnosti umo\u017e\u0148uje kombin\u00e1cia stredov\u00e9ho tesnenia a trojskla. Na v\u00fdrobu profilov\u00fdch syst\u00e9mov Salamander sa pou\u017e\u00edvaj\u00fa najnov\u0161ie technol\u00f3gie spracovania ako je technol\u00f3gia V-Perfect, v ktor\u00fdch je plast spojen\u00fd tak, \u017ee spojovac\u00ed \u0161ev je takmer nevidite\u013en\u00fd.<\/span><\/p>\n<h3 style=\"text-align: center;\"><span style=\"color: #ff9900;\">Zaujal V\u00e1s tento profil? <a style=\"color: #ff9900;\" href=\"http:\/\/damiper.sk\/sk\/kontakt_damiper\/\" target=\"_blank\" rel=\"noopener noreferrer\">Vy\u017eiadajte si nez\u00e1v\u00e4zn\u00fa cenov\u00fa ponuku &gt; TU &lt;<\/a><\/span><\/h3>\n<p>Plastov\u00e9 okn\u00e1 Salamander GreenEvolution FLEX s\u00fa kvalitnej\u0161ia alternat\u00edva k profilu <a href=\"http:\/\/damiper.sk\/sk\/produkt\/okna-aluplast-ideal-4000\/\" target=\"_blank\" rel=\"noopener noreferrer\">Aluplast IDEAL 4000<\/a>. Ide o mas\u00edvnej\u0161\u00ed profil, ktor\u00fd nahr\u00e1dza zn\u00e1my Salamander Streamline SL76.<\/p>\n<p>Plastov\u00e9 okn\u00e1 Salamander GreenEvolution FLEX s\u00fa vhodn\u00e9 hlavne pri rekon\u0161trukci\u00e1ch bytov v tehlov\u00fdch alebo panelov\u00fdch bytov\u00fdch domoch, pri obnove nebytov\u00fdch priestorov bytov\u00fdch domov (medziposchodia, pivni\u010dn\u00e9 priestory), ale tak isto aj pre \u0161tandardn\u00e9 novostavby. Z h\u013eadiska doplnkov pon\u00faka medzisklen\u00e9 mrie\u017eky, prie\u010dky do kr\u00eddla a pod.<\/p>\n<p>Plastov\u00e9 okn\u00e1 Salamander GreenEvolution FLEX pon\u00fakame s vylep\u0161en\u00fdm bezpe\u010dnostn\u00fdm kovan\u00edm Siegenia TITAN.<\/p>\n<div id=\"attachment_7771\" style=\"width: 952px\" class=\"wp-caption aligncenter\"><img fetchpriority=\"high\" decoding=\"async\" aria-describedby=\"caption-attachment-7771\" class=\"size-full wp-image-7771\" src=\"http:\/\/damiper.sk\/sk\/wp-content\/uploads\/Snimka-obrazovky-2023-12-04-o-22.10.41.png\" alt=\"plastove_okna_salamander_greenevolution_flex_idealne_pre_vas_domov\" width=\"942\" height=\"624\" srcset=\"https:\/\/damiper.sk\/sk\/wp-content\/uploads\/Snimka-obrazovky-2023-12-04-o-22.10.41.png 942w, https:\/\/damiper.sk\/sk\/wp-content\/uploads\/Snimka-obrazovky-2023-12-04-o-22.10.41-300x199.png 300w, https:\/\/damiper.sk\/sk\/wp-content\/uploads\/Snimka-obrazovky-2023-12-04-o-22.10.41-600x397.png 600w\" sizes=\"(max-width: 942px) 100vw, 942px\" \/><p id=\"caption-attachment-7771\" class=\"wp-caption-text\"><strong>Plastov\u00e9 okn\u00e1 Salamander GreenEvolution FLEX &#8211; ide\u00e1lne pre novostavbuide\u00e1lne pre v\u00e1\u0161 domov<\/strong><\/p><\/div>\n<p>Plastov\u00e9 okn\u00e1 Salamander GreenEvolution FLEX sa vyr\u00e1baj\u00fa v preveden\u00ed rovn\u00e9ho alebo obl\u00e9ho kr\u00eddla.<br \/>\nZna\u010dka Salamander je vyh\u013ead\u00e1van\u00e1 pre svoju v\u00fdnimo\u010dnos\u0165, ktor\u00e1 spo\u010d\u00edva v ultrabielej lesklej farbe, v ktorej sa \u0161tandardne okn\u00e1 vyr\u00e1baj\u00fa. \u017diadny in\u00fd profilov\u00fd syst\u00e9m na trhu nepon\u00faka tak\u00fa \u017eiariv\u00fa bielu ako pr\u00e1ve tento v\u00fdrobca. Naviac, pri pou\u017eit\u00ed skla sa pri profile Salamander GreenEvolution FLEX d\u00e1 variova\u0165 od \u0161tandardne dod\u00e1van\u00e9ho 24mm 2-skla a\u017e po 48mm 3-sklo &#8211; umo\u017e\u0148uje to \u0161irok\u00e1 kon\u0161trukcia kr\u00eddla.<\/p>\n<h2><span style=\"color: #ff9900;\">Farebn\u00e9 mo\u017enosti<\/span><\/h2>\n<p>Tento kvalitn\u00fd nemeck\u00fd profil pon\u00faka \u0161irok\u00fa \u0161k\u00e1lu <a href=\"http:\/\/damiper.sk\/sk\/plastove_okna_vo_farbach\/\" target=\"_blank\" rel=\"noopener noreferrer\">farebn\u00fdch preveden\u00ed<\/a>:<\/p>\n<ul>\n<li>biela farba \u2013 najjednoduch\u0161ie prevedenie<\/li>\n<li>1-strann\u00e1 lamin\u00e1cia \u2013 interi\u00e9r biela\/exteri\u00e9r farba alebo opa\u010dne (naj\u010dastej\u0161ie antracit pieskovan\u00fd alebo drevoimit\u00e1cie &#8211; zlat\u00fd dub, orech, mahag\u00f3n)<\/li>\n<li>2-strann\u00e1 lamin\u00e1cia \u2013 interi\u00e9r a exteri\u00e9r v rovnakej farbe inej ako biela (naj\u010dastej\u0161ie antracit pieskovan\u00fd alebo drevoimit\u00e1cie &#8211; zlat\u00fd dub, orech, mahag\u00f3n)<\/li>\n<\/ul>\n<h2><span style=\"color: #ff9900;\">Prevedenie<\/span><\/h2>\n<ul>\n<li>fixn\u00e9 okn\u00e1 \u2013 okn\u00e1 bez mo\u017enosti otvorenia<\/li>\n<li>balk\u00f3nov\u00e9 dvere<\/li>\n<li>1-kr\u00eddlov\u00e9, 2-kr\u00eddlov\u00e9 a 3-kr\u00eddlov\u00e9 okn\u00e1<\/li>\n<li>atypick\u00e9 tvary okien<\/li>\n<li>posuvn\u00e9 dvere \u2013 automatick\u00e9 alebo manu\u00e1lne<\/li>\n<li>HS portal \u2013 zdvi\u017eno-posuvn\u00e9 dvere<\/li>\n<\/ul>\n<p>K plastov\u00fdm okn\u00e1m pon\u00fakame v\u0161etky <a href=\"http:\/\/damiper.sk\/sk\/doplnky-k-plastovym-oknam\/\" target=\"_blank\" rel=\"noopener noreferrer\">druhy doplnkov<\/a> ako exteri\u00e9rov\u00e9 a interi\u00e9rov\u00e9 parapety r\u00f4znych hr\u00fabok a \u0161\u00edrok, tieniacu techniku \/exteri\u00e9rov\u00e9 a interi\u00e9rov\u00e9 \u017eal\u00fazie, roletky Climax, vertik\u00e1lne l\u00e1tkov\u00e9 \u017eal\u00fazie\/, <a href=\"http:\/\/damiper.sk\/sk\/vyhraj-siet-proti-hmyzu\/\" target=\"_blank\" rel=\"noopener noreferrer\">siete proti hmyzu<\/a> \/pevn\u00e9 odn\u00edmate\u013en\u00e9, dverov\u00e9 otv\u00e1racie alebo samonav\u00edjacie\/.<\/p>\n<p>Na v\u0161etky na\u0161e plastov\u00e9 okn\u00e1 poskytujeme <a href=\"http:\/\/damiper.sk\/sk\/sluzby\/\" target=\"_blank\" rel=\"noopener noreferrer\">z\u00e1ru\u010dn\u00fa dobu<\/a> 2 roky bez oh\u013eadu na to, \u010di sa rozhodnete len pre samotn\u00e9 okn\u00e1 alebo si zvol\u00edte aj mo\u017enos\u0165 s mont\u00e1\u017eou.<\/p>\n<p>V\u0161etky \u010fal\u0161ie inform\u00e1cie V\u00e1m radi poskytneme v na\u0161ich obchodn\u00fdch kancel\u00e1ri\u00e1ch, ktor\u00e9 n\u00e1jdete v B\u00e1novciach nad Bebravou (bli\u017e\u0161ie info v \u010dasti <a href=\"http:\/\/damiper.sk\/sk\/kontakt\/\">Kontakt<\/a>), alebo prostredn\u00edctvom spr\u00e1vy zanechanej na na\u0161ej <a href=\"https:\/\/www.facebook.com\/damiper.sk\/?ref=aymt_homepage_panel\">Facebook<\/a> str\u00e1nke.<\/p>\n<h3 style=\"text-align: center;\">Zaujal V\u00e1s tento profil? <a href=\"http:\/\/damiper.sk\/sk\/kontakt_damiper\/\" target=\"_blank\" rel=\"noopener noreferrer\">Vy\u017eiadajte si nez\u00e1v\u00e4zn\u00fa cenov\u00fa ponuku &gt; TU &lt;<\/a><\/h3>\n","protected":false},"excerpt":{"rendered":"<ul>\n<li style=\"text-align: left;\">5-komorov\u00fd alebo 6-komorov\u00fd r\u00e1m<\/li>\n<li style=\"text-align: left;\">76 mm stavebn\u00e1 h\u013abka<\/li>\n<li style=\"text-align: left;\">80 mm \u0161\u00edrka kr\u00eddla<\/li>\n<li style=\"text-align: left;\">dorazov\u00e9 2-tesnenie &#8211; siv\u00e9 alebo \u010dierne (pod\u013ea farby okna)<\/li>\n<li>mo\u017enos\u0165 vo\u013eby r\u00e1mu s dorazov\u00fdm tret\u00edm tesnen\u00edm MD<\/li>\n<li style=\"text-align: left;\">pozinkovan\u00e1 oce\u013eov\u00e1 v\u00fdstuha v hr\u00fabke od 1,4 &#8211; 2,0 mm<\/li>\n<li style=\"text-align: left;\">odvodnenie r\u00e1mu &#8211; optim\u00e1lny odtok ne\u017eiad\u00facej vody<\/li>\n<li>mo\u017enosti zasklenia:\n<ul>\n<li>izola\u010dn\u00e9 2-sklo 4\/16\/4 Ug = 1,1 W\/m\u00b2K s arg\u00f3nom (24 mm)<\/li>\n<li>izola\u010dn\u00e9 3-sklo 4\/12\/4\/12\/4 Ug = 0,7 W\/m\u00b2K s arg\u00f3nom (36 mm)<\/li>\n<li>izola\u010dn\u00e9 3-sklo 4\/18\/4\/18\/4 Ug = 0,5 W\/m\u00b2K s arg\u00f3nom (48 mm)<\/li>\n<li>Uw &#8211; 0,74 W\/m\u00b2K*<\/li>\n<li>celoobvodov\u00e9 kovanie Siegenia TITAN s mikroventil\u00e1ciou<\/li>\n<\/ul>\n<\/li>\n<\/ul>\n<p>* hodnota Uw je vypo\u010d\u00edtan\u00e1 pre referen\u010dn\u00e9 okno s rozmermi 1230 mm x 1480 mm, zasklenie 48 mm sklo s tepl\u00fd r\u00e1m\u010dekom Swisspacer Ultimate<\/p>\n<p>&nbsp;<\/p>\n","protected":false},"featured_media":7523,"comment_status":"closed","ping_status":"closed","template":"","meta":[],"product_brand":[],"product_cat":[162,109],"product_tag":[113,117,114,118,115,119,116,120],"class_list":{"0":"post-1845","1":"product","2":"type-product","3":"status-publish","4":"has-post-thumbnail","6":"product_cat-okna-salamander","7":"product_cat-okna-dvere","8":"product_tag-2-sklo","9":"product_tag-2-tesnenie","10":"product_tag-3-sklo","11":"product_tag-3-tesnenie","12":"product_tag-5-komorove","13":"product_tag-6-komorove","14":"product_tag-plastove-okna","15":"product_tag-salamander","17":"first","18":"instock","19":"shipping-taxable","20":"product-type-simple"},"yoast_head":"<!-- This site is optimized with the Yoast SEO plugin v26.5 - https:\/\/yoast.com\/wordpress\/plugins\/seo\/ -->\n<title>Okn\u00e1 Salamander GreenEvolution FLEX | Damiper s. r. o.<\/title>\n<meta name=\"description\" content=\"Vy\u017eiadajte si nez\u00e1v\u00e4zn\u00fa cenov\u00fa ponuku &gt;TU&lt; na okn\u00e1 Salamander GreenEvolution Flex | info@damiper.sk | 0911 190 227 | B\u00e1novce n\/B\" \/>\n<meta name=\"robots\" content=\"index, follow, max-snippet:-1, max-image-preview:large, max-video-preview:-1\" \/>\n<link rel=\"canonical\" href=\"https:\/\/damiper.sk\/sk\/produkt\/okna-salamander-greenevolution-flex\/\" \/>\n<meta property=\"og:locale\" content=\"sk_SK\" \/>\n<meta property=\"og:type\" content=\"article\" \/>\n<meta property=\"og:title\" content=\"Okn\u00e1 Salamander GreenEvolution FLEX | Damiper s. r. o.\" \/>\n<meta property=\"og:description\" content=\"Vy\u017eiadajte si nez\u00e1v\u00e4zn\u00fa cenov\u00fa ponuku &gt;TU&lt; na okn\u00e1 Salamander GreenEvolution Flex | info@damiper.sk | 0911 190 227 | B\u00e1novce n\/B\" \/>\n<meta property=\"og:url\" content=\"https:\/\/damiper.sk\/sk\/produkt\/okna-salamander-greenevolution-flex\/\" \/>\n<meta property=\"og:site_name\" content=\"Damiper s.r.o. \u00bb Okn\u00e1 | dvere | podlahy\" \/>\n<meta property=\"article:modified_time\" content=\"2023-12-04T21:19:12+00:00\" \/>\n<meta property=\"og:image\" content=\"http:\/\/damiper.sk\/sk\/wp-content\/uploads\/Salamander-GreenEvolution-Flex_2.jpg\" \/>\n\t<meta property=\"og:image:width\" content=\"800\" \/>\n\t<meta property=\"og:image:height\" content=\"695\" \/>\n\t<meta property=\"og:image:type\" content=\"image\/jpeg\" \/>\n<meta name=\"twitter:card\" content=\"summary_large_image\" \/>\n<meta name=\"twitter:label1\" content=\"Predpokladan\u00fd \u010das \u010d\u00edtania\" \/>\n\t<meta name=\"twitter:data1\" content=\"3 min\u00faty\" \/>\n<script type=\"application\/ld+json\" class=\"yoast-schema-graph\">{\"@context\":\"https:\/\/schema.org\",\"@graph\":[{\"@type\":\"WebPage\",\"@id\":\"https:\/\/damiper.sk\/sk\/produkt\/okna-salamander-greenevolution-flex\/\",\"url\":\"https:\/\/damiper.sk\/sk\/produkt\/okna-salamander-greenevolution-flex\/\",\"name\":\"Okn\u00e1 Salamander GreenEvolution FLEX | Damiper s. r. o.\",\"isPartOf\":{\"@id\":\"https:\/\/damiper.sk\/sk\/#website\"},\"primaryImageOfPage\":{\"@id\":\"https:\/\/damiper.sk\/sk\/produkt\/okna-salamander-greenevolution-flex\/#primaryimage\"},\"image\":{\"@id\":\"https:\/\/damiper.sk\/sk\/produkt\/okna-salamander-greenevolution-flex\/#primaryimage\"},\"thumbnailUrl\":\"https:\/\/damiper.sk\/sk\/wp-content\/uploads\/Salamander-GreenEvolution-Flex_2.jpg\",\"datePublished\":\"2016-01-08T12:37:47+00:00\",\"dateModified\":\"2023-12-04T21:19:12+00:00\",\"description\":\"Vy\u017eiadajte si nez\u00e1v\u00e4zn\u00fa cenov\u00fa ponuku >TU&lt; na okn\u00e1 Salamander GreenEvolution Flex | info@damiper.sk | 0911 190 227 | B\u00e1novce n\/B\",\"breadcrumb\":{\"@id\":\"https:\/\/damiper.sk\/sk\/produkt\/okna-salamander-greenevolution-flex\/#breadcrumb\"},\"inLanguage\":\"sk-SK\",\"potentialAction\":[{\"@type\":\"ReadAction\",\"target\":[\"https:\/\/damiper.sk\/sk\/produkt\/okna-salamander-greenevolution-flex\/\"]}]},{\"@type\":\"ImageObject\",\"inLanguage\":\"sk-SK\",\"@id\":\"https:\/\/damiper.sk\/sk\/produkt\/okna-salamander-greenevolution-flex\/#primaryimage\",\"url\":\"https:\/\/damiper.sk\/sk\/wp-content\/uploads\/Salamander-GreenEvolution-Flex_2.jpg\",\"contentUrl\":\"https:\/\/damiper.sk\/sk\/wp-content\/uploads\/Salamander-GreenEvolution-Flex_2.jpg\",\"width\":800,\"height\":695,\"caption\":\"Plastov\u00e9 okn\u00e1 Salamander GreenEvolution Flex | Vhodn\u00e9 pre rekon\u0161trukcie aj novostavby | Vy\u017eiadajte si nez\u00e1v\u00e4zn\u00fa cenov\u00fa ponuku | 0911 190 227 | info@damiper.sk\"},{\"@type\":\"BreadcrumbList\",\"@id\":\"https:\/\/damiper.sk\/sk\/produkt\/okna-salamander-greenevolution-flex\/#breadcrumb\",\"itemListElement\":[{\"@type\":\"ListItem\",\"position\":1,\"name\":\"Domovsk\u00e1 str\u00e1nka\",\"item\":\"https:\/\/damiper.sk\/sk\/\"},{\"@type\":\"ListItem\",\"position\":2,\"name\":\"Shop\",\"item\":\"https:\/\/damiper.sk\/sk\/?page_id=323\"},{\"@type\":\"ListItem\",\"position\":3,\"name\":\"Salamander GreenEvolution FLEX\"}]},{\"@type\":\"WebSite\",\"@id\":\"https:\/\/damiper.sk\/sk\/#website\",\"url\":\"https:\/\/damiper.sk\/sk\/\",\"name\":\"Damiper s.r.o. \u00bb Okn\u00e1 | dvere | podlahy\",\"description\":\"Plastov\u00e9 okn\u00e1 | Dvere | Podlahy | Interi\u00e9r\",\"potentialAction\":[{\"@type\":\"SearchAction\",\"target\":{\"@type\":\"EntryPoint\",\"urlTemplate\":\"https:\/\/damiper.sk\/sk\/?s={search_term_string}\"},\"query-input\":{\"@type\":\"PropertyValueSpecification\",\"valueRequired\":true,\"valueName\":\"search_term_string\"}}],\"inLanguage\":\"sk-SK\"}]}<\/script>\n<!-- \/ Yoast SEO plugin. -->","yoast_head_json":{"title":"Okn\u00e1 Salamander GreenEvolution FLEX | Damiper s. r. o.","description":"Vy\u017eiadajte si nez\u00e1v\u00e4zn\u00fa cenov\u00fa ponuku >TU&lt; na okn\u00e1 Salamander GreenEvolution Flex | info@damiper.sk | 0911 190 227 | B\u00e1novce n\/B","robots":{"index":"index","follow":"follow","max-snippet":"max-snippet:-1","max-image-preview":"max-image-preview:large","max-video-preview":"max-video-preview:-1"},"canonical":"https:\/\/damiper.sk\/sk\/produkt\/okna-salamander-greenevolution-flex\/","og_locale":"sk_SK","og_type":"article","og_title":"Okn\u00e1 Salamander GreenEvolution FLEX | Damiper s. r. o.","og_description":"Vy\u017eiadajte si nez\u00e1v\u00e4zn\u00fa cenov\u00fa ponuku >TU&lt; na okn\u00e1 Salamander GreenEvolution Flex | info@damiper.sk | 0911 190 227 | B\u00e1novce n\/B","og_url":"https:\/\/damiper.sk\/sk\/produkt\/okna-salamander-greenevolution-flex\/","og_site_name":"Damiper s.r.o. \u00bb Okn\u00e1 | dvere | podlahy","article_modified_time":"2023-12-04T21:19:12+00:00","og_image":[{"width":800,"height":695,"url":"http:\/\/damiper.sk\/sk\/wp-content\/uploads\/Salamander-GreenEvolution-Flex_2.jpg","type":"image\/jpeg"}],"twitter_card":"summary_large_image","twitter_misc":{"Predpokladan\u00fd \u010das \u010d\u00edtania":"3 min\u00faty"},"schema":{"@context":"https:\/\/schema.org","@graph":[{"@type":"WebPage","@id":"https:\/\/damiper.sk\/sk\/produkt\/okna-salamander-greenevolution-flex\/","url":"https:\/\/damiper.sk\/sk\/produkt\/okna-salamander-greenevolution-flex\/","name":"Okn\u00e1 Salamander GreenEvolution FLEX | Damiper s. r. o.","isPartOf":{"@id":"https:\/\/damiper.sk\/sk\/#website"},"primaryImageOfPage":{"@id":"https:\/\/damiper.sk\/sk\/produkt\/okna-salamander-greenevolution-flex\/#primaryimage"},"image":{"@id":"https:\/\/damiper.sk\/sk\/produkt\/okna-salamander-greenevolution-flex\/#primaryimage"},"thumbnailUrl":"https:\/\/damiper.sk\/sk\/wp-content\/uploads\/Salamander-GreenEvolution-Flex_2.jpg","datePublished":"2016-01-08T12:37:47+00:00","dateModified":"2023-12-04T21:19:12+00:00","description":"Vy\u017eiadajte si nez\u00e1v\u00e4zn\u00fa cenov\u00fa ponuku >TU&lt; na okn\u00e1 Salamander GreenEvolution Flex | info@damiper.sk | 0911 190 227 | B\u00e1novce n\/B","breadcrumb":{"@id":"https:\/\/damiper.sk\/sk\/produkt\/okna-salamander-greenevolution-flex\/#breadcrumb"},"inLanguage":"sk-SK","potentialAction":[{"@type":"ReadAction","target":["https:\/\/damiper.sk\/sk\/produkt\/okna-salamander-greenevolution-flex\/"]}]},{"@type":"ImageObject","inLanguage":"sk-SK","@id":"https:\/\/damiper.sk\/sk\/produkt\/okna-salamander-greenevolution-flex\/#primaryimage","url":"https:\/\/damiper.sk\/sk\/wp-content\/uploads\/Salamander-GreenEvolution-Flex_2.jpg","contentUrl":"https:\/\/damiper.sk\/sk\/wp-content\/uploads\/Salamander-GreenEvolution-Flex_2.jpg","width":800,"height":695,"caption":"Plastov\u00e9 okn\u00e1 Salamander GreenEvolution Flex | Vhodn\u00e9 pre rekon\u0161trukcie aj novostavby | Vy\u017eiadajte si nez\u00e1v\u00e4zn\u00fa cenov\u00fa ponuku | 0911 190 227 | info@damiper.sk"},{"@type":"BreadcrumbList","@id":"https:\/\/damiper.sk\/sk\/produkt\/okna-salamander-greenevolution-flex\/#breadcrumb","itemListElement":[{"@type":"ListItem","position":1,"name":"Domovsk\u00e1 str\u00e1nka","item":"https:\/\/damiper.sk\/sk\/"},{"@type":"ListItem","position":2,"name":"Shop","item":"https:\/\/damiper.sk\/sk\/?page_id=323"},{"@type":"ListItem","position":3,"name":"Salamander GreenEvolution FLEX"}]},{"@type":"WebSite","@id":"https:\/\/damiper.sk\/sk\/#website","url":"https:\/\/damiper.sk\/sk\/","name":"Damiper s.r.o. \u00bb Okn\u00e1 | dvere | podlahy","description":"Plastov\u00e9 okn\u00e1 | Dvere | Podlahy | Interi\u00e9r","potentialAction":[{"@type":"SearchAction","target":{"@type":"EntryPoint","urlTemplate":"https:\/\/damiper.sk\/sk\/?s={search_term_string}"},"query-input":{"@type":"PropertyValueSpecification","valueRequired":true,"valueName":"search_term_string"}}],"inLanguage":"sk-SK"}]}},"_links":{"self":[{"href":"https:\/\/damiper.sk\/sk\/wp-json\/wp\/v2\/product\/1845","targetHints":{"allow":["GET"]}}],"collection":[{"href":"https:\/\/damiper.sk\/sk\/wp-json\/wp\/v2\/product"}],"about":[{"href":"https:\/\/damiper.sk\/sk\/wp-json\/wp\/v2\/types\/product"}],"replies":[{"embeddable":true,"href":"https:\/\/damiper.sk\/sk\/wp-json\/wp\/v2\/comments?post=1845"}],"wp:featuredmedia":[{"embeddable":true,"href":"https:\/\/damiper.sk\/sk\/wp-json\/wp\/v2\/media\/7523"}],"wp:attachment":[{"href":"https:\/\/damiper.sk\/sk\/wp-json\/wp\/v2\/media?parent=1845"}],"wp:term":[{"taxonomy":"product_brand","embeddable":true,"href":"https:\/\/damiper.sk\/sk\/wp-json\/wp\/v2\/product_brand?post=1845"},{"taxonomy":"product_cat","embeddable":true,"href":"https:\/\/damiper.sk\/sk\/wp-json\/wp\/v2\/product_cat?post=1845"},{"taxonomy":"product_tag","embeddable":true,"href":"https:\/\/damiper.sk\/sk\/wp-json\/wp\/v2\/product_tag?post=1845"}],"curies":[{"name":"wp","href":"https:\/\/api.w.org\/{rel}","templated":true}]}}