{"id":1848,"date":"2016-01-08T14:56:27","date_gmt":"2016-01-08T12:56:27","guid":{"rendered":"http:\/\/damiper.sk\/sk\/produkt\/okna-salamander-bluevolution-92\/"},"modified":"2023-12-04T23:28:03","modified_gmt":"2023-12-04T21:28:03","slug":"okna-salamander-bluevolution-92-2","status":"publish","type":"product","link":"https:\/\/damiper.sk\/sk\/produkt\/okna-salamander-bluevolution-92-2\/","title":{"rendered":"Salamander bluEvolution 92"},"content":{"rendered":"<p>Plastov\u00e9 okn\u00e1 Salamander BluEvolution 92 s\u00fa to najlep\u0161ie, \u010do v\u00fdrobca Salamander m\u00e1 vo svojej ponuke. Tento profil plastov\u00fdch okien je vhodn\u00fd najm\u00e4 pre novostavby n\u00edzkoenergetick\u00fdch rodinn\u00fdch alebo modern\u00fdch bytov\u00fdch domov. Svojou mas\u00edvnou kon\u0161trukciou r\u00e1mu aj kr\u00eddla zabezpe\u010duj\u00fa bezkonkure\u010dn\u00fa pevnos\u0165 a stabilitu cel\u00e9ho okna. Pod\u013ea Va\u0161ich po\u017eiadaviek, tieto plastov\u00e9 okn\u00e1 vieme prisp\u00f4sobi\u0165 tak na vidiecky \u0161t\u00fdl (farba v drevodekore, medzisklen\u00e9 mrie\u017eky, predelenia prie\u010dkami), ako aj na modern\u00fd urban \u0161t\u00fdl (\u010dist\u00e9 l\u00ednie, ve\u013ek\u00e9 presklen\u00e9 plochy).<\/p>\n<p>Plastov\u00e9 okn\u00e1 z profilu Salamander BluEvolution 92 sa vyr\u00e1ba v preveden\u00ed rovn\u00e9ho kr\u00eddla. V\u00fdnimo\u010dnos\u0165 tohto profilu spo\u010d\u00edva tak isto v ultrabielej lesklej farbe, v ktorej sa \u0161tandardne okn\u00e1 vyr\u00e1baj\u00fa.<\/p>\n<p>Plastov\u00e9 okn\u00e1 Salamander BluEvolution 92 pon\u00fakame s vylep\u0161en\u00fdm bezpe\u010dnostn\u00fdm kovan\u00edm Siegenia TITAN.<\/p>\n<p>T\u00e1to rada plastov\u00fdch okien je z h\u013eadiska tepelno-izola\u010dn\u00fdch vlastnost\u00ed vysoko \u00fasporn\u00e9 okn\u00e1. Mas\u00edvna kon\u0161trukcia r\u00e1mu a kr\u00eddla naviac zvy\u0161uje nepriezvu\u010dnos\u0165 okna. Pri tomto profile pou\u017e\u00edvame \u0161tandardne izola\u010dn\u00e9 3-sklo s celkovou \u0161\u00edrkou 48 mm. Kon\u0161trukcia kr\u00eddla v\u0161ak dovo\u013euje pou\u017ei\u0165 sklo a\u017e do \u0161\u00edrky 60 mm.<\/p>\n<div id=\"attachment_7773\" style=\"width: 952px\" class=\"wp-caption aligncenter\"><img fetchpriority=\"high\" decoding=\"async\" aria-describedby=\"caption-attachment-7773\" class=\"size-full wp-image-7773\" src=\"http:\/\/damiper.sk\/sk\/wp-content\/uploads\/Snimka-obrazovky-2023-12-04-o-22.21.01.png\" alt=\"plastove_okna_salamander_bluevolution_92_idealne_pre_novostavbu_damiper\" width=\"942\" height=\"622\" srcset=\"https:\/\/damiper.sk\/sk\/wp-content\/uploads\/Snimka-obrazovky-2023-12-04-o-22.21.01.png 942w, https:\/\/damiper.sk\/sk\/wp-content\/uploads\/Snimka-obrazovky-2023-12-04-o-22.21.01-300x198.png 300w, https:\/\/damiper.sk\/sk\/wp-content\/uploads\/Snimka-obrazovky-2023-12-04-o-22.21.01-600x396.png 600w\" sizes=\"(max-width: 942px) 100vw, 942px\" \/><p id=\"caption-attachment-7773\" class=\"wp-caption-text\"><strong>Plastov\u00e9 okn\u00e1 Salamander bluEvolution 92 &#8211; ide\u00e1lne pre novostavbu<\/strong><\/p><\/div>\n<h2><span style=\"color: #ff9900;\">Farebn\u00e9 mo\u017enosti<\/span><\/h2>\n<p>Tento kvalitn\u00fd nemeck\u00fd profil pon\u00faka \u0161irok\u00fa \u0161k\u00e1lu <a href=\"http:\/\/damiper.sk\/sk\/plastove_okna_vo_farbach\/\" target=\"_blank\" rel=\"noopener noreferrer\">farebn\u00fdch preveden\u00ed<\/a>:<\/p>\n<ul>\n<li>biela farba &#8211; najjednoduch\u0161ie prevedenie<\/li>\n<li>1-strann\u00e1 lamin\u00e1cia &#8211; interi\u00e9r biela\/exteri\u00e9r farba alebo opa\u010dne (naj\u010dastej\u0161ie drevoimit\u00e1cie)<\/li>\n<li>2-strann\u00e1 lamin\u00e1cia &#8211; interi\u00e9r a exteri\u00e9r v rovnakej farbe inej ako biela (naj\u010dastej\u0161ie drevoimit\u00e1cie)<\/li>\n<\/ul>\n<h2><span style=\"color: #ff9900;\">Prevedenie<\/span><\/h2>\n<ul>\n<li>fixn\u00e9 okn\u00e1 &#8211; okn\u00e1 bez mo\u017enosti otvorenia<\/li>\n<li>balk\u00f3nov\u00e9 dvere<\/li>\n<li>1-kr\u00eddlov\u00e9, 2-kr\u00eddlov\u00e9 a 3-kr\u00eddlov\u00e9 okn\u00e1<\/li>\n<li>posuvn\u00e9 dvere &#8211; automatick\u00e9 alebo manu\u00e1lne<\/li>\n<li>HS portal &#8211; zdvi\u017eno-posuvn\u00e9 dvere<\/li>\n<\/ul>\n<p>K plastov\u00fdm okn\u00e1m pon\u00fakame v\u0161etky <a href=\"http:\/\/damiper.sk\/sk\/doplnky-k-plastovym-oknam\/\" target=\"_blank\" rel=\"noopener noreferrer\">druhy doplnkov<\/a> ako exteri\u00e9rov\u00e9 a interi\u00e9rov\u00e9 parapety r\u00f4znych hr\u00fabok a \u0161\u00edrok, tieniacu techniku \/exteri\u00e9rov\u00e9 a interi\u00e9rov\u00e9 \u017eal\u00fazie, roletky Climax, vertik\u00e1lne l\u00e1tkov\u00e9 \u017eal\u00fazie\/, siete proti hmyzu \/pevn\u00e9 odn\u00edmate\u013en\u00e9, dverov\u00e9 otv\u00e1racie alebo samonav\u00edjacie\/.<\/p>\n<p>Na v\u0161etky na\u0161e plastov\u00e9 okn\u00e1 poskytujeme <a href=\"http:\/\/damiper.sk\/sk\/sluzby\/\" target=\"_blank\" rel=\"noopener noreferrer\">z\u00e1ru\u010dn\u00fa dobu<\/a> 2 roky bez oh\u013eadu na to, \u010di sa rozhodnete len pre samotn\u00e9 okn\u00e1 alebo si zvol\u00edte aj mo\u017enos\u0165 s mont\u00e1\u017eou.<\/p>\n<p>V\u0161etky \u010fal\u0161ie inform\u00e1cie V\u00e1m radi poskytneme v na\u0161ich obchodn\u00fdch kancel\u00e1ri\u00e1ch, ktor\u00e9 n\u00e1jdete v B\u00e1novciach nad Bebravou a v Tren\u010d\u00edne (bli\u017e\u0161ie info v \u010dasti <a href=\"http:\/\/damiper.sk\/sk\/kontakt\/\">Kontakt<\/a>), alebo prostredn\u00edctvom spr\u00e1vy zanechanej na na\u0161ej <a href=\"https:\/\/www.facebook.com\/damiper.sk\/?ref=aymt_homepage_panel\">Facebook<\/a> str\u00e1nke.<\/p>\n","protected":false},"excerpt":{"rendered":"<h2 style=\"text-align: center;\"><strong><span style=\"color: #ff6600;\">AKTU\u00c1LNA AKCIA<\/span><\/strong><\/h2>\n<p style=\"text-align: center;\"><strong>To prav\u00e9 pre V\u00e1\u0161 n\u00edzkoenergetick\u00fd dom.<\/strong> <strong> Dajte si <span style=\"color: #ff6600;\"><a style=\"color: #ff6600;\" href=\"http:\/\/damiper.sk\/sk\/kontakt#formular\" target=\"_blank\" rel=\"noopener noreferrer\">spravi\u0165 cenov\u00fa ponuku<\/a><\/span> a tepl\u00fd r\u00e1mik Swisspacer m\u00e1te ZDARMA<\/strong><\/p>\n<p>&nbsp;<\/p>\n<ul style=\"text-align: center;\">\n<li style=\"text-align: left;\">6-komorov\u00fd r\u00e1m, 92 mm stavebn\u00e1 h\u013abka<\/li>\n<li style=\"text-align: left;\">6-komorov\u00e9 kr\u00eddlo, 103 mm \u0161\u00edrka<\/li>\n<li style=\"text-align: left;\">dorazov\u00e9 3-tesnenie &#8211; siv\u00e9 alebo \u010dierne (pod\u013ea farby okna)<\/li>\n<li style=\"text-align: left;\">pozinkovan\u00e1 oce\u013eov\u00e1 v\u00fdstuha v hr\u00fabke od 1,4 &#8211; 2,0 mm<\/li>\n<li style=\"text-align: left;\">odvodnenie r\u00e1mu &#8211; optim\u00e1lny odtok ne\u017eiad\u00facej vody<\/li>\n<li style=\"text-align: left;\">mo\u017enosti zasklenia:\n<ul>\n<li>izola\u010dn\u00e9 3-sklo 4\/18\/4\/18\/4 Ug = 0,5 W\/m\u00b2K s arg\u00f3nom<\/li>\n<\/ul>\n<\/li>\n<li style=\"text-align: left;\">celkov\u00fd prestup tepla okna: Uw = 0,84 W\/m\u00b2K (referen\u010dn\u00e9 okno)<\/li>\n<li style=\"text-align: left;\">celoobvodov\u00e9 kovanie Siegenia TITAN s mikroventil\u00e1ciou<\/li>\n<\/ul>\n","protected":false},"featured_media":1849,"comment_status":"closed","ping_status":"closed","template":"","meta":[],"product_brand":[],"product_cat":[162,109],"product_tag":[114,118,119,116,120],"class_list":{"0":"post-1848","1":"product","2":"type-product","3":"status-publish","4":"has-post-thumbnail","6":"product_cat-okna-salamander","7":"product_cat-okna-dvere","8":"product_tag-3-sklo","9":"product_tag-3-tesnenie","10":"product_tag-6-komorove","11":"product_tag-plastove-okna","12":"product_tag-salamander","14":"first","15":"instock","16":"shipping-taxable","17":"product-type-simple"},"yoast_head":"<!-- This site is optimized with the Yoast SEO plugin v26.5 - https:\/\/yoast.com\/wordpress\/plugins\/seo\/ -->\n<title>Okn\u00e1 Salamander bluEvolution 92 | Damiper s. r. o.<\/title>\n<meta name=\"description\" content=\"Vy\u017eiadajte si cenov\u00fa ponuku &gt;TU&lt; na TOP okn\u00e1 Salamander bluEvolution | AKCIA na tepl\u00fd r\u00e1mik ZDARMA | info@damiper.sk | 0911 190 227 | Tren\u010d\u00edn | B\u00e1novce n\/B.\" \/>\n<meta name=\"robots\" content=\"index, follow, max-snippet:-1, max-image-preview:large, max-video-preview:-1\" \/>\n<link rel=\"canonical\" href=\"https:\/\/damiper.sk\/sk\/produkt\/okna-salamander-bluevolution-92-2\/\" \/>\n<meta property=\"og:locale\" content=\"sk_SK\" \/>\n<meta property=\"og:type\" content=\"article\" \/>\n<meta property=\"og:title\" content=\"Okn\u00e1 Salamander bluEvolution 92 | Damiper s. r. o.\" \/>\n<meta property=\"og:description\" content=\"Vy\u017eiadajte si cenov\u00fa ponuku &gt;TU&lt; na TOP okn\u00e1 Salamander bluEvolution | AKCIA na tepl\u00fd r\u00e1mik ZDARMA | info@damiper.sk | 0911 190 227 | Tren\u010d\u00edn | B\u00e1novce n\/B.\" \/>\n<meta property=\"og:url\" content=\"https:\/\/damiper.sk\/sk\/produkt\/okna-salamander-bluevolution-92-2\/\" \/>\n<meta property=\"og:site_name\" content=\"Damiper s.r.o. \u00bb Okn\u00e1 | dvere | podlahy\" \/>\n<meta property=\"article:modified_time\" content=\"2023-12-04T21:28:03+00:00\" \/>\n<meta property=\"og:image\" content=\"http:\/\/damiper.sk\/sk\/wp-content\/uploads\/92mm.jpg\" \/>\n\t<meta property=\"og:image:width\" content=\"600\" \/>\n\t<meta property=\"og:image:height\" content=\"440\" \/>\n\t<meta property=\"og:image:type\" content=\"image\/jpeg\" \/>\n<meta name=\"twitter:card\" content=\"summary_large_image\" \/>\n<meta name=\"twitter:label1\" content=\"Predpokladan\u00fd \u010das \u010d\u00edtania\" \/>\n\t<meta name=\"twitter:data1\" content=\"2 min\u00faty\" \/>\n<script type=\"application\/ld+json\" class=\"yoast-schema-graph\">{\"@context\":\"https:\/\/schema.org\",\"@graph\":[{\"@type\":\"WebPage\",\"@id\":\"https:\/\/damiper.sk\/sk\/produkt\/okna-salamander-bluevolution-92-2\/\",\"url\":\"https:\/\/damiper.sk\/sk\/produkt\/okna-salamander-bluevolution-92-2\/\",\"name\":\"Okn\u00e1 Salamander bluEvolution 92 | Damiper s. r. o.\",\"isPartOf\":{\"@id\":\"https:\/\/damiper.sk\/sk\/#website\"},\"primaryImageOfPage\":{\"@id\":\"https:\/\/damiper.sk\/sk\/produkt\/okna-salamander-bluevolution-92-2\/#primaryimage\"},\"image\":{\"@id\":\"https:\/\/damiper.sk\/sk\/produkt\/okna-salamander-bluevolution-92-2\/#primaryimage\"},\"thumbnailUrl\":\"https:\/\/damiper.sk\/sk\/wp-content\/uploads\/92mm.jpg\",\"datePublished\":\"2016-01-08T12:56:27+00:00\",\"dateModified\":\"2023-12-04T21:28:03+00:00\",\"description\":\"Vy\u017eiadajte si cenov\u00fa ponuku >TU&lt; na TOP okn\u00e1 Salamander bluEvolution | AKCIA na tepl\u00fd r\u00e1mik ZDARMA | info@damiper.sk | 0911 190 227 | Tren\u010d\u00edn | B\u00e1novce n\/B.\",\"breadcrumb\":{\"@id\":\"https:\/\/damiper.sk\/sk\/produkt\/okna-salamander-bluevolution-92-2\/#breadcrumb\"},\"inLanguage\":\"sk-SK\",\"potentialAction\":[{\"@type\":\"ReadAction\",\"target\":[\"https:\/\/damiper.sk\/sk\/produkt\/okna-salamander-bluevolution-92-2\/\"]}]},{\"@type\":\"ImageObject\",\"inLanguage\":\"sk-SK\",\"@id\":\"https:\/\/damiper.sk\/sk\/produkt\/okna-salamander-bluevolution-92-2\/#primaryimage\",\"url\":\"https:\/\/damiper.sk\/sk\/wp-content\/uploads\/92mm.jpg\",\"contentUrl\":\"https:\/\/damiper.sk\/sk\/wp-content\/uploads\/92mm.jpg\",\"width\":600,\"height\":440,\"caption\":\"okn\u00e1 Salamander bluEvolution\"},{\"@type\":\"BreadcrumbList\",\"@id\":\"https:\/\/damiper.sk\/sk\/produkt\/okna-salamander-bluevolution-92-2\/#breadcrumb\",\"itemListElement\":[{\"@type\":\"ListItem\",\"position\":1,\"name\":\"Domovsk\u00e1 str\u00e1nka\",\"item\":\"https:\/\/damiper.sk\/sk\/\"},{\"@type\":\"ListItem\",\"position\":2,\"name\":\"Shop\",\"item\":\"https:\/\/damiper.sk\/sk\/?page_id=323\"},{\"@type\":\"ListItem\",\"position\":3,\"name\":\"Salamander bluEvolution 92\"}]},{\"@type\":\"WebSite\",\"@id\":\"https:\/\/damiper.sk\/sk\/#website\",\"url\":\"https:\/\/damiper.sk\/sk\/\",\"name\":\"Damiper s.r.o. \u00bb Okn\u00e1 | dvere | podlahy\",\"description\":\"Plastov\u00e9 okn\u00e1 | Dvere | Podlahy | Interi\u00e9r\",\"potentialAction\":[{\"@type\":\"SearchAction\",\"target\":{\"@type\":\"EntryPoint\",\"urlTemplate\":\"https:\/\/damiper.sk\/sk\/?s={search_term_string}\"},\"query-input\":{\"@type\":\"PropertyValueSpecification\",\"valueRequired\":true,\"valueName\":\"search_term_string\"}}],\"inLanguage\":\"sk-SK\"}]}<\/script>\n<!-- \/ Yoast SEO plugin. -->","yoast_head_json":{"title":"Okn\u00e1 Salamander bluEvolution 92 | Damiper s. r. o.","description":"Vy\u017eiadajte si cenov\u00fa ponuku >TU&lt; na TOP okn\u00e1 Salamander bluEvolution | AKCIA na tepl\u00fd r\u00e1mik ZDARMA | info@damiper.sk | 0911 190 227 | Tren\u010d\u00edn | B\u00e1novce n\/B.","robots":{"index":"index","follow":"follow","max-snippet":"max-snippet:-1","max-image-preview":"max-image-preview:large","max-video-preview":"max-video-preview:-1"},"canonical":"https:\/\/damiper.sk\/sk\/produkt\/okna-salamander-bluevolution-92-2\/","og_locale":"sk_SK","og_type":"article","og_title":"Okn\u00e1 Salamander bluEvolution 92 | Damiper s. r. o.","og_description":"Vy\u017eiadajte si cenov\u00fa ponuku >TU&lt; na TOP okn\u00e1 Salamander bluEvolution | AKCIA na tepl\u00fd r\u00e1mik ZDARMA | info@damiper.sk | 0911 190 227 | Tren\u010d\u00edn | B\u00e1novce n\/B.","og_url":"https:\/\/damiper.sk\/sk\/produkt\/okna-salamander-bluevolution-92-2\/","og_site_name":"Damiper s.r.o. \u00bb Okn\u00e1 | dvere | podlahy","article_modified_time":"2023-12-04T21:28:03+00:00","og_image":[{"width":600,"height":440,"url":"http:\/\/damiper.sk\/sk\/wp-content\/uploads\/92mm.jpg","type":"image\/jpeg"}],"twitter_card":"summary_large_image","twitter_misc":{"Predpokladan\u00fd \u010das \u010d\u00edtania":"2 min\u00faty"},"schema":{"@context":"https:\/\/schema.org","@graph":[{"@type":"WebPage","@id":"https:\/\/damiper.sk\/sk\/produkt\/okna-salamander-bluevolution-92-2\/","url":"https:\/\/damiper.sk\/sk\/produkt\/okna-salamander-bluevolution-92-2\/","name":"Okn\u00e1 Salamander bluEvolution 92 | Damiper s. r. o.","isPartOf":{"@id":"https:\/\/damiper.sk\/sk\/#website"},"primaryImageOfPage":{"@id":"https:\/\/damiper.sk\/sk\/produkt\/okna-salamander-bluevolution-92-2\/#primaryimage"},"image":{"@id":"https:\/\/damiper.sk\/sk\/produkt\/okna-salamander-bluevolution-92-2\/#primaryimage"},"thumbnailUrl":"https:\/\/damiper.sk\/sk\/wp-content\/uploads\/92mm.jpg","datePublished":"2016-01-08T12:56:27+00:00","dateModified":"2023-12-04T21:28:03+00:00","description":"Vy\u017eiadajte si cenov\u00fa ponuku >TU&lt; na TOP okn\u00e1 Salamander bluEvolution | AKCIA na tepl\u00fd r\u00e1mik ZDARMA | info@damiper.sk | 0911 190 227 | Tren\u010d\u00edn | B\u00e1novce n\/B.","breadcrumb":{"@id":"https:\/\/damiper.sk\/sk\/produkt\/okna-salamander-bluevolution-92-2\/#breadcrumb"},"inLanguage":"sk-SK","potentialAction":[{"@type":"ReadAction","target":["https:\/\/damiper.sk\/sk\/produkt\/okna-salamander-bluevolution-92-2\/"]}]},{"@type":"ImageObject","inLanguage":"sk-SK","@id":"https:\/\/damiper.sk\/sk\/produkt\/okna-salamander-bluevolution-92-2\/#primaryimage","url":"https:\/\/damiper.sk\/sk\/wp-content\/uploads\/92mm.jpg","contentUrl":"https:\/\/damiper.sk\/sk\/wp-content\/uploads\/92mm.jpg","width":600,"height":440,"caption":"okn\u00e1 Salamander bluEvolution"},{"@type":"BreadcrumbList","@id":"https:\/\/damiper.sk\/sk\/produkt\/okna-salamander-bluevolution-92-2\/#breadcrumb","itemListElement":[{"@type":"ListItem","position":1,"name":"Domovsk\u00e1 str\u00e1nka","item":"https:\/\/damiper.sk\/sk\/"},{"@type":"ListItem","position":2,"name":"Shop","item":"https:\/\/damiper.sk\/sk\/?page_id=323"},{"@type":"ListItem","position":3,"name":"Salamander bluEvolution 92"}]},{"@type":"WebSite","@id":"https:\/\/damiper.sk\/sk\/#website","url":"https:\/\/damiper.sk\/sk\/","name":"Damiper s.r.o. \u00bb Okn\u00e1 | dvere | podlahy","description":"Plastov\u00e9 okn\u00e1 | Dvere | Podlahy | Interi\u00e9r","potentialAction":[{"@type":"SearchAction","target":{"@type":"EntryPoint","urlTemplate":"https:\/\/damiper.sk\/sk\/?s={search_term_string}"},"query-input":{"@type":"PropertyValueSpecification","valueRequired":true,"valueName":"search_term_string"}}],"inLanguage":"sk-SK"}]}},"_links":{"self":[{"href":"https:\/\/damiper.sk\/sk\/wp-json\/wp\/v2\/product\/1848","targetHints":{"allow":["GET"]}}],"collection":[{"href":"https:\/\/damiper.sk\/sk\/wp-json\/wp\/v2\/product"}],"about":[{"href":"https:\/\/damiper.sk\/sk\/wp-json\/wp\/v2\/types\/product"}],"replies":[{"embeddable":true,"href":"https:\/\/damiper.sk\/sk\/wp-json\/wp\/v2\/comments?post=1848"}],"wp:featuredmedia":[{"embeddable":true,"href":"https:\/\/damiper.sk\/sk\/wp-json\/wp\/v2\/media\/1849"}],"wp:attachment":[{"href":"https:\/\/damiper.sk\/sk\/wp-json\/wp\/v2\/media?parent=1848"}],"wp:term":[{"taxonomy":"product_brand","embeddable":true,"href":"https:\/\/damiper.sk\/sk\/wp-json\/wp\/v2\/product_brand?post=1848"},{"taxonomy":"product_cat","embeddable":true,"href":"https:\/\/damiper.sk\/sk\/wp-json\/wp\/v2\/product_cat?post=1848"},{"taxonomy":"product_tag","embeddable":true,"href":"https:\/\/damiper.sk\/sk\/wp-json\/wp\/v2\/product_tag?post=1848"}],"curies":[{"name":"wp","href":"https:\/\/api.w.org\/{rel}","templated":true}]}}