{"id":1853,"date":"2016-01-08T18:01:07","date_gmt":"2016-01-08T16:01:07","guid":{"rendered":"http:\/\/damiper.sk\/sk\/produkt\/hlinikove-dvere\/"},"modified":"2025-10-30T08:28:01","modified_gmt":"2025-10-30T06:28:01","slug":"hlinikove-dvere","status":"publish","type":"product","link":"https:\/\/damiper.sk\/sk\/produkt\/hlinikove-dvere\/","title":{"rendered":"Hlin\u00edkov\u00e9 vchodov\u00e9 dvere"},"content":{"rendered":"<p>Hlin\u00edkov\u00e9 vchodov\u00e9 dvere pon\u00fakame z profilov Aluprof. V tomto profile m\u00e1me v ponuke nieko\u013eko preveden\u00ed (MB-45, MB-59S alebo MB-70, 86), \u010do zaru\u010duje ve\u013ea mo\u017enost\u00ed v sp\u00e1jan\u00ed a variovan\u00ed prvkov, \u010d\u00edm vieme vyhovie\u0165 po\u017eiadavk\u00e1m pre ve\u013ek\u00e9 zasklen\u00e9 plochy, protipo\u017eiarne dvere, interi\u00e9rov\u00e9 alebo exteri\u00e9rov\u00e9 presklenia.<\/p>\n<p>Kv\u00f4li materi\u00e1lovej st\u00e1losti s\u00fa pr\u00e1ve hlin\u00edkov\u00e9 dvere \u010dastou vo\u013ebou pri rekon\u0161trukci\u00e1ch spolo\u010dn\u00fdch priestorov bytov\u00fdch domov alebo priemyseln\u00fdch objektov. Vzh\u013eadom k vysokej miere za\u0165a\u017eenia z dlhodob\u00e9ho h\u013eadiska prejavuj\u00fa vy\u0161\u0161iu odolnos\u0165. V dne\u0161nej dobe s\u00fa v\u0161ak ve\u013emi popul\u00e1rne najm\u00e4 pri novostavb\u00e1ch rodinn\u00fdch domov. Vzh\u013eadom k \u0161irokej variabilite profilov s\u00fa vhodn\u00e9 aj z h\u013eadiska tepelno-izola\u010dn\u00fdch vlastnost\u00ed.<\/p>\n<p>Dnes s\u00fa hlin\u00edkov\u00e9 vchodov\u00e9 dvere dizajnov\u00fdm doplnkom cel\u00e9ho rodinn\u00e9ho domu. V\u010faka \u0161irokej ponuke \u0161tandardn\u00fdch vzorov alebo ozdobn\u00fdch v\u00fdpln\u00ed vieme uspokoji\u0165 po\u017eiadavky ka\u017ed\u00e9ho z\u00e1kazn\u00edka.<\/p>\n<p>Pri v\u00fdbere hlin\u00edkov\u00fdch dver\u00ed do rodinn\u00fdch domov odpor\u00fa\u010dame ozdobn\u00e9 v\u00fdplne v hlin\u00edkovom preveden\u00ed alebo HPL. V\u0161etky sa vyzna\u010duj\u00fa pevnos\u0165ou a st\u00e1los\u0165ou materi\u00e1lu. Hr\u00fabku ozdobnej v\u00fdplne vyber\u00e1me pod\u013ea tepelnoizola\u010dn\u00fdch vlastnost\u00ed, ktor\u00e9 m\u00e1 sp\u013a\u0148a\u0165, odpor\u00fa\u010dame minim\u00e1lne 36mm. Vchodov\u00e9 dvere, ktor\u00e9 V\u00e1m pon\u00fakame, sa vyzna\u010duj\u00fa vysok\u00fdm stup\u0148om bezpe\u010dnosti, ochranou proti hluku a nepriazniv\u00fdm poveternostn\u00fdm podmienkam, v kombin\u00e1cii s elegantn\u00fdm dizajnom.<\/p>\n<h2><span style=\"color: #ff9900;\">Kon\u0161truk\u010dn\u00e9 zlo\u017eenie hlin\u00edkov\u00fdch dver\u00ed<\/span><\/h2>\n<ul>\n<li>zateplen\u00fd r\u00e1m dver\u00ed s n\u00edzkym hlin\u00edkov\u00fdm prahom<\/li>\n<li>zateplen\u00e9 kr\u00eddlo dver\u00ed so \u0161tandardnou alebo ozdobnou v\u00fdpl\u0148ou<\/li>\n<li>kovanie s tromi alebo \u0161tyrmi mas\u00edvnymi p\u00e1ntami<\/li>\n<li>gu\u013ea\/k\u013eu\u010dka, k\u013eu\u010dka\/k\u013eu\u010dka, madl\u00e1<\/li>\n<li>vlo\u017eka<\/li>\n<\/ul>\n<p>Hlin\u00edkov\u00e9 vchodov\u00e9 dvere pon\u00fakame v \u0161irokej \u0161k\u00e1le farebn\u00fdch preveden\u00ed na z\u00e1klade vzorkovn\u00edka farieb RAL, kde si viete vybra\u0165 z viac ako 200 farieb. Povrch hlin\u00edkov\u00fdch vchodov\u00fdch dver\u00ed je upraven\u00fd bu\u010f pr\u00e1\u0161kov\u00fdm lakovan\u00edm alebo eloxovan\u00edm. Rovnako je mo\u017enos\u0165 dvere laminova\u0165 v drevodekoroch pod\u013ea aktu\u00e1lnej ponuky lamin\u00e1ci\u00ed (vych\u00e1dzame zo vzorkovn\u00edka Aluplast alebo Salamander).<\/p>\n<h2><span style=\"color: #ff9900;\">Hlin\u00edkov\u00e9 vchodov\u00e9 dvere &#8211; prevedenie<br \/>\n<\/span><\/h2>\n<ul>\n<li>1-kr\u00eddlov\u00e9 dvere<\/li>\n<li>2-kr\u00eddlov\u00e9 dvere s oboma otv\u00e1rav\u00fdmi kr\u00eddlami<\/li>\n<li>1-kr\u00eddlov\u00e9 dvere s bo\u010dn\u00fdm pevn\u00fdm svetl\u00edkom<\/li>\n<li>1 alebo 2-kr\u00eddlov\u00e9 dvere s horn\u00fdm nadsvetl\u00edkom<\/li>\n<li>ve\u013ek\u00e9 presklen\u00e9 plochy<\/li>\n<li>otv\u00e1ranie dnu alebo von<\/li>\n<li>v\u00fdroba presne na mieru pod\u013ea existuj\u00faceho stavebn\u00e9ho otvoru<\/li>\n<\/ul>\n<p>Na v\u0161etky na\u0161e hlin\u00edkov\u00e9 vchodov\u00e9 dvere poskytujeme <a href=\"http:\/\/damiper.sk\/sk\/sluzby\/#servis\">z\u00e1ru\u010dn\u00fa dobu<\/a> 2 roky bez oh\u013eadu na to, \u010di sa rozhodnete len pre samotn\u00e9 dvere alebo si zvol\u00edte aj mo\u017enos\u0165 s <a href=\"http:\/\/damiper.sk\/sk\/sluzby\/#servis\">mont\u00e1\u017eou<\/a>.<\/p>\n<p>Nev\u00e1hajte n\u00e1s kontaktova\u0165 prostredn\u00edctvom e-mailu alebo telefonicky (tu n\u00e1jdete v\u0161etky <a href=\"http:\/\/damiper.sk\/sk\/kontakt\/\">kontakty<\/a>), alebo prostredn\u00edctvom spr\u00e1vy zanechanej na na\u0161ej <a href=\"https:\/\/www.facebook.com\/damiper.sk\/?ref=aymt_homepage_panel\">Facebook<\/a> str\u00e1nke.<\/p>\n<h4><\/h4>\n<h4 style=\"text-align: center;\"><span style=\"color: #ff9900;\">Chcete si nakonfigurova\u0165 vlastn\u00fd dizajn a ulo\u017ei\u0165 si ho pre \u010fal\u0161ie rozhodovanie? P\u00e1\u010di sa, vytvorte si dizajn pod\u013ea svojich predst\u00e1v, po\u0161lite n\u00e1m k\u00f3d v\u00fdplne a \u010falej u\u017e viete \u010do bude nasledova\u0165 \ud83d\ude42<\/span><\/h4>\n<p style=\"text-align: center;\"><a href=\"https:\/\/studio.gavaplast.sk\/?state=eJzlVE1vm0AQ%2FS8T9YaqNTYl5diqlSqlJ%2Bdurc1gRll2EbvYcaz8984uGEiDox6jxqfhvfnYeW%2FkM1QmRwUZfF3EEEEldVvInWsbbBjcy4NkVDn%2BcE2LEdidVPiTMwxD4vMyggPhkVPx0WFDjEZDuN6hRqYq0lRJtRHMkX7JLRjbK2ktZGdwXMmTPXwLzxHkxk85w84oH8BN%2BmP1LU65JCD3p9rnKskDpEP%2F0EuYLeO4z%2FrVT5yvn7AzfUb2i69pNDZrd1LdUkxhzsl1YwpSuKYnDEuYGrJERNDQvnRduDXOmYoF49ZYBJDXK8g50vuw%2BiAfx5UkzRPK5WaRCBFcIf2914A%2FG2PR%2BSWhfkrSDWnz6NUi%2FarFw6pj%2F63FMzcJjnODI%2BWuhOw25ieX2G0SCyGid2KGlRX2%2BxRSWRxs%2BM33zPWkNweytFUI151TpPHy7rDiCE2f0lM5FrJV7u510V%2FMTO3cjaTjjaSTG0mHI0mFd%2BRIOjdHO5SdISdbK3nyJ0J5jhqii12wEOITjI6t3o9hL%2B3hZcurBm1bd02zUbKJYsmgWBCsC9%2BSaTm96otm%2F6dMyexlBZ36jKlQ46iPp9SsUPw%2Fzb8%2FijxW1Q%3D%3D\" target=\"_blank\" rel=\"noopener\"><a class=\"mybtn mybtn-blue\" target=\"_self\"  href=\"https:\/\/studio.gavaplast.sk\/?state=eJzlVE1vm0AQ%2FS8T9YaqNTYl5diqlSqlJ%2Bdurc1gRll2EbvYcaz8984uGEiDox6jxqfhvfnYeW%2FkM1QmRwUZfF3EEEEldVvInWsbbBjcy4NkVDn%2BcE2LEdidVPiTMwxD4vMyggPhkVPx0WFDjEZDuN6hRqYq0lRJtRHMkX7JLRjbK2ktZGdwXMmTPXwLzxHkxk85w84oH8BN%2BmP1LU65JCD3p9rnKskDpEP%2F0EuYLeO4z%2FrVT5yvn7AzfUb2i69pNDZrd1LdUkxhzsl1YwpSuKYnDEuYGrJERNDQvnRduDXOmYoF49ZYBJDXK8g50vuw%2BiAfx5UkzRPK5WaRCBFcIf2914A%2FG2PR%2BSWhfkrSDWnz6NUi%2FarFw6pj%2F63FMzcJjnODI%2BWuhOw25ieX2G0SCyGid2KGlRX2%2BxRSWRxs%2BM33zPWkNweytFUI151TpPHy7rDiCE2f0lM5FrJV7u510V%2FMTO3cjaTjjaSTG0mHI0mFd%2BRIOjdHO5SdISdbK3nyJ0J5jhqii12wEOITjI6t3o9hL%2B3hZcurBm1bd02zUbKJYsmgWBCsC9%2BSaTm96otm%2F6dMyexlBZ36jKlQ46iPp9SsUPw%2Fzb8%2FijxW1Q%3D%3D\">CHCEM VLASTN\u00dd DIZAJN<\/a><\/a><\/p>\n","protected":false},"excerpt":{"rendered":"<h4 style=\"text-align: center;\"><span style=\"color: #ff9900;\">Vyberte si svoj dizajn z gal\u00e9rie fotografi\u00ed, nap\u00ed\u0161te n\u00e1m k\u00f3d dvernej v\u00fdplne a farbu, v ktorej dvere aj s v\u00fdpl\u0148ou chcete, spolu s predbe\u017en\u00fdm rozmerom po\u017eadovan\u00fdch dver\u00ed a my v\u00e1m radi vypracujeme nez\u00e1v\u00e4zn\u00fa cenov\u00fa ponuku.<\/span><\/h4>\n<p style=\"text-align: center;\">[button class=\"mybtn mybtn-blue\" target=\"_self\" url=\"https:\/\/damiper.sk\/sk\/plastove-okna-trencin\/cenova_ponuka_okna_dvere\/\" ]CHCEM CENOV\u00da PONUKU[\/button]<\/p>\n<ul style=\"text-align: center;\">\n<li style=\"text-align: left;\">obr\u00e1zky s\u00fa ilustra\u010dn\u00e9, ka\u017ed\u00e1 z v\u00fdpln\u00ed sa d\u00e1 vyrobi\u0165 vo ve\u013ekom mno\u017estve farebn\u00fdch preveden\u00ed<\/li>\n<li style=\"text-align: left;\">povrch Al v\u00fdpln\u00ed s\u00fa v RAL preveden\u00ed, lamin\u00e1cii drevodekoru, alebo v dreve<\/li>\n<li style=\"text-align: left;\">v\u0161etky v\u00fdplne s\u00fa v ponuke s prekryt\u00edm kr\u00eddla alebo bez (okrem dreva)<\/li>\n<\/ul>\n<p>&nbsp;<\/p>\n<ul style=\"text-align: center;\">\n<li style=\"text-align: left;\">3-komorov\u00fd r\u00e1m, 60 &#8211; 86 mm stavebn\u00e1 h\u013abka<\/li>\n<li style=\"text-align: left;\">3-komorov\u00e9 zateplen\u00e9 kr\u00eddlo, 69 &#8211; 105 mm \u0161\u00edrka<\/li>\n<li style=\"text-align: left;\">dorazov\u00e9 2-tesnenie &#8211; siv\u00e9 alebo \u010dierne (pod\u013ea farby dver\u00ed)<\/li>\n<li style=\"text-align: left;\">n\u00edzky hlin\u00edkov\u00fd prah<\/li>\n<li style=\"text-align: left;\">odvodnenie r\u00e1mu &#8211; optim\u00e1lny odtok ne\u017eiad\u00facej vody<\/li>\n<li style=\"text-align: left;\">mo\u017enosti zasklenia:\n<ul>\n<li>od 24 mm do 44 mm<\/li>\n<\/ul>\n<\/li>\n<li style=\"text-align: left;\">dverov\u00e9 kovanie Maco, GU<\/li>\n<\/ul>\n<p style=\"text-align: center;\">\n","protected":false},"featured_media":8194,"comment_status":"closed","ping_status":"closed","template":"","meta":[],"product_brand":[],"product_cat":[109,121],"product_tag":[113,117,123,114,124,197,198,125,199,308],"class_list":{"0":"post-1853","1":"product","2":"type-product","3":"status-publish","4":"has-post-thumbnail","6":"product_cat-okna-dvere","7":"product_cat-vchodove-dvere","8":"product_tag-2-sklo","9":"product_tag-2-tesnenie","10":"product_tag-3-komorove","11":"product_tag-3-sklo","12":"product_tag-aluprof-mb-60","13":"product_tag-aluprof-mb-70","14":"product_tag-aluprof-mb-86","15":"product_tag-hlinikove-dvere","16":"product_tag-ozdobne-vyplne","17":"product_tag-vchodove-dvere","19":"first","20":"instock","21":"shipping-taxable","22":"product-type-simple"},"yoast_head":"<!-- This site is optimized with the Yoast SEO plugin v26.5 - https:\/\/yoast.com\/wordpress\/plugins\/seo\/ -->\n<title>Hlin\u00edkov\u00e9 vchodov\u00e9 dvere | Okn\u00e1 | Dvere | Podlahy | Damiper s.r.o.<\/title>\n<meta name=\"description\" content=\"Vy\u017eiadajte si cenov\u00fa ponuku na hlin\u00edkov\u00e9 vchodov\u00e9 dvere &gt;TU&lt; | Dvere pre novostavby domov | info@damiper.sk | 0911 190 227 | Tren\u010d\u00edn | B\u00e1novce nad Bebravou\" \/>\n<meta name=\"robots\" content=\"index, follow, max-snippet:-1, max-image-preview:large, max-video-preview:-1\" \/>\n<link rel=\"canonical\" href=\"https:\/\/damiper.sk\/sk\/produkt\/hlinikove-dvere\/\" \/>\n<meta property=\"og:locale\" content=\"sk_SK\" \/>\n<meta property=\"og:type\" content=\"article\" \/>\n<meta property=\"og:title\" content=\"Hlin\u00edkov\u00e9 vchodov\u00e9 dvere | Okn\u00e1 | Dvere | Podlahy | Damiper s.r.o.\" \/>\n<meta property=\"og:description\" content=\"Vy\u017eiadajte si cenov\u00fa ponuku na hlin\u00edkov\u00e9 vchodov\u00e9 dvere &gt;TU&lt; | Dvere pre novostavby domov | info@damiper.sk | 0911 190 227 | Tren\u010d\u00edn | B\u00e1novce nad Bebravou\" \/>\n<meta property=\"og:url\" content=\"https:\/\/damiper.sk\/sk\/produkt\/hlinikove-dvere\/\" \/>\n<meta property=\"og:site_name\" content=\"Damiper s.r.o. \u00bb Okn\u00e1 | dvere | podlahy\" \/>\n<meta property=\"article:modified_time\" content=\"2025-10-30T06:28:01+00:00\" \/>\n<meta property=\"og:image\" content=\"http:\/\/damiper.sk\/sk\/wp-content\/uploads\/Snimka-obrazovky-2025-10-30-o-5.47.23.png\" \/>\n\t<meta property=\"og:image:width\" content=\"376\" \/>\n\t<meta property=\"og:image:height\" content=\"396\" \/>\n\t<meta property=\"og:image:type\" content=\"image\/png\" \/>\n<meta name=\"twitter:card\" content=\"summary_large_image\" \/>\n<meta name=\"twitter:label1\" content=\"Predpokladan\u00fd \u010das \u010d\u00edtania\" \/>\n\t<meta name=\"twitter:data1\" content=\"3 min\u00faty\" \/>\n<script type=\"application\/ld+json\" class=\"yoast-schema-graph\">{\"@context\":\"https:\/\/schema.org\",\"@graph\":[{\"@type\":\"WebPage\",\"@id\":\"https:\/\/damiper.sk\/sk\/produkt\/hlinikove-dvere\/\",\"url\":\"https:\/\/damiper.sk\/sk\/produkt\/hlinikove-dvere\/\",\"name\":\"Hlin\u00edkov\u00e9 vchodov\u00e9 dvere | Okn\u00e1 | Dvere | Podlahy | Damiper s.r.o.\",\"isPartOf\":{\"@id\":\"https:\/\/damiper.sk\/sk\/#website\"},\"primaryImageOfPage\":{\"@id\":\"https:\/\/damiper.sk\/sk\/produkt\/hlinikove-dvere\/#primaryimage\"},\"image\":{\"@id\":\"https:\/\/damiper.sk\/sk\/produkt\/hlinikove-dvere\/#primaryimage\"},\"thumbnailUrl\":\"https:\/\/damiper.sk\/sk\/wp-content\/uploads\/Snimka-obrazovky-2025-10-30-o-5.47.23.png\",\"datePublished\":\"2016-01-08T16:01:07+00:00\",\"dateModified\":\"2025-10-30T06:28:01+00:00\",\"description\":\"Vy\u017eiadajte si cenov\u00fa ponuku na hlin\u00edkov\u00e9 vchodov\u00e9 dvere >TU&lt; | Dvere pre novostavby domov | info@damiper.sk | 0911 190 227 | Tren\u010d\u00edn | B\u00e1novce nad Bebravou\",\"breadcrumb\":{\"@id\":\"https:\/\/damiper.sk\/sk\/produkt\/hlinikove-dvere\/#breadcrumb\"},\"inLanguage\":\"sk-SK\",\"potentialAction\":[{\"@type\":\"ReadAction\",\"target\":[\"https:\/\/damiper.sk\/sk\/produkt\/hlinikove-dvere\/\"]}]},{\"@type\":\"ImageObject\",\"inLanguage\":\"sk-SK\",\"@id\":\"https:\/\/damiper.sk\/sk\/produkt\/hlinikove-dvere\/#primaryimage\",\"url\":\"https:\/\/damiper.sk\/sk\/wp-content\/uploads\/Snimka-obrazovky-2025-10-30-o-5.47.23.png\",\"contentUrl\":\"https:\/\/damiper.sk\/sk\/wp-content\/uploads\/Snimka-obrazovky-2025-10-30-o-5.47.23.png\",\"width\":376,\"height\":396,\"caption\":\"hlin\u00edkov\u00e9 vchodov\u00e9 dvere\"},{\"@type\":\"BreadcrumbList\",\"@id\":\"https:\/\/damiper.sk\/sk\/produkt\/hlinikove-dvere\/#breadcrumb\",\"itemListElement\":[{\"@type\":\"ListItem\",\"position\":1,\"name\":\"Domovsk\u00e1 str\u00e1nka\",\"item\":\"https:\/\/damiper.sk\/sk\/\"},{\"@type\":\"ListItem\",\"position\":2,\"name\":\"Shop\",\"item\":\"https:\/\/damiper.sk\/sk\/?page_id=323\"},{\"@type\":\"ListItem\",\"position\":3,\"name\":\"Hlin\u00edkov\u00e9 vchodov\u00e9 dvere\"}]},{\"@type\":\"WebSite\",\"@id\":\"https:\/\/damiper.sk\/sk\/#website\",\"url\":\"https:\/\/damiper.sk\/sk\/\",\"name\":\"Damiper s.r.o. \u00bb Okn\u00e1 | dvere | podlahy\",\"description\":\"Plastov\u00e9 okn\u00e1 | Dvere | Podlahy | Interi\u00e9r\",\"potentialAction\":[{\"@type\":\"SearchAction\",\"target\":{\"@type\":\"EntryPoint\",\"urlTemplate\":\"https:\/\/damiper.sk\/sk\/?s={search_term_string}\"},\"query-input\":{\"@type\":\"PropertyValueSpecification\",\"valueRequired\":true,\"valueName\":\"search_term_string\"}}],\"inLanguage\":\"sk-SK\"}]}<\/script>\n<!-- \/ Yoast SEO plugin. -->","yoast_head_json":{"title":"Hlin\u00edkov\u00e9 vchodov\u00e9 dvere | Okn\u00e1 | Dvere | Podlahy | Damiper s.r.o.","description":"Vy\u017eiadajte si cenov\u00fa ponuku na hlin\u00edkov\u00e9 vchodov\u00e9 dvere >TU&lt; | Dvere pre novostavby domov | info@damiper.sk | 0911 190 227 | Tren\u010d\u00edn | B\u00e1novce nad Bebravou","robots":{"index":"index","follow":"follow","max-snippet":"max-snippet:-1","max-image-preview":"max-image-preview:large","max-video-preview":"max-video-preview:-1"},"canonical":"https:\/\/damiper.sk\/sk\/produkt\/hlinikove-dvere\/","og_locale":"sk_SK","og_type":"article","og_title":"Hlin\u00edkov\u00e9 vchodov\u00e9 dvere | Okn\u00e1 | Dvere | Podlahy | Damiper s.r.o.","og_description":"Vy\u017eiadajte si cenov\u00fa ponuku na hlin\u00edkov\u00e9 vchodov\u00e9 dvere >TU&lt; | Dvere pre novostavby domov | info@damiper.sk | 0911 190 227 | Tren\u010d\u00edn | B\u00e1novce nad Bebravou","og_url":"https:\/\/damiper.sk\/sk\/produkt\/hlinikove-dvere\/","og_site_name":"Damiper s.r.o. \u00bb Okn\u00e1 | dvere | podlahy","article_modified_time":"2025-10-30T06:28:01+00:00","og_image":[{"width":376,"height":396,"url":"http:\/\/damiper.sk\/sk\/wp-content\/uploads\/Snimka-obrazovky-2025-10-30-o-5.47.23.png","type":"image\/png"}],"twitter_card":"summary_large_image","twitter_misc":{"Predpokladan\u00fd \u010das \u010d\u00edtania":"3 min\u00faty"},"schema":{"@context":"https:\/\/schema.org","@graph":[{"@type":"WebPage","@id":"https:\/\/damiper.sk\/sk\/produkt\/hlinikove-dvere\/","url":"https:\/\/damiper.sk\/sk\/produkt\/hlinikove-dvere\/","name":"Hlin\u00edkov\u00e9 vchodov\u00e9 dvere | Okn\u00e1 | Dvere | Podlahy | Damiper s.r.o.","isPartOf":{"@id":"https:\/\/damiper.sk\/sk\/#website"},"primaryImageOfPage":{"@id":"https:\/\/damiper.sk\/sk\/produkt\/hlinikove-dvere\/#primaryimage"},"image":{"@id":"https:\/\/damiper.sk\/sk\/produkt\/hlinikove-dvere\/#primaryimage"},"thumbnailUrl":"https:\/\/damiper.sk\/sk\/wp-content\/uploads\/Snimka-obrazovky-2025-10-30-o-5.47.23.png","datePublished":"2016-01-08T16:01:07+00:00","dateModified":"2025-10-30T06:28:01+00:00","description":"Vy\u017eiadajte si cenov\u00fa ponuku na hlin\u00edkov\u00e9 vchodov\u00e9 dvere >TU&lt; | Dvere pre novostavby domov | info@damiper.sk | 0911 190 227 | Tren\u010d\u00edn | B\u00e1novce nad Bebravou","breadcrumb":{"@id":"https:\/\/damiper.sk\/sk\/produkt\/hlinikove-dvere\/#breadcrumb"},"inLanguage":"sk-SK","potentialAction":[{"@type":"ReadAction","target":["https:\/\/damiper.sk\/sk\/produkt\/hlinikove-dvere\/"]}]},{"@type":"ImageObject","inLanguage":"sk-SK","@id":"https:\/\/damiper.sk\/sk\/produkt\/hlinikove-dvere\/#primaryimage","url":"https:\/\/damiper.sk\/sk\/wp-content\/uploads\/Snimka-obrazovky-2025-10-30-o-5.47.23.png","contentUrl":"https:\/\/damiper.sk\/sk\/wp-content\/uploads\/Snimka-obrazovky-2025-10-30-o-5.47.23.png","width":376,"height":396,"caption":"hlin\u00edkov\u00e9 vchodov\u00e9 dvere"},{"@type":"BreadcrumbList","@id":"https:\/\/damiper.sk\/sk\/produkt\/hlinikove-dvere\/#breadcrumb","itemListElement":[{"@type":"ListItem","position":1,"name":"Domovsk\u00e1 str\u00e1nka","item":"https:\/\/damiper.sk\/sk\/"},{"@type":"ListItem","position":2,"name":"Shop","item":"https:\/\/damiper.sk\/sk\/?page_id=323"},{"@type":"ListItem","position":3,"name":"Hlin\u00edkov\u00e9 vchodov\u00e9 dvere"}]},{"@type":"WebSite","@id":"https:\/\/damiper.sk\/sk\/#website","url":"https:\/\/damiper.sk\/sk\/","name":"Damiper s.r.o. \u00bb Okn\u00e1 | dvere | podlahy","description":"Plastov\u00e9 okn\u00e1 | Dvere | Podlahy | Interi\u00e9r","potentialAction":[{"@type":"SearchAction","target":{"@type":"EntryPoint","urlTemplate":"https:\/\/damiper.sk\/sk\/?s={search_term_string}"},"query-input":{"@type":"PropertyValueSpecification","valueRequired":true,"valueName":"search_term_string"}}],"inLanguage":"sk-SK"}]}},"_links":{"self":[{"href":"https:\/\/damiper.sk\/sk\/wp-json\/wp\/v2\/product\/1853","targetHints":{"allow":["GET"]}}],"collection":[{"href":"https:\/\/damiper.sk\/sk\/wp-json\/wp\/v2\/product"}],"about":[{"href":"https:\/\/damiper.sk\/sk\/wp-json\/wp\/v2\/types\/product"}],"replies":[{"embeddable":true,"href":"https:\/\/damiper.sk\/sk\/wp-json\/wp\/v2\/comments?post=1853"}],"wp:featuredmedia":[{"embeddable":true,"href":"https:\/\/damiper.sk\/sk\/wp-json\/wp\/v2\/media\/8194"}],"wp:attachment":[{"href":"https:\/\/damiper.sk\/sk\/wp-json\/wp\/v2\/media?parent=1853"}],"wp:term":[{"taxonomy":"product_brand","embeddable":true,"href":"https:\/\/damiper.sk\/sk\/wp-json\/wp\/v2\/product_brand?post=1853"},{"taxonomy":"product_cat","embeddable":true,"href":"https:\/\/damiper.sk\/sk\/wp-json\/wp\/v2\/product_cat?post=1853"},{"taxonomy":"product_tag","embeddable":true,"href":"https:\/\/damiper.sk\/sk\/wp-json\/wp\/v2\/product_tag?post=1853"}],"curies":[{"name":"wp","href":"https:\/\/api.w.org\/{rel}","templated":true}]}}