{"id":6613,"date":"2020-04-28T22:16:44","date_gmt":"2020-04-28T20:16:44","guid":{"rendered":"http:\/\/damiper.sk\/sk\/?post_type=product&#038;p=6613"},"modified":"2025-01-14T00:32:24","modified_gmt":"2025-01-13T22:32:24","slug":"laminatove-podlahy-kronooriginal-herringbone","status":"publish","type":"product","link":"https:\/\/damiper.sk\/sk\/produkt\/laminatove-podlahy-kronooriginal-herringbone\/","title":{"rendered":"Lamin\u00e1tov\u00e9 podlahy KronoOriginal\u00ae Herringbone"},"content":{"rendered":"<h1 style=\"text-align: center;\">Lamin\u00e1tov\u00e9 podlahy KronoOriginal\u00ae Herringbone &#8211; ponuka dekorov<\/h1>\n<h3 style=\"text-align: center;\">Zaujala V\u00e1s niektor\u00e1 z pon\u00fakan\u00fdch podl\u00e1h? Nev\u00e1hajte si vy\u017eiada\u0165 nez\u00e1v\u00e4zn\u00fa cenov\u00fa ponuku <a href=\"https:\/\/damiper.sk\/sk\/kontakt_damiper\/\">&gt;&gt;TU&lt;&lt;<\/a><\/h3>\n<p>Lamin\u00e1tov\u00e9 podlahy<a href=\"https:\/\/www.krono-original.com\/sk-sk\/laminatboden-mit-more-technology-herringbone\">\u00a0KronoOriginal\u00ae Herringbone<\/a> s\u00fa vysoko odoln\u00e9 a kvalitn\u00e9 podlahy vhodn\u00e9 do intenz\u00edvne nam\u00e1han\u00fdch obytn\u00fdch priestorov. Svoje miesto v\u0161ak ur\u010dite maj\u00fa aj v komer\u010dnom priestore s be\u017enou z\u00e1\u0165a\u017eou, napr. v obchodnej alebo pr\u00e1vnickej kancel\u00e1rii. Vzh\u013ead &#8222;rybia kos\u0165&#8220;, teda herringbone je vyzdvihnut\u00edm klasiky parkiet, no v modernom a \u0161t\u00fdlovom preveden\u00ed. V\u0161etky dekory maj\u00fa autentick\u00fd vzh\u013ead dreva s dubovou kresbou. Dokonale daj\u00fa vynikn\u00fa\u0165 otvoren\u00fdm priestorom, spojen\u00fdm kuchyniam s ob\u00fdvac\u00edmi miestnos\u0165ami, no rovnako aj \u00fazkym chodb\u00e1m. Ich robustnos\u0165 ocen\u00edte najm\u00e4 v pevnom spoji, ktor\u00fd je v\u010faka hr\u00fabke podlahy a klik syst\u00e9mu &#8222;fold down&#8220; extra pevn\u00fd a jednoduch\u00fd na pokl\u00e1dku.<\/p>\n<p>\u0160peci\u00e1lna technol\u00f3gia \u00fapravy povrchu M.O.R.E. &#8211; moisture resistance technology rob\u00ed t\u00fato kolekciu lamin\u00e1tov\u00fdch podl\u00e1h v\u00fdrazne atrakt\u00edvnej\u0161ou, preto\u017ee s\u00fa odolnej\u0161ie vo\u010di vlhkosti. Pre\u0161li testovan\u00edm na striekaj\u00facu vodu, a teda maj\u00fa preuk\u00e1zan\u00fa odolnos\u0165 a\u017e 48 hod\u00edn vo\u010di striekaj\u00facej vode. V\u010faka vysokej triede oderu (AC5) a vy\u0161\u0161ie spomenutej \u00faprave povrchu s\u00fa ide\u00e1lne aj do priestorov s dom\u00e1cimi zvieratkami. Tieto podlahy s\u00fa vhodn\u00e9 aj na podlahov\u00e9 k\u00farenie.<\/p>\n<h3>Lamin\u00e1tov\u00e9 podlahy KronoOriginal\u00ae Herringbone &#8211; hlavn\u00e9 v\u00fdhody<\/h3>\n<ul>\n<li>dlh\u00e1 \u017eivotnos\u0165<\/li>\n<li>odolnos\u0165 vo\u010di slnku &#8211; garancia st\u00e1losti farby povrchovej \u00fapravy<\/li>\n<li><a href=\"https:\/\/damiper.sk\/sk\/udrzba_plavajucej_podlahy_bonamop\/\">jednoduch\u00e1 na \u00fadr\u017ebu<\/a><\/li>\n<li>antibakteri\u00e1lna povrchov\u00e1 \u00faprava<\/li>\n<li>vyroben\u00e1 z pr\u00edrodn\u00fdch dreven\u00fdch vl\u00e1kien<\/li>\n<li>r\u00fdchla in\u0161tal\u00e1cia v\u010faka Fold Down zaklik\u00e1vaciemu syst\u00e9mu<\/li>\n<\/ul>\n<h3>Lamin\u00e1tov\u00e9 podlahy KronoOriginal\u00ae Herringbone &#8211; vlastnosti<\/h3>\n<ul>\n<li style=\"list-style-type: none;\">\n<ul>\n<li>hr\u00fabka podl\u00e1h &#8211; 8 mm<\/li>\n<li>Trieda oderu\/z\u00e1\u0165a\u017eov\u00e1 trieda &#8211; AC5\/32<\/li>\n<li>vzh\u013ead &#8211; rybia kos\u0165 s 4V \u0161p\u00e1rou<\/li>\n<li>tepeln\u00fd odpor &#8211; 0,073 m2K\/W<\/li>\n<li>klik &#8211; 1clic2go pure+<\/li>\n<li>rozmer lamely (mm) &#8211; 630 x 8 x 126 mm<\/li>\n<li>povinn\u00e9 balenie &#8211; \u00a00,873 m2\/bal = 11 lamiel<\/li>\n<\/ul>\n<\/li>\n<\/ul>\n<ul>\n<li style=\"list-style-type: none;\"><\/li>\n<\/ul>\n<p>Ku pl\u00e1vaj\u00facim podlah\u00e1m pon\u00fakame aj v\u0161etky doplnky zna\u010diek KronoOriginal, Arbiton, C\u00e9zar:<\/p>\n<ul>\n<li>paroz\u00e1brany<\/li>\n<li>podlo\u017eky pod podlahy (vhodn\u00e9 na alebo bez podlahov\u00e9ho k\u00farenia)<\/li>\n<li>obvodov\u00e9 li\u0161ty + v\u0161etky doplnky<\/li>\n<li>prechodov\u00e9 li\u0161ty<\/li>\n<li>ukon\u010dovacie li\u0161ty<\/li>\n<li>lepidl\u00e1, tmely, &#8230;<\/li>\n<li>korek\u010dn\u00e9 sady<\/li>\n<li>pr\u00edpravky na \u00fadr\u017ebu<\/li>\n<\/ul>\n","protected":false},"excerpt":{"rendered":"<p><span style=\"color: #800000;\"><strong>Orienta\u010dn\u00e1 cena podlahy (s DPH\/m2):<\/strong><\/span><\/p>\n<p><strong>Cel\u00e1 kolekcia: od 24,99 Eur<\/strong><\/p>\n<p>\u010c\u00edm viac potrebujete, o to lep\u0161iu cenu dostanete.<\/p>\n<p>\u2013\u2013\u2013\u2013\u2013\u2013\u2013\u2013\u2013\u2013\u2013\u2013\u2013\u2013\u2013\u2013\u2013\u2013\u2013\u2013\u2013\u2013\u2013\u2013\u2013\u2013\u2013\u2013\u2013\u2013\u2013\u2013\u2013\u2013\u2013\u2013\u2013\u2013\u2013\u2013\u2013\u2013\u2013\u2013\u2013\u2013\u2013<\/p>\n<p><span style=\"color: #800000;\"><strong><a href=\"https:\/\/damiper.sk\/sk\/kontakt_damiper\/\" target=\"_blank\" rel=\"noopener\">Nap\u00ed\u0161te n\u00e1m<\/a>, radi V\u00e1m vypracujeme nez\u00e1v\u00e4zn\u00fa ponuku presne pod\u013ea Va\u0161ich \u0161pecifik\u00e1ci\u00ed.<\/strong><\/span><\/p>\n<p>\u2013\u2013\u2013\u2013\u2013\u2013\u2013\u2013\u2013\u2013\u2013\u2013\u2013\u2013\u2013\u2013\u2013\u2013\u2013\u2013\u2013\u2013\u2013\u2013\u2013\u2013\u2013\u2013\u2013\u2013\u2013\u2013\u2013\u2013\u2013\u2013\u2013\u2013\u2013\u2013\u2013\u2013\u2013\u2013\u2013\u2013\u2013<\/p>\n<p><b>Hr\u00fabka podlahy: 8 mm<\/b><\/p>\n<p><b>Trieda z\u00e1\u0165a\u017ee: 23\/32<\/b><\/p>\n<p><b>Tried oderu: AC5<\/b><\/p>\n<p><strong>Vzh\u013ead: rybia kos\u0165 s re\u00e1lnou 4V dr\u00e1\u017ekou<\/strong><\/p>\n<p><strong>Rozmer lamely (v mm): 630 x 8 x 126 mm<\/strong><\/p>\n<p><strong>Doprava ZDARMA v r\u00e1mci celej SR<\/strong><\/p>\n<p>*skladom: dodanie v priebehu 2 pracovn\u00fdch dn\u00ed<\/p>\n<p>*na objedn\u00e1vku: dodanie 2 &#8211; 4 t\u00fd\u017edne, resp. dohodou<\/p>\n","protected":false},"featured_media":7567,"comment_status":"closed","ping_status":"closed","template":"","meta":[],"product_brand":[],"product_cat":[41,84],"product_tag":[59,285,90,214,284],"class_list":{"0":"post-6613","1":"product","2":"type-product","3":"status-publish","4":"has-post-thumbnail","6":"product_cat-podlahy","7":"product_cat-kronooriginal","8":"product_tag-4v-drazka","9":"product_tag-herringbone","10":"product_tag-kronooriginal","11":"product_tag-laminatova-podlaha","12":"product_tag-rybia-kost","14":"first","15":"instock","16":"shipping-taxable","17":"product-type-simple"},"yoast_head":"<!-- This site is optimized with the Yoast SEO plugin v26.5 - https:\/\/yoast.com\/wordpress\/plugins\/seo\/ -->\n<title>Lamin\u00e1tov\u00e9 podlahy KronoOriginal\u00ae Herringbone &gt;&gt; Damiper s.r.o.<\/title>\n<meta name=\"description\" content=\"Lamin\u00e1tov\u00e9 podlahy KronoOriginal\u00ae Herringbone - rybia kos\u0165 | Vy\u017eiadajte si nez\u00e1v\u00e4zn\u00fa cenov\u00fa ponuku | 0911190227 | info@damiper.sk | DOVOZ ZDARMA V SR\" \/>\n<meta name=\"robots\" content=\"index, follow, max-snippet:-1, max-image-preview:large, max-video-preview:-1\" \/>\n<link rel=\"canonical\" href=\"https:\/\/damiper.sk\/sk\/produkt\/laminatove-podlahy-kronooriginal-herringbone\/\" \/>\n<meta property=\"og:locale\" content=\"sk_SK\" \/>\n<meta property=\"og:type\" content=\"article\" \/>\n<meta property=\"og:title\" content=\"Lamin\u00e1tov\u00e9 podlahy KronoOriginal\u00ae Herringbone &gt;&gt; Damiper s.r.o.\" \/>\n<meta property=\"og:description\" content=\"Lamin\u00e1tov\u00e9 podlahy KronoOriginal\u00ae Herringbone - rybia kos\u0165 | Vy\u017eiadajte si nez\u00e1v\u00e4zn\u00fa cenov\u00fa ponuku | 0911190227 | info@damiper.sk | DOVOZ ZDARMA V SR\" \/>\n<meta property=\"og:url\" content=\"https:\/\/damiper.sk\/sk\/produkt\/laminatove-podlahy-kronooriginal-herringbone\/\" \/>\n<meta property=\"og:site_name\" content=\"Damiper s.r.o. \u00bb Okn\u00e1 | dvere | podlahy\" \/>\n<meta property=\"article:modified_time\" content=\"2025-01-13T22:32:24+00:00\" \/>\n<meta property=\"og:image\" content=\"http:\/\/damiper.sk\/sk\/wp-content\/uploads\/8573_dub-harlech.jpg\" \/>\n\t<meta property=\"og:image:width\" content=\"1280\" \/>\n\t<meta property=\"og:image:height\" content=\"960\" \/>\n\t<meta property=\"og:image:type\" content=\"image\/jpeg\" \/>\n<meta name=\"twitter:card\" content=\"summary_large_image\" \/>\n<meta name=\"twitter:label1\" content=\"Predpokladan\u00fd \u010das \u010d\u00edtania\" \/>\n\t<meta name=\"twitter:data1\" content=\"2 min\u00faty\" \/>\n<script type=\"application\/ld+json\" class=\"yoast-schema-graph\">{\"@context\":\"https:\/\/schema.org\",\"@graph\":[{\"@type\":\"WebPage\",\"@id\":\"https:\/\/damiper.sk\/sk\/produkt\/laminatove-podlahy-kronooriginal-herringbone\/\",\"url\":\"https:\/\/damiper.sk\/sk\/produkt\/laminatove-podlahy-kronooriginal-herringbone\/\",\"name\":\"Lamin\u00e1tov\u00e9 podlahy KronoOriginal\u00ae Herringbone >> Damiper s.r.o.\",\"isPartOf\":{\"@id\":\"https:\/\/damiper.sk\/sk\/#website\"},\"primaryImageOfPage\":{\"@id\":\"https:\/\/damiper.sk\/sk\/produkt\/laminatove-podlahy-kronooriginal-herringbone\/#primaryimage\"},\"image\":{\"@id\":\"https:\/\/damiper.sk\/sk\/produkt\/laminatove-podlahy-kronooriginal-herringbone\/#primaryimage\"},\"thumbnailUrl\":\"https:\/\/damiper.sk\/sk\/wp-content\/uploads\/8573_dub-harlech.jpg\",\"datePublished\":\"2020-04-28T20:16:44+00:00\",\"dateModified\":\"2025-01-13T22:32:24+00:00\",\"description\":\"Lamin\u00e1tov\u00e9 podlahy KronoOriginal\u00ae Herringbone - rybia kos\u0165 | Vy\u017eiadajte si nez\u00e1v\u00e4zn\u00fa cenov\u00fa ponuku | 0911190227 | info@damiper.sk | DOVOZ ZDARMA V SR\",\"breadcrumb\":{\"@id\":\"https:\/\/damiper.sk\/sk\/produkt\/laminatove-podlahy-kronooriginal-herringbone\/#breadcrumb\"},\"inLanguage\":\"sk-SK\",\"potentialAction\":[{\"@type\":\"ReadAction\",\"target\":[\"https:\/\/damiper.sk\/sk\/produkt\/laminatove-podlahy-kronooriginal-herringbone\/\"]}]},{\"@type\":\"ImageObject\",\"inLanguage\":\"sk-SK\",\"@id\":\"https:\/\/damiper.sk\/sk\/produkt\/laminatove-podlahy-kronooriginal-herringbone\/#primaryimage\",\"url\":\"https:\/\/damiper.sk\/sk\/wp-content\/uploads\/8573_dub-harlech.jpg\",\"contentUrl\":\"https:\/\/damiper.sk\/sk\/wp-content\/uploads\/8573_dub-harlech.jpg\",\"width\":1280,\"height\":960,\"caption\":\"KronoOriginal Herringbone 8573 Dub Harlech - skladom s dovozom ZDARMA\"},{\"@type\":\"BreadcrumbList\",\"@id\":\"https:\/\/damiper.sk\/sk\/produkt\/laminatove-podlahy-kronooriginal-herringbone\/#breadcrumb\",\"itemListElement\":[{\"@type\":\"ListItem\",\"position\":1,\"name\":\"Domovsk\u00e1 str\u00e1nka\",\"item\":\"https:\/\/damiper.sk\/sk\/\"},{\"@type\":\"ListItem\",\"position\":2,\"name\":\"Shop\",\"item\":\"https:\/\/damiper.sk\/sk\/?page_id=323\"},{\"@type\":\"ListItem\",\"position\":3,\"name\":\"Lamin\u00e1tov\u00e9 podlahy KronoOriginal\u00ae Herringbone\"}]},{\"@type\":\"WebSite\",\"@id\":\"https:\/\/damiper.sk\/sk\/#website\",\"url\":\"https:\/\/damiper.sk\/sk\/\",\"name\":\"Damiper s.r.o. \u00bb Okn\u00e1 | dvere | podlahy\",\"description\":\"Plastov\u00e9 okn\u00e1 | Dvere | Podlahy | Interi\u00e9r\",\"potentialAction\":[{\"@type\":\"SearchAction\",\"target\":{\"@type\":\"EntryPoint\",\"urlTemplate\":\"https:\/\/damiper.sk\/sk\/?s={search_term_string}\"},\"query-input\":{\"@type\":\"PropertyValueSpecification\",\"valueRequired\":true,\"valueName\":\"search_term_string\"}}],\"inLanguage\":\"sk-SK\"}]}<\/script>\n<!-- \/ Yoast SEO plugin. -->","yoast_head_json":{"title":"Lamin\u00e1tov\u00e9 podlahy KronoOriginal\u00ae Herringbone >> Damiper s.r.o.","description":"Lamin\u00e1tov\u00e9 podlahy KronoOriginal\u00ae Herringbone - rybia kos\u0165 | Vy\u017eiadajte si nez\u00e1v\u00e4zn\u00fa cenov\u00fa ponuku | 0911190227 | info@damiper.sk | DOVOZ ZDARMA V SR","robots":{"index":"index","follow":"follow","max-snippet":"max-snippet:-1","max-image-preview":"max-image-preview:large","max-video-preview":"max-video-preview:-1"},"canonical":"https:\/\/damiper.sk\/sk\/produkt\/laminatove-podlahy-kronooriginal-herringbone\/","og_locale":"sk_SK","og_type":"article","og_title":"Lamin\u00e1tov\u00e9 podlahy KronoOriginal\u00ae Herringbone >> Damiper s.r.o.","og_description":"Lamin\u00e1tov\u00e9 podlahy KronoOriginal\u00ae Herringbone - rybia kos\u0165 | Vy\u017eiadajte si nez\u00e1v\u00e4zn\u00fa cenov\u00fa ponuku | 0911190227 | info@damiper.sk | DOVOZ ZDARMA V SR","og_url":"https:\/\/damiper.sk\/sk\/produkt\/laminatove-podlahy-kronooriginal-herringbone\/","og_site_name":"Damiper s.r.o. \u00bb Okn\u00e1 | dvere | podlahy","article_modified_time":"2025-01-13T22:32:24+00:00","og_image":[{"width":1280,"height":960,"url":"http:\/\/damiper.sk\/sk\/wp-content\/uploads\/8573_dub-harlech.jpg","type":"image\/jpeg"}],"twitter_card":"summary_large_image","twitter_misc":{"Predpokladan\u00fd \u010das \u010d\u00edtania":"2 min\u00faty"},"schema":{"@context":"https:\/\/schema.org","@graph":[{"@type":"WebPage","@id":"https:\/\/damiper.sk\/sk\/produkt\/laminatove-podlahy-kronooriginal-herringbone\/","url":"https:\/\/damiper.sk\/sk\/produkt\/laminatove-podlahy-kronooriginal-herringbone\/","name":"Lamin\u00e1tov\u00e9 podlahy KronoOriginal\u00ae Herringbone >> Damiper s.r.o.","isPartOf":{"@id":"https:\/\/damiper.sk\/sk\/#website"},"primaryImageOfPage":{"@id":"https:\/\/damiper.sk\/sk\/produkt\/laminatove-podlahy-kronooriginal-herringbone\/#primaryimage"},"image":{"@id":"https:\/\/damiper.sk\/sk\/produkt\/laminatove-podlahy-kronooriginal-herringbone\/#primaryimage"},"thumbnailUrl":"https:\/\/damiper.sk\/sk\/wp-content\/uploads\/8573_dub-harlech.jpg","datePublished":"2020-04-28T20:16:44+00:00","dateModified":"2025-01-13T22:32:24+00:00","description":"Lamin\u00e1tov\u00e9 podlahy KronoOriginal\u00ae Herringbone - rybia kos\u0165 | Vy\u017eiadajte si nez\u00e1v\u00e4zn\u00fa cenov\u00fa ponuku | 0911190227 | info@damiper.sk | DOVOZ ZDARMA V SR","breadcrumb":{"@id":"https:\/\/damiper.sk\/sk\/produkt\/laminatove-podlahy-kronooriginal-herringbone\/#breadcrumb"},"inLanguage":"sk-SK","potentialAction":[{"@type":"ReadAction","target":["https:\/\/damiper.sk\/sk\/produkt\/laminatove-podlahy-kronooriginal-herringbone\/"]}]},{"@type":"ImageObject","inLanguage":"sk-SK","@id":"https:\/\/damiper.sk\/sk\/produkt\/laminatove-podlahy-kronooriginal-herringbone\/#primaryimage","url":"https:\/\/damiper.sk\/sk\/wp-content\/uploads\/8573_dub-harlech.jpg","contentUrl":"https:\/\/damiper.sk\/sk\/wp-content\/uploads\/8573_dub-harlech.jpg","width":1280,"height":960,"caption":"KronoOriginal Herringbone 8573 Dub Harlech - skladom s dovozom ZDARMA"},{"@type":"BreadcrumbList","@id":"https:\/\/damiper.sk\/sk\/produkt\/laminatove-podlahy-kronooriginal-herringbone\/#breadcrumb","itemListElement":[{"@type":"ListItem","position":1,"name":"Domovsk\u00e1 str\u00e1nka","item":"https:\/\/damiper.sk\/sk\/"},{"@type":"ListItem","position":2,"name":"Shop","item":"https:\/\/damiper.sk\/sk\/?page_id=323"},{"@type":"ListItem","position":3,"name":"Lamin\u00e1tov\u00e9 podlahy KronoOriginal\u00ae Herringbone"}]},{"@type":"WebSite","@id":"https:\/\/damiper.sk\/sk\/#website","url":"https:\/\/damiper.sk\/sk\/","name":"Damiper s.r.o. \u00bb Okn\u00e1 | dvere | podlahy","description":"Plastov\u00e9 okn\u00e1 | Dvere | Podlahy | Interi\u00e9r","potentialAction":[{"@type":"SearchAction","target":{"@type":"EntryPoint","urlTemplate":"https:\/\/damiper.sk\/sk\/?s={search_term_string}"},"query-input":{"@type":"PropertyValueSpecification","valueRequired":true,"valueName":"search_term_string"}}],"inLanguage":"sk-SK"}]}},"_links":{"self":[{"href":"https:\/\/damiper.sk\/sk\/wp-json\/wp\/v2\/product\/6613","targetHints":{"allow":["GET"]}}],"collection":[{"href":"https:\/\/damiper.sk\/sk\/wp-json\/wp\/v2\/product"}],"about":[{"href":"https:\/\/damiper.sk\/sk\/wp-json\/wp\/v2\/types\/product"}],"replies":[{"embeddable":true,"href":"https:\/\/damiper.sk\/sk\/wp-json\/wp\/v2\/comments?post=6613"}],"wp:featuredmedia":[{"embeddable":true,"href":"https:\/\/damiper.sk\/sk\/wp-json\/wp\/v2\/media\/7567"}],"wp:attachment":[{"href":"https:\/\/damiper.sk\/sk\/wp-json\/wp\/v2\/media?parent=6613"}],"wp:term":[{"taxonomy":"product_brand","embeddable":true,"href":"https:\/\/damiper.sk\/sk\/wp-json\/wp\/v2\/product_brand?post=6613"},{"taxonomy":"product_cat","embeddable":true,"href":"https:\/\/damiper.sk\/sk\/wp-json\/wp\/v2\/product_cat?post=6613"},{"taxonomy":"product_tag","embeddable":true,"href":"https:\/\/damiper.sk\/sk\/wp-json\/wp\/v2\/product_tag?post=6613"}],"curies":[{"name":"wp","href":"https:\/\/api.w.org\/{rel}","templated":true}]}}