{"id":6694,"date":"2020-09-01T05:51:22","date_gmt":"2020-09-01T03:51:22","guid":{"rendered":"http:\/\/damiper.sk\/sk\/?post_type=product&#038;p=6694"},"modified":"2024-02-06T23:42:23","modified_gmt":"2024-02-06T21:42:23","slug":"kompozitne-podlahy-egger-greentec","status":"publish","type":"product","link":"https:\/\/damiper.sk\/sk\/produkt\/kompozitne-podlahy-egger-greentec\/","title":{"rendered":"Kompozitn\u00e9 podlahy Egger GreenTec"},"content":{"rendered":"<h1 style=\"text-align: center;\">Kompozitn\u00e9 podlahy Egger GreenTec &#8211; ponuka dekorov<\/h1>\n<h3 style=\"text-align: center;\">Zaujala V\u00e1s niektor\u00e1 z pon\u00fakan\u00fdch podl\u00e1h? Nev\u00e1hajte si vy\u017eiada\u0165 nez\u00e1v\u00e4zn\u00fa cenov\u00fa ponuku <a href=\"https:\/\/damiper.sk\/sk\/kontakt_damiper\/\">&gt;&gt;TU&lt;&lt;<\/a><\/h3>\n<p>Kompozitn\u00e9 podlahy GreenTec s\u00fa novou kolekciou od v\u00fdrobcu Egger predstavenou pre najbli\u017e\u0161ie tri roky. T\u00e1to rada kompozitn\u00fdch podl\u00e1h sa vyzna\u010duje svoj\u00edm v\u00fdnimo\u010dn\u00fdm zlo\u017een\u00edm. Je vyroben\u00e1 z 90% obnovite\u013en\u00fdch surov\u00edn, s ve\u013ek\u00fdm podielom dreven\u00fdch vl\u00e1kien. Nosn\u00e1 doska GreenTec board svoj\u00edm zlo\u017een\u00edm zabezpe\u010duje vodeodolnos\u0165 a\u017e na 72 hod\u00edn. T\u00e1to podlaha je teda vhodn\u00e1 aj do vlhk\u00fdch priestorov ako s\u00fa k\u00fape\u013ene \u010di zimn\u00e9 z\u00e1hrady. Jej proti\u0161mykov\u00e1 \u00faprava zabezpe\u010duje bezpe\u010dn\u00e9 pou\u017e\u00edvanie \u010di u\u017e v dom\u00e1cnostiach alebo v komer\u010dnej oblasti. Integrovan\u00e1 korkov\u00e1 podlo\u017eka je vyroben\u00e1 z recyklovan\u00e9ho korku a zabezpe\u010duje v\u00fdborn\u00fa tepeln\u00fa izol\u00e1ciu. Z\u00e1rove\u0148 tlm\u00ed kro\u010dajov\u00fd hluk v priestore. Je to jedin\u00e1 podlo\u017eka, ktor\u00e1 pod t\u00fato podlahu patr\u00ed.<\/p>\n<p>Cel\u00e1 rada Egger GreenTec je vhodn\u00e1 na podlahov\u00e9 k\u00farenie kv\u00f4li n\u00edzkemu tepeln\u00e9mu odporu 0,05 m2K\/W vr\u00e1tane integrovanej podlo\u017eky. V\u00fdrobca pre poskytnutie z\u00e1ruky odpor\u00fa\u010da pod podlahu u\u017e len pou\u017eitie paroz\u00e1brany. V\u010faka svojmu unik\u00e1tnemu Click IT syst\u00e9mu je mo\u017en\u00e1 pokl\u00e1dka jednotliv\u00fdch lamiel ka\u017edej zvl\u00e1\u0161\u0165. Z\u00e1rove\u0148 pevnos\u0165 spoja dovo\u013euje aj demont\u00e1\u017e a n\u00e1sledn\u00fa op\u00e4tovn\u00fa mont\u00e1\u017e toho ist\u00e9ho kusu lamely. Podlaha Egger GreenTec je vhodn\u00e1 na polo\u017eenie s\u00favislej plochy a\u017e 225 m2 bez dilat\u00e1cie. Tento druh podlahy nie je vhodn\u00fd lepi\u0165 (v\u010faka integrovanej korkovej podlo\u017eke), odpor\u00fa\u010da sa teda v\u00fdlu\u010dne such\u00e1 pokl\u00e1dka naklikan\u00edm.<\/p>\n<h3>Kompozitn\u00e9 podlahy Egger GreenTec \u00a0&#8211; hlavn\u00e9 v\u00fdhody<\/h3>\n<ul>\n<li>dlh\u00e1 \u017eivotnos\u0165<\/li>\n<li>z\u00e1ruka pre dom\u00e1cnosti a\u017e 25 rokov<\/li>\n<li><a href=\"https:\/\/damiper.sk\/sk\/udrzba_plavajucej_podlahy_bonamop\/\">jednoduch\u00e1 na \u00fadr\u017ebu<\/a><\/li>\n<li>proti\u0161mykov\u00e1 R10 \u00faprava<\/li>\n<li>vyroben\u00e1 z obnovite\u013en\u00fdch zdrojov a pr\u00edrodn\u00fdch dreven\u00fdch vl\u00e1kien<\/li>\n<li>extr\u00e9mne robustn\u00e1 a odoln\u00e1 vo\u010di mikro\u0161krabancom<\/li>\n<li>v ponuke drevodekory, dla\u017edice alebo robustn\u00fd kame\u0148<\/li>\n<\/ul>\n<h3>Kompozitn\u00e9 podlahy Egger GreenTec &#8211; vlastnosti<\/h3>\n<ul>\n<li>hr\u00fabka podlahy &#8211; 7,5 mm<\/li>\n<li>Trieda oderu\/z\u00e1\u0165a\u017eov\u00e1 trieda &#8211; AC5\/33<\/li>\n<li>vzh\u013ead &#8211; 1-lamela s 4V \u0161p\u00e1rou<\/li>\n<li>tepeln\u00fd odpor &#8211; 0,05 m2K\/W &#8211; ide\u00e1lne na podlahov\u00e9 k\u00farenie<\/li>\n<li>klik &#8211; Clic IT &#8211; bezlepidlov\u00fd clic system<\/li>\n<li>rozmer lamely (mm) &#8211; 192 x 7,2 x 1292 mm (okrem EHD 022, 023, 030, 032, 035, ED 7002 a 7003) &#8211; bal. 1,995 m2\/bal<\/li>\n<li>rozmer lamely (mm) &#8211; 246 x 7,2 x 1292 mm (dekory EHD 022, 023, 030, 032, 035, ED 7002 a 7003 ) &#8211; bal. 2,543 m2\/bal<\/li>\n<\/ul>\n<p>Ku pl\u00e1vaj\u00facim podlah\u00e1m pon\u00fakame aj v\u0161etky doplnky zna\u010diek Egger, Arbiton, C\u00e9zar, Parador, Quick-step:<\/p>\n<ul>\n<li>paroz\u00e1brany<\/li>\n<li>podlo\u017eky pod podlahy (vhodn\u00e9 na alebo bez podlahov\u00e9ho k\u00farenia)<\/li>\n<li>obvodov\u00e9 li\u0161ty + v\u0161etky doplnky<\/li>\n<li>prechodov\u00e9 li\u0161ty<\/li>\n<li>ukon\u010dovacie li\u0161ty<\/li>\n<li>lepidl\u00e1, tmely, &#8230;<\/li>\n<li>korek\u010dn\u00e9 sady<\/li>\n<li>pr\u00edpravky na \u00fadr\u017ebu<\/li>\n<\/ul>\n","protected":false},"excerpt":{"rendered":"<p><span style=\"color: #800000;\"><strong>Orienta\u010dn\u00e1 cena podlahy (s DPH\/m2):<\/strong><\/span><\/p>\n<p><strong>0 &#8211; 30 m2: \u00a0 30,50 Eur<\/strong><\/p>\n<p><strong>31 &#8211; 50 m2: 29,80 Eur<\/strong><\/p>\n<p><strong>51 &#8211; 70 m2: 29,30 Eur<\/strong><\/p>\n<p><strong>71 &#8211; 90 m2: 28,80 Eur<\/strong><\/p>\n<p><strong>nad 91 m2: 28,00 Eur<\/strong><\/p>\n<p>\u2013\u2013\u2013\u2013\u2013\u2013\u2013\u2013\u2013\u2013\u2013\u2013\u2013\u2013\u2013\u2013\u2013\u2013\u2013\u2013\u2013\u2013\u2013\u2013\u2013\u2013\u2013\u2013\u2013\u2013\u2013\u2013\u2013\u2013\u2013\u2013\u2013\u2013\u2013\u2013\u2013\u2013\u2013\u2013\u2013\u2013\u2013<\/p>\n<p><span style=\"color: #800000;\"><strong><a href=\"https:\/\/damiper.sk\/sk\/kontakt_damiper\/\" target=\"_blank\" rel=\"noopener\">Nap\u00ed\u0161te n\u00e1m<\/a>, radi V\u00e1m vypracujeme nez\u00e1v\u00e4zn\u00fa ponuku presne pod\u013ea Va\u0161ich \u0161pecifik\u00e1ci\u00ed.<\/strong><\/span><\/p>\n<p>\u2013\u2013\u2013\u2013\u2013\u2013\u2013\u2013\u2013\u2013\u2013\u2013\u2013\u2013\u2013\u2013\u2013\u2013\u2013\u2013\u2013\u2013\u2013\u2013\u2013\u2013\u2013\u2013\u2013\u2013\u2013\u2013\u2013\u2013\u2013\u2013\u2013\u2013\u2013\u2013\u2013\u2013\u2013\u2013\u2013\u2013\u2013<\/p>\n<p><strong>Hr\u00fabka podlahy: 7,5 mm<\/strong><\/p>\n<p><strong>T<\/strong><strong>rieda oderu\/z\u00e1\u0165a\u017eov\u00e1 trieda: AC5\/33<\/strong><\/p>\n<p><strong>Vzh\u013ead: 1-lamela so 4V \u0161p\u00e1rou alebo bez \u0161p\u00e1ry<\/strong><\/p>\n<p><strong>Rozmer lamely (v mm): 192 x 7,5 x 1292 mm classic<\/strong><\/p>\n<p><strong>Rozmer lamely (v mm): 246 x 7,5 x 1292 mm large<\/strong><\/p>\n<p><strong>Doprava ZDARMA v r\u00e1mci celej SR<\/strong><\/p>\n<p>*skladom: dodanie v priebehu 2 pracovn\u00fdch dn\u00ed<\/p>\n<p><span style=\"color: #993300;\"><strong>EHD 032 | EHD 035 | <\/strong><\/span><span style=\"color: #993300;\"><strong>EHD 033 | EHD 031 | <\/strong><\/span><\/p>\n<p><span style=\"color: #993300;\"><strong>EHD 030 <\/strong><\/span><span style=\"color: #993300;\"><strong>| EHD 027 | EHD 023 | <\/strong><\/span><span style=\"color: #993300;\"><strong>EHD 022 | <\/strong><\/span><\/p>\n<p><span style=\"color: #993300;\"><strong>EHD 014 | EHD 001 | <\/strong><\/span><span style=\"color: #993300;\"><strong>EHD 004 |\u00a0<\/strong><\/span><span style=\"color: #993300;\"><strong>EHD 013 |<\/strong><\/span><\/p>\n<p><span style=\"color: #993300;\"><strong>ED 7000 | ED 7001 | ED 7002 | ED 7003<\/strong><\/span><\/p>\n<p>&nbsp;<\/p>\n<p>&nbsp;<\/p>\n","protected":false},"featured_media":7382,"comment_status":"closed","ping_status":"closed","template":"","meta":[],"product_brand":[],"product_cat":[237,41,63],"product_tag":[55,59,213,56,236],"class_list":{"0":"post-6694","1":"product","2":"type-product","3":"status-publish","4":"has-post-thumbnail","6":"product_cat-kompozitne-podlahy-egger-greentec","7":"product_cat-podlahy","8":"product_cat-egger","9":"product_tag-1-lamela","10":"product_tag-4v-drazka","11":"product_tag-kompozitna-podlaha","12":"product_tag-palubovka","13":"product_tag-vodeodolna","15":"first","16":"instock","17":"shipping-taxable","18":"product-type-simple"},"yoast_head":"<!-- This site is optimized with the Yoast SEO plugin v26.5 - https:\/\/yoast.com\/wordpress\/plugins\/seo\/ -->\n<title>Kompozitn\u00e9 podlahy Egger GreenTec |Damiper|Okn\u00e1|Dvere<\/title>\n<meta name=\"description\" content=\"Kompozitn\u00e9 podlahy Egger GreenTec | doprava ZDARMA | Vy\u017eiadajte si nez\u00e1v\u00e4zn\u00fa cenov\u00fa ponuku | 0911190227 | info@damiper.sk | www.damiper.sk\" \/>\n<meta name=\"robots\" content=\"index, follow, max-snippet:-1, max-image-preview:large, max-video-preview:-1\" \/>\n<link rel=\"canonical\" href=\"https:\/\/damiper.sk\/sk\/produkt\/kompozitne-podlahy-egger-greentec\/\" \/>\n<meta property=\"og:locale\" content=\"sk_SK\" \/>\n<meta property=\"og:type\" content=\"article\" \/>\n<meta property=\"og:title\" content=\"Kompozitn\u00e9 podlahy Egger GreenTec |Damiper|Okn\u00e1|Dvere\" \/>\n<meta property=\"og:description\" content=\"Kompozitn\u00e9 podlahy Egger GreenTec | doprava ZDARMA | Vy\u017eiadajte si nez\u00e1v\u00e4zn\u00fa cenov\u00fa ponuku | 0911190227 | info@damiper.sk | www.damiper.sk\" \/>\n<meta property=\"og:url\" content=\"https:\/\/damiper.sk\/sk\/produkt\/kompozitne-podlahy-egger-greentec\/\" \/>\n<meta property=\"og:site_name\" content=\"Damiper s.r.o. \u00bb Okn\u00e1 | dvere | podlahy\" \/>\n<meta property=\"article:modified_time\" content=\"2024-02-06T21:42:23+00:00\" \/>\n<meta property=\"og:image\" content=\"http:\/\/damiper.sk\/sk\/wp-content\/uploads\/egger_greentec_EHD032_dub-pitaru.jpeg\" \/>\n\t<meta property=\"og:image:width\" content=\"1280\" \/>\n\t<meta property=\"og:image:height\" content=\"960\" \/>\n\t<meta property=\"og:image:type\" content=\"image\/jpeg\" \/>\n<meta name=\"twitter:card\" content=\"summary_large_image\" \/>\n<meta name=\"twitter:label1\" content=\"Predpokladan\u00fd \u010das \u010d\u00edtania\" \/>\n\t<meta name=\"twitter:data1\" content=\"3 min\u00faty\" \/>\n<script type=\"application\/ld+json\" class=\"yoast-schema-graph\">{\"@context\":\"https:\/\/schema.org\",\"@graph\":[{\"@type\":\"WebPage\",\"@id\":\"https:\/\/damiper.sk\/sk\/produkt\/kompozitne-podlahy-egger-greentec\/\",\"url\":\"https:\/\/damiper.sk\/sk\/produkt\/kompozitne-podlahy-egger-greentec\/\",\"name\":\"Kompozitn\u00e9 podlahy Egger GreenTec |Damiper|Okn\u00e1|Dvere\",\"isPartOf\":{\"@id\":\"https:\/\/damiper.sk\/sk\/#website\"},\"primaryImageOfPage\":{\"@id\":\"https:\/\/damiper.sk\/sk\/produkt\/kompozitne-podlahy-egger-greentec\/#primaryimage\"},\"image\":{\"@id\":\"https:\/\/damiper.sk\/sk\/produkt\/kompozitne-podlahy-egger-greentec\/#primaryimage\"},\"thumbnailUrl\":\"https:\/\/damiper.sk\/sk\/wp-content\/uploads\/egger_greentec_EHD032_dub-pitaru.jpeg\",\"datePublished\":\"2020-09-01T03:51:22+00:00\",\"dateModified\":\"2024-02-06T21:42:23+00:00\",\"description\":\"Kompozitn\u00e9 podlahy Egger GreenTec | doprava ZDARMA | Vy\u017eiadajte si nez\u00e1v\u00e4zn\u00fa cenov\u00fa ponuku | 0911190227 | info@damiper.sk | www.damiper.sk\",\"breadcrumb\":{\"@id\":\"https:\/\/damiper.sk\/sk\/produkt\/kompozitne-podlahy-egger-greentec\/#breadcrumb\"},\"inLanguage\":\"sk-SK\",\"potentialAction\":[{\"@type\":\"ReadAction\",\"target\":[\"https:\/\/damiper.sk\/sk\/produkt\/kompozitne-podlahy-egger-greentec\/\"]}]},{\"@type\":\"ImageObject\",\"inLanguage\":\"sk-SK\",\"@id\":\"https:\/\/damiper.sk\/sk\/produkt\/kompozitne-podlahy-egger-greentec\/#primaryimage\",\"url\":\"https:\/\/damiper.sk\/sk\/wp-content\/uploads\/egger_greentec_EHD032_dub-pitaru.jpeg\",\"contentUrl\":\"https:\/\/damiper.sk\/sk\/wp-content\/uploads\/egger_greentec_EHD032_dub-pitaru.jpeg\",\"width\":1280,\"height\":960,\"caption\":\"Egger GreenTec EHD032 Dub Pitaru - skladom s dovozom ZDARMA\"},{\"@type\":\"BreadcrumbList\",\"@id\":\"https:\/\/damiper.sk\/sk\/produkt\/kompozitne-podlahy-egger-greentec\/#breadcrumb\",\"itemListElement\":[{\"@type\":\"ListItem\",\"position\":1,\"name\":\"Domovsk\u00e1 str\u00e1nka\",\"item\":\"https:\/\/damiper.sk\/sk\/\"},{\"@type\":\"ListItem\",\"position\":2,\"name\":\"Shop\",\"item\":\"https:\/\/damiper.sk\/sk\/?page_id=323\"},{\"@type\":\"ListItem\",\"position\":3,\"name\":\"Kompozitn\u00e9 podlahy Egger GreenTec\"}]},{\"@type\":\"WebSite\",\"@id\":\"https:\/\/damiper.sk\/sk\/#website\",\"url\":\"https:\/\/damiper.sk\/sk\/\",\"name\":\"Damiper s.r.o. \u00bb Okn\u00e1 | dvere | podlahy\",\"description\":\"Plastov\u00e9 okn\u00e1 | Dvere | Podlahy | Interi\u00e9r\",\"potentialAction\":[{\"@type\":\"SearchAction\",\"target\":{\"@type\":\"EntryPoint\",\"urlTemplate\":\"https:\/\/damiper.sk\/sk\/?s={search_term_string}\"},\"query-input\":{\"@type\":\"PropertyValueSpecification\",\"valueRequired\":true,\"valueName\":\"search_term_string\"}}],\"inLanguage\":\"sk-SK\"}]}<\/script>\n<!-- \/ Yoast SEO plugin. -->","yoast_head_json":{"title":"Kompozitn\u00e9 podlahy Egger GreenTec |Damiper|Okn\u00e1|Dvere","description":"Kompozitn\u00e9 podlahy Egger GreenTec | doprava ZDARMA | Vy\u017eiadajte si nez\u00e1v\u00e4zn\u00fa cenov\u00fa ponuku | 0911190227 | info@damiper.sk | www.damiper.sk","robots":{"index":"index","follow":"follow","max-snippet":"max-snippet:-1","max-image-preview":"max-image-preview:large","max-video-preview":"max-video-preview:-1"},"canonical":"https:\/\/damiper.sk\/sk\/produkt\/kompozitne-podlahy-egger-greentec\/","og_locale":"sk_SK","og_type":"article","og_title":"Kompozitn\u00e9 podlahy Egger GreenTec |Damiper|Okn\u00e1|Dvere","og_description":"Kompozitn\u00e9 podlahy Egger GreenTec | doprava ZDARMA | Vy\u017eiadajte si nez\u00e1v\u00e4zn\u00fa cenov\u00fa ponuku | 0911190227 | info@damiper.sk | www.damiper.sk","og_url":"https:\/\/damiper.sk\/sk\/produkt\/kompozitne-podlahy-egger-greentec\/","og_site_name":"Damiper s.r.o. \u00bb Okn\u00e1 | dvere | podlahy","article_modified_time":"2024-02-06T21:42:23+00:00","og_image":[{"width":1280,"height":960,"url":"http:\/\/damiper.sk\/sk\/wp-content\/uploads\/egger_greentec_EHD032_dub-pitaru.jpeg","type":"image\/jpeg"}],"twitter_card":"summary_large_image","twitter_misc":{"Predpokladan\u00fd \u010das \u010d\u00edtania":"3 min\u00faty"},"schema":{"@context":"https:\/\/schema.org","@graph":[{"@type":"WebPage","@id":"https:\/\/damiper.sk\/sk\/produkt\/kompozitne-podlahy-egger-greentec\/","url":"https:\/\/damiper.sk\/sk\/produkt\/kompozitne-podlahy-egger-greentec\/","name":"Kompozitn\u00e9 podlahy Egger GreenTec |Damiper|Okn\u00e1|Dvere","isPartOf":{"@id":"https:\/\/damiper.sk\/sk\/#website"},"primaryImageOfPage":{"@id":"https:\/\/damiper.sk\/sk\/produkt\/kompozitne-podlahy-egger-greentec\/#primaryimage"},"image":{"@id":"https:\/\/damiper.sk\/sk\/produkt\/kompozitne-podlahy-egger-greentec\/#primaryimage"},"thumbnailUrl":"https:\/\/damiper.sk\/sk\/wp-content\/uploads\/egger_greentec_EHD032_dub-pitaru.jpeg","datePublished":"2020-09-01T03:51:22+00:00","dateModified":"2024-02-06T21:42:23+00:00","description":"Kompozitn\u00e9 podlahy Egger GreenTec | doprava ZDARMA | Vy\u017eiadajte si nez\u00e1v\u00e4zn\u00fa cenov\u00fa ponuku | 0911190227 | info@damiper.sk | www.damiper.sk","breadcrumb":{"@id":"https:\/\/damiper.sk\/sk\/produkt\/kompozitne-podlahy-egger-greentec\/#breadcrumb"},"inLanguage":"sk-SK","potentialAction":[{"@type":"ReadAction","target":["https:\/\/damiper.sk\/sk\/produkt\/kompozitne-podlahy-egger-greentec\/"]}]},{"@type":"ImageObject","inLanguage":"sk-SK","@id":"https:\/\/damiper.sk\/sk\/produkt\/kompozitne-podlahy-egger-greentec\/#primaryimage","url":"https:\/\/damiper.sk\/sk\/wp-content\/uploads\/egger_greentec_EHD032_dub-pitaru.jpeg","contentUrl":"https:\/\/damiper.sk\/sk\/wp-content\/uploads\/egger_greentec_EHD032_dub-pitaru.jpeg","width":1280,"height":960,"caption":"Egger GreenTec EHD032 Dub Pitaru - skladom s dovozom ZDARMA"},{"@type":"BreadcrumbList","@id":"https:\/\/damiper.sk\/sk\/produkt\/kompozitne-podlahy-egger-greentec\/#breadcrumb","itemListElement":[{"@type":"ListItem","position":1,"name":"Domovsk\u00e1 str\u00e1nka","item":"https:\/\/damiper.sk\/sk\/"},{"@type":"ListItem","position":2,"name":"Shop","item":"https:\/\/damiper.sk\/sk\/?page_id=323"},{"@type":"ListItem","position":3,"name":"Kompozitn\u00e9 podlahy Egger GreenTec"}]},{"@type":"WebSite","@id":"https:\/\/damiper.sk\/sk\/#website","url":"https:\/\/damiper.sk\/sk\/","name":"Damiper s.r.o. \u00bb Okn\u00e1 | dvere | podlahy","description":"Plastov\u00e9 okn\u00e1 | Dvere | Podlahy | Interi\u00e9r","potentialAction":[{"@type":"SearchAction","target":{"@type":"EntryPoint","urlTemplate":"https:\/\/damiper.sk\/sk\/?s={search_term_string}"},"query-input":{"@type":"PropertyValueSpecification","valueRequired":true,"valueName":"search_term_string"}}],"inLanguage":"sk-SK"}]}},"_links":{"self":[{"href":"https:\/\/damiper.sk\/sk\/wp-json\/wp\/v2\/product\/6694","targetHints":{"allow":["GET"]}}],"collection":[{"href":"https:\/\/damiper.sk\/sk\/wp-json\/wp\/v2\/product"}],"about":[{"href":"https:\/\/damiper.sk\/sk\/wp-json\/wp\/v2\/types\/product"}],"replies":[{"embeddable":true,"href":"https:\/\/damiper.sk\/sk\/wp-json\/wp\/v2\/comments?post=6694"}],"wp:featuredmedia":[{"embeddable":true,"href":"https:\/\/damiper.sk\/sk\/wp-json\/wp\/v2\/media\/7382"}],"wp:attachment":[{"href":"https:\/\/damiper.sk\/sk\/wp-json\/wp\/v2\/media?parent=6694"}],"wp:term":[{"taxonomy":"product_brand","embeddable":true,"href":"https:\/\/damiper.sk\/sk\/wp-json\/wp\/v2\/product_brand?post=6694"},{"taxonomy":"product_cat","embeddable":true,"href":"https:\/\/damiper.sk\/sk\/wp-json\/wp\/v2\/product_cat?post=6694"},{"taxonomy":"product_tag","embeddable":true,"href":"https:\/\/damiper.sk\/sk\/wp-json\/wp\/v2\/product_tag?post=6694"}],"curies":[{"name":"wp","href":"https:\/\/api.w.org\/{rel}","templated":true}]}}