{"id":6883,"date":"2020-11-18T10:14:10","date_gmt":"2020-11-18T08:14:10","guid":{"rendered":"http:\/\/damiper.sk\/sk\/?post_type=product&#038;p=6883"},"modified":"2024-02-22T00:27:27","modified_gmt":"2024-02-21T22:27:27","slug":"laminatove-podlahy-eligna-8mm","status":"publish","type":"product","link":"https:\/\/damiper.sk\/sk\/produkt\/laminatove-podlahy-eligna-8mm\/","title":{"rendered":"Lamin\u00e1tov\u00e9 podlahy Eligna 8mm"},"content":{"rendered":"<h1 style=\"text-align: center;\">Lamin\u00e1tov\u00e9 podlahy Quick-Step Eligna 8mm<\/h1>\n<h3 style=\"text-align: center;\">Zaujala V\u00e1s niektor\u00e1 z pon\u00fakan\u00fdch podl\u00e1h? Nev\u00e1hajte si vy\u017eiada\u0165 nez\u00e1v\u00e4zn\u00fa cenov\u00fa ponuku <a href=\"https:\/\/damiper.sk\/sk\/kontakt_damiper\/\">&gt;&gt;TU&lt;&lt;<\/a><\/h3>\n<h2>Lamin\u00e1tov\u00e9 podlahy Quick-Step Eligna 8mm &#8211; hlavn\u00e9 v\u00fdhody<\/h2>\n<ul>\n<li>\n<h3><strong>pocit ako pri pr\u00edrodnej podlahe<\/strong><\/h3>\n<ul>\n<li>lamin\u00e1tov\u00e9 podlahy Quick-Step s\u00fa v\u00fdnimo\u010dn\u00e9 v\u010faka neust\u00e1lej vytrvalej dizajn\u00e9rskej pr\u00e1ci v oblasti architekt\u00fary, m\u00f3dy a dizajnu. Tieto podlahy maj\u00fa hlavn\u00fd cie\u013e &#8211; dokonal\u00e1 prirodzenos\u0165 a autentickos\u0165. V\u00fdsledkom je teda neprekonan\u00e1 \u00farove\u0148 realistickosti do najmen\u0161\u00edch detailov.<\/li>\n<\/ul>\n<\/li>\n<\/ul>\n<ul>\n<li>\n<h3><strong>vysok\u00e1 odolnos\u0165<\/strong><\/h3>\n<ul>\n<li>vrchn\u00e1 vrstva je upraven\u00e1 dvomi \u0161peci\u00e1lnymi technol\u00f3giami.\u00a0<strong>Scratch Guard <\/strong>je\u00a0inovat\u00edvna technol\u00f3gia ochr\u00e1ni tieto luxusn\u00e9 podlahy pred po\u0161kriaban\u00edm lep\u0161ie ne\u017e ak\u00fdko\u013evek podobn\u00fd produkt, ktor\u00fd je dnes na trhu. <strong>HydroSeal<\/strong> \u00faprava zabezpe\u010duje podlahe odolnos\u0165 vo\u010di zne\u010disteniu a povrchovej vlhkosti.<\/li>\n<\/ul>\n<\/li>\n<\/ul>\n<ul>\n<li><strong>jednoduch\u00e1 mont\u00e1\u017e<\/strong><\/li>\n<\/ul>\n<ul>\n<li style=\"list-style-type: none;\">\n<ul>\n<li>patentovan\u00fd syst\u00e9m kliku\u00a0<strong>Uniclic<\/strong> zabezpe\u010duje jednoduch\u00fa in\u0161tal\u00e1ciu tejto podlahy do ktorejko\u013evek miestnosti &#8211; od <a href=\"https:\/\/www.quick-step.sk\/sk-sk\/typy-izieb\/vyber-idealnej-podlahovej-krytiny-do-obyvacej-izby\">ob\u00fdvacej izby<\/a> cez k\u00fape\u013e\u0148u a\u017e po kuchy\u0148u.<\/li>\n<\/ul>\n<\/li>\n<\/ul>\n<p>V\u010faka \u0161irok\u00e9mu v\u00fdberu z dizajnu lamin\u00e1tov\u00fdch podl\u00e1h Quick-Step si m\u00f4\u017eete vytvori\u0165 naozaj v\u00fdnimo\u010dn\u00fd domov. Za dokonalou kvalitou t\u00fdchto produktov stoja desa\u0165ro\u010dia sk\u00fasenost\u00ed zna\u010dky, ktor\u00e1 ur\u010duje trendy a ud\u00e1va smer v\u00a0oblasti podl\u00e1h.<\/p>\n<h2>Lamin\u00e1tov\u00e9 podlahy Quick-Step Eligna 8mm &#8211; vlastnosti<\/h2>\n<p>Quick-Step je viac ne\u017e len podlaha. Ka\u017ed\u00fa podlahu, ktor\u00fa pon\u00fakame, si viete dokonale zladi\u0165 t\u00f3n v t\u00f3ne v rovnakom dekore dokon\u010dovacie profily a soklov\u00e9 li\u0161ty. Quick-Step pon\u00fakame aj ako podkladov\u00e9 vrstvy, teda v\u0161etky podlo\u017eky, ktor\u00e9 potrebujete pre polo\u017eenie t\u00fdchto podl\u00e1h.\u00a0Tieto podlahy maj\u00fa v\u00fdnimo\u010dne \u0161t\u00fdlov\u00fd a pr\u00edrodn\u00fd vzh\u013ead a z\u00e1rove\u0148 s\u00fa v\u010faka \u00faprave HydroSeal vhodn\u00e9 aj do vlhk\u00fdch priestorov ako s\u00fa k\u00fape\u013ene. Naviac ich um\u00fdvanie jednoduch\u0161ie ne\u017e kedyko\u013evek predt\u00fdm. Quick-Step je vyn\u00e1lezcom mont\u00e1\u017eneho syst\u00e9mu Uniclic, ktor\u00fd sa stal \u0161tandardn\u00fdm syst\u00e9mom mont\u00e1\u017ee zacvaknut\u00edm. V\u010faka revolu\u010dn\u00e9mu a patentovan\u00e9mu syst\u00e9mu zacvak\u00e1vania m\u00f4\u017eete sp\u00e1ja\u0165 podlahov\u00e9 dosky jednoduch\u00fdm zacvaknut\u00edm. V\u0161etky lamin\u00e1tov\u00e9 podlahy Classic s\u00fa vhodn\u00e9 na podlahov\u00e9 k\u00farenie.<\/p>\n<p>Ku pl\u00e1vaj\u00facim podlah\u00e1m pon\u00fakame aj v\u0161etky doplnky Quick-Step:<\/p>\n<ul>\n<li>podlo\u017eky pod podlahy (vhodn\u00e9 na alebo bez podlahov\u00e9ho k\u00farenia)<\/li>\n<li>obvodov\u00e9 li\u0161ty + v\u0161etky doplnky<\/li>\n<li>prechodov\u00e9 li\u0161ty<\/li>\n<li>ukon\u010dovacie li\u0161ty<\/li>\n<li>lepidl\u00e1, tmely, &#8230;<\/li>\n<li>korek\u010dn\u00e9 sady<\/li>\n<li><a href=\"http:\/\/damiper.sk\/sk\/udrzba_plavajucej_podlahy_bonamop\/\">pr\u00edpravky na \u00fadr\u017ebu<\/a><\/li>\n<\/ul>\n","protected":false},"excerpt":{"rendered":"<p><strong>Hr\u00fabka podlahy: 8mm<\/strong><\/p>\n<p><strong>Trieda z\u00e1\u0165a\u017ee: AC4\/32<\/strong><\/p>\n<p><strong>Rozmer: 1 380 x 156 mm<\/strong><\/p>\n<p><b>Klik\u00a0syst\u00e9m: Uniclic<\/b><\/p>\n<p><strong>Vzh\u013ead: palubovka bez priznanej \u0161p\u00e1ry<\/strong><\/p>\n<p><strong>Zabezpe\u010denie dovozu v r\u00e1mci celej SR<\/strong><\/p>\n<p>*skladom: dodanie v priebehu 1 pracovn\u00e9ho t\u00fd\u017ed\u0148a, resp. dohodou<\/p>\n","protected":false},"featured_media":6882,"comment_status":"closed","ping_status":"closed","template":"","meta":[],"product_brand":[],"product_cat":[238,41],"product_tag":[245,246,247,214,56,240,236],"class_list":{"0":"post-6883","1":"product","2":"type-product","3":"status-publish","4":"has-post-thumbnail","6":"product_cat-quick-step-podlahy","7":"product_cat-podlahy","8":"product_tag-8mm","9":"product_tag-bez-v-drazky","10":"product_tag-eligna","11":"product_tag-laminatova-podlaha","12":"product_tag-palubovka","13":"product_tag-quick-step","14":"product_tag-vodeodolna","16":"first","17":"instock","18":"shipping-taxable","19":"product-type-simple"},"yoast_head":"<!-- This site is optimized with the Yoast SEO plugin v26.5 - https:\/\/yoast.com\/wordpress\/plugins\/seo\/ -->\n<title>Lamin\u00e1tov\u00e9 podlahy Quick-Step Eligna 8mm | Damiper s. r. o.<\/title>\n<meta name=\"description\" content=\"Lamin\u00e1tov\u00e9 podlahy Quick-Step Eligna 8mm | Vy\u017eiadajte si nez\u00e1v\u00e4zn\u00fa cenov\u00fa ponuku | 0911 190 227 | info@damiper.sk | www.damiper.sk |\" \/>\n<meta name=\"robots\" content=\"index, follow, max-snippet:-1, max-image-preview:large, max-video-preview:-1\" \/>\n<link rel=\"canonical\" href=\"https:\/\/damiper.sk\/sk\/produkt\/laminatove-podlahy-eligna-8mm\/\" \/>\n<meta property=\"og:locale\" content=\"sk_SK\" \/>\n<meta property=\"og:type\" content=\"article\" \/>\n<meta property=\"og:title\" content=\"Lamin\u00e1tov\u00e9 podlahy Quick-Step Eligna 8mm | Damiper s. r. o.\" \/>\n<meta property=\"og:description\" content=\"Lamin\u00e1tov\u00e9 podlahy Quick-Step Eligna 8mm | Vy\u017eiadajte si nez\u00e1v\u00e4zn\u00fa cenov\u00fa ponuku | 0911 190 227 | info@damiper.sk | www.damiper.sk |\" \/>\n<meta property=\"og:url\" content=\"https:\/\/damiper.sk\/sk\/produkt\/laminatove-podlahy-eligna-8mm\/\" \/>\n<meta property=\"og:site_name\" content=\"Damiper s.r.o. \u00bb Okn\u00e1 | dvere | podlahy\" \/>\n<meta property=\"article:modified_time\" content=\"2024-02-21T22:27:27+00:00\" \/>\n<meta property=\"og:image\" content=\"http:\/\/damiper.sk\/sk\/wp-content\/uploads\/ilustracny_el3582.jpg\" \/>\n\t<meta property=\"og:image:width\" content=\"765\" \/>\n\t<meta property=\"og:image:height\" content=\"1280\" \/>\n\t<meta property=\"og:image:type\" content=\"image\/jpeg\" \/>\n<meta name=\"twitter:card\" content=\"summary_large_image\" \/>\n<meta name=\"twitter:label1\" content=\"Predpokladan\u00fd \u010das \u010d\u00edtania\" \/>\n\t<meta name=\"twitter:data1\" content=\"2 min\u00faty\" \/>\n<script type=\"application\/ld+json\" class=\"yoast-schema-graph\">{\"@context\":\"https:\/\/schema.org\",\"@graph\":[{\"@type\":\"WebPage\",\"@id\":\"https:\/\/damiper.sk\/sk\/produkt\/laminatove-podlahy-eligna-8mm\/\",\"url\":\"https:\/\/damiper.sk\/sk\/produkt\/laminatove-podlahy-eligna-8mm\/\",\"name\":\"Lamin\u00e1tov\u00e9 podlahy Quick-Step Eligna 8mm | Damiper s. r. o.\",\"isPartOf\":{\"@id\":\"https:\/\/damiper.sk\/sk\/#website\"},\"primaryImageOfPage\":{\"@id\":\"https:\/\/damiper.sk\/sk\/produkt\/laminatove-podlahy-eligna-8mm\/#primaryimage\"},\"image\":{\"@id\":\"https:\/\/damiper.sk\/sk\/produkt\/laminatove-podlahy-eligna-8mm\/#primaryimage\"},\"thumbnailUrl\":\"https:\/\/damiper.sk\/sk\/wp-content\/uploads\/ilustracny_el3582.jpg\",\"datePublished\":\"2020-11-18T08:14:10+00:00\",\"dateModified\":\"2024-02-21T22:27:27+00:00\",\"description\":\"Lamin\u00e1tov\u00e9 podlahy Quick-Step Eligna 8mm | Vy\u017eiadajte si nez\u00e1v\u00e4zn\u00fa cenov\u00fa ponuku | 0911 190 227 | info@damiper.sk | www.damiper.sk |\",\"breadcrumb\":{\"@id\":\"https:\/\/damiper.sk\/sk\/produkt\/laminatove-podlahy-eligna-8mm\/#breadcrumb\"},\"inLanguage\":\"sk-SK\",\"potentialAction\":[{\"@type\":\"ReadAction\",\"target\":[\"https:\/\/damiper.sk\/sk\/produkt\/laminatove-podlahy-eligna-8mm\/\"]}]},{\"@type\":\"ImageObject\",\"inLanguage\":\"sk-SK\",\"@id\":\"https:\/\/damiper.sk\/sk\/produkt\/laminatove-podlahy-eligna-8mm\/#primaryimage\",\"url\":\"https:\/\/damiper.sk\/sk\/wp-content\/uploads\/ilustracny_el3582.jpg\",\"contentUrl\":\"https:\/\/damiper.sk\/sk\/wp-content\/uploads\/ilustracny_el3582.jpg\",\"width\":765,\"height\":1280,\"caption\":\"Quick-Step Eligna 8 mm - EL 3582 - Dub Newcastle hned\u00fd - skladom s dovozom v r\u00e1mci SR\"},{\"@type\":\"BreadcrumbList\",\"@id\":\"https:\/\/damiper.sk\/sk\/produkt\/laminatove-podlahy-eligna-8mm\/#breadcrumb\",\"itemListElement\":[{\"@type\":\"ListItem\",\"position\":1,\"name\":\"Domovsk\u00e1 str\u00e1nka\",\"item\":\"https:\/\/damiper.sk\/sk\/\"},{\"@type\":\"ListItem\",\"position\":2,\"name\":\"Shop\",\"item\":\"https:\/\/damiper.sk\/sk\/?page_id=323\"},{\"@type\":\"ListItem\",\"position\":3,\"name\":\"Lamin\u00e1tov\u00e9 podlahy Eligna 8mm\"}]},{\"@type\":\"WebSite\",\"@id\":\"https:\/\/damiper.sk\/sk\/#website\",\"url\":\"https:\/\/damiper.sk\/sk\/\",\"name\":\"Damiper s.r.o. \u00bb Okn\u00e1 | dvere | podlahy\",\"description\":\"Plastov\u00e9 okn\u00e1 | Dvere | Podlahy | Interi\u00e9r\",\"potentialAction\":[{\"@type\":\"SearchAction\",\"target\":{\"@type\":\"EntryPoint\",\"urlTemplate\":\"https:\/\/damiper.sk\/sk\/?s={search_term_string}\"},\"query-input\":{\"@type\":\"PropertyValueSpecification\",\"valueRequired\":true,\"valueName\":\"search_term_string\"}}],\"inLanguage\":\"sk-SK\"}]}<\/script>\n<!-- \/ Yoast SEO plugin. -->","yoast_head_json":{"title":"Lamin\u00e1tov\u00e9 podlahy Quick-Step Eligna 8mm | Damiper s. r. o.","description":"Lamin\u00e1tov\u00e9 podlahy Quick-Step Eligna 8mm | Vy\u017eiadajte si nez\u00e1v\u00e4zn\u00fa cenov\u00fa ponuku | 0911 190 227 | info@damiper.sk | www.damiper.sk |","robots":{"index":"index","follow":"follow","max-snippet":"max-snippet:-1","max-image-preview":"max-image-preview:large","max-video-preview":"max-video-preview:-1"},"canonical":"https:\/\/damiper.sk\/sk\/produkt\/laminatove-podlahy-eligna-8mm\/","og_locale":"sk_SK","og_type":"article","og_title":"Lamin\u00e1tov\u00e9 podlahy Quick-Step Eligna 8mm | Damiper s. r. o.","og_description":"Lamin\u00e1tov\u00e9 podlahy Quick-Step Eligna 8mm | Vy\u017eiadajte si nez\u00e1v\u00e4zn\u00fa cenov\u00fa ponuku | 0911 190 227 | info@damiper.sk | www.damiper.sk |","og_url":"https:\/\/damiper.sk\/sk\/produkt\/laminatove-podlahy-eligna-8mm\/","og_site_name":"Damiper s.r.o. \u00bb Okn\u00e1 | dvere | podlahy","article_modified_time":"2024-02-21T22:27:27+00:00","og_image":[{"width":765,"height":1280,"url":"http:\/\/damiper.sk\/sk\/wp-content\/uploads\/ilustracny_el3582.jpg","type":"image\/jpeg"}],"twitter_card":"summary_large_image","twitter_misc":{"Predpokladan\u00fd \u010das \u010d\u00edtania":"2 min\u00faty"},"schema":{"@context":"https:\/\/schema.org","@graph":[{"@type":"WebPage","@id":"https:\/\/damiper.sk\/sk\/produkt\/laminatove-podlahy-eligna-8mm\/","url":"https:\/\/damiper.sk\/sk\/produkt\/laminatove-podlahy-eligna-8mm\/","name":"Lamin\u00e1tov\u00e9 podlahy Quick-Step Eligna 8mm | Damiper s. r. o.","isPartOf":{"@id":"https:\/\/damiper.sk\/sk\/#website"},"primaryImageOfPage":{"@id":"https:\/\/damiper.sk\/sk\/produkt\/laminatove-podlahy-eligna-8mm\/#primaryimage"},"image":{"@id":"https:\/\/damiper.sk\/sk\/produkt\/laminatove-podlahy-eligna-8mm\/#primaryimage"},"thumbnailUrl":"https:\/\/damiper.sk\/sk\/wp-content\/uploads\/ilustracny_el3582.jpg","datePublished":"2020-11-18T08:14:10+00:00","dateModified":"2024-02-21T22:27:27+00:00","description":"Lamin\u00e1tov\u00e9 podlahy Quick-Step Eligna 8mm | Vy\u017eiadajte si nez\u00e1v\u00e4zn\u00fa cenov\u00fa ponuku | 0911 190 227 | info@damiper.sk | www.damiper.sk |","breadcrumb":{"@id":"https:\/\/damiper.sk\/sk\/produkt\/laminatove-podlahy-eligna-8mm\/#breadcrumb"},"inLanguage":"sk-SK","potentialAction":[{"@type":"ReadAction","target":["https:\/\/damiper.sk\/sk\/produkt\/laminatove-podlahy-eligna-8mm\/"]}]},{"@type":"ImageObject","inLanguage":"sk-SK","@id":"https:\/\/damiper.sk\/sk\/produkt\/laminatove-podlahy-eligna-8mm\/#primaryimage","url":"https:\/\/damiper.sk\/sk\/wp-content\/uploads\/ilustracny_el3582.jpg","contentUrl":"https:\/\/damiper.sk\/sk\/wp-content\/uploads\/ilustracny_el3582.jpg","width":765,"height":1280,"caption":"Quick-Step Eligna 8 mm - EL 3582 - Dub Newcastle hned\u00fd - skladom s dovozom v r\u00e1mci SR"},{"@type":"BreadcrumbList","@id":"https:\/\/damiper.sk\/sk\/produkt\/laminatove-podlahy-eligna-8mm\/#breadcrumb","itemListElement":[{"@type":"ListItem","position":1,"name":"Domovsk\u00e1 str\u00e1nka","item":"https:\/\/damiper.sk\/sk\/"},{"@type":"ListItem","position":2,"name":"Shop","item":"https:\/\/damiper.sk\/sk\/?page_id=323"},{"@type":"ListItem","position":3,"name":"Lamin\u00e1tov\u00e9 podlahy Eligna 8mm"}]},{"@type":"WebSite","@id":"https:\/\/damiper.sk\/sk\/#website","url":"https:\/\/damiper.sk\/sk\/","name":"Damiper s.r.o. \u00bb Okn\u00e1 | dvere | podlahy","description":"Plastov\u00e9 okn\u00e1 | Dvere | Podlahy | Interi\u00e9r","potentialAction":[{"@type":"SearchAction","target":{"@type":"EntryPoint","urlTemplate":"https:\/\/damiper.sk\/sk\/?s={search_term_string}"},"query-input":{"@type":"PropertyValueSpecification","valueRequired":true,"valueName":"search_term_string"}}],"inLanguage":"sk-SK"}]}},"_links":{"self":[{"href":"https:\/\/damiper.sk\/sk\/wp-json\/wp\/v2\/product\/6883","targetHints":{"allow":["GET"]}}],"collection":[{"href":"https:\/\/damiper.sk\/sk\/wp-json\/wp\/v2\/product"}],"about":[{"href":"https:\/\/damiper.sk\/sk\/wp-json\/wp\/v2\/types\/product"}],"replies":[{"embeddable":true,"href":"https:\/\/damiper.sk\/sk\/wp-json\/wp\/v2\/comments?post=6883"}],"wp:featuredmedia":[{"embeddable":true,"href":"https:\/\/damiper.sk\/sk\/wp-json\/wp\/v2\/media\/6882"}],"wp:attachment":[{"href":"https:\/\/damiper.sk\/sk\/wp-json\/wp\/v2\/media?parent=6883"}],"wp:term":[{"taxonomy":"product_brand","embeddable":true,"href":"https:\/\/damiper.sk\/sk\/wp-json\/wp\/v2\/product_brand?post=6883"},{"taxonomy":"product_cat","embeddable":true,"href":"https:\/\/damiper.sk\/sk\/wp-json\/wp\/v2\/product_cat?post=6883"},{"taxonomy":"product_tag","embeddable":true,"href":"https:\/\/damiper.sk\/sk\/wp-json\/wp\/v2\/product_tag?post=6883"}],"curies":[{"name":"wp","href":"https:\/\/api.w.org\/{rel}","templated":true}]}}