{"id":7299,"date":"2022-10-27T22:17:16","date_gmt":"2022-10-27T20:17:16","guid":{"rendered":"http:\/\/damiper.sk\/sk\/?post_type=product&#038;p=7299"},"modified":"2025-01-14T00:13:48","modified_gmt":"2025-01-13T22:13:48","slug":"spc-podlahy-afirmax-legnar","status":"publish","type":"product","link":"https:\/\/damiper.sk\/sk\/produkt\/spc-podlahy-afirmax-legnar\/","title":{"rendered":"SPC podlahy Afirmax Legnar"},"content":{"rendered":"<h1 style=\"text-align: center;\">SPC podlahy Afirmax Legnar &#8211; ponuka dekorov<\/h1>\n<h3 style=\"text-align: center;\">Zaujala V\u00e1s niektor\u00e1 z pon\u00fakan\u00fdch podl\u00e1h? Nev\u00e1hajte si vy\u017eiada\u0165 nez\u00e1v\u00e4zn\u00fa cenov\u00fa ponuku <a href=\"https:\/\/damiper.sk\/sk\/kontakt_damiper\/\">&gt;&gt;TU&lt;&lt;<\/a><\/h3>\n<p><span style=\"color: #000080;\"><b>SPC podlahy Afirmax Legnar<\/b><\/span>\u00a0patria v oblasti dizajnu k najmodernej\u0161\u00edm vychyt\u00e1vkam, ktor\u00e9 s\u00fa ako stvoren\u00e9 pre otvoren\u00e9 plochy a prepojen\u00e9 izby. Kolekcia drevodekorov Legnar bola in\u0161pirovan\u00e1 \u0161kandin\u00e1vskym \u0161t\u00fdlom s japonsk\u00fdmi prvkami.<\/p>\n<p>Stredobodom ka\u017ed\u00e9ho domova je kuchy\u0148a s ob\u00fdvacou izbou. Pr\u00e1ve toto s\u00fa najviac prep\u00e1jan\u00e9 izby. Na\u0161e podlahy Afirmax zaru\u010dia dokonal\u00e9 prepojenie izieb, ktor\u00e9 nemus\u00edte prede\u013eova\u0165 dilat\u00e1ciami. V\u010faka svojmu HD Mineral Core jadru s\u00fa tieto podlahy vysoko odoln\u00e9 a priestorovo stabiln\u00e9. Dok\u00e1\u017ee pokry\u0165 plochy a\u017e 200 m2 bez potreby dilat\u00e1cie. Dvojit\u00e1 vrchn\u00e1 UV vrstva zaru\u010duje vysok\u00fa kvalitu povrchu. Preto s\u00fa tieto podlahy ide\u00e1lnym rie\u0161en\u00edm aj do kuch\u00fd\u0148, kde podlahy prech\u00e1dzaj\u00fa n\u00e1ro\u010dn\u00fdm testom kvality. Tieto podlahy s\u00fa vhodn\u00e9 na celoplo\u0161n\u00e9 lepenie alebo mont\u00e1\u017e pl\u00e1vaj\u00facou pokl\u00e1dkou.<\/p>\n<p>SPC podlahy Afirmax s\u00fa zlo\u017een\u00e9 z inovat\u00edvnej zmesy miner\u00e1lov a modern\u00fdch polym\u00e9rov zalo\u017een\u00fdch na uhl\u00edkov\u00fdch \u010dasticiach. Starostlivo zvolen\u00fd pomer zais\u0165uje optim\u00e1lny v\u00fdkon podlahy. Jadro HD Mineral Core tak poskytuje mimoriadnu \u017eivotnos\u0165. Sme radi, \u017ee si vyber\u00e1te to najlep\u0161ie, \u010do vo svete podl\u00e1h je. Pri t\u00fdchto podlah\u00e1ch nerob\u00edte kompromis medzi kvalitou produktu a kvalitn\u00fdm \u017eivotom. Podlahy Afirmax s\u00fa vyr\u00e1ban\u00e9 bez zm\u00e4k\u010dovadiel a ftal\u00e1tov, a to je presne to, \u010do chcete ma\u0165 ako s\u00fa\u010das\u0165 v\u00e1\u0161ho domova.<\/p>\n<p>Tieto podlahy pon\u00fakame skladom &#8211; s rozvozom priamo k v\u00e1m alebo k osobn\u00e9mu odberu do 2 dn\u00ed od spracovania objedn\u00e1vky. O term\u00edne dodania sa vopred informujte. V pr\u00edpade objednania tovaru bez pr\u00e1ce V\u00e1m zabezpe\u010d\u00edme <strong><span style=\"color: #ff9900;\">dopravu ZDARMA<\/span><\/strong> v r\u00e1mci cel\u00e9ho Slovenska.<\/p>\n<p>V na\u0161ej ponuke n\u00e1jdete rovnako aj podlo\u017eky vhodn\u00e9 pod <span style=\"color: #000080;\"><b>v\u0161etky podlahy, ktor\u00e9 pon\u00fakame<\/b><\/span>\u00a0rovnako aj obvodov\u00e9 a prechodov\u00e9 li\u0161ty, doplnky k li\u0161t\u00e1m, tmely, lepidl\u00e1 a o\u0161etrovacie prostriedky od zna\u010dky Bona. V\u0161etky bli\u017e\u0161ie inform\u00e1cie V\u00e1m radi poskytneme prostredn\u00edctvom e-mailu alebo telefonicky na kontaktn\u00fdch adres\u00e1ch <a href=\"http:\/\/damiper.sk\/sk\/kontakt\/\" target=\"_blank\" rel=\"noopener noreferrer\">TU<\/a>.<\/p>\n<h3>SPC podlahy Afirmax Legnar- hlavn\u00e9 v\u00fdhody<\/h3>\n<ul>\n<li>dlh\u00e1 \u017eivotnos\u0165<\/li>\n<li><a href=\"https:\/\/damiper.sk\/sk\/udrzba_plavajucej_podlahy_bonamop\/\">jednoduch\u00e1 na \u00fadr\u017ebu<\/a><\/li>\n<li>100% vodeodoln\u00e1<\/li>\n<li>0% ftal\u00e1tov a zm\u00e4k\u010dovadiel<\/li>\n<li>antistatick\u00e1<\/li>\n<li>odoln\u00e1 vo\u010di mikro\u0161krabancom<\/li>\n<li>rozmerovo st\u00e1la<\/li>\n<li>v ponuke drevodekory alebo robustn\u00fd kame\u0148<\/li>\n<\/ul>\n<h3>SPC podlahy Afirmax Legnar &#8211; vlastnosti<\/h3>\n<ul>\n<li>hr\u00fabka podlahy &#8211; 4 mm<\/li>\n<li>Trieda oderu\/z\u00e1\u0165a\u017eov\u00e1 trieda &#8211; 23\/33<\/li>\n<li>vzh\u013ead &#8211; 1-lamela so 4V \u0161p\u00e1rou<\/li>\n<li>tepeln\u00fd odpor &#8211; 0,033 m2K\/W &#8211; ide\u00e1lne na podlahov\u00e9 k\u00farenie<\/li>\n<li>klik &#8211; BiClick<\/li>\n<li>rozmer lamely (mm) &#8211; 229 x 4 x 1220 mm | bal. 2,235 m2\/bal<\/li>\n<\/ul>\n<p>Ku pl\u00e1vaj\u00facim podlah\u00e1m pon\u00fakame aj v\u0161etky doplnky zna\u010diek Egger, Arbiton, Parador, Quick-step:<\/p>\n<ul>\n<li>paroz\u00e1brany<\/li>\n<li>podlo\u017eky pod podlahy (vhodn\u00e9 na alebo bez podlahov\u00e9ho k\u00farenia)<\/li>\n<li>obvodov\u00e9 li\u0161ty + v\u0161etky doplnky<\/li>\n<li>prechodov\u00e9 li\u0161ty<\/li>\n<li>ukon\u010dovacie li\u0161ty<\/li>\n<li>lepidl\u00e1, tmely, &#8230;<\/li>\n<li>korek\u010dn\u00e9 sady<\/li>\n<li>pr\u00edpravky na \u00fadr\u017ebu<\/li>\n<\/ul>\n","protected":false},"excerpt":{"rendered":"<p><span style=\"color: #800000;\"><strong>Orienta\u010dn\u00e1 cena podlahy (s DPH\/m2):<\/strong><\/span><\/p>\n<p><b>Legnar kolekcia: od 28,69 Eur<\/b><\/p>\n<p><strong>Legnar Acoustic: od 30,99 Eur<\/strong><\/p>\n<p>\u010c\u00edm viac potrebujete, o to lep\u0161iu cenu dostanete.<\/p>\n<p>\u2013\u2013\u2013\u2013\u2013\u2013\u2013\u2013\u2013\u2013\u2013\u2013\u2013\u2013\u2013\u2013\u2013\u2013\u2013\u2013\u2013\u2013\u2013\u2013\u2013\u2013\u2013\u2013\u2013\u2013\u2013\u2013\u2013\u2013\u2013\u2013\u2013\u2013\u2013\u2013\u2013\u2013\u2013\u2013\u2013\u2013\u2013<\/p>\n<p><span style=\"color: #ff00ff;\"><strong>Cel\u00e1 kolekcia dostupn\u00e1 aj vo verzii s integrovanou podlo\u017ekou &#8222;Acoustic&#8220;<\/strong><\/span><\/p>\n<p>\u2013\u2013\u2013\u2013\u2013\u2013\u2013\u2013\u2013\u2013\u2013\u2013\u2013\u2013\u2013\u2013\u2013\u2013\u2013\u2013\u2013\u2013\u2013\u2013\u2013\u2013\u2013\u2013\u2013\u2013\u2013\u2013\u2013\u2013\u2013\u2013\u2013\u2013\u2013\u2013\u2013\u2013\u2013\u2013\u2013\u2013\u2013<\/p>\n<p><span style=\"color: #800000;\"><strong><a href=\"https:\/\/damiper.sk\/sk\/kontakt_damiper\/\" target=\"_blank\" rel=\"noopener\">Nap\u00ed\u0161te n\u00e1m<\/a>, radi V\u00e1m vypracujeme nez\u00e1v\u00e4zn\u00fa ponuku presne pod\u013ea Va\u0161ich \u0161pecifik\u00e1ci\u00ed.<\/strong><\/span><\/p>\n<p>\u2013\u2013\u2013\u2013\u2013\u2013\u2013\u2013\u2013\u2013\u2013\u2013\u2013\u2013\u2013\u2013\u2013\u2013\u2013\u2013\u2013\u2013\u2013\u2013\u2013\u2013\u2013\u2013\u2013\u2013\u2013\u2013\u2013\u2013\u2013\u2013\u2013\u2013\u2013\u2013\u2013\u2013\u2013\u2013\u2013\u2013\u2013<\/p>\n<p><strong>Hr\u00fabka podlahy: 4 mm<\/strong><\/p>\n<p><strong>T<\/strong><strong>rieda oderu\/z\u00e1\u0165a\u017eov\u00e1 trieda: 23\/33<\/strong><\/p>\n<p><strong>Vzh\u013ead: 1-lamela so 4V \u0161p\u00e1rou drevodekor\u00a0<\/strong><\/p>\n<p><strong>Rozmer lamely (v mm): 229 x 4 x 1220 mm <\/strong><\/p>\n<p><strong>Doprava ZDARMA v r\u00e1mci celej SR<\/strong><\/p>\n<p>*skladom: dodanie v priebehu 2 pracovn\u00fdch dn\u00ed<\/p>\n<p>*na objedn\u00e1vku: dodanie 2 &#8211; 4 t\u00fd\u017edne, resp. dohodou<\/p>\n","protected":false},"featured_media":7313,"comment_status":"closed","ping_status":"closed","template":"","meta":[],"product_brand":[],"product_cat":[275,41],"product_tag":[55,59,272,213,56,236],"class_list":{"0":"post-7299","1":"product","2":"type-product","3":"status-publish","4":"has-post-thumbnail","6":"product_cat-spc-kompozitne-podlahy","7":"product_cat-podlahy","8":"product_tag-1-lamela","9":"product_tag-4v-drazka","10":"product_tag-drevodekor","11":"product_tag-kompozitna-podlaha","12":"product_tag-palubovka","13":"product_tag-vodeodolna","15":"first","16":"instock","17":"shipping-taxable","18":"product-type-simple"},"yoast_head":"<!-- This site is optimized with the Yoast SEO plugin v26.5 - https:\/\/yoast.com\/wordpress\/plugins\/seo\/ -->\n<title>SPC podlahy Afirmax Legnar | Okn\u00e1 | Dvere | Damiper s.r.o.<\/title>\n<meta name=\"description\" content=\"SPC podlahy Afirmax Legnar | doprava ZDARMA | Vy\u017eiadajte si nez\u00e1v\u00e4zn\u00fa cenov\u00fa ponuku | 0911 190 227 | info@damiper.sk | www.damiper.sk\" \/>\n<meta name=\"robots\" content=\"index, follow, max-snippet:-1, max-image-preview:large, max-video-preview:-1\" \/>\n<link rel=\"canonical\" href=\"https:\/\/damiper.sk\/sk\/produkt\/spc-podlahy-afirmax-legnar\/\" \/>\n<meta property=\"og:locale\" content=\"sk_SK\" \/>\n<meta property=\"og:type\" content=\"article\" \/>\n<meta property=\"og:title\" content=\"SPC podlahy Afirmax Legnar | Okn\u00e1 | Dvere | Damiper s.r.o.\" \/>\n<meta property=\"og:description\" content=\"SPC podlahy Afirmax Legnar | doprava ZDARMA | Vy\u017eiadajte si nez\u00e1v\u00e4zn\u00fa cenov\u00fa ponuku | 0911 190 227 | info@damiper.sk | www.damiper.sk\" \/>\n<meta property=\"og:url\" content=\"https:\/\/damiper.sk\/sk\/produkt\/spc-podlahy-afirmax-legnar\/\" \/>\n<meta property=\"og:site_name\" content=\"Damiper s.r.o. \u00bb Okn\u00e1 | dvere | podlahy\" \/>\n<meta property=\"article:modified_time\" content=\"2025-01-13T22:13:48+00:00\" \/>\n<meta property=\"og:image\" content=\"http:\/\/damiper.sk\/sk\/wp-content\/uploads\/afirmax_legnar_cle-41942_dub-villa_3-1.jpg\" \/>\n\t<meta property=\"og:image:width\" content=\"1080\" \/>\n\t<meta property=\"og:image:height\" content=\"1080\" \/>\n\t<meta property=\"og:image:type\" content=\"image\/jpeg\" \/>\n<meta name=\"twitter:card\" content=\"summary_large_image\" \/>\n<meta name=\"twitter:label1\" content=\"Predpokladan\u00fd \u010das \u010d\u00edtania\" \/>\n\t<meta name=\"twitter:data1\" content=\"3 min\u00faty\" \/>\n<script type=\"application\/ld+json\" class=\"yoast-schema-graph\">{\"@context\":\"https:\/\/schema.org\",\"@graph\":[{\"@type\":\"WebPage\",\"@id\":\"https:\/\/damiper.sk\/sk\/produkt\/spc-podlahy-afirmax-legnar\/\",\"url\":\"https:\/\/damiper.sk\/sk\/produkt\/spc-podlahy-afirmax-legnar\/\",\"name\":\"SPC podlahy Afirmax Legnar | Okn\u00e1 | Dvere | Damiper s.r.o.\",\"isPartOf\":{\"@id\":\"https:\/\/damiper.sk\/sk\/#website\"},\"primaryImageOfPage\":{\"@id\":\"https:\/\/damiper.sk\/sk\/produkt\/spc-podlahy-afirmax-legnar\/#primaryimage\"},\"image\":{\"@id\":\"https:\/\/damiper.sk\/sk\/produkt\/spc-podlahy-afirmax-legnar\/#primaryimage\"},\"thumbnailUrl\":\"https:\/\/damiper.sk\/sk\/wp-content\/uploads\/afirmax_legnar_cle-41942_dub-villa_3-1.jpg\",\"datePublished\":\"2022-10-27T20:17:16+00:00\",\"dateModified\":\"2025-01-13T22:13:48+00:00\",\"description\":\"SPC podlahy Afirmax Legnar | doprava ZDARMA | Vy\u017eiadajte si nez\u00e1v\u00e4zn\u00fa cenov\u00fa ponuku | 0911 190 227 | info@damiper.sk | www.damiper.sk\",\"breadcrumb\":{\"@id\":\"https:\/\/damiper.sk\/sk\/produkt\/spc-podlahy-afirmax-legnar\/#breadcrumb\"},\"inLanguage\":\"sk-SK\",\"potentialAction\":[{\"@type\":\"ReadAction\",\"target\":[\"https:\/\/damiper.sk\/sk\/produkt\/spc-podlahy-afirmax-legnar\/\"]}]},{\"@type\":\"ImageObject\",\"inLanguage\":\"sk-SK\",\"@id\":\"https:\/\/damiper.sk\/sk\/produkt\/spc-podlahy-afirmax-legnar\/#primaryimage\",\"url\":\"https:\/\/damiper.sk\/sk\/wp-content\/uploads\/afirmax_legnar_cle-41942_dub-villa_3-1.jpg\",\"contentUrl\":\"https:\/\/damiper.sk\/sk\/wp-content\/uploads\/afirmax_legnar_cle-41942_dub-villa_3-1.jpg\",\"width\":1080,\"height\":1080,\"caption\":\"SPC podlahy Afirmax Legnar - CLE 41942 Dub Villa - skladom s dovozom ZDARMA\"},{\"@type\":\"BreadcrumbList\",\"@id\":\"https:\/\/damiper.sk\/sk\/produkt\/spc-podlahy-afirmax-legnar\/#breadcrumb\",\"itemListElement\":[{\"@type\":\"ListItem\",\"position\":1,\"name\":\"Domovsk\u00e1 str\u00e1nka\",\"item\":\"https:\/\/damiper.sk\/sk\/\"},{\"@type\":\"ListItem\",\"position\":2,\"name\":\"Shop\",\"item\":\"https:\/\/damiper.sk\/sk\/?page_id=323\"},{\"@type\":\"ListItem\",\"position\":3,\"name\":\"SPC podlahy Afirmax Legnar\"}]},{\"@type\":\"WebSite\",\"@id\":\"https:\/\/damiper.sk\/sk\/#website\",\"url\":\"https:\/\/damiper.sk\/sk\/\",\"name\":\"Damiper s.r.o. \u00bb Okn\u00e1 | dvere | podlahy\",\"description\":\"Plastov\u00e9 okn\u00e1 | Dvere | Podlahy | Interi\u00e9r\",\"potentialAction\":[{\"@type\":\"SearchAction\",\"target\":{\"@type\":\"EntryPoint\",\"urlTemplate\":\"https:\/\/damiper.sk\/sk\/?s={search_term_string}\"},\"query-input\":{\"@type\":\"PropertyValueSpecification\",\"valueRequired\":true,\"valueName\":\"search_term_string\"}}],\"inLanguage\":\"sk-SK\"}]}<\/script>\n<!-- \/ Yoast SEO plugin. -->","yoast_head_json":{"title":"SPC podlahy Afirmax Legnar | Okn\u00e1 | Dvere | Damiper s.r.o.","description":"SPC podlahy Afirmax Legnar | doprava ZDARMA | Vy\u017eiadajte si nez\u00e1v\u00e4zn\u00fa cenov\u00fa ponuku | 0911 190 227 | info@damiper.sk | www.damiper.sk","robots":{"index":"index","follow":"follow","max-snippet":"max-snippet:-1","max-image-preview":"max-image-preview:large","max-video-preview":"max-video-preview:-1"},"canonical":"https:\/\/damiper.sk\/sk\/produkt\/spc-podlahy-afirmax-legnar\/","og_locale":"sk_SK","og_type":"article","og_title":"SPC podlahy Afirmax Legnar | Okn\u00e1 | Dvere | Damiper s.r.o.","og_description":"SPC podlahy Afirmax Legnar | doprava ZDARMA | Vy\u017eiadajte si nez\u00e1v\u00e4zn\u00fa cenov\u00fa ponuku | 0911 190 227 | info@damiper.sk | www.damiper.sk","og_url":"https:\/\/damiper.sk\/sk\/produkt\/spc-podlahy-afirmax-legnar\/","og_site_name":"Damiper s.r.o. \u00bb Okn\u00e1 | dvere | podlahy","article_modified_time":"2025-01-13T22:13:48+00:00","og_image":[{"width":1080,"height":1080,"url":"http:\/\/damiper.sk\/sk\/wp-content\/uploads\/afirmax_legnar_cle-41942_dub-villa_3-1.jpg","type":"image\/jpeg"}],"twitter_card":"summary_large_image","twitter_misc":{"Predpokladan\u00fd \u010das \u010d\u00edtania":"3 min\u00faty"},"schema":{"@context":"https:\/\/schema.org","@graph":[{"@type":"WebPage","@id":"https:\/\/damiper.sk\/sk\/produkt\/spc-podlahy-afirmax-legnar\/","url":"https:\/\/damiper.sk\/sk\/produkt\/spc-podlahy-afirmax-legnar\/","name":"SPC podlahy Afirmax Legnar | Okn\u00e1 | Dvere | Damiper s.r.o.","isPartOf":{"@id":"https:\/\/damiper.sk\/sk\/#website"},"primaryImageOfPage":{"@id":"https:\/\/damiper.sk\/sk\/produkt\/spc-podlahy-afirmax-legnar\/#primaryimage"},"image":{"@id":"https:\/\/damiper.sk\/sk\/produkt\/spc-podlahy-afirmax-legnar\/#primaryimage"},"thumbnailUrl":"https:\/\/damiper.sk\/sk\/wp-content\/uploads\/afirmax_legnar_cle-41942_dub-villa_3-1.jpg","datePublished":"2022-10-27T20:17:16+00:00","dateModified":"2025-01-13T22:13:48+00:00","description":"SPC podlahy Afirmax Legnar | doprava ZDARMA | Vy\u017eiadajte si nez\u00e1v\u00e4zn\u00fa cenov\u00fa ponuku | 0911 190 227 | info@damiper.sk | www.damiper.sk","breadcrumb":{"@id":"https:\/\/damiper.sk\/sk\/produkt\/spc-podlahy-afirmax-legnar\/#breadcrumb"},"inLanguage":"sk-SK","potentialAction":[{"@type":"ReadAction","target":["https:\/\/damiper.sk\/sk\/produkt\/spc-podlahy-afirmax-legnar\/"]}]},{"@type":"ImageObject","inLanguage":"sk-SK","@id":"https:\/\/damiper.sk\/sk\/produkt\/spc-podlahy-afirmax-legnar\/#primaryimage","url":"https:\/\/damiper.sk\/sk\/wp-content\/uploads\/afirmax_legnar_cle-41942_dub-villa_3-1.jpg","contentUrl":"https:\/\/damiper.sk\/sk\/wp-content\/uploads\/afirmax_legnar_cle-41942_dub-villa_3-1.jpg","width":1080,"height":1080,"caption":"SPC podlahy Afirmax Legnar - CLE 41942 Dub Villa - skladom s dovozom ZDARMA"},{"@type":"BreadcrumbList","@id":"https:\/\/damiper.sk\/sk\/produkt\/spc-podlahy-afirmax-legnar\/#breadcrumb","itemListElement":[{"@type":"ListItem","position":1,"name":"Domovsk\u00e1 str\u00e1nka","item":"https:\/\/damiper.sk\/sk\/"},{"@type":"ListItem","position":2,"name":"Shop","item":"https:\/\/damiper.sk\/sk\/?page_id=323"},{"@type":"ListItem","position":3,"name":"SPC podlahy Afirmax Legnar"}]},{"@type":"WebSite","@id":"https:\/\/damiper.sk\/sk\/#website","url":"https:\/\/damiper.sk\/sk\/","name":"Damiper s.r.o. \u00bb Okn\u00e1 | dvere | podlahy","description":"Plastov\u00e9 okn\u00e1 | Dvere | Podlahy | Interi\u00e9r","potentialAction":[{"@type":"SearchAction","target":{"@type":"EntryPoint","urlTemplate":"https:\/\/damiper.sk\/sk\/?s={search_term_string}"},"query-input":{"@type":"PropertyValueSpecification","valueRequired":true,"valueName":"search_term_string"}}],"inLanguage":"sk-SK"}]}},"_links":{"self":[{"href":"https:\/\/damiper.sk\/sk\/wp-json\/wp\/v2\/product\/7299","targetHints":{"allow":["GET"]}}],"collection":[{"href":"https:\/\/damiper.sk\/sk\/wp-json\/wp\/v2\/product"}],"about":[{"href":"https:\/\/damiper.sk\/sk\/wp-json\/wp\/v2\/types\/product"}],"replies":[{"embeddable":true,"href":"https:\/\/damiper.sk\/sk\/wp-json\/wp\/v2\/comments?post=7299"}],"wp:featuredmedia":[{"embeddable":true,"href":"https:\/\/damiper.sk\/sk\/wp-json\/wp\/v2\/media\/7313"}],"wp:attachment":[{"href":"https:\/\/damiper.sk\/sk\/wp-json\/wp\/v2\/media?parent=7299"}],"wp:term":[{"taxonomy":"product_brand","embeddable":true,"href":"https:\/\/damiper.sk\/sk\/wp-json\/wp\/v2\/product_brand?post=7299"},{"taxonomy":"product_cat","embeddable":true,"href":"https:\/\/damiper.sk\/sk\/wp-json\/wp\/v2\/product_cat?post=7299"},{"taxonomy":"product_tag","embeddable":true,"href":"https:\/\/damiper.sk\/sk\/wp-json\/wp\/v2\/product_tag?post=7299"}],"curies":[{"name":"wp","href":"https:\/\/api.w.org\/{rel}","templated":true}]}}