{"id":7437,"date":"2023-03-08T22:33:29","date_gmt":"2023-03-08T20:33:29","guid":{"rendered":"http:\/\/damiper.sk\/sk\/?post_type=product&#038;p=7437"},"modified":"2025-01-22T03:51:44","modified_gmt":"2025-01-22T01:51:44","slug":"spc-basic-53-kompozitne-podlahy-parador","status":"publish","type":"product","link":"https:\/\/damiper.sk\/sk\/produkt\/spc-basic-53-kompozitne-podlahy-parador\/","title":{"rendered":"SPC Basic 5.3 &#8211; kompozitn\u00e9 podlahy Parador"},"content":{"rendered":"<h2><strong><span style=\"color: #ff9900;\">SPC Basic 5.3 &#8211; kompozitn\u00e9 podlahy Parador<\/span><\/strong><\/h2>\n<p>Made in Germany \u2013 z\u00e1ruka \u0161pi\u010dkovej kvality<\/p>\n<p>Kompozitn\u00e1 podlaha Parador SPC Basic 5.3 je\u00a0pre v\u0161etk\u00fdch, ktor\u00ed nakupuj\u00fa v\u00fdhodne, ale nechc\u00fa sa vzda\u0165 kvality. V\u00a0kolekcii Basic n\u00e1jdete presved\u010div\u00fd v\u00fdber atrakt\u00edvnych podl\u00e1h, ktor\u00e9 urobia z ka\u017ed\u00e9ho b\u00fdvania skuto\u010dn\u00fd domov.<b>\u00a0<\/b><\/p>\n<p>Rada podl\u00e1h SPC je nov\u00fdm \u0161tandardom kvalitn\u00e9ho a zdrav\u00e9ho b\u00fdvania s vysoko odoln\u00fdmi podlahami bez zm\u00e4k\u010dovadiel. Ide\u00e1lna podlaha do obytn\u00e9ho interi\u00e9ru vr\u00e1tane vlhk\u00fdch priestorov, ako s\u00fa k\u00fape\u013ene v\u010faka \u0161peci\u00e1lnej nosnej doske SPC (solid polymer core) a povrchom s trvanlivou UV vrstvou.<span class=\"Apple-converted-space\">\u00a0 <\/span>Kolekcia podl\u00e1h SPC p\u00f4sob\u00ed svoj\u00edm autentick\u00fdm vzh\u013eadom pr\u00edjemne na vzh\u013ead aj na dotyk. Dokonale kop\u00edruje \u0161trukt\u00faru dreva. Integrovan\u00e1 akustick\u00e1 podlo\u017eka tlm\u00ed kroky a vytv\u00e1ra pr\u00edjemn\u00fd tepl\u00fd pocit a pohodlie.<span class=\"Apple-converted-space\">\u00a0<\/span><\/p>\n<ul>\n<li>vhodn\u00e1 do cel\u00e9ho obytn\u00e9ho priestoru, vr\u00e1tane k\u00fape\u013en\u00ed a vlhk\u00fdch \u010dast\u00ed domu<\/li>\n<li>vodeodoln\u00e1<\/li>\n<li>povrchov\u00e1 \u00faprava PUR UV vrstva<\/li>\n<li>mo\u017enos\u0165 pokl\u00e1dky a\u017e 400 m2 v celku bez dilat\u00e1cie<\/li>\n<li>vysok\u00e1 trieda z\u00e1\u0165a\u017ee<\/li>\n<li>hr\u00fabka 5,3 mm<\/li>\n<li>antibakteri\u00e1lna<\/li>\n<li>odoln\u00e1 vo\u010di mikro\u0161krabancom a \u0161kvrn\u00e1m<\/li>\n<li>tvarov\u00e1 st\u00e1los\u0165 &#8211; minim\u00e1lne zmeny tvaru pri zmen\u00e1ch tepl\u00f4t<\/li>\n<li>tich\u00e1 a tepl\u00e1 &#8211; ide\u00e1lna podlaha na podlahov\u00e9 k\u00farenie<\/li>\n<li>mini V dr\u00e1\u017eka<\/li>\n<li>prirodzen\u00fd vzh\u013ead dreva<\/li>\n<\/ul>\n<h2><span style=\"color: #ff9900;\">Podlahy Parador s\u00fa v\u00fdnimo\u010dn\u00e9 vzh\u013eadom<\/span><\/h2>\n<p><span style=\"color: #000000;\">Kompozitn\u00e1 podlaha Parador SPC sa vyzna\u010duje svojimi unik\u00e1tnymi vlastnos\u0165ami a zara\u010fuje sa medzi nadpriemern\u00e9 vinylov\u00e9 podlahy. Povrchy t\u00fdchto podl\u00e1h s\u00fa v preveden\u00ed drevodekoru, teda \u0161trukt\u00fara dreva. T\u00e1to \u0161trukt\u00fara je re\u00e1lna aj na dotyk, teda pocit dreva je ve\u013emi re\u00e1lny. Vrchn\u00e1 matn\u00e1 vrstva tento pocit e\u0161te zd\u00f4raz\u0148uje.\u00a0<strong><span style=\"color: #ff9900;\">Kompozitn\u00e1 podlaha Parador SPC Basic 5.3\u00a0<\/span><\/strong><\/span>je ide\u00e1lne rie\u0161enie pre obytn\u00e9 priestory (vr\u00e1tane kuchyne, k\u00fape\u013ene, chodby). Umo\u017e\u0148uje pokl\u00e1dku bez dilat\u00e1cie a\u017e 400 m2. Kompozitn\u00e9 podlahy Parador SPC maj\u00fa integrovan\u00fa podlo\u017eku, preto pri pokl\u00e1dke sta\u010d\u00ed pou\u017ei\u0165 u\u017e len paroz\u00e1branu, \u010fal\u0161ia podlo\u017eka nie je potrebn\u00e1 ani vhodn\u00e1.<\/p>\n<p>SPC je rada kompozitn\u00fdch podl\u00e1h, ktor\u00e9 sp\u013a\u0148aj\u00fa krit\u00e9ri\u00e1 aj t\u00fdch najn\u00e1ro\u010dnej\u0161\u00edch &#8211; dod\u00e1va pocit tepla, pohody, luxusu. Bezkonkuren\u010dn\u00e1 nemeck\u00e1 kvalita t\u00fdchto podl\u00e1h si podman\u00ed ka\u017ed\u00e9ho, kto chce od svojej podlahy nie\u010do viac, ne\u017e len povrchov\u00fa vrstvu na poter. V na\u0161ej ponuke n\u00e1jdete aj v\u0161etky potrebn\u00e9 doplnky k polo\u017eeniu podlahy &#8211; li\u0161ty, podlo\u017eky, lepidl\u00e1, tmely, \u00fachyty a podobne.<\/p>\n<p>Kompozitn\u00fa podlahu odpor\u00fa\u010dame o\u0161etrova\u0165 podobne ako <a href=\"http:\/\/damiper.sk\/sk\/produkty\/podlahy\/podlahy-parador\/laminatove-podlahy-parador\/\" target=\"_blank\" rel=\"noopener noreferrer\">lamin\u00e1tov\u00fa podlahu<\/a>. Treba ju teda \u010disti\u0165 najm\u00e4 vys\u00e1van\u00edm, pri um\u00fdvan\u00ed odpor\u00fa\u010dame pou\u017e\u00edva\u0165 neagres\u00edvne prostriedky. Najlep\u0161ie kozmetiku pre \u00fadr\u017ebu pl\u00e1vaj\u00facej podlahy zna\u010dky <a href=\"http:\/\/damiper.sk\/sk\/udrzba_plavajucej_podlahy_bonamop\/\" target=\"_blank\" rel=\"noopener noreferrer\">Bona<\/a>, ktor\u00fa n\u00e1jdete v na\u0161ej ponuke.<\/p>\n<p>Kompozitn\u00e9 podlahy Parador SPC Basic 5.3 m\u00e1me vystavn\u00e9 v priestoroch obchodnej kancel\u00e1rie v B\u00e1novciach nad Bebravou. Skladom m\u00e1me 12 dekorov s dovozom na Slovensku ZDARMA.<\/p>\n","protected":false},"excerpt":{"rendered":"<p><span style=\"color: #800000;\"><strong>Orienta\u010dn\u00e1 cena podlahy (s DPH\/m2):<\/strong><\/span><\/p>\n<p><strong>Akciov\u00e9 modely: od 32,49 Eur<\/strong><\/p>\n<p><strong>Ostatn\u00e9 modely: od 38,99 Eur<\/strong><\/p>\n<p>\u010c\u00edm viac potrebujete, o to lep\u0161iu cenu dostanete.<\/p>\n<p>\u2013\u2013\u2013\u2013\u2013\u2013\u2013\u2013\u2013\u2013\u2013\u2013\u2013\u2013\u2013\u2013\u2013\u2013\u2013\u2013\u2013\u2013\u2013\u2013\u2013\u2013\u2013\u2013\u2013\u2013\u2013\u2013\u2013\u2013\u2013\u2013\u2013\u2013\u2013\u2013\u2013\u2013\u2013\u2013\u2013\u2013\u2013<\/p>\n<p><span style=\"color: #800000;\"><strong><a href=\"https:\/\/damiper.sk\/sk\/kontakt_damiper\/\" target=\"_blank\" rel=\"noopener\">Nap\u00ed\u0161te n\u00e1m<\/a>, radi V\u00e1m vypracujeme nez\u00e1v\u00e4zn\u00fa ponuku presne pod\u013ea Va\u0161ich \u0161pecifik\u00e1ci\u00ed.<\/strong><\/span><\/p>\n<p>\u2013\u2013\u2013\u2013\u2013\u2013\u2013\u2013\u2013\u2013\u2013\u2013\u2013\u2013\u2013\u2013\u2013\u2013\u2013\u2013\u2013\u2013\u2013\u2013\u2013\u2013\u2013\u2013\u2013\u2013\u2013\u2013\u2013\u2013\u2013\u2013\u2013\u2013\u2013\u2013\u2013\u2013\u2013\u2013\u2013\u2013\u2013<\/p>\n<p><strong>Hr\u00fabka podlahy: 5,3 mm <\/strong><\/p>\n<p><b>Trieda z\u00e1\u0165a\u017ee: 23\/31<\/b><\/p>\n<p><strong>Vzh\u013ead: 1-lamela s mikro 4V \u0161p\u00e1rou<\/strong><\/p>\n<p><strong>Podlo\u017eka: 1 mm integrovan\u00e1<\/strong><\/p>\n<p><strong>N\u00e1\u0161lapn\u00e1 vrstva: 0,3 mm vinyl<\/strong><\/p>\n<p><strong>Rozmer lamely (mm): 225 x 5,3 x 1 209 \u2013 drevodekory<\/strong><\/p>\n<p><strong>Doprava ZDARMA v r\u00e1mci celej SR<\/strong><\/p>\n<p>* skladom: dodanie v priebehu 2 pracovn\u00fdch dn\u00ed<\/p>\n<p><span style=\"color: #ff0000;\"><strong>Akcia<\/strong><\/span><\/p>\n<p><strong><span style=\"color: #800000;\">P1744607 | P1743003 | P1743004<\/span><\/strong><\/p>\n<p><strong><span style=\"color: #800000;\">P1743007 | <\/span><\/strong><strong><span style=\"color: #800000;\">P1743008<\/span><\/strong><\/p>\n<p><strong>Ostatn\u00e9 modely<\/strong><\/p>\n<p><strong><span style=\"color: #800000;\">P1743001 | P1743002 | \u00a0<\/span><\/strong><strong><span style=\"color: #800000;\">P1743005 <\/span><\/strong><\/p>\n<p><strong><span style=\"color: #800000;\">P1743006 |\u00a0<\/span><\/strong><strong><span style=\"color: #800000;\">P1743009 | \u00a0P1744608<\/span><\/strong><\/p>\n<p><strong><span style=\"color: #800000;\"> P1744609<\/span><\/strong><\/p>\n","protected":false},"featured_media":7452,"comment_status":"closed","ping_status":"closed","template":"","meta":[],"product_brand":[],"product_cat":[208,225,41],"product_tag":[55,59,213,56,211,230,179],"class_list":{"0":"post-7437","1":"product","2":"type-product","3":"status-publish","4":"has-post-thumbnail","6":"product_cat-podlahy-parador","7":"product_cat-spc-kompozitne-podlahy-parador","8":"product_cat-podlahy","9":"product_tag-1-lamela","10":"product_tag-4v-drazka","11":"product_tag-kompozitna-podlaha","12":"product_tag-palubovka","13":"product_tag-parador","14":"product_tag-spc","15":"product_tag-vinylova-podlaha","17":"first","18":"instock","19":"shipping-taxable","20":"product-type-simple"},"yoast_head":"<!-- This site is optimized with the Yoast SEO plugin v26.5 - https:\/\/yoast.com\/wordpress\/plugins\/seo\/ -->\n<title>Kompozitn\u00e9 podlahy Parador SPC Basic 5.3 | Damiper s. r. o.<\/title>\n<meta name=\"description\" content=\"Kompozitn\u00e9 podlahy Parador SPC Basic 5.3 | Vy\u017eiadajte si nez\u00e1v\u00e4zn\u00fa cenov\u00fa ponuku | 0911 190 227 | info@damiper.sk | www.damiper.sk\" \/>\n<meta name=\"robots\" content=\"index, follow, max-snippet:-1, max-image-preview:large, max-video-preview:-1\" \/>\n<link rel=\"canonical\" href=\"https:\/\/damiper.sk\/sk\/produkt\/spc-basic-53-kompozitne-podlahy-parador\/\" \/>\n<meta property=\"og:locale\" content=\"sk_SK\" \/>\n<meta property=\"og:type\" content=\"article\" \/>\n<meta property=\"og:title\" content=\"Kompozitn\u00e9 podlahy Parador SPC Basic 5.3 | Damiper s. r. o.\" \/>\n<meta property=\"og:description\" content=\"Kompozitn\u00e9 podlahy Parador SPC Basic 5.3 | Vy\u017eiadajte si nez\u00e1v\u00e4zn\u00fa cenov\u00fa ponuku | 0911 190 227 | info@damiper.sk | www.damiper.sk\" \/>\n<meta property=\"og:url\" content=\"https:\/\/damiper.sk\/sk\/produkt\/spc-basic-53-kompozitne-podlahy-parador\/\" \/>\n<meta property=\"og:site_name\" content=\"Damiper s.r.o. \u00bb Okn\u00e1 | dvere | podlahy\" \/>\n<meta property=\"article:modified_time\" content=\"2025-01-22T01:51:44+00:00\" \/>\n<meta property=\"og:image\" content=\"http:\/\/damiper.sk\/sk\/wp-content\/uploads\/spc_basic_1743004.jpg\" \/>\n\t<meta property=\"og:image:width\" content=\"1280\" \/>\n\t<meta property=\"og:image:height\" content=\"960\" \/>\n\t<meta property=\"og:image:type\" content=\"image\/jpeg\" \/>\n<meta name=\"twitter:card\" content=\"summary_large_image\" \/>\n<meta name=\"twitter:label1\" content=\"Predpokladan\u00fd \u010das \u010d\u00edtania\" \/>\n\t<meta name=\"twitter:data1\" content=\"3 min\u00faty\" \/>\n<script type=\"application\/ld+json\" class=\"yoast-schema-graph\">{\"@context\":\"https:\/\/schema.org\",\"@graph\":[{\"@type\":\"WebPage\",\"@id\":\"https:\/\/damiper.sk\/sk\/produkt\/spc-basic-53-kompozitne-podlahy-parador\/\",\"url\":\"https:\/\/damiper.sk\/sk\/produkt\/spc-basic-53-kompozitne-podlahy-parador\/\",\"name\":\"Kompozitn\u00e9 podlahy Parador SPC Basic 5.3 | Damiper s. r. o.\",\"isPartOf\":{\"@id\":\"https:\/\/damiper.sk\/sk\/#website\"},\"primaryImageOfPage\":{\"@id\":\"https:\/\/damiper.sk\/sk\/produkt\/spc-basic-53-kompozitne-podlahy-parador\/#primaryimage\"},\"image\":{\"@id\":\"https:\/\/damiper.sk\/sk\/produkt\/spc-basic-53-kompozitne-podlahy-parador\/#primaryimage\"},\"thumbnailUrl\":\"https:\/\/damiper.sk\/sk\/wp-content\/uploads\/spc_basic_1743004.jpg\",\"datePublished\":\"2023-03-08T20:33:29+00:00\",\"dateModified\":\"2025-01-22T01:51:44+00:00\",\"description\":\"Kompozitn\u00e9 podlahy Parador SPC Basic 5.3 | Vy\u017eiadajte si nez\u00e1v\u00e4zn\u00fa cenov\u00fa ponuku | 0911 190 227 | info@damiper.sk | www.damiper.sk\",\"breadcrumb\":{\"@id\":\"https:\/\/damiper.sk\/sk\/produkt\/spc-basic-53-kompozitne-podlahy-parador\/#breadcrumb\"},\"inLanguage\":\"sk-SK\",\"potentialAction\":[{\"@type\":\"ReadAction\",\"target\":[\"https:\/\/damiper.sk\/sk\/produkt\/spc-basic-53-kompozitne-podlahy-parador\/\"]}]},{\"@type\":\"ImageObject\",\"inLanguage\":\"sk-SK\",\"@id\":\"https:\/\/damiper.sk\/sk\/produkt\/spc-basic-53-kompozitne-podlahy-parador\/#primaryimage\",\"url\":\"https:\/\/damiper.sk\/sk\/wp-content\/uploads\/spc_basic_1743004.jpg\",\"contentUrl\":\"https:\/\/damiper.sk\/sk\/wp-content\/uploads\/spc_basic_1743004.jpg\",\"width\":1280,\"height\":960,\"caption\":\"Parador SPC Basic 5.3 P1743004 Dub pr\u00edrodn\u00fd - skladom s dovozom ZDARMA\"},{\"@type\":\"BreadcrumbList\",\"@id\":\"https:\/\/damiper.sk\/sk\/produkt\/spc-basic-53-kompozitne-podlahy-parador\/#breadcrumb\",\"itemListElement\":[{\"@type\":\"ListItem\",\"position\":1,\"name\":\"Domovsk\u00e1 str\u00e1nka\",\"item\":\"https:\/\/damiper.sk\/sk\/\"},{\"@type\":\"ListItem\",\"position\":2,\"name\":\"Shop\",\"item\":\"https:\/\/damiper.sk\/sk\/?page_id=323\"},{\"@type\":\"ListItem\",\"position\":3,\"name\":\"SPC Basic 5.3 &#8211; kompozitn\u00e9 podlahy Parador\"}]},{\"@type\":\"WebSite\",\"@id\":\"https:\/\/damiper.sk\/sk\/#website\",\"url\":\"https:\/\/damiper.sk\/sk\/\",\"name\":\"Damiper s.r.o. \u00bb Okn\u00e1 | dvere | podlahy\",\"description\":\"Plastov\u00e9 okn\u00e1 | Dvere | Podlahy | Interi\u00e9r\",\"potentialAction\":[{\"@type\":\"SearchAction\",\"target\":{\"@type\":\"EntryPoint\",\"urlTemplate\":\"https:\/\/damiper.sk\/sk\/?s={search_term_string}\"},\"query-input\":{\"@type\":\"PropertyValueSpecification\",\"valueRequired\":true,\"valueName\":\"search_term_string\"}}],\"inLanguage\":\"sk-SK\"}]}<\/script>\n<!-- \/ Yoast SEO plugin. -->","yoast_head_json":{"title":"Kompozitn\u00e9 podlahy Parador SPC Basic 5.3 | Damiper s. r. o.","description":"Kompozitn\u00e9 podlahy Parador SPC Basic 5.3 | Vy\u017eiadajte si nez\u00e1v\u00e4zn\u00fa cenov\u00fa ponuku | 0911 190 227 | info@damiper.sk | www.damiper.sk","robots":{"index":"index","follow":"follow","max-snippet":"max-snippet:-1","max-image-preview":"max-image-preview:large","max-video-preview":"max-video-preview:-1"},"canonical":"https:\/\/damiper.sk\/sk\/produkt\/spc-basic-53-kompozitne-podlahy-parador\/","og_locale":"sk_SK","og_type":"article","og_title":"Kompozitn\u00e9 podlahy Parador SPC Basic 5.3 | Damiper s. r. o.","og_description":"Kompozitn\u00e9 podlahy Parador SPC Basic 5.3 | Vy\u017eiadajte si nez\u00e1v\u00e4zn\u00fa cenov\u00fa ponuku | 0911 190 227 | info@damiper.sk | www.damiper.sk","og_url":"https:\/\/damiper.sk\/sk\/produkt\/spc-basic-53-kompozitne-podlahy-parador\/","og_site_name":"Damiper s.r.o. \u00bb Okn\u00e1 | dvere | podlahy","article_modified_time":"2025-01-22T01:51:44+00:00","og_image":[{"width":1280,"height":960,"url":"http:\/\/damiper.sk\/sk\/wp-content\/uploads\/spc_basic_1743004.jpg","type":"image\/jpeg"}],"twitter_card":"summary_large_image","twitter_misc":{"Predpokladan\u00fd \u010das \u010d\u00edtania":"3 min\u00faty"},"schema":{"@context":"https:\/\/schema.org","@graph":[{"@type":"WebPage","@id":"https:\/\/damiper.sk\/sk\/produkt\/spc-basic-53-kompozitne-podlahy-parador\/","url":"https:\/\/damiper.sk\/sk\/produkt\/spc-basic-53-kompozitne-podlahy-parador\/","name":"Kompozitn\u00e9 podlahy Parador SPC Basic 5.3 | Damiper s. r. o.","isPartOf":{"@id":"https:\/\/damiper.sk\/sk\/#website"},"primaryImageOfPage":{"@id":"https:\/\/damiper.sk\/sk\/produkt\/spc-basic-53-kompozitne-podlahy-parador\/#primaryimage"},"image":{"@id":"https:\/\/damiper.sk\/sk\/produkt\/spc-basic-53-kompozitne-podlahy-parador\/#primaryimage"},"thumbnailUrl":"https:\/\/damiper.sk\/sk\/wp-content\/uploads\/spc_basic_1743004.jpg","datePublished":"2023-03-08T20:33:29+00:00","dateModified":"2025-01-22T01:51:44+00:00","description":"Kompozitn\u00e9 podlahy Parador SPC Basic 5.3 | Vy\u017eiadajte si nez\u00e1v\u00e4zn\u00fa cenov\u00fa ponuku | 0911 190 227 | info@damiper.sk | www.damiper.sk","breadcrumb":{"@id":"https:\/\/damiper.sk\/sk\/produkt\/spc-basic-53-kompozitne-podlahy-parador\/#breadcrumb"},"inLanguage":"sk-SK","potentialAction":[{"@type":"ReadAction","target":["https:\/\/damiper.sk\/sk\/produkt\/spc-basic-53-kompozitne-podlahy-parador\/"]}]},{"@type":"ImageObject","inLanguage":"sk-SK","@id":"https:\/\/damiper.sk\/sk\/produkt\/spc-basic-53-kompozitne-podlahy-parador\/#primaryimage","url":"https:\/\/damiper.sk\/sk\/wp-content\/uploads\/spc_basic_1743004.jpg","contentUrl":"https:\/\/damiper.sk\/sk\/wp-content\/uploads\/spc_basic_1743004.jpg","width":1280,"height":960,"caption":"Parador SPC Basic 5.3 P1743004 Dub pr\u00edrodn\u00fd - skladom s dovozom ZDARMA"},{"@type":"BreadcrumbList","@id":"https:\/\/damiper.sk\/sk\/produkt\/spc-basic-53-kompozitne-podlahy-parador\/#breadcrumb","itemListElement":[{"@type":"ListItem","position":1,"name":"Domovsk\u00e1 str\u00e1nka","item":"https:\/\/damiper.sk\/sk\/"},{"@type":"ListItem","position":2,"name":"Shop","item":"https:\/\/damiper.sk\/sk\/?page_id=323"},{"@type":"ListItem","position":3,"name":"SPC Basic 5.3 &#8211; kompozitn\u00e9 podlahy Parador"}]},{"@type":"WebSite","@id":"https:\/\/damiper.sk\/sk\/#website","url":"https:\/\/damiper.sk\/sk\/","name":"Damiper s.r.o. \u00bb Okn\u00e1 | dvere | podlahy","description":"Plastov\u00e9 okn\u00e1 | Dvere | Podlahy | Interi\u00e9r","potentialAction":[{"@type":"SearchAction","target":{"@type":"EntryPoint","urlTemplate":"https:\/\/damiper.sk\/sk\/?s={search_term_string}"},"query-input":{"@type":"PropertyValueSpecification","valueRequired":true,"valueName":"search_term_string"}}],"inLanguage":"sk-SK"}]}},"_links":{"self":[{"href":"https:\/\/damiper.sk\/sk\/wp-json\/wp\/v2\/product\/7437","targetHints":{"allow":["GET"]}}],"collection":[{"href":"https:\/\/damiper.sk\/sk\/wp-json\/wp\/v2\/product"}],"about":[{"href":"https:\/\/damiper.sk\/sk\/wp-json\/wp\/v2\/types\/product"}],"replies":[{"embeddable":true,"href":"https:\/\/damiper.sk\/sk\/wp-json\/wp\/v2\/comments?post=7437"}],"wp:featuredmedia":[{"embeddable":true,"href":"https:\/\/damiper.sk\/sk\/wp-json\/wp\/v2\/media\/7452"}],"wp:attachment":[{"href":"https:\/\/damiper.sk\/sk\/wp-json\/wp\/v2\/media?parent=7437"}],"wp:term":[{"taxonomy":"product_brand","embeddable":true,"href":"https:\/\/damiper.sk\/sk\/wp-json\/wp\/v2\/product_brand?post=7437"},{"taxonomy":"product_cat","embeddable":true,"href":"https:\/\/damiper.sk\/sk\/wp-json\/wp\/v2\/product_cat?post=7437"},{"taxonomy":"product_tag","embeddable":true,"href":"https:\/\/damiper.sk\/sk\/wp-json\/wp\/v2\/product_tag?post=7437"}],"curies":[{"name":"wp","href":"https:\/\/api.w.org\/{rel}","templated":true}]}}