{"id":7473,"date":"2023-03-12T22:13:35","date_gmt":"2023-03-12T20:13:35","guid":{"rendered":"http:\/\/damiper.sk\/sk\/?post_type=product&#038;p=7473"},"modified":"2025-01-22T04:06:49","modified_gmt":"2025-01-22T02:06:49","slug":"laminatove-podlahy-parador","status":"publish","type":"product","link":"https:\/\/damiper.sk\/sk\/produkt\/laminatove-podlahy-parador\/","title":{"rendered":"Basic a Classic &#8211; lamin\u00e1tov\u00e9 podlahy Parador"},"content":{"rendered":"<h2><strong><span style=\"color: #ff9900;\">Lamin\u00e1tov\u00e9 podlahy Parador <\/span><\/strong><\/h2>\n<h3><strong><span style=\"color: #ff9900;\">Kolekcia Basic\u00a0<\/span><\/strong><\/h3>\n<p>Made in Germany \u2013 z\u00e1ruka \u0161pi\u010dkovej kvality<\/p>\n<p>Rada <strong>Basic 400 a 600<\/strong> je ur\u010den\u00e1 pre be\u017en\u00e9 pou\u017eitie a\u00a0\u013eahk\u00fa \u00fadr\u017ebu. M\u00e1 ochranu pred napu\u010dan\u00edm hr\u00e1n. Pon\u00faka tak vysok\u00fa ochranu pri ka\u017edodennom nam\u00e1han\u00ed. Odoln\u00e1 a\u00a0zdravotne nez\u00e1vadn\u00e1 podlaha s\u00a0\u013eahkou \u00fadr\u017ebou je ide\u00e1lna pre pou\u017eitie v r\u00f4znych oblastiach b\u00fdvania.\u00a0V\u010faka patentovanej zaklik\u00e1vacej mechanike Safe-Lock PRO zais\u0165uje vysok\u00fa stabilitu a\u00a0presnos\u0165 pokl\u00e1dky.<\/p>\n<ul>\n<li>lamin\u00e1tov\u00e1 podlaha s n\u00edzkym obsahom emisi\u00ed<\/li>\n<li>certifikovan\u00e1 na najpr\u00edsnej\u0161ie po\u017eiadavky t\u00fdkaj\u00face sa \u0161kodliv\u00edn a emisi\u00ed<\/li>\n<li>ekologick\u00e1 &#8211; z h\u013eadiska energetickej \u00faspornosti a udr\u017eate\u013enosti<\/li>\n<li>trieda A v kvalite vn\u00fatorn\u00e9ho ovzdu\u0161ia<\/li>\n<li>lamin\u00e1tov\u00e1 podlaha certifikovan\u00e1 pre zlep\u0161ovanie trvalo udr\u017eate\u013en\u00e9ho zalesnenia<\/li>\n<li>4-strann\u00e1 V dr\u00e1\u017eka alebo bez<\/li>\n<li>vhodn\u00e1 na podlahov\u00e9 k\u00farenie<\/li>\n<\/ul>\n<h3><strong><span style=\"color: #ff9900;\">Kolekcia Classic<\/span><\/strong><\/h3>\n<p>Lamin\u00e1tov\u00e1 podlaha z produktovej rady <strong>Classic 1050<\/strong> od spolo\u010dnosti Parador je:<\/p>\n<ul>\n<li>Vhodn\u00e1 na podlahov\u00e9 k\u00farenie aj chladenie<\/li>\n<li>Ekologick\u00e1, bez obsahu \u0161kodliv\u00fdch l\u00e1tok<\/li>\n<li>Odoln\u00e1 pred mikro\u0161krabancami<\/li>\n<li>Antistatick\u00e1<\/li>\n<li>4-strann\u00e1 V dr\u00e1\u017eka alebo bez<\/li>\n<li>vhodn\u00e1 na podlahov\u00e9 k\u00farenie<\/li>\n<\/ul>\n<p>V\u010faka patentovan\u00e9mu zaklik\u00e1vaciemu mechanizmu SafeLock\u00ae PRO a n\u00edzkej v\u00fd\u0161ke lamely iba 8 mm mo\u017eno podlahy polo\u017ei\u0165 presne a \u013eahko.\u00a0\u0160peci\u00e1lna nosn\u00e1 doska Aqua-Proof umo\u017e\u0148uje pou\u017eitie aj vo vlhk\u00fdch miestnostiach. Podlahy produktovej rady Classic 1050 s\u00fa stabiln\u00e9 a maj\u00fa vynikaj\u00facu ochranu proti napu\u010daniu.<\/p>\n<p>Kolekcie Basic a Classic s\u00fa rady lamin\u00e1tov\u00fdch podl\u00e1h, ktor\u00e9 sp\u013a\u0148aj\u00fa krit\u00e9ri\u00e1 aj t\u00fdch najn\u00e1ro\u010dnej\u0161\u00edch &#8211; dod\u00e1vaj\u00fa pocit tepla, pohody, luxusu. Bezkonkuren\u010dn\u00e1 nemeck\u00e1 kvalita t\u00fdchto podl\u00e1h si podman\u00ed ka\u017ed\u00e9ho, kto chce od svojej podlahy nie\u010do viac, ne\u017e len povrchov\u00fa vrstvu na poter. V na\u0161ej ponuke n\u00e1jdete aj v\u0161etky potrebn\u00e9 doplnky k polo\u017eeniu podlahy &#8211; li\u0161ty, podlo\u017eky, lepidl\u00e1, tmely, \u00fachyty a podobne.<\/p>\n<p>Pre \u010do najdlh\u0161ie zachovanie kr\u00e1sneho vzh\u013eadu va\u0161ej novej, odpor\u00fa\u010dame ju vhodne o\u0161etrova\u0165.\u00a0Treba ju teda \u010disti\u0165 najm\u00e4 vys\u00e1van\u00edm, pri um\u00fdvan\u00ed odpor\u00fa\u010dame pou\u017e\u00edva\u0165 neagres\u00edvne prostriedky. Najlep\u0161ie kozmetiku pre \u00fadr\u017ebu pl\u00e1vaj\u00facej podlahy zna\u010dky <a href=\"http:\/\/damiper.sk\/sk\/udrzba_plavajucej_podlahy_bonamop\/\" target=\"_blank\" rel=\"noopener noreferrer\">Bona<\/a>, ktor\u00fa n\u00e1jdete v na\u0161ej ponuke.<\/p>\n<p>Lamin\u00e1tov\u00e9 podlahy Parador Basic a Classic m\u00e1me vystavn\u00e9 v priestoroch obchodnej kancel\u00e1rie v B\u00e1novciach nad Bebravou. Skladom m\u00e1me 10 dekorov s dovozom na Slovensku ZDARMA.<\/p>\n","protected":false},"excerpt":{"rendered":"<p><span style=\"color: #800000;\"><strong>Orienta\u010dn\u00e1 cena podlahy (s DPH\/m2):<\/strong><\/span><\/p>\n<p><b>Basic 400 kolekcia: od 19,49 Eur<\/b><\/p>\n<p><strong>Basic 600 kolekcia: od 20,49 Eur<\/strong><\/p>\n<p>\u010c\u00edm viac potrebujete, o to lep\u0161iu cenu dostanete.<\/p>\n<p>\u2013\u2013\u2013\u2013\u2013\u2013\u2013\u2013\u2013\u2013\u2013\u2013\u2013\u2013\u2013\u2013\u2013\u2013\u2013\u2013\u2013\u2013\u2013\u2013\u2013\u2013\u2013\u2013\u2013\u2013\u2013\u2013\u2013\u2013\u2013\u2013\u2013\u2013\u2013\u2013\u2013\u2013\u2013\u2013\u2013\u2013\u2013<\/p>\n<p><span style=\"color: #800000;\"><strong><a href=\"https:\/\/damiper.sk\/sk\/kontakt_damiper\/\" target=\"_blank\" rel=\"noopener\">Nap\u00ed\u0161te n\u00e1m<\/a>, radi V\u00e1m vypracujeme nez\u00e1v\u00e4zn\u00fa ponuku presne pod\u013ea Va\u0161ich \u0161pecifik\u00e1ci\u00ed.<\/strong><\/span><\/p>\n<p>\u2013\u2013\u2013\u2013\u2013\u2013\u2013\u2013\u2013\u2013\u2013\u2013\u2013\u2013\u2013\u2013\u2013\u2013\u2013\u2013\u2013\u2013\u2013\u2013\u2013\u2013\u2013\u2013\u2013\u2013\u2013\u2013\u2013\u2013\u2013\u2013\u2013\u2013\u2013\u2013\u2013\u2013\u2013\u2013\u2013\u2013\u2013<\/p>\n<p><strong>Hr\u00fabka podlahy: 8 mm <\/strong><\/p>\n<p><b>Trieda z\u00e1\u0165a\u017ee: 23\/32<\/b><\/p>\n<p><b>Trieda oderu: AC4<\/b><\/p>\n<p><strong>Vzh\u013ead: 1-lamela so 4V \u0161p\u00e1rou\u00a0<\/strong><\/p>\n<p><strong>Rozmer lamely (mm): 194 x 8 x 1 285 \u2013 Basic 400<\/strong><\/p>\n<p><strong>\u00a0 \u00a0 \u00a0 \u00a0 \u00a0 \u00a0 \u00a0 \u00a0 \u00a0 \u00a0 \u00a0 \u00a0 \u00a0 \u00a0 \u00a0 \u00a0 \u00a0 \u00a0 \u00a0 243 x 8 x 1 285 \u2013 Basic 600<\/strong><\/p>\n<p><strong>\u00a0 \u00a0 \u00a0 \u00a0 \u00a0 \u00a0 \u00a0 \u00a0 \u00a0 \u00a0 \u00a0 \u00a0 \u00a0 \u00a0 \u00a0 \u00a0 \u00a0 \u00a0 \u00a0 194 x 8 x 1 285 \u2013 Classic 1050<\/strong><\/p>\n<p><strong>Doprava ZDARMA v r\u00e1mci celej SR<\/strong><\/p>\n<p>* skladom: dodanie v priebehu 2 pracovn\u00fdch dn\u00ed<\/p>\n<p><strong><span style=\"color: #800000;\">P1426542 | P1593795 | P1593797 |<\/span><\/strong><\/p>\n<p><strong><span style=\"color: #800000;\">P1593828 | P1593829\u00a0| P1593830\u00a0| <\/span><\/strong><\/p>\n<p><strong><span style=\"color: #800000;\">P1475599 | <\/span><\/strong><strong><span style=\"color: #800000;\">P1475603 | P1601449<\/span><\/strong><\/p>\n","protected":false},"featured_media":7466,"comment_status":"closed","ping_status":"closed","template":"","meta":[],"product_brand":[],"product_cat":[207,208,41],"product_tag":[55,59,278,279,280,214,56,211],"class_list":{"0":"post-7473","1":"product","2":"type-product","3":"status-publish","4":"has-post-thumbnail","6":"product_cat-laminatove-podlahy-parador","7":"product_cat-podlahy-parador","8":"product_cat-podlahy","9":"product_tag-1-lamela","10":"product_tag-4v-drazka","11":"product_tag-basic-400","12":"product_tag-basic-600","13":"product_tag-classic-1050","14":"product_tag-laminatova-podlaha","15":"product_tag-palubovka","16":"product_tag-parador","18":"first","19":"instock","20":"shipping-taxable","21":"product-type-simple"},"yoast_head":"<!-- This site is optimized with the Yoast SEO plugin v26.5 - https:\/\/yoast.com\/wordpress\/plugins\/seo\/ -->\n<title>Lamin\u00e1tov\u00e9 podlahy Parador Basic a Classic | Damiper s. r. o.<\/title>\n<meta name=\"description\" content=\"Lamin\u00e1tov\u00e9 podlahy Parador Basic a Classic | Vy\u017eiadajte si nez\u00e1v\u00e4zn\u00fa cenov\u00fa ponuku | 0911 190 227 | info@damiper.sk | www.damiper.sk\" \/>\n<meta name=\"robots\" content=\"index, follow, max-snippet:-1, max-image-preview:large, max-video-preview:-1\" \/>\n<link rel=\"canonical\" href=\"https:\/\/damiper.sk\/sk\/produkt\/laminatove-podlahy-parador\/\" \/>\n<meta property=\"og:locale\" content=\"sk_SK\" \/>\n<meta property=\"og:type\" content=\"article\" \/>\n<meta property=\"og:title\" content=\"Lamin\u00e1tov\u00e9 podlahy Parador Basic a Classic | Damiper s. r. o.\" \/>\n<meta property=\"og:description\" content=\"Lamin\u00e1tov\u00e9 podlahy Parador Basic a Classic | Vy\u017eiadajte si nez\u00e1v\u00e4zn\u00fa cenov\u00fa ponuku | 0911 190 227 | info@damiper.sk | www.damiper.sk\" \/>\n<meta property=\"og:url\" content=\"https:\/\/damiper.sk\/sk\/produkt\/laminatove-podlahy-parador\/\" \/>\n<meta property=\"og:site_name\" content=\"Damiper s.r.o. \u00bb Okn\u00e1 | dvere | podlahy\" \/>\n<meta property=\"article:modified_time\" content=\"2025-01-22T02:06:49+00:00\" \/>\n<meta property=\"og:image\" content=\"http:\/\/damiper.sk\/sk\/wp-content\/uploads\/parador_laminat_basic-400_1426542_dub-bruseny_2.jpg\" \/>\n\t<meta property=\"og:image:width\" content=\"1280\" \/>\n\t<meta property=\"og:image:height\" content=\"960\" \/>\n\t<meta property=\"og:image:type\" content=\"image\/jpeg\" \/>\n<meta name=\"twitter:card\" content=\"summary_large_image\" \/>\n<meta name=\"twitter:label1\" content=\"Predpokladan\u00fd \u010das \u010d\u00edtania\" \/>\n\t<meta name=\"twitter:data1\" content=\"2 min\u00faty\" \/>\n<script type=\"application\/ld+json\" class=\"yoast-schema-graph\">{\"@context\":\"https:\/\/schema.org\",\"@graph\":[{\"@type\":\"WebPage\",\"@id\":\"https:\/\/damiper.sk\/sk\/produkt\/laminatove-podlahy-parador\/\",\"url\":\"https:\/\/damiper.sk\/sk\/produkt\/laminatove-podlahy-parador\/\",\"name\":\"Lamin\u00e1tov\u00e9 podlahy Parador Basic a Classic | Damiper s. r. o.\",\"isPartOf\":{\"@id\":\"https:\/\/damiper.sk\/sk\/#website\"},\"primaryImageOfPage\":{\"@id\":\"https:\/\/damiper.sk\/sk\/produkt\/laminatove-podlahy-parador\/#primaryimage\"},\"image\":{\"@id\":\"https:\/\/damiper.sk\/sk\/produkt\/laminatove-podlahy-parador\/#primaryimage\"},\"thumbnailUrl\":\"https:\/\/damiper.sk\/sk\/wp-content\/uploads\/parador_laminat_basic-400_1426542_dub-bruseny_2.jpg\",\"datePublished\":\"2023-03-12T20:13:35+00:00\",\"dateModified\":\"2025-01-22T02:06:49+00:00\",\"description\":\"Lamin\u00e1tov\u00e9 podlahy Parador Basic a Classic | Vy\u017eiadajte si nez\u00e1v\u00e4zn\u00fa cenov\u00fa ponuku | 0911 190 227 | info@damiper.sk | www.damiper.sk\",\"breadcrumb\":{\"@id\":\"https:\/\/damiper.sk\/sk\/produkt\/laminatove-podlahy-parador\/#breadcrumb\"},\"inLanguage\":\"sk-SK\",\"potentialAction\":[{\"@type\":\"ReadAction\",\"target\":[\"https:\/\/damiper.sk\/sk\/produkt\/laminatove-podlahy-parador\/\"]}]},{\"@type\":\"ImageObject\",\"inLanguage\":\"sk-SK\",\"@id\":\"https:\/\/damiper.sk\/sk\/produkt\/laminatove-podlahy-parador\/#primaryimage\",\"url\":\"https:\/\/damiper.sk\/sk\/wp-content\/uploads\/parador_laminat_basic-400_1426542_dub-bruseny_2.jpg\",\"contentUrl\":\"https:\/\/damiper.sk\/sk\/wp-content\/uploads\/parador_laminat_basic-400_1426542_dub-bruseny_2.jpg\",\"width\":1280,\"height\":960,\"caption\":\"Parador Basic 400 P1426542 Dub br\u00fasen\u00fd - skladom s dovozom ZDARMA\"},{\"@type\":\"BreadcrumbList\",\"@id\":\"https:\/\/damiper.sk\/sk\/produkt\/laminatove-podlahy-parador\/#breadcrumb\",\"itemListElement\":[{\"@type\":\"ListItem\",\"position\":1,\"name\":\"Domovsk\u00e1 str\u00e1nka\",\"item\":\"https:\/\/damiper.sk\/sk\/\"},{\"@type\":\"ListItem\",\"position\":2,\"name\":\"Shop\",\"item\":\"https:\/\/damiper.sk\/sk\/?page_id=323\"},{\"@type\":\"ListItem\",\"position\":3,\"name\":\"Basic a Classic &#8211; lamin\u00e1tov\u00e9 podlahy Parador\"}]},{\"@type\":\"WebSite\",\"@id\":\"https:\/\/damiper.sk\/sk\/#website\",\"url\":\"https:\/\/damiper.sk\/sk\/\",\"name\":\"Damiper s.r.o. \u00bb Okn\u00e1 | dvere | podlahy\",\"description\":\"Plastov\u00e9 okn\u00e1 | Dvere | Podlahy | Interi\u00e9r\",\"potentialAction\":[{\"@type\":\"SearchAction\",\"target\":{\"@type\":\"EntryPoint\",\"urlTemplate\":\"https:\/\/damiper.sk\/sk\/?s={search_term_string}\"},\"query-input\":{\"@type\":\"PropertyValueSpecification\",\"valueRequired\":true,\"valueName\":\"search_term_string\"}}],\"inLanguage\":\"sk-SK\"}]}<\/script>\n<!-- \/ Yoast SEO plugin. -->","yoast_head_json":{"title":"Lamin\u00e1tov\u00e9 podlahy Parador Basic a Classic | Damiper s. r. o.","description":"Lamin\u00e1tov\u00e9 podlahy Parador Basic a Classic | Vy\u017eiadajte si nez\u00e1v\u00e4zn\u00fa cenov\u00fa ponuku | 0911 190 227 | info@damiper.sk | www.damiper.sk","robots":{"index":"index","follow":"follow","max-snippet":"max-snippet:-1","max-image-preview":"max-image-preview:large","max-video-preview":"max-video-preview:-1"},"canonical":"https:\/\/damiper.sk\/sk\/produkt\/laminatove-podlahy-parador\/","og_locale":"sk_SK","og_type":"article","og_title":"Lamin\u00e1tov\u00e9 podlahy Parador Basic a Classic | Damiper s. r. o.","og_description":"Lamin\u00e1tov\u00e9 podlahy Parador Basic a Classic | Vy\u017eiadajte si nez\u00e1v\u00e4zn\u00fa cenov\u00fa ponuku | 0911 190 227 | info@damiper.sk | www.damiper.sk","og_url":"https:\/\/damiper.sk\/sk\/produkt\/laminatove-podlahy-parador\/","og_site_name":"Damiper s.r.o. \u00bb Okn\u00e1 | dvere | podlahy","article_modified_time":"2025-01-22T02:06:49+00:00","og_image":[{"width":1280,"height":960,"url":"http:\/\/damiper.sk\/sk\/wp-content\/uploads\/parador_laminat_basic-400_1426542_dub-bruseny_2.jpg","type":"image\/jpeg"}],"twitter_card":"summary_large_image","twitter_misc":{"Predpokladan\u00fd \u010das \u010d\u00edtania":"2 min\u00faty"},"schema":{"@context":"https:\/\/schema.org","@graph":[{"@type":"WebPage","@id":"https:\/\/damiper.sk\/sk\/produkt\/laminatove-podlahy-parador\/","url":"https:\/\/damiper.sk\/sk\/produkt\/laminatove-podlahy-parador\/","name":"Lamin\u00e1tov\u00e9 podlahy Parador Basic a Classic | Damiper s. r. o.","isPartOf":{"@id":"https:\/\/damiper.sk\/sk\/#website"},"primaryImageOfPage":{"@id":"https:\/\/damiper.sk\/sk\/produkt\/laminatove-podlahy-parador\/#primaryimage"},"image":{"@id":"https:\/\/damiper.sk\/sk\/produkt\/laminatove-podlahy-parador\/#primaryimage"},"thumbnailUrl":"https:\/\/damiper.sk\/sk\/wp-content\/uploads\/parador_laminat_basic-400_1426542_dub-bruseny_2.jpg","datePublished":"2023-03-12T20:13:35+00:00","dateModified":"2025-01-22T02:06:49+00:00","description":"Lamin\u00e1tov\u00e9 podlahy Parador Basic a Classic | Vy\u017eiadajte si nez\u00e1v\u00e4zn\u00fa cenov\u00fa ponuku | 0911 190 227 | info@damiper.sk | www.damiper.sk","breadcrumb":{"@id":"https:\/\/damiper.sk\/sk\/produkt\/laminatove-podlahy-parador\/#breadcrumb"},"inLanguage":"sk-SK","potentialAction":[{"@type":"ReadAction","target":["https:\/\/damiper.sk\/sk\/produkt\/laminatove-podlahy-parador\/"]}]},{"@type":"ImageObject","inLanguage":"sk-SK","@id":"https:\/\/damiper.sk\/sk\/produkt\/laminatove-podlahy-parador\/#primaryimage","url":"https:\/\/damiper.sk\/sk\/wp-content\/uploads\/parador_laminat_basic-400_1426542_dub-bruseny_2.jpg","contentUrl":"https:\/\/damiper.sk\/sk\/wp-content\/uploads\/parador_laminat_basic-400_1426542_dub-bruseny_2.jpg","width":1280,"height":960,"caption":"Parador Basic 400 P1426542 Dub br\u00fasen\u00fd - skladom s dovozom ZDARMA"},{"@type":"BreadcrumbList","@id":"https:\/\/damiper.sk\/sk\/produkt\/laminatove-podlahy-parador\/#breadcrumb","itemListElement":[{"@type":"ListItem","position":1,"name":"Domovsk\u00e1 str\u00e1nka","item":"https:\/\/damiper.sk\/sk\/"},{"@type":"ListItem","position":2,"name":"Shop","item":"https:\/\/damiper.sk\/sk\/?page_id=323"},{"@type":"ListItem","position":3,"name":"Basic a Classic &#8211; lamin\u00e1tov\u00e9 podlahy Parador"}]},{"@type":"WebSite","@id":"https:\/\/damiper.sk\/sk\/#website","url":"https:\/\/damiper.sk\/sk\/","name":"Damiper s.r.o. \u00bb Okn\u00e1 | dvere | podlahy","description":"Plastov\u00e9 okn\u00e1 | Dvere | Podlahy | Interi\u00e9r","potentialAction":[{"@type":"SearchAction","target":{"@type":"EntryPoint","urlTemplate":"https:\/\/damiper.sk\/sk\/?s={search_term_string}"},"query-input":{"@type":"PropertyValueSpecification","valueRequired":true,"valueName":"search_term_string"}}],"inLanguage":"sk-SK"}]}},"_links":{"self":[{"href":"https:\/\/damiper.sk\/sk\/wp-json\/wp\/v2\/product\/7473","targetHints":{"allow":["GET"]}}],"collection":[{"href":"https:\/\/damiper.sk\/sk\/wp-json\/wp\/v2\/product"}],"about":[{"href":"https:\/\/damiper.sk\/sk\/wp-json\/wp\/v2\/types\/product"}],"replies":[{"embeddable":true,"href":"https:\/\/damiper.sk\/sk\/wp-json\/wp\/v2\/comments?post=7473"}],"wp:featuredmedia":[{"embeddable":true,"href":"https:\/\/damiper.sk\/sk\/wp-json\/wp\/v2\/media\/7466"}],"wp:attachment":[{"href":"https:\/\/damiper.sk\/sk\/wp-json\/wp\/v2\/media?parent=7473"}],"wp:term":[{"taxonomy":"product_brand","embeddable":true,"href":"https:\/\/damiper.sk\/sk\/wp-json\/wp\/v2\/product_brand?post=7473"},{"taxonomy":"product_cat","embeddable":true,"href":"https:\/\/damiper.sk\/sk\/wp-json\/wp\/v2\/product_cat?post=7473"},{"taxonomy":"product_tag","embeddable":true,"href":"https:\/\/damiper.sk\/sk\/wp-json\/wp\/v2\/product_tag?post=7473"}],"curies":[{"name":"wp","href":"https:\/\/api.w.org\/{rel}","templated":true}]}}