{"id":7653,"date":"2023-10-17T22:04:38","date_gmt":"2023-10-17T20:04:38","guid":{"rendered":"https:\/\/damiper.sk\/sk\/?post_type=product&#038;p=7653"},"modified":"2024-02-06T23:51:06","modified_gmt":"2024-02-06T21:51:06","slug":"laminatove-podlahy-egger-home_classic","status":"publish","type":"product","link":"https:\/\/damiper.sk\/sk\/produkt\/laminatove-podlahy-egger-home_classic\/","title":{"rendered":"Lamin\u00e1tov\u00e9 podlahy Egger Home Classic"},"content":{"rendered":"<h1 style=\"text-align: center;\">Lamin\u00e1tov\u00e9 podlahy Egger Home Classic &#8211; ponuka dekorov<\/h1>\n<h3 style=\"text-align: center;\"><span style=\"color: #00ccff;\">Zaujala V\u00e1s niektor\u00e1 z pon\u00fakan\u00fdch podl\u00e1h? Nev\u00e1hajte si vy\u017eiada\u0165 nez\u00e1v\u00e4zn\u00fa cenov\u00fa ponuku <a style=\"color: #00ccff;\" href=\"https:\/\/damiper.sk\/sk\/kontakt_damiper\/\">&gt;&gt;TU&lt;&lt;<\/a><\/span><\/h3>\n<p>Lamin\u00e1tov\u00e9 podlahy Home Classic s\u00fa novou kolekciou od v\u00fdrobcu Egger predstavenou pre najbli\u017e\u0161ie roky. T\u00e1to rada lamin\u00e1tov\u00fdch podl\u00e1h \u00a0sa vyzna\u010duje svoj\u00edm v\u00fdnimo\u010dn\u00fdm zlo\u017een\u00edm.<\/p>\n<p>Kolekcia je vyroben\u00e1 z 90% pr\u00edrodn\u00fdch vl\u00e1kien dreva z udr\u017eate\u013en\u00e9ho lesn\u00e9ho hospod\u00e1rstva. Je <strong>bez PVC, zm\u00e4k\u010dovadiel a \u0161kodliv\u00fdch l\u00e1tok. <\/strong>To umo\u017e\u0148uje t\u00fato podlahu zrecyklova\u0165 a n\u00e1js\u0165 jej druhotn\u00e9 vyu\u017eitie v inej forme.<\/p>\n<p><strong>Cel\u00e1 kolekcia je trvanliv\u00e1 a odoln\u00e1 vo\u010di oderu<\/strong>. Ide\u00e1lna do dom\u00e1cnost\u00ed rodinn\u00fdch domov alebo bytov, vr\u00e1tane najviac nam\u00e1han\u00fdch \u010dast\u00ed ako s\u00fa kuchyne so spojen\u00fdmi ob\u00fdvac\u00edmi izbami, alebo predsiene. Rovnako nesklame ani v komer\u010dn\u00fdch priestoroch s miernym za\u0165a\u017een\u00edm.<\/p>\n<p>Cel\u00e1 rada Egger Home Classic je vhodn\u00e1 aj na teplovodn\u00e9 alebo elektrick\u00e9 podlahov\u00e9 k\u00farenie. V\u00fdrobca pre poskytnutie z\u00e1ruky odpor\u00fa\u010da pod podlahu pou\u017eitie spr\u00e1vnej podlo\u017eky a paroz\u00e1brany. V\u010faka svojmu unik\u00e1tnemu Clic it! syst\u00e9mu je mo\u017en\u00e1 pokl\u00e1dka jednotliv\u00fdch lamiel ka\u017edej zvl\u00e1\u0161\u0165. Z\u00e1rove\u0148 pevnos\u0165 spoja dovo\u013euje aj demont\u00e1\u017e a n\u00e1sledn\u00fa op\u00e4tovn\u00fa mont\u00e1\u017e toho ist\u00e9ho kusu lamely.<\/p>\n<h3><span style=\"color: #ff9900;\">Vodeodoln\u00e1 \u00faprava Aqua+<\/span><\/h3>\n<p>Vybran\u00e9 modely podl\u00e1h s ozna\u010den\u00edm Aqua+ s\u00fa vodeodoln\u00e9 a vhodn\u00e9 aj do vlhk\u00fdch priestorov, ako s\u00fa napr\u00edklad k\u00fape\u013ene. Pri testovan\u00ed NALFA testom dosiahli vodeodolnos\u0165 a\u017e 72 hod\u00edn! Pri tomto type podl\u00e1h v\u00fdrobca Egger garantuje do\u017eivotn\u00fa z\u00e1ruku (pri dodr\u017ean\u00ed v\u0161etk\u00fdch v\u00fdrobcom odpor\u00fa\u010dan\u00fdch postupov pri in\u0161tal\u00e1cii).<\/p>\n<p><img fetchpriority=\"high\" decoding=\"async\" class=\"size-full wp-image-7655\" src=\"http:\/\/damiper.sk\/sk\/wp-content\/uploads\/Snimka-obrazovky-2023-10-17-o-22.13.26.png\" alt=\"\" width=\"1199\" height=\"233\" srcset=\"https:\/\/damiper.sk\/sk\/wp-content\/uploads\/Snimka-obrazovky-2023-10-17-o-22.13.26.png 1199w, https:\/\/damiper.sk\/sk\/wp-content\/uploads\/Snimka-obrazovky-2023-10-17-o-22.13.26-300x58.png 300w, https:\/\/damiper.sk\/sk\/wp-content\/uploads\/Snimka-obrazovky-2023-10-17-o-22.13.26-1024x199.png 1024w, https:\/\/damiper.sk\/sk\/wp-content\/uploads\/Snimka-obrazovky-2023-10-17-o-22.13.26-600x117.png 600w\" sizes=\"(max-width: 1199px) 100vw, 1199px\" \/><\/p>\n<h3><span style=\"color: #ff9900;\">Lamin\u00e1tov\u00e9 podlahy Egger Home Classic \u00a0&#8211; hlavn\u00e9 v\u00fdhody<\/span><\/h3>\n<ul>\n<li>dlh\u00e1 \u017eivotnos\u0165<\/li>\n<li>z\u00e1ruka pre dom\u00e1cnosti a\u017e 20 rokov<\/li>\n<li><a href=\"https:\/\/damiper.sk\/sk\/udrzba_plavajucej_podlahy_bonamop\/\">jednoduch\u00e1 na \u00fadr\u017ebu<\/a><\/li>\n<li>proti\u0161mykov\u00e1 R10 \u00faprava<\/li>\n<li>antibakteri\u00e1lna<\/li>\n<li>antistatick\u00e1<\/li>\n<li>vyroben\u00e1 z obnovite\u013en\u00fdch zdrojov a pr\u00edrodn\u00fdch dreven\u00fdch vl\u00e1kien<\/li>\n<li>mont\u00e1\u017e pl\u00e1vaj\u00facou pokl\u00e1dkou<\/li>\n<li>povrch &#8211; imit\u00e1cia dreva<\/li>\n<\/ul>\n<p>&nbsp;<\/p>\n<h3><span style=\"color: #ff9900;\">Lamin\u00e1tov\u00e9 podlahy Egger Home Classic &#8211; vlastnosti<\/span><\/h3>\n<ul>\n<li>hr\u00fabka podlahy &#8211; 8 mm<\/li>\n<li>Trieda za\u0165a\u017eenia &#8211; 23\/32<\/li>\n<li>vzh\u013ead &#8211; 1-lamela s 4V \u0161p\u00e1rou<\/li>\n<li>tepeln\u00fd odpor &#8211; 0,07 m2K\/W &#8211; vhodn\u00e1 na podlahov\u00e9 k\u00farenie<\/li>\n<li>klik &#8211; Clic it&#8220; &#8211; bezlepidlov\u00fd clic system<\/li>\n<li>rozmer lamely (mm) &#8211; 192 x 8 x 1292 mm &#8211; \u00a0bal. 1,995 m2\/bal<\/li>\n<\/ul>\n<p>Ku pl\u00e1vaj\u00facim podlah\u00e1m pon\u00fakame aj v\u0161etky doplnky zna\u010diek Egger, Arbiton, C\u00e9zar, Parador, Quick-step:<\/p>\n<ul>\n<li>paroz\u00e1brany<\/li>\n<li>podlo\u017eky pod podlahy (vhodn\u00e9 na alebo bez podlahov\u00e9ho k\u00farenia)<\/li>\n<li>obvodov\u00e9 li\u0161ty + v\u0161etky doplnky<\/li>\n<li>prechodov\u00e9 li\u0161ty<\/li>\n<li>ukon\u010dovacie li\u0161ty<\/li>\n<li>lepidl\u00e1, tmely, &#8230;<\/li>\n<li>korek\u010dn\u00e9 sady<\/li>\n<li>pr\u00edpravky na \u00fadr\u017ebu<\/li>\n<\/ul>\n","protected":false},"excerpt":{"rendered":"<p><span style=\"color: #800000;\"><strong>Orienta\u010dn\u00e1 cena podlahy (s DPH\/m2):<\/strong><\/span><\/p>\n<p><strong>0 &#8211; 30 m2: \u00a0 15,70 Eur<\/strong><\/p>\n<p><strong>31 &#8211; 50 m2: 15,30 Eur<\/strong><\/p>\n<p><strong>51 &#8211; 70 m2: 15,00 Eur<\/strong><\/p>\n<p><strong>71 &#8211; 90 m2: 14,80 Eur<\/strong><\/p>\n<p><strong>nad 91 m2: 14,40 Eur<\/strong><\/p>\n<p>\u2013\u2013\u2013\u2013\u2013\u2013\u2013\u2013\u2013\u2013\u2013\u2013\u2013\u2013\u2013\u2013\u2013\u2013\u2013\u2013\u2013\u2013\u2013\u2013\u2013\u2013\u2013\u2013\u2013\u2013\u2013\u2013\u2013\u2013\u2013\u2013\u2013\u2013\u2013\u2013\u2013\u2013\u2013\u2013\u2013\u2013\u2013<\/p>\n<p><span style=\"color: #800000;\"><strong><a href=\"https:\/\/damiper.sk\/sk\/kontakt_damiper\/\" target=\"_blank\" rel=\"noopener\">Nap\u00ed\u0161te n\u00e1m<\/a>, radi V\u00e1m vypracujeme nez\u00e1v\u00e4zn\u00fa ponuku presne pod\u013ea Va\u0161ich \u0161pecifik\u00e1ci\u00ed.<\/strong><\/span><\/p>\n<p>\u2013\u2013\u2013\u2013\u2013\u2013\u2013\u2013\u2013\u2013\u2013\u2013\u2013\u2013\u2013\u2013\u2013\u2013\u2013\u2013\u2013\u2013\u2013\u2013\u2013\u2013\u2013\u2013\u2013\u2013\u2013\u2013\u2013\u2013\u2013\u2013\u2013\u2013\u2013\u2013\u2013\u2013\u2013\u2013\u2013\u2013\u2013<\/p>\n<p><strong>Hr\u00fabka podlahy: 8 mm<\/strong><\/p>\n<p><strong>Tried za\u0165a\u017eenia: 23\/32<\/strong><\/p>\n<p><strong>Vzh\u013ead: 1-lamela so 4V \u0161p\u00e1rou\u00a0<\/strong><\/p>\n<p><strong>Rozmer lamely (v mm): 192 x 8 x 1292 mm Classic<\/strong><\/p>\n<p><strong>Doprava ZDARMA v r\u00e1mci celej SR<\/strong><\/p>\n<p>*skladom: dodanie v priebehu 2 pracovn\u00fdch dn\u00ed<\/p>\n<p><span style=\"color: #993300;\"><span style=\"caret-color: #993300;\"><b>EHL133 | EHL051 | EHL185 | EHL107 | EHL146<\/b><\/span><\/span><\/p>\n<p><span style=\"color: #993300;\"><span style=\"caret-color: #993300;\"><b>EHL145 | EHL014 | EHL086 | EHL143 | EHL141<\/b><\/span><\/span><\/p>\n<p><span style=\"color: #993300;\"><span style=\"caret-color: #993300;\"><b>EHL039 | EHL139 | EHL098 | EHL016 | EHL015<\/b><\/span><\/span><\/p>\n<p><span style=\"color: #993300;\"><span style=\"caret-color: #993300;\"><b>\u00faprava Aqua+<\/b><\/span><\/span><\/p>\n<p><span style=\"color: #993300;\"><span style=\"caret-color: #993300;\"><b>EHL103 | EHL170 | EHL106 | EHL167 | EHL075<\/b><\/span><\/span><\/p>\n<p>&nbsp;<\/p>\n<p>&nbsp;<\/p>\n","protected":false},"featured_media":7648,"comment_status":"closed","ping_status":"closed","template":"","meta":[],"product_brand":[],"product_cat":[41,63],"product_tag":[55,59,245,214,56,236],"class_list":{"0":"post-7653","1":"product","2":"type-product","3":"status-publish","4":"has-post-thumbnail","6":"product_cat-podlahy","7":"product_cat-egger","8":"product_tag-1-lamela","9":"product_tag-4v-drazka","10":"product_tag-8mm","11":"product_tag-laminatova-podlaha","12":"product_tag-palubovka","13":"product_tag-vodeodolna","15":"first","16":"instock","17":"shipping-taxable","18":"product-type-simple"},"yoast_head":"<!-- This site is optimized with the Yoast SEO plugin v26.5 - https:\/\/yoast.com\/wordpress\/plugins\/seo\/ -->\n<title>Lamin\u00e1tov\u00e9 podlahy Egger Home Classic | Damiper | Okn\u00e1 | Dvere<\/title>\n<meta name=\"description\" content=\"Lamin\u00e1tov\u00e9 podlahy Egger Home Classic | doprava ZDARMA | Vy\u017eiadajte si nez\u00e1v\u00e4zn\u00fa cenov\u00fa ponuku | 0911190227 | info@damiper.sk | www.damiper.sk\" \/>\n<meta name=\"robots\" content=\"index, follow, max-snippet:-1, max-image-preview:large, max-video-preview:-1\" \/>\n<link rel=\"canonical\" href=\"https:\/\/damiper.sk\/sk\/produkt\/laminatove-podlahy-egger-home_classic\/\" \/>\n<meta property=\"og:locale\" content=\"sk_SK\" \/>\n<meta property=\"og:type\" content=\"article\" \/>\n<meta property=\"og:title\" content=\"Lamin\u00e1tov\u00e9 podlahy Egger Home Classic | Damiper | Okn\u00e1 | Dvere\" \/>\n<meta property=\"og:description\" content=\"Lamin\u00e1tov\u00e9 podlahy Egger Home Classic | doprava ZDARMA | Vy\u017eiadajte si nez\u00e1v\u00e4zn\u00fa cenov\u00fa ponuku | 0911190227 | info@damiper.sk | www.damiper.sk\" \/>\n<meta property=\"og:url\" content=\"https:\/\/damiper.sk\/sk\/produkt\/laminatove-podlahy-egger-home_classic\/\" \/>\n<meta property=\"og:site_name\" content=\"Damiper s.r.o. \u00bb Okn\u00e1 | dvere | podlahy\" \/>\n<meta property=\"article:modified_time\" content=\"2024-02-06T21:51:06+00:00\" \/>\n<meta property=\"og:image\" content=\"http:\/\/damiper.sk\/sk\/wp-content\/uploads\/ilustracny_ehl106.jpg\" \/>\n\t<meta property=\"og:image:width\" content=\"1280\" \/>\n\t<meta property=\"og:image:height\" content=\"960\" \/>\n\t<meta property=\"og:image:type\" content=\"image\/jpeg\" \/>\n<meta name=\"twitter:card\" content=\"summary_large_image\" \/>\n<meta name=\"twitter:label1\" content=\"Predpokladan\u00fd \u010das \u010d\u00edtania\" \/>\n\t<meta name=\"twitter:data1\" content=\"3 min\u00faty\" \/>\n<script type=\"application\/ld+json\" class=\"yoast-schema-graph\">{\"@context\":\"https:\/\/schema.org\",\"@graph\":[{\"@type\":\"WebPage\",\"@id\":\"https:\/\/damiper.sk\/sk\/produkt\/laminatove-podlahy-egger-home_classic\/\",\"url\":\"https:\/\/damiper.sk\/sk\/produkt\/laminatove-podlahy-egger-home_classic\/\",\"name\":\"Lamin\u00e1tov\u00e9 podlahy Egger Home Classic | Damiper | Okn\u00e1 | Dvere\",\"isPartOf\":{\"@id\":\"https:\/\/damiper.sk\/sk\/#website\"},\"primaryImageOfPage\":{\"@id\":\"https:\/\/damiper.sk\/sk\/produkt\/laminatove-podlahy-egger-home_classic\/#primaryimage\"},\"image\":{\"@id\":\"https:\/\/damiper.sk\/sk\/produkt\/laminatove-podlahy-egger-home_classic\/#primaryimage\"},\"thumbnailUrl\":\"https:\/\/damiper.sk\/sk\/wp-content\/uploads\/ilustracny_ehl106.jpg\",\"datePublished\":\"2023-10-17T20:04:38+00:00\",\"dateModified\":\"2024-02-06T21:51:06+00:00\",\"description\":\"Lamin\u00e1tov\u00e9 podlahy Egger Home Classic | doprava ZDARMA | Vy\u017eiadajte si nez\u00e1v\u00e4zn\u00fa cenov\u00fa ponuku | 0911190227 | info@damiper.sk | www.damiper.sk\",\"breadcrumb\":{\"@id\":\"https:\/\/damiper.sk\/sk\/produkt\/laminatove-podlahy-egger-home_classic\/#breadcrumb\"},\"inLanguage\":\"sk-SK\",\"potentialAction\":[{\"@type\":\"ReadAction\",\"target\":[\"https:\/\/damiper.sk\/sk\/produkt\/laminatove-podlahy-egger-home_classic\/\"]}]},{\"@type\":\"ImageObject\",\"inLanguage\":\"sk-SK\",\"@id\":\"https:\/\/damiper.sk\/sk\/produkt\/laminatove-podlahy-egger-home_classic\/#primaryimage\",\"url\":\"https:\/\/damiper.sk\/sk\/wp-content\/uploads\/ilustracny_ehl106.jpg\",\"contentUrl\":\"https:\/\/damiper.sk\/sk\/wp-content\/uploads\/ilustracny_ehl106.jpg\",\"width\":1280,\"height\":960,\"caption\":\"Egger Home Classic Aqua+ EHL106 Dub Creston pr\u00edrodn\u00fd - skladom s dovozom ZDARMA\"},{\"@type\":\"BreadcrumbList\",\"@id\":\"https:\/\/damiper.sk\/sk\/produkt\/laminatove-podlahy-egger-home_classic\/#breadcrumb\",\"itemListElement\":[{\"@type\":\"ListItem\",\"position\":1,\"name\":\"Domovsk\u00e1 str\u00e1nka\",\"item\":\"https:\/\/damiper.sk\/sk\/\"},{\"@type\":\"ListItem\",\"position\":2,\"name\":\"Shop\",\"item\":\"https:\/\/damiper.sk\/sk\/?page_id=323\"},{\"@type\":\"ListItem\",\"position\":3,\"name\":\"Lamin\u00e1tov\u00e9 podlahy Egger Home Classic\"}]},{\"@type\":\"WebSite\",\"@id\":\"https:\/\/damiper.sk\/sk\/#website\",\"url\":\"https:\/\/damiper.sk\/sk\/\",\"name\":\"Damiper s.r.o. \u00bb Okn\u00e1 | dvere | podlahy\",\"description\":\"Plastov\u00e9 okn\u00e1 | Dvere | Podlahy | Interi\u00e9r\",\"potentialAction\":[{\"@type\":\"SearchAction\",\"target\":{\"@type\":\"EntryPoint\",\"urlTemplate\":\"https:\/\/damiper.sk\/sk\/?s={search_term_string}\"},\"query-input\":{\"@type\":\"PropertyValueSpecification\",\"valueRequired\":true,\"valueName\":\"search_term_string\"}}],\"inLanguage\":\"sk-SK\"}]}<\/script>\n<!-- \/ Yoast SEO plugin. -->","yoast_head_json":{"title":"Lamin\u00e1tov\u00e9 podlahy Egger Home Classic | Damiper | Okn\u00e1 | Dvere","description":"Lamin\u00e1tov\u00e9 podlahy Egger Home Classic | doprava ZDARMA | Vy\u017eiadajte si nez\u00e1v\u00e4zn\u00fa cenov\u00fa ponuku | 0911190227 | info@damiper.sk | www.damiper.sk","robots":{"index":"index","follow":"follow","max-snippet":"max-snippet:-1","max-image-preview":"max-image-preview:large","max-video-preview":"max-video-preview:-1"},"canonical":"https:\/\/damiper.sk\/sk\/produkt\/laminatove-podlahy-egger-home_classic\/","og_locale":"sk_SK","og_type":"article","og_title":"Lamin\u00e1tov\u00e9 podlahy Egger Home Classic | Damiper | Okn\u00e1 | Dvere","og_description":"Lamin\u00e1tov\u00e9 podlahy Egger Home Classic | doprava ZDARMA | Vy\u017eiadajte si nez\u00e1v\u00e4zn\u00fa cenov\u00fa ponuku | 0911190227 | info@damiper.sk | www.damiper.sk","og_url":"https:\/\/damiper.sk\/sk\/produkt\/laminatove-podlahy-egger-home_classic\/","og_site_name":"Damiper s.r.o. \u00bb Okn\u00e1 | dvere | podlahy","article_modified_time":"2024-02-06T21:51:06+00:00","og_image":[{"width":1280,"height":960,"url":"http:\/\/damiper.sk\/sk\/wp-content\/uploads\/ilustracny_ehl106.jpg","type":"image\/jpeg"}],"twitter_card":"summary_large_image","twitter_misc":{"Predpokladan\u00fd \u010das \u010d\u00edtania":"3 min\u00faty"},"schema":{"@context":"https:\/\/schema.org","@graph":[{"@type":"WebPage","@id":"https:\/\/damiper.sk\/sk\/produkt\/laminatove-podlahy-egger-home_classic\/","url":"https:\/\/damiper.sk\/sk\/produkt\/laminatove-podlahy-egger-home_classic\/","name":"Lamin\u00e1tov\u00e9 podlahy Egger Home Classic | Damiper | Okn\u00e1 | Dvere","isPartOf":{"@id":"https:\/\/damiper.sk\/sk\/#website"},"primaryImageOfPage":{"@id":"https:\/\/damiper.sk\/sk\/produkt\/laminatove-podlahy-egger-home_classic\/#primaryimage"},"image":{"@id":"https:\/\/damiper.sk\/sk\/produkt\/laminatove-podlahy-egger-home_classic\/#primaryimage"},"thumbnailUrl":"https:\/\/damiper.sk\/sk\/wp-content\/uploads\/ilustracny_ehl106.jpg","datePublished":"2023-10-17T20:04:38+00:00","dateModified":"2024-02-06T21:51:06+00:00","description":"Lamin\u00e1tov\u00e9 podlahy Egger Home Classic | doprava ZDARMA | Vy\u017eiadajte si nez\u00e1v\u00e4zn\u00fa cenov\u00fa ponuku | 0911190227 | info@damiper.sk | www.damiper.sk","breadcrumb":{"@id":"https:\/\/damiper.sk\/sk\/produkt\/laminatove-podlahy-egger-home_classic\/#breadcrumb"},"inLanguage":"sk-SK","potentialAction":[{"@type":"ReadAction","target":["https:\/\/damiper.sk\/sk\/produkt\/laminatove-podlahy-egger-home_classic\/"]}]},{"@type":"ImageObject","inLanguage":"sk-SK","@id":"https:\/\/damiper.sk\/sk\/produkt\/laminatove-podlahy-egger-home_classic\/#primaryimage","url":"https:\/\/damiper.sk\/sk\/wp-content\/uploads\/ilustracny_ehl106.jpg","contentUrl":"https:\/\/damiper.sk\/sk\/wp-content\/uploads\/ilustracny_ehl106.jpg","width":1280,"height":960,"caption":"Egger Home Classic Aqua+ EHL106 Dub Creston pr\u00edrodn\u00fd - skladom s dovozom ZDARMA"},{"@type":"BreadcrumbList","@id":"https:\/\/damiper.sk\/sk\/produkt\/laminatove-podlahy-egger-home_classic\/#breadcrumb","itemListElement":[{"@type":"ListItem","position":1,"name":"Domovsk\u00e1 str\u00e1nka","item":"https:\/\/damiper.sk\/sk\/"},{"@type":"ListItem","position":2,"name":"Shop","item":"https:\/\/damiper.sk\/sk\/?page_id=323"},{"@type":"ListItem","position":3,"name":"Lamin\u00e1tov\u00e9 podlahy Egger Home Classic"}]},{"@type":"WebSite","@id":"https:\/\/damiper.sk\/sk\/#website","url":"https:\/\/damiper.sk\/sk\/","name":"Damiper s.r.o. \u00bb Okn\u00e1 | dvere | podlahy","description":"Plastov\u00e9 okn\u00e1 | Dvere | Podlahy | Interi\u00e9r","potentialAction":[{"@type":"SearchAction","target":{"@type":"EntryPoint","urlTemplate":"https:\/\/damiper.sk\/sk\/?s={search_term_string}"},"query-input":{"@type":"PropertyValueSpecification","valueRequired":true,"valueName":"search_term_string"}}],"inLanguage":"sk-SK"}]}},"_links":{"self":[{"href":"https:\/\/damiper.sk\/sk\/wp-json\/wp\/v2\/product\/7653","targetHints":{"allow":["GET"]}}],"collection":[{"href":"https:\/\/damiper.sk\/sk\/wp-json\/wp\/v2\/product"}],"about":[{"href":"https:\/\/damiper.sk\/sk\/wp-json\/wp\/v2\/types\/product"}],"replies":[{"embeddable":true,"href":"https:\/\/damiper.sk\/sk\/wp-json\/wp\/v2\/comments?post=7653"}],"wp:featuredmedia":[{"embeddable":true,"href":"https:\/\/damiper.sk\/sk\/wp-json\/wp\/v2\/media\/7648"}],"wp:attachment":[{"href":"https:\/\/damiper.sk\/sk\/wp-json\/wp\/v2\/media?parent=7653"}],"wp:term":[{"taxonomy":"product_brand","embeddable":true,"href":"https:\/\/damiper.sk\/sk\/wp-json\/wp\/v2\/product_brand?post=7653"},{"taxonomy":"product_cat","embeddable":true,"href":"https:\/\/damiper.sk\/sk\/wp-json\/wp\/v2\/product_cat?post=7653"},{"taxonomy":"product_tag","embeddable":true,"href":"https:\/\/damiper.sk\/sk\/wp-json\/wp\/v2\/product_tag?post=7653"}],"curies":[{"name":"wp","href":"https:\/\/api.w.org\/{rel}","templated":true}]}}