{"id":7729,"date":"2023-12-03T22:46:44","date_gmt":"2023-12-03T20:46:44","guid":{"rendered":"https:\/\/damiper.sk\/sk\/?post_type=product&#038;p=7729"},"modified":"2025-01-14T00:30:31","modified_gmt":"2025-01-13T22:30:31","slug":"laminatove-podlahy-kronooriginal-atlantic-10-mm","status":"publish","type":"product","link":"https:\/\/damiper.sk\/sk\/produkt\/laminatove-podlahy-kronooriginal-atlantic-10-mm\/","title":{"rendered":"Lamin\u00e1tov\u00e9 podlahy KronoOriginal\u00ae Atlantic 10 mm"},"content":{"rendered":"<h1 style=\"text-align: center;\">Lamin\u00e1tov\u00e9 podlahy KronoOriginal\u00ae Atlantic 10 &#8211; ponuka dekorov<\/h1>\n<h3 style=\"text-align: center;\">Zaujala V\u00e1s niektor\u00e1 z pon\u00fakan\u00fdch podl\u00e1h? Nev\u00e1hajte si vy\u017eiada\u0165 nez\u00e1v\u00e4zn\u00fa cenov\u00fa ponuku <a href=\"https:\/\/damiper.sk\/sk\/kontakt_damiper\/\">&gt;&gt;TU&lt;&lt;<\/a><\/h3>\n<p>Lamin\u00e1tov\u00e9 podlahy<a href=\"https:\/\/www.krono-original.com\/en-cz\/laminate-floor-vintage\"> KronoOriginal\u00ae Vintage<\/a> s\u00fa vysoko odoln\u00e9 a kvalitn\u00e9 podlahy vhodn\u00e9 do intenz\u00edvne nam\u00e1han\u00fdch obytn\u00fdch priestorov, ale aj komer\u010dn\u00fdch priestorov. V\u0161etky dekory maj\u00fa autentick\u00fd vzh\u013ead dreva. Povrchov\u00e1 \u00faprava tejto kolekcie je \u0161pecifick\u00e1. S\u00fastre\u010fuje sa na dokonal\u00fd, prirodzen\u00fd vzh\u013ead dreva vr\u00e1tane jemn\u00fdch nedostatkov. Lamely maj\u00fa povrchov\u00fa \u00fapravu dokon\u010dovan\u00fa ru\u010dne, aby sa zd\u00f4raznila autenticita a prirodzenos\u0165 dreva. Ide o ve\u013emi jedine\u010dn\u00fa a pr\u00edrodn\u00fa kolekciu tohto v\u00fdrobcu. Tieto podlahy daj\u00fa kr\u00e1sne vynikn\u00fa\u0165 otvoren\u00fdm priestorom, spojen\u00fdm kuchyniam s ob\u00fdvac\u00edmi miestnos\u0165ami, no rovnako aj \u00fazkym chodb\u00e1m. Ich robustnos\u0165 ocen\u00edte najm\u00e4 v pevnom spoji, ktor\u00fd je v\u010faka hr\u00fabke podlahy a klik syst\u00e9mu &#8222;1clic2go&#8220; extra pevn\u00fd a jednoduch\u00fd na pokl\u00e1dku.<\/p>\n<p>V\u0161etky podlahy z tejto kolekcie s\u00fa antibakteri\u00e1lne, niektor\u00e9 maj\u00fa naviac proti\u0161mykov\u00fa \u00fapravu. V\u0161etky podlahy z tejto kolekcie maj\u00fa extra \u00fapravu povrchu proti mikro\u0161krabancom, \u010do ich dokonale chr\u00e1ni pred ka\u017edodenn\u00fdm opotreben\u00edm. S\u00fa vhodn\u00e9 aj na podlahov\u00e9 k\u00farenie.<\/p>\n<h3>Lamin\u00e1tov\u00e9 podlahy KronoOriginal\u00ae Atlantic 10 &#8211; hlavn\u00e9 v\u00fdhody<\/h3>\n<ul>\n<li>dlh\u00e1 \u017eivotnos\u0165<\/li>\n<li>odolnos\u0165 vo\u010di slnku &#8211; garancia st\u00e1losti farby povrchovej \u00fapravy<\/li>\n<li><a href=\"https:\/\/damiper.sk\/sk\/udrzba_plavajucej_podlahy_bonamop\/\">jednoduch\u00e1 na \u00fadr\u017ebu<\/a><\/li>\n<li>antibakteri\u00e1lna povrchov\u00e1 \u00faprava<\/li>\n<li>vyroben\u00e1 z pr\u00edrodn\u00fdch dreven\u00fdch vl\u00e1kien<\/li>\n<li>r\u00fdchla in\u0161tal\u00e1cia v\u010faka overen\u00e9mu 1clic2go zaklik\u00e1vaciemu syst\u00e9mu<\/li>\n<\/ul>\n<h3>Lamin\u00e1tov\u00e9 podlahy KronoOriginal\u00ae Atlantic 10 &#8211; vlastnosti<\/h3>\n<ul>\n<li style=\"list-style-type: none;\">\n<ul>\n<li>hr\u00fabka podl\u00e1h &#8211; 10 mm<\/li>\n<li>Trieda oderu\/z\u00e1\u0165a\u017eov\u00e1 trieda &#8211; AC5\/33<\/li>\n<li>vzh\u013ead &#8211; palubovka s 4V \u0161p\u00e1rou<\/li>\n<li>tepeln\u00fd odpor &#8211; 0,073 m2K\/W<\/li>\n<li>klik &#8211; 1clic2go pure+<\/li>\n<li>rozmer lamely (mm) &#8211; 1288 x 10 x 195 mm<\/li>\n<li>povinn\u00e9 balenie &#8211; \u00a01,758 m2\/bal<\/li>\n<\/ul>\n<\/li>\n<\/ul>\n<p>Ku pl\u00e1vaj\u00facim podlah\u00e1m pon\u00fakame aj v\u0161etky doplnky zna\u010diek KronoOriginal, Arbiton, C\u00e9zar:<\/p>\n<ul>\n<li>paroz\u00e1brany<\/li>\n<li>podlo\u017eky pod podlahy (vhodn\u00e9 na alebo bez podlahov\u00e9ho k\u00farenia)<\/li>\n<li>obvodov\u00e9 li\u0161ty + v\u0161etky doplnky<\/li>\n<li>prechodov\u00e9 li\u0161ty<\/li>\n<li>ukon\u010dovacie li\u0161ty<\/li>\n<li>lepidl\u00e1, tmely, &#8230;<\/li>\n<li>korek\u010dn\u00e9 sady<\/li>\n<li>pr\u00edpravky na \u00fadr\u017ebu<\/li>\n<\/ul>\n","protected":false},"excerpt":{"rendered":"<p><span style=\"color: #800000;\"><strong>Orienta\u010dn\u00e1 cena podlahy (s DPH\/m2):<\/strong><\/span><\/p>\n<p><strong>Cel\u00e1 kolekcia: od 16,99 Eur<\/strong><\/p>\n<p>\u010c\u00edm viac potrebujete, o to lep\u0161iu cenu dostanete.<\/p>\n<p>\u2013\u2013\u2013\u2013\u2013\u2013\u2013\u2013\u2013\u2013\u2013\u2013\u2013\u2013\u2013\u2013\u2013\u2013\u2013\u2013\u2013\u2013\u2013\u2013\u2013\u2013\u2013\u2013\u2013\u2013\u2013\u2013\u2013\u2013\u2013\u2013\u2013\u2013\u2013\u2013\u2013\u2013\u2013\u2013\u2013\u2013\u2013<\/p>\n<p><span style=\"color: #800000;\"><strong><a href=\"https:\/\/damiper.sk\/sk\/kontakt_damiper\/\" target=\"_blank\" rel=\"noopener\">Nap\u00ed\u0161te n\u00e1m<\/a>, radi V\u00e1m vypracujeme nez\u00e1v\u00e4zn\u00fa ponuku presne pod\u013ea Va\u0161ich \u0161pecifik\u00e1ci\u00ed.<\/strong><\/span><\/p>\n<p>\u2013\u2013\u2013\u2013\u2013\u2013\u2013\u2013\u2013\u2013\u2013\u2013\u2013\u2013\u2013\u2013\u2013\u2013\u2013\u2013\u2013\u2013\u2013\u2013\u2013\u2013\u2013\u2013\u2013\u2013\u2013\u2013\u2013\u2013\u2013\u2013\u2013\u2013\u2013\u2013\u2013\u2013\u2013\u2013\u2013\u2013\u2013<\/p>\n<p><b>Hr\u00fabka podlahy: 10 mm<\/b><\/p>\n<p><b>Trieda z\u00e1\u0165a\u017ee: 23\/33<\/b><\/p>\n<p><b>Trieda oderu: AC5<\/b><\/p>\n<p><strong>Vzh\u013ead: palubovka s re\u00e1lnou 4V dr\u00e1\u017ekou<\/strong><\/p>\n<p><strong>Rozmer lamely (v mm): 1288 x 10 x 195 mm<\/strong><\/p>\n<p><strong>Doprava ZDARMA v r\u00e1mci celej SR<\/strong><\/p>\n<p>*skladom: dodanie v priebehu 2 pracovn\u00fdch dn\u00ed<\/p>\n<p>*na objedn\u00e1vku: dodanie 2 &#8211; 4 t\u00fd\u017edne, resp. dohodou<\/p>\n","protected":false},"featured_media":7736,"comment_status":"closed","ping_status":"closed","template":"","meta":[],"product_brand":[],"product_cat":[41,84],"product_tag":[233,59,272,90,214,56],"class_list":{"0":"post-7729","1":"product","2":"type-product","3":"status-publish","4":"has-post-thumbnail","6":"product_cat-podlahy","7":"product_cat-kronooriginal","8":"product_tag-10mm","9":"product_tag-4v-drazka","10":"product_tag-drevodekor","11":"product_tag-kronooriginal","12":"product_tag-laminatova-podlaha","13":"product_tag-palubovka","15":"first","16":"instock","17":"shipping-taxable","18":"product-type-simple"},"yoast_head":"<!-- This site is optimized with the Yoast SEO plugin v26.5 - https:\/\/yoast.com\/wordpress\/plugins\/seo\/ -->\n<title>Lamin\u00e1tov\u00e9 podlahy KronoOriginal\u00ae Atlantic 10 | Damiper s.r.o.<\/title>\n<meta name=\"description\" content=\"Lamin\u00e1tov\u00e9 podlahy KronoOriginal\u00ae Atlantic 10 | Vy\u017eiadajte si nez\u00e1v\u00e4zn\u00fa cenov\u00fa ponuku | 0911190227 | info@damiper.sk | DOVOZ ZDARMA V SR\" \/>\n<meta name=\"robots\" content=\"index, follow, max-snippet:-1, max-image-preview:large, max-video-preview:-1\" \/>\n<link rel=\"canonical\" href=\"https:\/\/damiper.sk\/sk\/produkt\/laminatove-podlahy-kronooriginal-atlantic-10-mm\/\" \/>\n<meta property=\"og:locale\" content=\"sk_SK\" \/>\n<meta property=\"og:type\" content=\"article\" \/>\n<meta property=\"og:title\" content=\"Lamin\u00e1tov\u00e9 podlahy KronoOriginal\u00ae Atlantic 10 | Damiper s.r.o.\" \/>\n<meta property=\"og:description\" content=\"Lamin\u00e1tov\u00e9 podlahy KronoOriginal\u00ae Atlantic 10 | Vy\u017eiadajte si nez\u00e1v\u00e4zn\u00fa cenov\u00fa ponuku | 0911190227 | info@damiper.sk | DOVOZ ZDARMA V SR\" \/>\n<meta property=\"og:url\" content=\"https:\/\/damiper.sk\/sk\/produkt\/laminatove-podlahy-kronooriginal-atlantic-10-mm\/\" \/>\n<meta property=\"og:site_name\" content=\"Damiper s.r.o. \u00bb Okn\u00e1 | dvere | podlahy\" \/>\n<meta property=\"article:modified_time\" content=\"2025-01-13T22:30:31+00:00\" \/>\n<meta property=\"og:image\" content=\"http:\/\/damiper.sk\/sk\/wp-content\/uploads\/krono_vintage-classic_K479_Dub-Espresso-Carpenter.jpg\" \/>\n\t<meta property=\"og:image:width\" content=\"1280\" \/>\n\t<meta property=\"og:image:height\" content=\"1144\" \/>\n\t<meta property=\"og:image:type\" content=\"image\/jpeg\" \/>\n<meta name=\"twitter:card\" content=\"summary_large_image\" \/>\n<meta name=\"twitter:label1\" content=\"Predpokladan\u00fd \u010das \u010d\u00edtania\" \/>\n\t<meta name=\"twitter:data1\" content=\"2 min\u00faty\" \/>\n<script type=\"application\/ld+json\" class=\"yoast-schema-graph\">{\"@context\":\"https:\/\/schema.org\",\"@graph\":[{\"@type\":\"WebPage\",\"@id\":\"https:\/\/damiper.sk\/sk\/produkt\/laminatove-podlahy-kronooriginal-atlantic-10-mm\/\",\"url\":\"https:\/\/damiper.sk\/sk\/produkt\/laminatove-podlahy-kronooriginal-atlantic-10-mm\/\",\"name\":\"Lamin\u00e1tov\u00e9 podlahy KronoOriginal\u00ae Atlantic 10 | Damiper s.r.o.\",\"isPartOf\":{\"@id\":\"https:\/\/damiper.sk\/sk\/#website\"},\"primaryImageOfPage\":{\"@id\":\"https:\/\/damiper.sk\/sk\/produkt\/laminatove-podlahy-kronooriginal-atlantic-10-mm\/#primaryimage\"},\"image\":{\"@id\":\"https:\/\/damiper.sk\/sk\/produkt\/laminatove-podlahy-kronooriginal-atlantic-10-mm\/#primaryimage\"},\"thumbnailUrl\":\"https:\/\/damiper.sk\/sk\/wp-content\/uploads\/krono_vintage-classic_K479_Dub-Espresso-Carpenter.jpg\",\"datePublished\":\"2023-12-03T20:46:44+00:00\",\"dateModified\":\"2025-01-13T22:30:31+00:00\",\"description\":\"Lamin\u00e1tov\u00e9 podlahy KronoOriginal\u00ae Atlantic 10 | Vy\u017eiadajte si nez\u00e1v\u00e4zn\u00fa cenov\u00fa ponuku | 0911190227 | info@damiper.sk | DOVOZ ZDARMA V SR\",\"breadcrumb\":{\"@id\":\"https:\/\/damiper.sk\/sk\/produkt\/laminatove-podlahy-kronooriginal-atlantic-10-mm\/#breadcrumb\"},\"inLanguage\":\"sk-SK\",\"potentialAction\":[{\"@type\":\"ReadAction\",\"target\":[\"https:\/\/damiper.sk\/sk\/produkt\/laminatove-podlahy-kronooriginal-atlantic-10-mm\/\"]}]},{\"@type\":\"ImageObject\",\"inLanguage\":\"sk-SK\",\"@id\":\"https:\/\/damiper.sk\/sk\/produkt\/laminatove-podlahy-kronooriginal-atlantic-10-mm\/#primaryimage\",\"url\":\"https:\/\/damiper.sk\/sk\/wp-content\/uploads\/krono_vintage-classic_K479_Dub-Espresso-Carpenter.jpg\",\"contentUrl\":\"https:\/\/damiper.sk\/sk\/wp-content\/uploads\/krono_vintage-classic_K479_Dub-Espresso-Carpenter.jpg\",\"width\":1280,\"height\":1144,\"caption\":\"KronoOriginal Atlantic 10 K479 Dub Espresso Carpenter - skladom s dovozom ZDARMA\"},{\"@type\":\"BreadcrumbList\",\"@id\":\"https:\/\/damiper.sk\/sk\/produkt\/laminatove-podlahy-kronooriginal-atlantic-10-mm\/#breadcrumb\",\"itemListElement\":[{\"@type\":\"ListItem\",\"position\":1,\"name\":\"Domovsk\u00e1 str\u00e1nka\",\"item\":\"https:\/\/damiper.sk\/sk\/\"},{\"@type\":\"ListItem\",\"position\":2,\"name\":\"Shop\",\"item\":\"https:\/\/damiper.sk\/sk\/?page_id=323\"},{\"@type\":\"ListItem\",\"position\":3,\"name\":\"Lamin\u00e1tov\u00e9 podlahy KronoOriginal\u00ae Atlantic 10 mm\"}]},{\"@type\":\"WebSite\",\"@id\":\"https:\/\/damiper.sk\/sk\/#website\",\"url\":\"https:\/\/damiper.sk\/sk\/\",\"name\":\"Damiper s.r.o. \u00bb Okn\u00e1 | dvere | podlahy\",\"description\":\"Plastov\u00e9 okn\u00e1 | Dvere | Podlahy | Interi\u00e9r\",\"potentialAction\":[{\"@type\":\"SearchAction\",\"target\":{\"@type\":\"EntryPoint\",\"urlTemplate\":\"https:\/\/damiper.sk\/sk\/?s={search_term_string}\"},\"query-input\":{\"@type\":\"PropertyValueSpecification\",\"valueRequired\":true,\"valueName\":\"search_term_string\"}}],\"inLanguage\":\"sk-SK\"}]}<\/script>\n<!-- \/ Yoast SEO plugin. -->","yoast_head_json":{"title":"Lamin\u00e1tov\u00e9 podlahy KronoOriginal\u00ae Atlantic 10 | Damiper s.r.o.","description":"Lamin\u00e1tov\u00e9 podlahy KronoOriginal\u00ae Atlantic 10 | Vy\u017eiadajte si nez\u00e1v\u00e4zn\u00fa cenov\u00fa ponuku | 0911190227 | info@damiper.sk | DOVOZ ZDARMA V SR","robots":{"index":"index","follow":"follow","max-snippet":"max-snippet:-1","max-image-preview":"max-image-preview:large","max-video-preview":"max-video-preview:-1"},"canonical":"https:\/\/damiper.sk\/sk\/produkt\/laminatove-podlahy-kronooriginal-atlantic-10-mm\/","og_locale":"sk_SK","og_type":"article","og_title":"Lamin\u00e1tov\u00e9 podlahy KronoOriginal\u00ae Atlantic 10 | Damiper s.r.o.","og_description":"Lamin\u00e1tov\u00e9 podlahy KronoOriginal\u00ae Atlantic 10 | Vy\u017eiadajte si nez\u00e1v\u00e4zn\u00fa cenov\u00fa ponuku | 0911190227 | info@damiper.sk | DOVOZ ZDARMA V SR","og_url":"https:\/\/damiper.sk\/sk\/produkt\/laminatove-podlahy-kronooriginal-atlantic-10-mm\/","og_site_name":"Damiper s.r.o. \u00bb Okn\u00e1 | dvere | podlahy","article_modified_time":"2025-01-13T22:30:31+00:00","og_image":[{"width":1280,"height":1144,"url":"http:\/\/damiper.sk\/sk\/wp-content\/uploads\/krono_vintage-classic_K479_Dub-Espresso-Carpenter.jpg","type":"image\/jpeg"}],"twitter_card":"summary_large_image","twitter_misc":{"Predpokladan\u00fd \u010das \u010d\u00edtania":"2 min\u00faty"},"schema":{"@context":"https:\/\/schema.org","@graph":[{"@type":"WebPage","@id":"https:\/\/damiper.sk\/sk\/produkt\/laminatove-podlahy-kronooriginal-atlantic-10-mm\/","url":"https:\/\/damiper.sk\/sk\/produkt\/laminatove-podlahy-kronooriginal-atlantic-10-mm\/","name":"Lamin\u00e1tov\u00e9 podlahy KronoOriginal\u00ae Atlantic 10 | Damiper s.r.o.","isPartOf":{"@id":"https:\/\/damiper.sk\/sk\/#website"},"primaryImageOfPage":{"@id":"https:\/\/damiper.sk\/sk\/produkt\/laminatove-podlahy-kronooriginal-atlantic-10-mm\/#primaryimage"},"image":{"@id":"https:\/\/damiper.sk\/sk\/produkt\/laminatove-podlahy-kronooriginal-atlantic-10-mm\/#primaryimage"},"thumbnailUrl":"https:\/\/damiper.sk\/sk\/wp-content\/uploads\/krono_vintage-classic_K479_Dub-Espresso-Carpenter.jpg","datePublished":"2023-12-03T20:46:44+00:00","dateModified":"2025-01-13T22:30:31+00:00","description":"Lamin\u00e1tov\u00e9 podlahy KronoOriginal\u00ae Atlantic 10 | Vy\u017eiadajte si nez\u00e1v\u00e4zn\u00fa cenov\u00fa ponuku | 0911190227 | info@damiper.sk | DOVOZ ZDARMA V SR","breadcrumb":{"@id":"https:\/\/damiper.sk\/sk\/produkt\/laminatove-podlahy-kronooriginal-atlantic-10-mm\/#breadcrumb"},"inLanguage":"sk-SK","potentialAction":[{"@type":"ReadAction","target":["https:\/\/damiper.sk\/sk\/produkt\/laminatove-podlahy-kronooriginal-atlantic-10-mm\/"]}]},{"@type":"ImageObject","inLanguage":"sk-SK","@id":"https:\/\/damiper.sk\/sk\/produkt\/laminatove-podlahy-kronooriginal-atlantic-10-mm\/#primaryimage","url":"https:\/\/damiper.sk\/sk\/wp-content\/uploads\/krono_vintage-classic_K479_Dub-Espresso-Carpenter.jpg","contentUrl":"https:\/\/damiper.sk\/sk\/wp-content\/uploads\/krono_vintage-classic_K479_Dub-Espresso-Carpenter.jpg","width":1280,"height":1144,"caption":"KronoOriginal Atlantic 10 K479 Dub Espresso Carpenter - skladom s dovozom ZDARMA"},{"@type":"BreadcrumbList","@id":"https:\/\/damiper.sk\/sk\/produkt\/laminatove-podlahy-kronooriginal-atlantic-10-mm\/#breadcrumb","itemListElement":[{"@type":"ListItem","position":1,"name":"Domovsk\u00e1 str\u00e1nka","item":"https:\/\/damiper.sk\/sk\/"},{"@type":"ListItem","position":2,"name":"Shop","item":"https:\/\/damiper.sk\/sk\/?page_id=323"},{"@type":"ListItem","position":3,"name":"Lamin\u00e1tov\u00e9 podlahy KronoOriginal\u00ae Atlantic 10 mm"}]},{"@type":"WebSite","@id":"https:\/\/damiper.sk\/sk\/#website","url":"https:\/\/damiper.sk\/sk\/","name":"Damiper s.r.o. \u00bb Okn\u00e1 | dvere | podlahy","description":"Plastov\u00e9 okn\u00e1 | Dvere | Podlahy | Interi\u00e9r","potentialAction":[{"@type":"SearchAction","target":{"@type":"EntryPoint","urlTemplate":"https:\/\/damiper.sk\/sk\/?s={search_term_string}"},"query-input":{"@type":"PropertyValueSpecification","valueRequired":true,"valueName":"search_term_string"}}],"inLanguage":"sk-SK"}]}},"_links":{"self":[{"href":"https:\/\/damiper.sk\/sk\/wp-json\/wp\/v2\/product\/7729","targetHints":{"allow":["GET"]}}],"collection":[{"href":"https:\/\/damiper.sk\/sk\/wp-json\/wp\/v2\/product"}],"about":[{"href":"https:\/\/damiper.sk\/sk\/wp-json\/wp\/v2\/types\/product"}],"replies":[{"embeddable":true,"href":"https:\/\/damiper.sk\/sk\/wp-json\/wp\/v2\/comments?post=7729"}],"wp:featuredmedia":[{"embeddable":true,"href":"https:\/\/damiper.sk\/sk\/wp-json\/wp\/v2\/media\/7736"}],"wp:attachment":[{"href":"https:\/\/damiper.sk\/sk\/wp-json\/wp\/v2\/media?parent=7729"}],"wp:term":[{"taxonomy":"product_brand","embeddable":true,"href":"https:\/\/damiper.sk\/sk\/wp-json\/wp\/v2\/product_brand?post=7729"},{"taxonomy":"product_cat","embeddable":true,"href":"https:\/\/damiper.sk\/sk\/wp-json\/wp\/v2\/product_cat?post=7729"},{"taxonomy":"product_tag","embeddable":true,"href":"https:\/\/damiper.sk\/sk\/wp-json\/wp\/v2\/product_tag?post=7729"}],"curies":[{"name":"wp","href":"https:\/\/api.w.org\/{rel}","templated":true}]}}