{"id":7753,"date":"2023-12-04T21:39:15","date_gmt":"2023-12-04T19:39:15","guid":{"rendered":"https:\/\/damiper.sk\/sk\/?post_type=product&#038;p=7753"},"modified":"2025-01-14T00:26:36","modified_gmt":"2025-01-13T22:26:36","slug":"kompozitne-podlahy-organic-flex-krono","status":"publish","type":"product","link":"https:\/\/damiper.sk\/sk\/produkt\/kompozitne-podlahy-organic-flex-krono\/","title":{"rendered":"Kompozitn\u00e9 podlahy Organic FLEX"},"content":{"rendered":"<h1 style=\"text-align: center;\">Kompozitn\u00e9 podlahy Organic FLEX &#8211; ponuka dekorov<\/h1>\n<h3 style=\"text-align: center;\">Zaujala V\u00e1s niektor\u00e1 z pon\u00fakan\u00fdch podl\u00e1h? Nev\u00e1hajte si vy\u017eiada\u0165 nez\u00e1v\u00e4zn\u00fa cenov\u00fa ponuku <a href=\"https:\/\/damiper.sk\/sk\/kontakt_damiper\/\">&gt;&gt;TU&lt;&lt;<\/a><\/h3>\n<p><a href=\"https:\/\/orca-flooring.com\/floor_tag\/collection\/organic-flex\/\">Organic FLEX<\/a> podlahy s\u00fa vysoko odoln\u00e9 a kvalitn\u00e9 podlahy vhodn\u00e9 do nam\u00e1han\u00fdch obytn\u00fdch alebo komer\u010dn\u00fdch priestorov, napr. v obchodnej alebo pr\u00e1vnickej kancel\u00e1rii. Z\u00e1kladom t\u00fdchto podl\u00e1h je nosn\u00e1 doska so \u0161peci\u00e1lnou \u00fapravou O.R.C.A. &#8211; extra pevn\u00e1 rigidn\u00e1 doska s \u00fapravou proti nas\u00e1vaniu vlhkosti. Ich robustnos\u0165 ocen\u00edte najm\u00e4 v pevnom spoji, ktor\u00fd je v\u010faka hr\u00fabke podlahy a syst\u00e9mu 1clic2go pure extra pevn\u00fd a jednoduch\u00fd na pokl\u00e1dku. Efekt skuto\u010dn\u00e9ho dreva je pod\u010diarknut\u00fd celoobvodovou V-\u0161p\u00e1rou. Tieto podlahy maj\u00fa naviac zv\u00fd\u0161en\u00fa odolnos\u0165 vo\u010di vlhkosti &#8211; a\u017e 24 hod\u00edn vo\u010di striekaj\u00facej vode (pod\u013ea NALFA testu). Pri pou\u017eit\u00ed v dom\u00e1cnostiach s\u00fa so z\u00e1rukou a\u017e 30 rokov, v komer\u010dn\u00fdch priestoroch 5 rokov. Z\u00e1ruka je garantovan\u00e1 v\u00fdrobcom. Tieto podlahy s\u00fa extra vhodn\u00e9 do vlhk\u00fdch priestorov, ako aj na podlahov\u00e9 k\u00farenie. Naviac, maj\u00fa integrovan\u00fa korkov\u00fa podlo\u017eku, ktor\u00e1 tlm\u00ed kro\u010dajov\u00fd hluk a zni\u017euje tepeln\u00fd odpor.<\/p>\n<h3>Kompozitn\u00e9 podlahy Organic FLEX &#8211; hlavn\u00e9 v\u00fdhody<\/h3>\n<ul>\n<li>dlh\u00e1 \u017eivotnos\u0165<\/li>\n<li>odolnos\u0165 vo\u010di slnku &#8211; garancia st\u00e1losti farby povrchovej \u00fapravy<\/li>\n<li><a href=\"https:\/\/damiper.sk\/sk\/udrzba_plavajucej_podlahy_bonamop\/\">jednoduch\u00e1 na \u00fadr\u017ebu<\/a><\/li>\n<li>vyroben\u00e1 z pr\u00edrodn\u00fdch dreven\u00fdch vl\u00e1kien<\/li>\n<li>odoln\u00e1 vo\u010di mikro\u0161krabancom<\/li>\n<\/ul>\n<h3>Kompozitn\u00e9 podlahy Organic FLEX &#8211; vlastnosti<\/h3>\n<ul>\n<li>hr\u00fabka podlahy &#8211; 7 mm<\/li>\n<li>Trieda oderu\/z\u00e1\u0165a\u017eov\u00e1 trieda &#8211; AC4\/32<\/li>\n<li>vzh\u013ead &#8211; 1-lamela s 4V \u0161p\u00e1rou<\/li>\n<li>tepeln\u00fd odpor &#8211; 0,062 m2K\/W<\/li>\n<li>klik &#8211; 1clic2go pure+<\/li>\n<li>rozmer lamely (mm) &#8211; 189 x 7 x 1288 mm<\/li>\n<li>povinn\u00e9 balenie &#8211; 2,434 m2\/bal<\/li>\n<\/ul>\n<p>Ku pl\u00e1vaj\u00facim podlah\u00e1m pon\u00fakame aj v\u0161etky doplnky zna\u010diek KronoOriginal, Arbiton, C\u00e9zar:<\/p>\n<ul>\n<li>paroz\u00e1brany<\/li>\n<li>podlo\u017eky pod podlahy (vhodn\u00e9 na alebo bez podlahov\u00e9ho k\u00farenia)<\/li>\n<li>obvodov\u00e9 li\u0161ty + v\u0161etky doplnky<\/li>\n<li>prechodov\u00e9 li\u0161ty<\/li>\n<li>ukon\u010dovacie li\u0161ty<\/li>\n<li>lepidl\u00e1, tmely, &#8230;<\/li>\n<li>korek\u010dn\u00e9 sady<\/li>\n<li>pr\u00edpravky na \u00fadr\u017ebu<\/li>\n<\/ul>\n","protected":false},"excerpt":{"rendered":"<p><span style=\"color: #800000;\"><strong>Orienta\u010dn\u00e1 cena podlahy (s DPH\/m2):<\/strong><\/span><\/p>\n<p><strong>Cel\u00e1 kolekcia: od 27,99 Eur<\/strong><\/p>\n<p>\u010c\u00edm viac potrebujete, o to lep\u0161iu cenu dostanete.<\/p>\n<p>\u2013\u2013\u2013\u2013\u2013\u2013\u2013\u2013\u2013\u2013\u2013\u2013\u2013\u2013\u2013\u2013\u2013\u2013\u2013\u2013\u2013\u2013\u2013\u2013\u2013\u2013\u2013\u2013\u2013\u2013\u2013\u2013\u2013\u2013\u2013\u2013\u2013\u2013\u2013\u2013\u2013\u2013\u2013\u2013\u2013\u2013\u2013<\/p>\n<p><span style=\"color: #800000;\"><strong><a href=\"https:\/\/damiper.sk\/sk\/kontakt_damiper\/\" target=\"_blank\" rel=\"noopener\">Nap\u00ed\u0161te n\u00e1m<\/a>, radi V\u00e1m vypracujeme nez\u00e1v\u00e4zn\u00fa ponuku presne pod\u013ea Va\u0161ich \u0161pecifik\u00e1ci\u00ed.<\/strong><\/span><\/p>\n<p>\u2013\u2013\u2013\u2013\u2013\u2013\u2013\u2013\u2013\u2013\u2013\u2013\u2013\u2013\u2013\u2013\u2013\u2013\u2013\u2013\u2013\u2013\u2013\u2013\u2013\u2013\u2013\u2013\u2013\u2013\u2013\u2013\u2013\u2013\u2013\u2013\u2013\u2013\u2013\u2013\u2013\u2013\u2013\u2013\u2013\u2013\u2013<\/p>\n<p><strong>Hr\u00fabka podlahy: 7<\/strong><strong> mm<\/strong><\/p>\n<p><strong>(vr\u00e1tane integrovan\u00e1 korkov\u00e1 podlo\u017eka 1 mm)<\/strong><\/p>\n<p><strong>T<\/strong><strong>rieda oderu\/z\u00e1\u0165a\u017eov\u00e1 trieda: AC4\/32<\/strong><\/p>\n<p><strong>Vzh\u013ead: 1-lamela so 4V \u0161p\u00e1rou alebo bez \u0161p\u00e1ry<\/strong><\/p>\n<p><strong>Rozmer lamely (v mm): 189 x 7 x 1288 mm<\/strong><\/p>\n<p><strong>Doprava ZDARMA v r\u00e1mci celej SR<\/strong><\/p>\n<p>*skladom: dodanie v priebehu 2 pracovn\u00fdch dn\u00ed<\/p>\n<p>*na objedn\u00e1vku: dodanie 2 &#8211; 4 t\u00fd\u017edne, resp. dohodou<\/p>\n","protected":false},"featured_media":7761,"comment_status":"closed","ping_status":"closed","template":"","meta":[],"product_brand":[],"product_cat":[287,41,84],"product_tag":[55,59,213,90,289,56],"class_list":{"0":"post-7753","1":"product","2":"type-product","3":"status-publish","4":"has-post-thumbnail","6":"product_cat-h2o-floor-organic","7":"product_cat-podlahy","8":"product_cat-kronooriginal","9":"product_tag-1-lamela","10":"product_tag-4v-drazka","11":"product_tag-kompozitna-podlaha","12":"product_tag-kronooriginal","13":"product_tag-organic-flex","14":"product_tag-palubovka","16":"first","17":"instock","18":"shipping-taxable","19":"product-type-simple"},"yoast_head":"<!-- This site is optimized with the Yoast SEO plugin v26.5 - https:\/\/yoast.com\/wordpress\/plugins\/seo\/ -->\n<title>Kompozitn\u00e9 podlahy Organic FLEX | Damiper s. r. o.<\/title>\n<meta name=\"description\" content=\"Kompozitn\u00e9 podlahy Organic FLEX | Vy\u017eiadajte si ponuku | 0911190227 | info@damiper.sk | DOVOZ ZDARMA v r\u00e1mci SR | www.damiper.sk |\" \/>\n<meta name=\"robots\" content=\"index, follow, max-snippet:-1, max-image-preview:large, max-video-preview:-1\" \/>\n<link rel=\"canonical\" href=\"https:\/\/damiper.sk\/sk\/produkt\/kompozitne-podlahy-organic-flex-krono\/\" \/>\n<meta property=\"og:locale\" content=\"sk_SK\" \/>\n<meta property=\"og:type\" content=\"article\" \/>\n<meta property=\"og:title\" content=\"Kompozitn\u00e9 podlahy Organic FLEX | Damiper s. r. o.\" \/>\n<meta property=\"og:description\" content=\"Kompozitn\u00e9 podlahy Organic FLEX | Vy\u017eiadajte si ponuku | 0911190227 | info@damiper.sk | DOVOZ ZDARMA v r\u00e1mci SR | www.damiper.sk |\" \/>\n<meta property=\"og:url\" content=\"https:\/\/damiper.sk\/sk\/produkt\/kompozitne-podlahy-organic-flex-krono\/\" \/>\n<meta property=\"og:site_name\" content=\"Damiper s.r.o. \u00bb Okn\u00e1 | dvere | podlahy\" \/>\n<meta property=\"article:modified_time\" content=\"2025-01-13T22:26:36+00:00\" \/>\n<meta property=\"og:image\" content=\"http:\/\/damiper.sk\/sk\/wp-content\/uploads\/krono_organic-flex_K506_Dub-Lunar-Range.jpg\" \/>\n\t<meta property=\"og:image:width\" content=\"1280\" \/>\n\t<meta property=\"og:image:height\" content=\"1282\" \/>\n\t<meta property=\"og:image:type\" content=\"image\/jpeg\" \/>\n<meta name=\"twitter:card\" content=\"summary_large_image\" \/>\n<meta name=\"twitter:label1\" content=\"Predpokladan\u00fd \u010das \u010d\u00edtania\" \/>\n\t<meta name=\"twitter:data1\" content=\"2 min\u00faty\" \/>\n<script type=\"application\/ld+json\" class=\"yoast-schema-graph\">{\"@context\":\"https:\/\/schema.org\",\"@graph\":[{\"@type\":\"WebPage\",\"@id\":\"https:\/\/damiper.sk\/sk\/produkt\/kompozitne-podlahy-organic-flex-krono\/\",\"url\":\"https:\/\/damiper.sk\/sk\/produkt\/kompozitne-podlahy-organic-flex-krono\/\",\"name\":\"Kompozitn\u00e9 podlahy Organic FLEX | Damiper s. r. o.\",\"isPartOf\":{\"@id\":\"https:\/\/damiper.sk\/sk\/#website\"},\"primaryImageOfPage\":{\"@id\":\"https:\/\/damiper.sk\/sk\/produkt\/kompozitne-podlahy-organic-flex-krono\/#primaryimage\"},\"image\":{\"@id\":\"https:\/\/damiper.sk\/sk\/produkt\/kompozitne-podlahy-organic-flex-krono\/#primaryimage\"},\"thumbnailUrl\":\"https:\/\/damiper.sk\/sk\/wp-content\/uploads\/krono_organic-flex_K506_Dub-Lunar-Range.jpg\",\"datePublished\":\"2023-12-04T19:39:15+00:00\",\"dateModified\":\"2025-01-13T22:26:36+00:00\",\"description\":\"Kompozitn\u00e9 podlahy Organic FLEX | Vy\u017eiadajte si ponuku | 0911190227 | info@damiper.sk | DOVOZ ZDARMA v r\u00e1mci SR | www.damiper.sk |\",\"breadcrumb\":{\"@id\":\"https:\/\/damiper.sk\/sk\/produkt\/kompozitne-podlahy-organic-flex-krono\/#breadcrumb\"},\"inLanguage\":\"sk-SK\",\"potentialAction\":[{\"@type\":\"ReadAction\",\"target\":[\"https:\/\/damiper.sk\/sk\/produkt\/kompozitne-podlahy-organic-flex-krono\/\"]}]},{\"@type\":\"ImageObject\",\"inLanguage\":\"sk-SK\",\"@id\":\"https:\/\/damiper.sk\/sk\/produkt\/kompozitne-podlahy-organic-flex-krono\/#primaryimage\",\"url\":\"https:\/\/damiper.sk\/sk\/wp-content\/uploads\/krono_organic-flex_K506_Dub-Lunar-Range.jpg\",\"contentUrl\":\"https:\/\/damiper.sk\/sk\/wp-content\/uploads\/krono_organic-flex_K506_Dub-Lunar-Range.jpg\",\"width\":1280,\"height\":1282,\"caption\":\"Organic FLEX K506 Dub Lunar Range - skladom s dovozom ZDARMA\"},{\"@type\":\"BreadcrumbList\",\"@id\":\"https:\/\/damiper.sk\/sk\/produkt\/kompozitne-podlahy-organic-flex-krono\/#breadcrumb\",\"itemListElement\":[{\"@type\":\"ListItem\",\"position\":1,\"name\":\"Domovsk\u00e1 str\u00e1nka\",\"item\":\"https:\/\/damiper.sk\/sk\/\"},{\"@type\":\"ListItem\",\"position\":2,\"name\":\"Shop\",\"item\":\"https:\/\/damiper.sk\/sk\/?page_id=323\"},{\"@type\":\"ListItem\",\"position\":3,\"name\":\"Kompozitn\u00e9 podlahy Organic FLEX\"}]},{\"@type\":\"WebSite\",\"@id\":\"https:\/\/damiper.sk\/sk\/#website\",\"url\":\"https:\/\/damiper.sk\/sk\/\",\"name\":\"Damiper s.r.o. \u00bb Okn\u00e1 | dvere | podlahy\",\"description\":\"Plastov\u00e9 okn\u00e1 | Dvere | Podlahy | Interi\u00e9r\",\"potentialAction\":[{\"@type\":\"SearchAction\",\"target\":{\"@type\":\"EntryPoint\",\"urlTemplate\":\"https:\/\/damiper.sk\/sk\/?s={search_term_string}\"},\"query-input\":{\"@type\":\"PropertyValueSpecification\",\"valueRequired\":true,\"valueName\":\"search_term_string\"}}],\"inLanguage\":\"sk-SK\"}]}<\/script>\n<!-- \/ Yoast SEO plugin. -->","yoast_head_json":{"title":"Kompozitn\u00e9 podlahy Organic FLEX | Damiper s. r. o.","description":"Kompozitn\u00e9 podlahy Organic FLEX | Vy\u017eiadajte si ponuku | 0911190227 | info@damiper.sk | DOVOZ ZDARMA v r\u00e1mci SR | www.damiper.sk |","robots":{"index":"index","follow":"follow","max-snippet":"max-snippet:-1","max-image-preview":"max-image-preview:large","max-video-preview":"max-video-preview:-1"},"canonical":"https:\/\/damiper.sk\/sk\/produkt\/kompozitne-podlahy-organic-flex-krono\/","og_locale":"sk_SK","og_type":"article","og_title":"Kompozitn\u00e9 podlahy Organic FLEX | Damiper s. r. o.","og_description":"Kompozitn\u00e9 podlahy Organic FLEX | Vy\u017eiadajte si ponuku | 0911190227 | info@damiper.sk | DOVOZ ZDARMA v r\u00e1mci SR | www.damiper.sk |","og_url":"https:\/\/damiper.sk\/sk\/produkt\/kompozitne-podlahy-organic-flex-krono\/","og_site_name":"Damiper s.r.o. \u00bb Okn\u00e1 | dvere | podlahy","article_modified_time":"2025-01-13T22:26:36+00:00","og_image":[{"width":1280,"height":1282,"url":"http:\/\/damiper.sk\/sk\/wp-content\/uploads\/krono_organic-flex_K506_Dub-Lunar-Range.jpg","type":"image\/jpeg"}],"twitter_card":"summary_large_image","twitter_misc":{"Predpokladan\u00fd \u010das \u010d\u00edtania":"2 min\u00faty"},"schema":{"@context":"https:\/\/schema.org","@graph":[{"@type":"WebPage","@id":"https:\/\/damiper.sk\/sk\/produkt\/kompozitne-podlahy-organic-flex-krono\/","url":"https:\/\/damiper.sk\/sk\/produkt\/kompozitne-podlahy-organic-flex-krono\/","name":"Kompozitn\u00e9 podlahy Organic FLEX | Damiper s. r. o.","isPartOf":{"@id":"https:\/\/damiper.sk\/sk\/#website"},"primaryImageOfPage":{"@id":"https:\/\/damiper.sk\/sk\/produkt\/kompozitne-podlahy-organic-flex-krono\/#primaryimage"},"image":{"@id":"https:\/\/damiper.sk\/sk\/produkt\/kompozitne-podlahy-organic-flex-krono\/#primaryimage"},"thumbnailUrl":"https:\/\/damiper.sk\/sk\/wp-content\/uploads\/krono_organic-flex_K506_Dub-Lunar-Range.jpg","datePublished":"2023-12-04T19:39:15+00:00","dateModified":"2025-01-13T22:26:36+00:00","description":"Kompozitn\u00e9 podlahy Organic FLEX | Vy\u017eiadajte si ponuku | 0911190227 | info@damiper.sk | DOVOZ ZDARMA v r\u00e1mci SR | www.damiper.sk |","breadcrumb":{"@id":"https:\/\/damiper.sk\/sk\/produkt\/kompozitne-podlahy-organic-flex-krono\/#breadcrumb"},"inLanguage":"sk-SK","potentialAction":[{"@type":"ReadAction","target":["https:\/\/damiper.sk\/sk\/produkt\/kompozitne-podlahy-organic-flex-krono\/"]}]},{"@type":"ImageObject","inLanguage":"sk-SK","@id":"https:\/\/damiper.sk\/sk\/produkt\/kompozitne-podlahy-organic-flex-krono\/#primaryimage","url":"https:\/\/damiper.sk\/sk\/wp-content\/uploads\/krono_organic-flex_K506_Dub-Lunar-Range.jpg","contentUrl":"https:\/\/damiper.sk\/sk\/wp-content\/uploads\/krono_organic-flex_K506_Dub-Lunar-Range.jpg","width":1280,"height":1282,"caption":"Organic FLEX K506 Dub Lunar Range - skladom s dovozom ZDARMA"},{"@type":"BreadcrumbList","@id":"https:\/\/damiper.sk\/sk\/produkt\/kompozitne-podlahy-organic-flex-krono\/#breadcrumb","itemListElement":[{"@type":"ListItem","position":1,"name":"Domovsk\u00e1 str\u00e1nka","item":"https:\/\/damiper.sk\/sk\/"},{"@type":"ListItem","position":2,"name":"Shop","item":"https:\/\/damiper.sk\/sk\/?page_id=323"},{"@type":"ListItem","position":3,"name":"Kompozitn\u00e9 podlahy Organic FLEX"}]},{"@type":"WebSite","@id":"https:\/\/damiper.sk\/sk\/#website","url":"https:\/\/damiper.sk\/sk\/","name":"Damiper s.r.o. \u00bb Okn\u00e1 | dvere | podlahy","description":"Plastov\u00e9 okn\u00e1 | Dvere | Podlahy | Interi\u00e9r","potentialAction":[{"@type":"SearchAction","target":{"@type":"EntryPoint","urlTemplate":"https:\/\/damiper.sk\/sk\/?s={search_term_string}"},"query-input":{"@type":"PropertyValueSpecification","valueRequired":true,"valueName":"search_term_string"}}],"inLanguage":"sk-SK"}]}},"_links":{"self":[{"href":"https:\/\/damiper.sk\/sk\/wp-json\/wp\/v2\/product\/7753","targetHints":{"allow":["GET"]}}],"collection":[{"href":"https:\/\/damiper.sk\/sk\/wp-json\/wp\/v2\/product"}],"about":[{"href":"https:\/\/damiper.sk\/sk\/wp-json\/wp\/v2\/types\/product"}],"replies":[{"embeddable":true,"href":"https:\/\/damiper.sk\/sk\/wp-json\/wp\/v2\/comments?post=7753"}],"wp:featuredmedia":[{"embeddable":true,"href":"https:\/\/damiper.sk\/sk\/wp-json\/wp\/v2\/media\/7761"}],"wp:attachment":[{"href":"https:\/\/damiper.sk\/sk\/wp-json\/wp\/v2\/media?parent=7753"}],"wp:term":[{"taxonomy":"product_brand","embeddable":true,"href":"https:\/\/damiper.sk\/sk\/wp-json\/wp\/v2\/product_brand?post=7753"},{"taxonomy":"product_cat","embeddable":true,"href":"https:\/\/damiper.sk\/sk\/wp-json\/wp\/v2\/product_cat?post=7753"},{"taxonomy":"product_tag","embeddable":true,"href":"https:\/\/damiper.sk\/sk\/wp-json\/wp\/v2\/product_tag?post=7753"}],"curies":[{"name":"wp","href":"https:\/\/api.w.org\/{rel}","templated":true}]}}