{"id":7858,"date":"2024-01-05T00:33:11","date_gmt":"2024-01-04T22:33:11","guid":{"rendered":"https:\/\/damiper.sk\/sk\/?post_type=product&#038;p=7858"},"modified":"2024-02-19T23:52:02","modified_gmt":"2024-02-19T21:52:02","slug":"vinylove-podlahy-quick-step-alpha-vinyl-ciro","status":"publish","type":"product","link":"https:\/\/damiper.sk\/sk\/produkt\/vinylove-podlahy-quick-step-alpha-vinyl-ciro\/","title":{"rendered":"Vinylov\u00e9 podlahy Quick-Step Alpha vinyl | Ciro"},"content":{"rendered":"<h1 style=\"text-align: center;\">Vinylov\u00e9 podlahy Quick-Step Alpha Vinyl<\/h1>\n<h3 style=\"text-align: center;\">Zaujala V\u00e1s niektor\u00e1 z pon\u00fakan\u00fdch podl\u00e1h? Nev\u00e1hajte si vy\u017eiada\u0165 nez\u00e1v\u00e4zn\u00fa cenov\u00fa ponuku <a href=\"https:\/\/damiper.sk\/sk\/kontakt_damiper\/\">&gt;&gt;TU&lt;&lt;<\/a><\/h3>\n<h2>Vinylov\u00e9 podlahy Quick-Step Alpha Vinyl &#8211; hlavn\u00e9 v\u00fdhody<\/h2>\n<ul>\n<li>\n<h3>100% vodeodoln\u00e1 a vodotesn\u00e1<\/h3>\n<ul>\n<li>jedine\u010dn\u00fd vodotesn\u00fd klik syst\u00e9m v kombin\u00e1cii s vodoodpudivou technol\u00f3giou \u00fapravy povrchu Hydroseal = plne vodotesn\u00e1 podlaha s pokl\u00e1dkou such\u00fdm syst\u00e9mom, teda bez lepenia<\/li>\n<li>ide\u00e1lne vyu\u017eitie vo vysoko nam\u00e1han\u00fdch miestach obytn\u00fdch priestorov ako s\u00fa kuchyne, chodby, k\u00fape\u013ene alebo vyu\u017eitie v komer\u010dn\u00fdch priestoroch<\/li>\n<\/ul>\n<\/li>\n<li>\n<h3>Ultra siln\u00e1 pre maxim\u00e1lnu odolnos\u0165<\/h3>\n<ul>\n<li>ultrapevn\u00e9 rigid jadro chr\u00e1ni podlahu pred po\u0161koden\u00edm od padaj\u00facich predmetov, po\u0161kriaban\u00ed od dom\u00e1cich mil\u00e1\u010dikov, pred po\u0161koden\u00edm \u0161kvrnami z rozliatych tekut\u00edn alebo pred oterom sp\u00f4soben\u00fdm stoli\u010dkami alebo in\u00fdm n\u00e1bytkom (Scratch a Stain Guard technol\u00f3gia \u00fapravy povrchu)<\/li>\n<\/ul>\n<\/li>\n<li>\n<h3>Vhodn\u00e1 pre nepravideln\u00e9 povrchy<\/h3>\n<ul>\n<li>v\u010faka pevn\u00e9mu rigid jadru, je to vynikaj\u00faca vo\u013eba pre nerovn\u00e9 povrchy napr. pri rekon\u0161trukcii a naviac, ve\u013emi jednoduch\u00e1 mont\u00e1\u017e v\u010faka pevn\u00e9mu kliku<\/li>\n<\/ul>\n<\/li>\n<\/ul>\n<h2>Vinylov\u00e9 podlahy Quick-Step Alpha Vinyl &#8211; kolekcia Ciro<\/h2>\n<p>Kolekcia Ciro sa vyr\u00e1ba v hr\u00fabke 5 mm, naviac 1 mm integrovan\u00e1 podlo\u017eka. Teda pod t\u00fato kolekciu podl\u00e1h patr\u00ed u\u017e len paroz\u00e1brana, \u017eiadna \u010fal\u0161ia podlo\u017eka nie je potrebn\u00e1, ani vhodn\u00e1. Dizajnovo ide o drevodekory, zvy\u010dajne s dubovou kresbou, modern\u00fd dizajn rybia kos\u0165. Naviac, tieto dekory viete n\u00e1js\u0165 ako palubovky v kolekcii Bloom. A teda do men\u0161\u00edch miestnost\u00ed kl\u00e1s\u0165 rovn\u00fd smer podlahy a do otvoren\u00fdch priestorov pou\u017ei\u0165 rybiu kos\u0165. Nehovoriac o dokonalej \u0161trukt\u00fare kresby, ktor\u00fa treba pri tejto kolekcii zvl\u00e1\u0161\u0165 vyzdvihn\u00fa\u0165.<\/p>\n<p>Tieto podlahy sa montuj\u00fa pl\u00e1vaj\u00facim sp\u00f4sobom, \u010do ve\u013emi u\u013eah\u010duje patentovan\u00fd klik syst\u00e9m. V\u010faka svojej robustnosti dok\u00e1\u017eu zvl\u00e1dnu\u0165 aj drobn\u00e9 nedostatky podkladu.<\/p>\n<h2>Vinylov\u00e9 podlahy Quick-Step Alpha Vinyl &#8211; vlastnosti<\/h2>\n<p><a href=\"https:\/\/www.quick-step.sk\/sk-sk\/vinyl\/alphavinyl\" target=\"_blank\" rel=\"noopener noreferrer\">Quick-Step<\/a> je viac ne\u017e len podlaha. Ka\u017ed\u00fa podlahu, ktor\u00fa pon\u00fakame, si viete dokonale zladi\u0165 t\u00f3n v t\u00f3ne v rovnakom dekore dokon\u010dovacie profily a soklov\u00e9 li\u0161ty. Quick-Step pon\u00fakame aj ako podkladov\u00e9 vrstvy, teda v\u0161etky podlo\u017eky, ktor\u00e9 potrebujete pre polo\u017eenie t\u00fdchto podl\u00e1h.\u00a0Tieto podlahy maj\u00fa v\u00fdnimo\u010dne \u0161t\u00fdlov\u00fd a pr\u00edrodn\u00fd vzh\u013ead a z\u00e1rove\u0148 s\u00fa 100% odoln\u00e9 vo\u010di vlhkosti (\u00faprava povrchu technol\u00f3giou Hydroseal), v\u010faka \u010domu je ich um\u00fdvanie jednoduch\u0161ie ne\u017e kedyko\u013evek predt\u00fdm. Quick-Step je vyn\u00e1lezcom mont\u00e1\u017eneho syst\u00e9mu Uniclic, ktor\u00fd sa stal \u0161tandardn\u00fdm syst\u00e9mom mont\u00e1\u017ee zacvaknut\u00edm. V\u010faka revolu\u010dn\u00e9mu a patentovan\u00e9mu syst\u00e9mu zacvak\u00e1vania m\u00f4\u017eete sp\u00e1ja\u0165 podlahov\u00e9 dosky jednoduch\u00fdm zacvaknut\u00edm. V\u0161etky vinylov\u00e9 podlahy Quick-Step s\u00fa vhodn\u00e9 na podlahov\u00e9 k\u00farenie pri zvolen\u00ed spr\u00e1vnej podlo\u017eky, ktor\u00fa v\u00fdrobca odpor\u00fa\u010da. Quick-Step garantuje pred\u013a\u017een\u00fa z\u00e1ruku pre dom\u00e1cnosti a\u017e 25 rokov. To o kvalite t\u00fdchto podl\u00e1h hovor\u00ed sam\u00e9 za seba.<\/p>\n<p>Ku pl\u00e1vaj\u00facim podlah\u00e1m pon\u00fakame aj v\u0161etky doplnky Quick-Step:<\/p>\n<ul>\n<li>podlo\u017eky pod podlahy (vhodn\u00e9 na alebo bez podlahov\u00e9ho k\u00farenia)<\/li>\n<li>obvodov\u00e9 li\u0161ty + v\u0161etky doplnky<\/li>\n<li>prechodov\u00e9 li\u0161ty<\/li>\n<li>ukon\u010dovacie li\u0161ty<\/li>\n<li>lepidl\u00e1, tmely, &#8230;<\/li>\n<li>korek\u010dn\u00e9 sady<\/li>\n<li><a href=\"http:\/\/damiper.sk\/sk\/udrzba_plavajucej_podlahy_bonamop\/\">pr\u00edpravky na \u00fadr\u017ebu<\/a><\/li>\n<\/ul>\n","protected":false},"excerpt":{"rendered":"<p><strong>Hr\u00fabka podlahy | trieda z\u00e1\u0165a\u017ee | rozmer:\u00a0<\/strong><\/p>\n<p>AVHBU Ciro: 5+1 mm | trieda: 33 | rozmer: 630 x 126 mm<\/p>\n<p><b>Klik\u00a0syst\u00e9m: Uniclic<\/b><\/p>\n<p><strong>Vzh\u013ead: rybia kos\u0165 s prav\u00fdm skosen\u00edm dr\u00e1\u017eok<\/strong><\/p>\n<p><strong>Zabezpe\u010denie dovozu v r\u00e1mci celej SR<\/strong><\/p>\n<p>Dodanie v priebehu 1 pracovn\u00e9ho t\u00fd\u017ed\u0148a, resp. dohodou<\/p>\n","protected":false},"featured_media":7865,"comment_status":"closed","ping_status":"closed","template":"","meta":[],"product_brand":[],"product_cat":[238,268,41],"product_tag":[59,54,240,284,179,236],"class_list":{"0":"post-7858","1":"product","2":"type-product","3":"status-publish","4":"has-post-thumbnail","6":"product_cat-quick-step-podlahy","7":"product_cat-vinylove-podlahy-alpha-vinyl","8":"product_cat-podlahy","9":"product_tag-4v-drazka","10":"product_tag-dub","11":"product_tag-quick-step","12":"product_tag-rybia-kost","13":"product_tag-vinylova-podlaha","14":"product_tag-vodeodolna","16":"first","17":"instock","18":"shipping-taxable","19":"product-type-simple"},"yoast_head":"<!-- This site is optimized with the Yoast SEO plugin v26.5 - https:\/\/yoast.com\/wordpress\/plugins\/seo\/ -->\n<title>Vinylov\u00e9 podlahy Quick-Step Alpha Vinyl | Ciro | Damiper s.r.o.<\/title>\n<meta name=\"description\" content=\"Vinylov\u00e9 podlahy Quick-Step Alpha Vinyl | kolekcia Ciro | Vy\u017eiadajte si nez\u00e1v\u00e4zn\u00fa cenov\u00fa ponuku | 0911 190 227 | info@damiper.sk | www.damiper.sk |\" \/>\n<meta name=\"robots\" content=\"index, follow, max-snippet:-1, max-image-preview:large, max-video-preview:-1\" \/>\n<link rel=\"canonical\" href=\"https:\/\/damiper.sk\/sk\/produkt\/vinylove-podlahy-quick-step-alpha-vinyl-ciro\/\" \/>\n<meta property=\"og:locale\" content=\"sk_SK\" \/>\n<meta property=\"og:type\" content=\"article\" \/>\n<meta property=\"og:title\" content=\"Vinylov\u00e9 podlahy Quick-Step Alpha Vinyl | Ciro | Damiper s.r.o.\" \/>\n<meta property=\"og:description\" content=\"Vinylov\u00e9 podlahy Quick-Step Alpha Vinyl | kolekcia Ciro | Vy\u017eiadajte si nez\u00e1v\u00e4zn\u00fa cenov\u00fa ponuku | 0911 190 227 | info@damiper.sk | www.damiper.sk |\" \/>\n<meta property=\"og:url\" content=\"https:\/\/damiper.sk\/sk\/produkt\/vinylove-podlahy-quick-step-alpha-vinyl-ciro\/\" \/>\n<meta property=\"og:site_name\" content=\"Damiper s.r.o. \u00bb Okn\u00e1 | dvere | podlahy\" \/>\n<meta property=\"article:modified_time\" content=\"2024-02-19T21:52:02+00:00\" \/>\n<meta property=\"og:image\" content=\"http:\/\/damiper.sk\/sk\/wp-content\/uploads\/v-interieri_dub-cisty-cerveny.jpg\" \/>\n\t<meta property=\"og:image:width\" content=\"942\" \/>\n\t<meta property=\"og:image:height\" content=\"1337\" \/>\n\t<meta property=\"og:image:type\" content=\"image\/jpeg\" \/>\n<meta name=\"twitter:card\" content=\"summary_large_image\" \/>\n<meta name=\"twitter:label1\" content=\"Predpokladan\u00fd \u010das \u010d\u00edtania\" \/>\n\t<meta name=\"twitter:data1\" content=\"3 min\u00faty\" \/>\n<script type=\"application\/ld+json\" class=\"yoast-schema-graph\">{\"@context\":\"https:\/\/schema.org\",\"@graph\":[{\"@type\":\"WebPage\",\"@id\":\"https:\/\/damiper.sk\/sk\/produkt\/vinylove-podlahy-quick-step-alpha-vinyl-ciro\/\",\"url\":\"https:\/\/damiper.sk\/sk\/produkt\/vinylove-podlahy-quick-step-alpha-vinyl-ciro\/\",\"name\":\"Vinylov\u00e9 podlahy Quick-Step Alpha Vinyl | Ciro | Damiper s.r.o.\",\"isPartOf\":{\"@id\":\"https:\/\/damiper.sk\/sk\/#website\"},\"primaryImageOfPage\":{\"@id\":\"https:\/\/damiper.sk\/sk\/produkt\/vinylove-podlahy-quick-step-alpha-vinyl-ciro\/#primaryimage\"},\"image\":{\"@id\":\"https:\/\/damiper.sk\/sk\/produkt\/vinylove-podlahy-quick-step-alpha-vinyl-ciro\/#primaryimage\"},\"thumbnailUrl\":\"https:\/\/damiper.sk\/sk\/wp-content\/uploads\/v-interieri_dub-cisty-cerveny.jpg\",\"datePublished\":\"2024-01-04T22:33:11+00:00\",\"dateModified\":\"2024-02-19T21:52:02+00:00\",\"description\":\"Vinylov\u00e9 podlahy Quick-Step Alpha Vinyl | kolekcia Ciro | Vy\u017eiadajte si nez\u00e1v\u00e4zn\u00fa cenov\u00fa ponuku | 0911 190 227 | info@damiper.sk | www.damiper.sk |\",\"breadcrumb\":{\"@id\":\"https:\/\/damiper.sk\/sk\/produkt\/vinylove-podlahy-quick-step-alpha-vinyl-ciro\/#breadcrumb\"},\"inLanguage\":\"sk-SK\",\"potentialAction\":[{\"@type\":\"ReadAction\",\"target\":[\"https:\/\/damiper.sk\/sk\/produkt\/vinylove-podlahy-quick-step-alpha-vinyl-ciro\/\"]}]},{\"@type\":\"ImageObject\",\"inLanguage\":\"sk-SK\",\"@id\":\"https:\/\/damiper.sk\/sk\/produkt\/vinylove-podlahy-quick-step-alpha-vinyl-ciro\/#primaryimage\",\"url\":\"https:\/\/damiper.sk\/sk\/wp-content\/uploads\/v-interieri_dub-cisty-cerveny.jpg\",\"contentUrl\":\"https:\/\/damiper.sk\/sk\/wp-content\/uploads\/v-interieri_dub-cisty-cerveny.jpg\",\"width\":942,\"height\":1337,\"caption\":\"Quick-Step Alpha Vinyl Ciro - AVHBU 40359 - Dub \u010dist\u00fd \u010derven\u00fd - skladom s dovozom v r\u00e1mci SR\"},{\"@type\":\"BreadcrumbList\",\"@id\":\"https:\/\/damiper.sk\/sk\/produkt\/vinylove-podlahy-quick-step-alpha-vinyl-ciro\/#breadcrumb\",\"itemListElement\":[{\"@type\":\"ListItem\",\"position\":1,\"name\":\"Domovsk\u00e1 str\u00e1nka\",\"item\":\"https:\/\/damiper.sk\/sk\/\"},{\"@type\":\"ListItem\",\"position\":2,\"name\":\"Shop\",\"item\":\"https:\/\/damiper.sk\/sk\/?page_id=323\"},{\"@type\":\"ListItem\",\"position\":3,\"name\":\"Vinylov\u00e9 podlahy Quick-Step Alpha vinyl | Ciro\"}]},{\"@type\":\"WebSite\",\"@id\":\"https:\/\/damiper.sk\/sk\/#website\",\"url\":\"https:\/\/damiper.sk\/sk\/\",\"name\":\"Damiper s.r.o. \u00bb Okn\u00e1 | dvere | podlahy\",\"description\":\"Plastov\u00e9 okn\u00e1 | Dvere | Podlahy | Interi\u00e9r\",\"potentialAction\":[{\"@type\":\"SearchAction\",\"target\":{\"@type\":\"EntryPoint\",\"urlTemplate\":\"https:\/\/damiper.sk\/sk\/?s={search_term_string}\"},\"query-input\":{\"@type\":\"PropertyValueSpecification\",\"valueRequired\":true,\"valueName\":\"search_term_string\"}}],\"inLanguage\":\"sk-SK\"}]}<\/script>\n<!-- \/ Yoast SEO plugin. -->","yoast_head_json":{"title":"Vinylov\u00e9 podlahy Quick-Step Alpha Vinyl | Ciro | Damiper s.r.o.","description":"Vinylov\u00e9 podlahy Quick-Step Alpha Vinyl | kolekcia Ciro | Vy\u017eiadajte si nez\u00e1v\u00e4zn\u00fa cenov\u00fa ponuku | 0911 190 227 | info@damiper.sk | www.damiper.sk |","robots":{"index":"index","follow":"follow","max-snippet":"max-snippet:-1","max-image-preview":"max-image-preview:large","max-video-preview":"max-video-preview:-1"},"canonical":"https:\/\/damiper.sk\/sk\/produkt\/vinylove-podlahy-quick-step-alpha-vinyl-ciro\/","og_locale":"sk_SK","og_type":"article","og_title":"Vinylov\u00e9 podlahy Quick-Step Alpha Vinyl | Ciro | Damiper s.r.o.","og_description":"Vinylov\u00e9 podlahy Quick-Step Alpha Vinyl | kolekcia Ciro | Vy\u017eiadajte si nez\u00e1v\u00e4zn\u00fa cenov\u00fa ponuku | 0911 190 227 | info@damiper.sk | www.damiper.sk |","og_url":"https:\/\/damiper.sk\/sk\/produkt\/vinylove-podlahy-quick-step-alpha-vinyl-ciro\/","og_site_name":"Damiper s.r.o. \u00bb Okn\u00e1 | dvere | podlahy","article_modified_time":"2024-02-19T21:52:02+00:00","og_image":[{"width":942,"height":1337,"url":"http:\/\/damiper.sk\/sk\/wp-content\/uploads\/v-interieri_dub-cisty-cerveny.jpg","type":"image\/jpeg"}],"twitter_card":"summary_large_image","twitter_misc":{"Predpokladan\u00fd \u010das \u010d\u00edtania":"3 min\u00faty"},"schema":{"@context":"https:\/\/schema.org","@graph":[{"@type":"WebPage","@id":"https:\/\/damiper.sk\/sk\/produkt\/vinylove-podlahy-quick-step-alpha-vinyl-ciro\/","url":"https:\/\/damiper.sk\/sk\/produkt\/vinylove-podlahy-quick-step-alpha-vinyl-ciro\/","name":"Vinylov\u00e9 podlahy Quick-Step Alpha Vinyl | Ciro | Damiper s.r.o.","isPartOf":{"@id":"https:\/\/damiper.sk\/sk\/#website"},"primaryImageOfPage":{"@id":"https:\/\/damiper.sk\/sk\/produkt\/vinylove-podlahy-quick-step-alpha-vinyl-ciro\/#primaryimage"},"image":{"@id":"https:\/\/damiper.sk\/sk\/produkt\/vinylove-podlahy-quick-step-alpha-vinyl-ciro\/#primaryimage"},"thumbnailUrl":"https:\/\/damiper.sk\/sk\/wp-content\/uploads\/v-interieri_dub-cisty-cerveny.jpg","datePublished":"2024-01-04T22:33:11+00:00","dateModified":"2024-02-19T21:52:02+00:00","description":"Vinylov\u00e9 podlahy Quick-Step Alpha Vinyl | kolekcia Ciro | Vy\u017eiadajte si nez\u00e1v\u00e4zn\u00fa cenov\u00fa ponuku | 0911 190 227 | info@damiper.sk | www.damiper.sk |","breadcrumb":{"@id":"https:\/\/damiper.sk\/sk\/produkt\/vinylove-podlahy-quick-step-alpha-vinyl-ciro\/#breadcrumb"},"inLanguage":"sk-SK","potentialAction":[{"@type":"ReadAction","target":["https:\/\/damiper.sk\/sk\/produkt\/vinylove-podlahy-quick-step-alpha-vinyl-ciro\/"]}]},{"@type":"ImageObject","inLanguage":"sk-SK","@id":"https:\/\/damiper.sk\/sk\/produkt\/vinylove-podlahy-quick-step-alpha-vinyl-ciro\/#primaryimage","url":"https:\/\/damiper.sk\/sk\/wp-content\/uploads\/v-interieri_dub-cisty-cerveny.jpg","contentUrl":"https:\/\/damiper.sk\/sk\/wp-content\/uploads\/v-interieri_dub-cisty-cerveny.jpg","width":942,"height":1337,"caption":"Quick-Step Alpha Vinyl Ciro - AVHBU 40359 - Dub \u010dist\u00fd \u010derven\u00fd - skladom s dovozom v r\u00e1mci SR"},{"@type":"BreadcrumbList","@id":"https:\/\/damiper.sk\/sk\/produkt\/vinylove-podlahy-quick-step-alpha-vinyl-ciro\/#breadcrumb","itemListElement":[{"@type":"ListItem","position":1,"name":"Domovsk\u00e1 str\u00e1nka","item":"https:\/\/damiper.sk\/sk\/"},{"@type":"ListItem","position":2,"name":"Shop","item":"https:\/\/damiper.sk\/sk\/?page_id=323"},{"@type":"ListItem","position":3,"name":"Vinylov\u00e9 podlahy Quick-Step Alpha vinyl | Ciro"}]},{"@type":"WebSite","@id":"https:\/\/damiper.sk\/sk\/#website","url":"https:\/\/damiper.sk\/sk\/","name":"Damiper s.r.o. \u00bb Okn\u00e1 | dvere | podlahy","description":"Plastov\u00e9 okn\u00e1 | Dvere | Podlahy | Interi\u00e9r","potentialAction":[{"@type":"SearchAction","target":{"@type":"EntryPoint","urlTemplate":"https:\/\/damiper.sk\/sk\/?s={search_term_string}"},"query-input":{"@type":"PropertyValueSpecification","valueRequired":true,"valueName":"search_term_string"}}],"inLanguage":"sk-SK"}]}},"_links":{"self":[{"href":"https:\/\/damiper.sk\/sk\/wp-json\/wp\/v2\/product\/7858","targetHints":{"allow":["GET"]}}],"collection":[{"href":"https:\/\/damiper.sk\/sk\/wp-json\/wp\/v2\/product"}],"about":[{"href":"https:\/\/damiper.sk\/sk\/wp-json\/wp\/v2\/types\/product"}],"replies":[{"embeddable":true,"href":"https:\/\/damiper.sk\/sk\/wp-json\/wp\/v2\/comments?post=7858"}],"wp:featuredmedia":[{"embeddable":true,"href":"https:\/\/damiper.sk\/sk\/wp-json\/wp\/v2\/media\/7865"}],"wp:attachment":[{"href":"https:\/\/damiper.sk\/sk\/wp-json\/wp\/v2\/media?parent=7858"}],"wp:term":[{"taxonomy":"product_brand","embeddable":true,"href":"https:\/\/damiper.sk\/sk\/wp-json\/wp\/v2\/product_brand?post=7858"},{"taxonomy":"product_cat","embeddable":true,"href":"https:\/\/damiper.sk\/sk\/wp-json\/wp\/v2\/product_cat?post=7858"},{"taxonomy":"product_tag","embeddable":true,"href":"https:\/\/damiper.sk\/sk\/wp-json\/wp\/v2\/product_tag?post=7858"}],"curies":[{"name":"wp","href":"https:\/\/api.w.org\/{rel}","templated":true}]}}