{"id":8075,"date":"2024-10-02T14:12:21","date_gmt":"2024-10-02T12:12:21","guid":{"rendered":"https:\/\/damiper.sk\/sk\/?post_type=product&#038;p=8075"},"modified":"2024-10-02T22:19:57","modified_gmt":"2024-10-02T20:19:57","slug":"lepene_vinylove_podlahy_repac_solid_dryback","status":"publish","type":"product","link":"https:\/\/damiper.sk\/sk\/produkt\/lepene_vinylove_podlahy_repac_solid_dryback\/","title":{"rendered":"Lepen\u00e9 vinylov\u00e9 podlahy Repac Solid DRYBACK"},"content":{"rendered":"<h1 style=\"text-align: center;\">Lepen\u00e9 vinylov\u00e9 podlahy Repac Solid DRYBACK<\/h1>\n<h3 style=\"text-align: center;\">Zaujala V\u00e1s niektor\u00e1 z pon\u00fakan\u00fdch podl\u00e1h? Nev\u00e1hajte si vy\u017eiada\u0165 nez\u00e1v\u00e4zn\u00fa cenov\u00fa ponuku <a href=\"https:\/\/damiper.sk\/sk\/kontakt_damiper\/\">&gt;&gt;TU&lt;&lt;<\/a><\/h3>\n<h2>Vinylov\u00e9 podlahy Repac Solid Dryback &#8211; vlastnosti<\/h2>\n<ul>\n<li>celoplo\u0161ne lepen\u00e9 vinylov\u00e9 podlahy<\/li>\n<li>hr\u00fabka 2,5 mm<\/li>\n<li>mikro 4V dr\u00e1\u017eka<\/li>\n<li>vyr\u00e1ban\u00e9 v odolnosti 33 (teda vysok\u00e9 za\u0165a\u017eenie pre dom\u00e1cnosti) a 42 (norm\u00e1lne priemyseln\u00e9 za\u0165a\u017eenie)<\/li>\n<li>tieto lepen\u00e9 vinylov\u00e9 podlahy s\u00fa vhodn\u00e9 do cel\u00e9ho obytn\u00e9ho priestoru, vr\u00e1tane kuchyne, ob\u00fdva\u010dky \u010di chodby<\/li>\n<li>rovnako tak s\u00fa vhodn\u00e9 do kancel\u00e1rskych priestorov alebo kozmetick\u00fdch a kadern\u00edckych prev\u00e1dzok<\/li>\n<li>100% vodeodoln\u00e9 podlahy<\/li>\n<li>autentick\u00fd vzh\u013ead dubov\u00e9ho dreva v preveden\u00ed palubovka alebo rybia kos\u0165<\/li>\n<li>ide\u00e1lna vo\u013eba pre pou\u017eitie s podlahov\u00fdm k\u00faren\u00edm v\u010faka minim\u00e1lnemu tepeln\u00e9mu odporu<\/li>\n<li>pod\u013ea platn\u00fdch ISO noriem je chemicky nez\u00e1vadn\u00e1, teda bez nebezpe\u010dn\u00e9ho obsahu ftal\u00e1tov a formaldehydov<\/li>\n<li>kvalita ovzdu\u0161ia v interi\u00e9ri A+<\/li>\n<\/ul>\n<h2>Vinylov\u00e9 podlahy Repac Solid Dryback &#8211; kolekcia Authentic<\/h2>\n<p>Kolekcia Authentic sa vyr\u00e1ba v hr\u00fabke 2,5 mm, a teda s\u00fa vhodn\u00e9 na celoplo\u0161n\u00e9 lepenie. Okrem samotnej podlahy odpor\u00fa\u010dame aj vhodn\u00e9 lepidlo od zna\u010dky Murexin. Dizajnovo ide o drevodekory, v\u0161etko s dubovou kresbou, vzh\u013ead lamely je palubovka. Tieto podlahy sa vyzna\u010duj\u00fa dokonal\u00fdm autentick\u00fdm vzh\u013eadom dreva aj napriek svojej tenkej hr\u00fabke.<\/p>\n<p>Tieto podlahy s\u00fa ur\u010den\u00e9 na celoplo\u0161n\u00e9 lepenie. Z\u00e1rove\u0148 odpor\u00fa\u010dame dohliadnu\u0165 na rovn\u00fd podklad, aby vyzerali dokonale aj pri dopade denn\u00e9ho svetla a nekop\u00edrovali nerovnosti podkladu.<\/p>\n<h2>Vinylov\u00e9 podlahy Repac Solid Dryback &#8211; kolekcia Herringbone<\/h2>\n<p>Kolekcia Herringbone sa tie\u017e vyr\u00e1ba v hr\u00fabke 2,5 mm, op\u00e4\u0165 hovor\u00edme o lepenej vinylovej podlahe. Okrem samotnej podlahy odpor\u00fa\u010dame aj vhodn\u00e9 lepidlo od zna\u010dky Murexin. Dizajnovo ide o drevodekory, v\u0161etko s dubovou kresbou, vzh\u013ead lamely je rybia kos\u0165. Solid Dryback lepen\u00e9 vinylov\u00e9 podlahy sa vyzna\u010duj\u00fa dokonal\u00fdm autentick\u00fdm vzh\u013eadom dreva aj napriek svojej tenkej hr\u00fabke.<\/p>\n<p>Tieto podlahy s\u00fa ur\u010den\u00e9 na celoplo\u0161n\u00e9 lepenie. Z\u00e1rove\u0148 odpor\u00fa\u010dame dohliadnu\u0165 na rovn\u00fd podklad, aby vyzerali dokonale aj pri dopade denn\u00e9ho svetla a nekop\u00edrovali nerovnosti podkladu.<\/p>\n<p>Ku vinylov\u00fdm podlah\u00e1m pon\u00fakame aj nasleduj\u00face doplnky:<\/p>\n<ul>\n<li>podlo\u017eky pod podlahy (v pr\u00edpade pl\u00e1vaj\u00facej pokl\u00e1dky)<\/li>\n<li>obvodov\u00e9 li\u0161ty + v\u0161etky doplnky<\/li>\n<li>prechodov\u00e9 li\u0161ty<\/li>\n<li>ukon\u010dovacie li\u0161ty<\/li>\n<li>lepidl\u00e1, tmely, &#8230;<\/li>\n<li>korek\u010dn\u00e9 sady<\/li>\n<li><a href=\"http:\/\/damiper.sk\/sk\/udrzba_plavajucej_podlahy_bonamop\/\">pr\u00edpravky na \u00fadr\u017ebu<\/a><\/li>\n<\/ul>\n","protected":false},"excerpt":{"rendered":"<p><strong>Hr\u00fabka podlahy | trieda z\u00e1\u0165a\u017ee | rozmer:\u00a0<\/strong><\/p>\n<p>Solid DRYBACK: 2,5 mm | trieda: 33 | 42<\/p>\n<p>rozmer: 609 x 114 mm herringbone<\/p>\n<p>rozmer: 1219 x 228 mm palubovka<\/p>\n<p><strong>Vzh\u013ead: rybia kos\u0165 alebo palubovka<\/strong><\/p>\n<p><strong>Zabezpe\u010denie dovozu v r\u00e1mci celej SR<\/strong><\/p>\n<p>Dodanie v priebehu 1 pracovn\u00e9ho t\u00fd\u017ed\u0148a, resp. dohodou<\/p>\n","protected":false},"featured_media":8076,"comment_status":"closed","ping_status":"closed","template":"","meta":[],"product_brand":[],"product_cat":[223],"product_tag":[59,54,303,56,301,284,302,179,236],"class_list":{"0":"post-8075","1":"product","2":"type-product","3":"status-publish","4":"has-post-thumbnail","6":"product_cat-vinylove_podlahy_parador","7":"product_tag-4v-drazka","8":"product_tag-dub","9":"product_tag-lepene-vinylove-podlahy","10":"product_tag-palubovka","11":"product_tag-repac","12":"product_tag-rybia-kost","13":"product_tag-solid-dryback","14":"product_tag-vinylova-podlaha","15":"product_tag-vodeodolna","17":"first","18":"instock","19":"shipping-taxable","20":"product-type-simple"},"yoast_head":"<!-- This site is optimized with the Yoast SEO plugin v26.5 - https:\/\/yoast.com\/wordpress\/plugins\/seo\/ -->\n<title>Lepen\u00e9 vinylov\u00e9 podlahy Repac Solid DRYBACK | Damiper s.r.o.<\/title>\n<meta name=\"description\" content=\"Lepen\u00e9 vinylov\u00e9 podlahy Repac Solid DRYBACK | Vy\u017eiadajte si nez\u00e1v\u00e4zn\u00fa cenov\u00fa ponuku | 0911 190 227 | info@damiper.sk | www.damiper.sk |\" \/>\n<meta name=\"robots\" content=\"index, follow, max-snippet:-1, max-image-preview:large, max-video-preview:-1\" \/>\n<link rel=\"canonical\" href=\"https:\/\/damiper.sk\/sk\/produkt\/lepene_vinylove_podlahy_repac_solid_dryback\/\" \/>\n<meta property=\"og:locale\" content=\"sk_SK\" \/>\n<meta property=\"og:type\" content=\"article\" \/>\n<meta property=\"og:title\" content=\"Lepen\u00e9 vinylov\u00e9 podlahy Repac Solid DRYBACK | Damiper s.r.o.\" \/>\n<meta property=\"og:description\" content=\"Lepen\u00e9 vinylov\u00e9 podlahy Repac Solid DRYBACK | Vy\u017eiadajte si nez\u00e1v\u00e4zn\u00fa cenov\u00fa ponuku | 0911 190 227 | info@damiper.sk | www.damiper.sk |\" \/>\n<meta property=\"og:url\" content=\"https:\/\/damiper.sk\/sk\/produkt\/lepene_vinylove_podlahy_repac_solid_dryback\/\" \/>\n<meta property=\"og:site_name\" content=\"Damiper s.r.o. \u00bb Okn\u00e1 | dvere | podlahy\" \/>\n<meta property=\"article:modified_time\" content=\"2024-10-02T20:19:57+00:00\" \/>\n<meta property=\"og:image\" content=\"http:\/\/damiper.sk\/sk\/wp-content\/uploads\/ilustracny-e1727900013157.jpeg\" \/>\n\t<meta property=\"og:image:width\" content=\"700\" \/>\n\t<meta property=\"og:image:height\" content=\"583\" \/>\n\t<meta property=\"og:image:type\" content=\"image\/jpeg\" \/>\n<meta name=\"twitter:card\" content=\"summary_large_image\" \/>\n<meta name=\"twitter:label1\" content=\"Predpokladan\u00fd \u010das \u010d\u00edtania\" \/>\n\t<meta name=\"twitter:data1\" content=\"2 min\u00faty\" \/>\n<script type=\"application\/ld+json\" class=\"yoast-schema-graph\">{\"@context\":\"https:\/\/schema.org\",\"@graph\":[{\"@type\":\"WebPage\",\"@id\":\"https:\/\/damiper.sk\/sk\/produkt\/lepene_vinylove_podlahy_repac_solid_dryback\/\",\"url\":\"https:\/\/damiper.sk\/sk\/produkt\/lepene_vinylove_podlahy_repac_solid_dryback\/\",\"name\":\"Lepen\u00e9 vinylov\u00e9 podlahy Repac Solid DRYBACK | Damiper s.r.o.\",\"isPartOf\":{\"@id\":\"https:\/\/damiper.sk\/sk\/#website\"},\"primaryImageOfPage\":{\"@id\":\"https:\/\/damiper.sk\/sk\/produkt\/lepene_vinylove_podlahy_repac_solid_dryback\/#primaryimage\"},\"image\":{\"@id\":\"https:\/\/damiper.sk\/sk\/produkt\/lepene_vinylove_podlahy_repac_solid_dryback\/#primaryimage\"},\"thumbnailUrl\":\"https:\/\/damiper.sk\/sk\/wp-content\/uploads\/ilustracny-e1727900013157.jpeg\",\"datePublished\":\"2024-10-02T12:12:21+00:00\",\"dateModified\":\"2024-10-02T20:19:57+00:00\",\"description\":\"Lepen\u00e9 vinylov\u00e9 podlahy Repac Solid DRYBACK | Vy\u017eiadajte si nez\u00e1v\u00e4zn\u00fa cenov\u00fa ponuku | 0911 190 227 | info@damiper.sk | www.damiper.sk |\",\"breadcrumb\":{\"@id\":\"https:\/\/damiper.sk\/sk\/produkt\/lepene_vinylove_podlahy_repac_solid_dryback\/#breadcrumb\"},\"inLanguage\":\"sk-SK\",\"potentialAction\":[{\"@type\":\"ReadAction\",\"target\":[\"https:\/\/damiper.sk\/sk\/produkt\/lepene_vinylove_podlahy_repac_solid_dryback\/\"]}]},{\"@type\":\"ImageObject\",\"inLanguage\":\"sk-SK\",\"@id\":\"https:\/\/damiper.sk\/sk\/produkt\/lepene_vinylove_podlahy_repac_solid_dryback\/#primaryimage\",\"url\":\"https:\/\/damiper.sk\/sk\/wp-content\/uploads\/ilustracny-e1727900013157.jpeg\",\"contentUrl\":\"https:\/\/damiper.sk\/sk\/wp-content\/uploads\/ilustracny-e1727900013157.jpeg\",\"width\":700,\"height\":583,\"caption\":\"Repac Solid DRYBACK Herringbone 1040 Dub Pure - skladom s dovozom ZDARMA\"},{\"@type\":\"BreadcrumbList\",\"@id\":\"https:\/\/damiper.sk\/sk\/produkt\/lepene_vinylove_podlahy_repac_solid_dryback\/#breadcrumb\",\"itemListElement\":[{\"@type\":\"ListItem\",\"position\":1,\"name\":\"Domovsk\u00e1 str\u00e1nka\",\"item\":\"https:\/\/damiper.sk\/sk\/\"},{\"@type\":\"ListItem\",\"position\":2,\"name\":\"Shop\",\"item\":\"https:\/\/damiper.sk\/sk\/?page_id=323\"},{\"@type\":\"ListItem\",\"position\":3,\"name\":\"Lepen\u00e9 vinylov\u00e9 podlahy Repac Solid DRYBACK\"}]},{\"@type\":\"WebSite\",\"@id\":\"https:\/\/damiper.sk\/sk\/#website\",\"url\":\"https:\/\/damiper.sk\/sk\/\",\"name\":\"Damiper s.r.o. \u00bb Okn\u00e1 | dvere | podlahy\",\"description\":\"Plastov\u00e9 okn\u00e1 | Dvere | Podlahy | Interi\u00e9r\",\"potentialAction\":[{\"@type\":\"SearchAction\",\"target\":{\"@type\":\"EntryPoint\",\"urlTemplate\":\"https:\/\/damiper.sk\/sk\/?s={search_term_string}\"},\"query-input\":{\"@type\":\"PropertyValueSpecification\",\"valueRequired\":true,\"valueName\":\"search_term_string\"}}],\"inLanguage\":\"sk-SK\"}]}<\/script>\n<!-- \/ Yoast SEO plugin. -->","yoast_head_json":{"title":"Lepen\u00e9 vinylov\u00e9 podlahy Repac Solid DRYBACK | Damiper s.r.o.","description":"Lepen\u00e9 vinylov\u00e9 podlahy Repac Solid DRYBACK | Vy\u017eiadajte si nez\u00e1v\u00e4zn\u00fa cenov\u00fa ponuku | 0911 190 227 | info@damiper.sk | www.damiper.sk |","robots":{"index":"index","follow":"follow","max-snippet":"max-snippet:-1","max-image-preview":"max-image-preview:large","max-video-preview":"max-video-preview:-1"},"canonical":"https:\/\/damiper.sk\/sk\/produkt\/lepene_vinylove_podlahy_repac_solid_dryback\/","og_locale":"sk_SK","og_type":"article","og_title":"Lepen\u00e9 vinylov\u00e9 podlahy Repac Solid DRYBACK | Damiper s.r.o.","og_description":"Lepen\u00e9 vinylov\u00e9 podlahy Repac Solid DRYBACK | Vy\u017eiadajte si nez\u00e1v\u00e4zn\u00fa cenov\u00fa ponuku | 0911 190 227 | info@damiper.sk | www.damiper.sk |","og_url":"https:\/\/damiper.sk\/sk\/produkt\/lepene_vinylove_podlahy_repac_solid_dryback\/","og_site_name":"Damiper s.r.o. \u00bb Okn\u00e1 | dvere | podlahy","article_modified_time":"2024-10-02T20:19:57+00:00","og_image":[{"width":700,"height":583,"url":"http:\/\/damiper.sk\/sk\/wp-content\/uploads\/ilustracny-e1727900013157.jpeg","type":"image\/jpeg"}],"twitter_card":"summary_large_image","twitter_misc":{"Predpokladan\u00fd \u010das \u010d\u00edtania":"2 min\u00faty"},"schema":{"@context":"https:\/\/schema.org","@graph":[{"@type":"WebPage","@id":"https:\/\/damiper.sk\/sk\/produkt\/lepene_vinylove_podlahy_repac_solid_dryback\/","url":"https:\/\/damiper.sk\/sk\/produkt\/lepene_vinylove_podlahy_repac_solid_dryback\/","name":"Lepen\u00e9 vinylov\u00e9 podlahy Repac Solid DRYBACK | Damiper s.r.o.","isPartOf":{"@id":"https:\/\/damiper.sk\/sk\/#website"},"primaryImageOfPage":{"@id":"https:\/\/damiper.sk\/sk\/produkt\/lepene_vinylove_podlahy_repac_solid_dryback\/#primaryimage"},"image":{"@id":"https:\/\/damiper.sk\/sk\/produkt\/lepene_vinylove_podlahy_repac_solid_dryback\/#primaryimage"},"thumbnailUrl":"https:\/\/damiper.sk\/sk\/wp-content\/uploads\/ilustracny-e1727900013157.jpeg","datePublished":"2024-10-02T12:12:21+00:00","dateModified":"2024-10-02T20:19:57+00:00","description":"Lepen\u00e9 vinylov\u00e9 podlahy Repac Solid DRYBACK | Vy\u017eiadajte si nez\u00e1v\u00e4zn\u00fa cenov\u00fa ponuku | 0911 190 227 | info@damiper.sk | www.damiper.sk |","breadcrumb":{"@id":"https:\/\/damiper.sk\/sk\/produkt\/lepene_vinylove_podlahy_repac_solid_dryback\/#breadcrumb"},"inLanguage":"sk-SK","potentialAction":[{"@type":"ReadAction","target":["https:\/\/damiper.sk\/sk\/produkt\/lepene_vinylove_podlahy_repac_solid_dryback\/"]}]},{"@type":"ImageObject","inLanguage":"sk-SK","@id":"https:\/\/damiper.sk\/sk\/produkt\/lepene_vinylove_podlahy_repac_solid_dryback\/#primaryimage","url":"https:\/\/damiper.sk\/sk\/wp-content\/uploads\/ilustracny-e1727900013157.jpeg","contentUrl":"https:\/\/damiper.sk\/sk\/wp-content\/uploads\/ilustracny-e1727900013157.jpeg","width":700,"height":583,"caption":"Repac Solid DRYBACK Herringbone 1040 Dub Pure - skladom s dovozom ZDARMA"},{"@type":"BreadcrumbList","@id":"https:\/\/damiper.sk\/sk\/produkt\/lepene_vinylove_podlahy_repac_solid_dryback\/#breadcrumb","itemListElement":[{"@type":"ListItem","position":1,"name":"Domovsk\u00e1 str\u00e1nka","item":"https:\/\/damiper.sk\/sk\/"},{"@type":"ListItem","position":2,"name":"Shop","item":"https:\/\/damiper.sk\/sk\/?page_id=323"},{"@type":"ListItem","position":3,"name":"Lepen\u00e9 vinylov\u00e9 podlahy Repac Solid DRYBACK"}]},{"@type":"WebSite","@id":"https:\/\/damiper.sk\/sk\/#website","url":"https:\/\/damiper.sk\/sk\/","name":"Damiper s.r.o. \u00bb Okn\u00e1 | dvere | podlahy","description":"Plastov\u00e9 okn\u00e1 | Dvere | Podlahy | Interi\u00e9r","potentialAction":[{"@type":"SearchAction","target":{"@type":"EntryPoint","urlTemplate":"https:\/\/damiper.sk\/sk\/?s={search_term_string}"},"query-input":{"@type":"PropertyValueSpecification","valueRequired":true,"valueName":"search_term_string"}}],"inLanguage":"sk-SK"}]}},"_links":{"self":[{"href":"https:\/\/damiper.sk\/sk\/wp-json\/wp\/v2\/product\/8075","targetHints":{"allow":["GET"]}}],"collection":[{"href":"https:\/\/damiper.sk\/sk\/wp-json\/wp\/v2\/product"}],"about":[{"href":"https:\/\/damiper.sk\/sk\/wp-json\/wp\/v2\/types\/product"}],"replies":[{"embeddable":true,"href":"https:\/\/damiper.sk\/sk\/wp-json\/wp\/v2\/comments?post=8075"}],"wp:featuredmedia":[{"embeddable":true,"href":"https:\/\/damiper.sk\/sk\/wp-json\/wp\/v2\/media\/8076"}],"wp:attachment":[{"href":"https:\/\/damiper.sk\/sk\/wp-json\/wp\/v2\/media?parent=8075"}],"wp:term":[{"taxonomy":"product_brand","embeddable":true,"href":"https:\/\/damiper.sk\/sk\/wp-json\/wp\/v2\/product_brand?post=8075"},{"taxonomy":"product_cat","embeddable":true,"href":"https:\/\/damiper.sk\/sk\/wp-json\/wp\/v2\/product_cat?post=8075"},{"taxonomy":"product_tag","embeddable":true,"href":"https:\/\/damiper.sk\/sk\/wp-json\/wp\/v2\/product_tag?post=8075"}],"curies":[{"name":"wp","href":"https:\/\/api.w.org\/{rel}","templated":true}]}}