{"id":8079,"date":"2024-10-03T13:54:53","date_gmt":"2024-10-03T11:54:53","guid":{"rendered":"https:\/\/damiper.sk\/sk\/?post_type=product&#038;p=8079"},"modified":"2024-10-03T21:54:30","modified_gmt":"2024-10-03T19:54:30","slug":"spc_kompozitne_podlahy_repac","status":"publish","type":"product","link":"https:\/\/damiper.sk\/sk\/produkt\/spc_kompozitne_podlahy_repac\/","title":{"rendered":"SPC kompozitn\u00e9 podlahy Repac Solidlock PREMIUM"},"content":{"rendered":"<h1 style=\"text-align: center;\">SPC kompozitn\u00e9 podlahy Repac Solidlock Premium<\/h1>\n<h3 style=\"text-align: center;\">Zaujala V\u00e1s niektor\u00e1 z pon\u00fakan\u00fdch podl\u00e1h? Nev\u00e1hajte si vy\u017eiada\u0165 nez\u00e1v\u00e4zn\u00fa cenov\u00fa ponuku <a href=\"https:\/\/damiper.sk\/sk\/kontakt_damiper\/\">&gt;&gt;TU&lt;&lt;<\/a><\/h3>\n<h2>Kompozitn\u00e9 podlahy Repac Solidlock Premium &#8211; vlastnosti<\/h2>\n<ul>\n<li>SPC kompozitn\u00e9 podlahy s miner\u00e1lnym &#8222;rigid&#8220; jadrom<\/li>\n<li>hr\u00fabka 5 mm palubovka | 4,5 mm dla\u017eba | 4 mm rybia kos\u0165<\/li>\n<li>mikro 4V dr\u00e1\u017eka &#8211; palubovka | rybia kos\u0165<\/li>\n<li>bez V dr\u00e1\u017eky &#8211; dla\u017ebov\u00e9 dekory<\/li>\n<li>vyr\u00e1ban\u00e9 v odolnosti 33 (teda vysok\u00e9 za\u0165a\u017eenie pre dom\u00e1cnosti) a 42 (norm\u00e1lne priemyseln\u00e9 za\u0165a\u017eenie)<\/li>\n<li>tieto SPC kompozitn\u00e9 podlahy s\u00fa vhodn\u00e9 do cel\u00e9ho obytn\u00e9ho priestoru, vr\u00e1tane kuchyne, ob\u00fdva\u010dky \u010di chodby<\/li>\n<li>rovnako tak s\u00fa vhodn\u00e9 do kancel\u00e1rskych priestorov alebo kozmetick\u00fdch a kadern\u00edckych prev\u00e1dzok<\/li>\n<li>100% vodeodoln\u00e9 podlahy<\/li>\n<li>autentick\u00fd vzh\u013ead dubov\u00e9ho dreva v preveden\u00ed palubovka alebo dla\u017ebov\u00e9 dekory<\/li>\n<li>ide\u00e1lna vo\u013eba pre pou\u017eitie s podlahov\u00fdm k\u00faren\u00edm v\u010faka minim\u00e1lnemu tepeln\u00e9mu odporu<\/li>\n<li>pod\u013ea platn\u00fdch ISO noriem je chemicky nez\u00e1vadn\u00e1, teda bez nebezpe\u010dn\u00e9ho obsahu ftal\u00e1tov a formaldehydov<\/li>\n<li>kvalita ovzdu\u0161ia v interi\u00e9ri A+<\/li>\n<\/ul>\n<h2>SPC kompozitn\u00e9 podlahy Repac Solidlock Premium &#8211; odpor\u00fa\u010dania<\/h2>\n<p>Kolekcia Nuance sa vyr\u00e1ba v hr\u00fabke 4,5 mm v preveden\u00ed dla\u017ebov\u00fdch dekorov. S\u00fa\u010das\u0165ou t\u00fdchto vzorov nie je podlo\u017eka, treba ju teda dokupova\u0165 samostatne. Drevodekory vo form\u00e1te 1 lamely, teda palubovky, sa vyr\u00e1baj\u00fa v hr\u00fabke 5 mm a ich s\u00fa\u010das\u0165ou je aj integrovan\u00e1 podlo\u017eka. Modern\u00fd dizajn herringbone, teda rybia kos\u0165, sa vyr\u00e1ba v hr\u00fabke 4 mm, bez integrovanej podlo\u017eky, treba ju teda dokupova\u0165 samostatne. Vo v\u0161etk\u00fdch troch pr\u00edpadoch odpor\u00fa\u010dame aj pou\u017eitie paroz\u00e1brany PE f\u00f3lie 0,2 mm, kv\u00f4li odizolovaniu vlhkosti &#8222;od spodu&#8220;. Cel\u00e1 kolekcia \u00a0je vhodn\u00e1 na mont\u00e1\u017e pl\u00e1vaj\u00facou pokl\u00e1dkou. Tieto podlahy sa vyzna\u010duj\u00fa dokonal\u00fdm autentick\u00fdm 3D vzh\u013eadom dreva alebo dla\u017ebov\u00fdm dizajnom.<\/p>\n<p>Tieto podlahy s\u00fa ur\u010den\u00e9 k pl\u00e1vaj\u00facej pokl\u00e1dke. Z\u00e1rove\u0148 odpor\u00fa\u010dame dohliadnu\u0165 na rovn\u00fd podklad, aby vyzerali dokonale aj pri dopade denn\u00e9ho svetla a nekop\u00edrovali nerovnosti podkladu.<\/p>\n<h2>SPC kompozitn\u00e9 podlahy Repac Solidlock Premium &#8211; v\u00fdhody<\/h2>\n<p>Predstavujeme v\u00e1m tich\u00e9, na dotyk tepl\u00e9 a v\u010faka elastick\u00e9mu povrchu pr\u00edjemne m\u00e4kk\u00e9 a odoln\u00e9 podlahy. Kompozitn\u00e9 podlahy z kolekcie Nuance so stabiln\u00fdm SPC (rigid core) jadrom s\u00fa v\u010faka pou\u017eitiu miner\u00e1lneho plniva v kon\u0161trukcii kompozitn\u00e9ho jadra ve\u013emi stabiln\u00e9 aj pri \u010dast\u00fdch zmen\u00e1ch teploty. V\u010faka patentovan\u00e9mu syst\u00e9mu kliku Uniclic od firmy Unilin (pozn. v\u00fdrobca popul\u00e1rnej zna\u010dky Quick-Step) je mont\u00e1\u017e t\u00fdchto podl\u00e1h ve\u013emi jednoduch\u00e1. Je to v\u010faka pevn\u00e9mu a stabiln\u00e9mu spoju. Cel\u00e1 kolekcia je vodeodoln\u00e1 a v\u010faka n\u00edzkemu tepeln\u00e9mu odporu iba 0,0124 m2K\/W vhodn\u00e1 aj na podlahov\u00e9 vykurovanie.<\/p>\n<p>Ku SPC kompozitn\u00fdm podlah\u00e1m pon\u00fakame aj nasleduj\u00face doplnky:<\/p>\n<ul>\n<li>podlo\u017eky pod podlahy (v pr\u00edpade pl\u00e1vaj\u00facej pokl\u00e1dky)<\/li>\n<li>paroz\u00e1brany<\/li>\n<li>obvodov\u00e9 li\u0161ty + v\u0161etky doplnky<\/li>\n<li>prechodov\u00e9 li\u0161ty<\/li>\n<li>ukon\u010dovacie li\u0161ty<\/li>\n<li>lepidl\u00e1, tmely, &#8230;<\/li>\n<li>korek\u010dn\u00e9 sady<\/li>\n<li><a href=\"http:\/\/damiper.sk\/sk\/udrzba_plavajucej_podlahy_bonamop\/\">pr\u00edpravky na \u00fadr\u017ebu<\/a><\/li>\n<\/ul>\n","protected":false},"excerpt":{"rendered":"<p><strong>Hr\u00fabka podlahy | trieda z\u00e1\u0165a\u017ee | rozmer:\u00a0<\/strong><\/p>\n<p>Solidlock Premium Nuance &#8211; dla\u017eba: 4,5 mm | trieda: 33 | 42<\/p>\n<p>Solidlock Premium Authentic &#8211; palubovka: 5 mm | trieda: 33 | 42<\/p>\n<p>Solidlock Premium Herringbone &#8211; rybia kos\u0165 : 4 mm | trieda: 33 | 42<\/p>\n<p>rozmer: 907 x 450 mm dla\u017eba<\/p>\n<p>rozmer: 1210 x 228 mm palubovka<\/p>\n<p>rozmer: 612 x 125 mm herringbone<\/p>\n<p><strong>Vzh\u013ead: dla\u017eba | palubovka alebo rybia kos\u0165<\/strong><\/p>\n<p><strong>Zabezpe\u010denie dovozu v r\u00e1mci celej SR<\/strong><\/p>\n<p>Dodanie v priebehu 1 pracovn\u00e9ho t\u00fd\u017ed\u0148a, resp. dohodou<\/p>\n","protected":false},"featured_media":8099,"comment_status":"closed","ping_status":"closed","template":"","meta":[],"product_brand":[],"product_cat":[275,41],"product_tag":[59,246,97,54,213,56,301,304,230,236],"class_list":{"0":"post-8079","1":"product","2":"type-product","3":"status-publish","4":"has-post-thumbnail","6":"product_cat-spc-kompozitne-podlahy","7":"product_cat-podlahy","8":"product_tag-4v-drazka","9":"product_tag-bez-v-drazky","10":"product_tag-dlazba","11":"product_tag-dub","12":"product_tag-kompozitna-podlaha","13":"product_tag-palubovka","14":"product_tag-repac","15":"product_tag-solidlock-premium","16":"product_tag-spc","17":"product_tag-vodeodolna","19":"first","20":"instock","21":"shipping-taxable","22":"product-type-simple"},"yoast_head":"<!-- This site is optimized with the Yoast SEO plugin v26.5 - https:\/\/yoast.com\/wordpress\/plugins\/seo\/ -->\n<title>SPC kompozitn\u00e9 podlahy Repac Solidlock Premium | Damiper s.r.o.<\/title>\n<meta name=\"description\" content=\"SPC kompozitn\u00e9 podlahy Repac Solidlock Premium | Vy\u017eiadajte si nez\u00e1v\u00e4zn\u00fa cenov\u00fa ponuku | 0911 190 227 | info@damiper.sk | www.damiper.sk |\" \/>\n<meta name=\"robots\" content=\"index, follow, max-snippet:-1, max-image-preview:large, max-video-preview:-1\" \/>\n<link rel=\"canonical\" href=\"https:\/\/damiper.sk\/sk\/produkt\/spc_kompozitne_podlahy_repac\/\" \/>\n<meta property=\"og:locale\" content=\"sk_SK\" \/>\n<meta property=\"og:type\" content=\"article\" \/>\n<meta property=\"og:title\" content=\"SPC kompozitn\u00e9 podlahy Repac Solidlock Premium | Damiper s.r.o.\" \/>\n<meta property=\"og:description\" content=\"SPC kompozitn\u00e9 podlahy Repac Solidlock Premium | Vy\u017eiadajte si nez\u00e1v\u00e4zn\u00fa cenov\u00fa ponuku | 0911 190 227 | info@damiper.sk | www.damiper.sk |\" \/>\n<meta property=\"og:url\" content=\"https:\/\/damiper.sk\/sk\/produkt\/spc_kompozitne_podlahy_repac\/\" \/>\n<meta property=\"og:site_name\" content=\"Damiper s.r.o. \u00bb Okn\u00e1 | dvere | podlahy\" \/>\n<meta property=\"article:modified_time\" content=\"2024-10-03T19:54:30+00:00\" \/>\n<meta property=\"og:image\" content=\"http:\/\/damiper.sk\/sk\/wp-content\/uploads\/ilustracny-1.jpeg\" \/>\n\t<meta property=\"og:image:width\" content=\"1600\" \/>\n\t<meta property=\"og:image:height\" content=\"1333\" \/>\n\t<meta property=\"og:image:type\" content=\"image\/jpeg\" \/>\n<meta name=\"twitter:card\" content=\"summary_large_image\" \/>\n<meta name=\"twitter:label1\" content=\"Predpokladan\u00fd \u010das \u010d\u00edtania\" \/>\n\t<meta name=\"twitter:data1\" content=\"3 min\u00faty\" \/>\n<script type=\"application\/ld+json\" class=\"yoast-schema-graph\">{\"@context\":\"https:\/\/schema.org\",\"@graph\":[{\"@type\":\"WebPage\",\"@id\":\"https:\/\/damiper.sk\/sk\/produkt\/spc_kompozitne_podlahy_repac\/\",\"url\":\"https:\/\/damiper.sk\/sk\/produkt\/spc_kompozitne_podlahy_repac\/\",\"name\":\"SPC kompozitn\u00e9 podlahy Repac Solidlock Premium | Damiper s.r.o.\",\"isPartOf\":{\"@id\":\"https:\/\/damiper.sk\/sk\/#website\"},\"primaryImageOfPage\":{\"@id\":\"https:\/\/damiper.sk\/sk\/produkt\/spc_kompozitne_podlahy_repac\/#primaryimage\"},\"image\":{\"@id\":\"https:\/\/damiper.sk\/sk\/produkt\/spc_kompozitne_podlahy_repac\/#primaryimage\"},\"thumbnailUrl\":\"https:\/\/damiper.sk\/sk\/wp-content\/uploads\/ilustracny-1.jpeg\",\"datePublished\":\"2024-10-03T11:54:53+00:00\",\"dateModified\":\"2024-10-03T19:54:30+00:00\",\"description\":\"SPC kompozitn\u00e9 podlahy Repac Solidlock Premium | Vy\u017eiadajte si nez\u00e1v\u00e4zn\u00fa cenov\u00fa ponuku | 0911 190 227 | info@damiper.sk | www.damiper.sk |\",\"breadcrumb\":{\"@id\":\"https:\/\/damiper.sk\/sk\/produkt\/spc_kompozitne_podlahy_repac\/#breadcrumb\"},\"inLanguage\":\"sk-SK\",\"potentialAction\":[{\"@type\":\"ReadAction\",\"target\":[\"https:\/\/damiper.sk\/sk\/produkt\/spc_kompozitne_podlahy_repac\/\"]}]},{\"@type\":\"ImageObject\",\"inLanguage\":\"sk-SK\",\"@id\":\"https:\/\/damiper.sk\/sk\/produkt\/spc_kompozitne_podlahy_repac\/#primaryimage\",\"url\":\"https:\/\/damiper.sk\/sk\/wp-content\/uploads\/ilustracny-1.jpeg\",\"contentUrl\":\"https:\/\/damiper.sk\/sk\/wp-content\/uploads\/ilustracny-1.jpeg\",\"width\":1600,\"height\":1333,\"caption\":\"Repac Solidlock Premium Herringbone 1040 Dub Pure - skladom s dovozom ZDARMA\"},{\"@type\":\"BreadcrumbList\",\"@id\":\"https:\/\/damiper.sk\/sk\/produkt\/spc_kompozitne_podlahy_repac\/#breadcrumb\",\"itemListElement\":[{\"@type\":\"ListItem\",\"position\":1,\"name\":\"Domovsk\u00e1 str\u00e1nka\",\"item\":\"https:\/\/damiper.sk\/sk\/\"},{\"@type\":\"ListItem\",\"position\":2,\"name\":\"Shop\",\"item\":\"https:\/\/damiper.sk\/sk\/?page_id=323\"},{\"@type\":\"ListItem\",\"position\":3,\"name\":\"SPC kompozitn\u00e9 podlahy Repac Solidlock PREMIUM\"}]},{\"@type\":\"WebSite\",\"@id\":\"https:\/\/damiper.sk\/sk\/#website\",\"url\":\"https:\/\/damiper.sk\/sk\/\",\"name\":\"Damiper s.r.o. \u00bb Okn\u00e1 | dvere | podlahy\",\"description\":\"Plastov\u00e9 okn\u00e1 | Dvere | Podlahy | Interi\u00e9r\",\"potentialAction\":[{\"@type\":\"SearchAction\",\"target\":{\"@type\":\"EntryPoint\",\"urlTemplate\":\"https:\/\/damiper.sk\/sk\/?s={search_term_string}\"},\"query-input\":{\"@type\":\"PropertyValueSpecification\",\"valueRequired\":true,\"valueName\":\"search_term_string\"}}],\"inLanguage\":\"sk-SK\"}]}<\/script>\n<!-- \/ Yoast SEO plugin. -->","yoast_head_json":{"title":"SPC kompozitn\u00e9 podlahy Repac Solidlock Premium | Damiper s.r.o.","description":"SPC kompozitn\u00e9 podlahy Repac Solidlock Premium | Vy\u017eiadajte si nez\u00e1v\u00e4zn\u00fa cenov\u00fa ponuku | 0911 190 227 | info@damiper.sk | www.damiper.sk |","robots":{"index":"index","follow":"follow","max-snippet":"max-snippet:-1","max-image-preview":"max-image-preview:large","max-video-preview":"max-video-preview:-1"},"canonical":"https:\/\/damiper.sk\/sk\/produkt\/spc_kompozitne_podlahy_repac\/","og_locale":"sk_SK","og_type":"article","og_title":"SPC kompozitn\u00e9 podlahy Repac Solidlock Premium | Damiper s.r.o.","og_description":"SPC kompozitn\u00e9 podlahy Repac Solidlock Premium | Vy\u017eiadajte si nez\u00e1v\u00e4zn\u00fa cenov\u00fa ponuku | 0911 190 227 | info@damiper.sk | www.damiper.sk |","og_url":"https:\/\/damiper.sk\/sk\/produkt\/spc_kompozitne_podlahy_repac\/","og_site_name":"Damiper s.r.o. \u00bb Okn\u00e1 | dvere | podlahy","article_modified_time":"2024-10-03T19:54:30+00:00","og_image":[{"width":1600,"height":1333,"url":"http:\/\/damiper.sk\/sk\/wp-content\/uploads\/ilustracny-1.jpeg","type":"image\/jpeg"}],"twitter_card":"summary_large_image","twitter_misc":{"Predpokladan\u00fd \u010das \u010d\u00edtania":"3 min\u00faty"},"schema":{"@context":"https:\/\/schema.org","@graph":[{"@type":"WebPage","@id":"https:\/\/damiper.sk\/sk\/produkt\/spc_kompozitne_podlahy_repac\/","url":"https:\/\/damiper.sk\/sk\/produkt\/spc_kompozitne_podlahy_repac\/","name":"SPC kompozitn\u00e9 podlahy Repac Solidlock Premium | Damiper s.r.o.","isPartOf":{"@id":"https:\/\/damiper.sk\/sk\/#website"},"primaryImageOfPage":{"@id":"https:\/\/damiper.sk\/sk\/produkt\/spc_kompozitne_podlahy_repac\/#primaryimage"},"image":{"@id":"https:\/\/damiper.sk\/sk\/produkt\/spc_kompozitne_podlahy_repac\/#primaryimage"},"thumbnailUrl":"https:\/\/damiper.sk\/sk\/wp-content\/uploads\/ilustracny-1.jpeg","datePublished":"2024-10-03T11:54:53+00:00","dateModified":"2024-10-03T19:54:30+00:00","description":"SPC kompozitn\u00e9 podlahy Repac Solidlock Premium | Vy\u017eiadajte si nez\u00e1v\u00e4zn\u00fa cenov\u00fa ponuku | 0911 190 227 | info@damiper.sk | www.damiper.sk |","breadcrumb":{"@id":"https:\/\/damiper.sk\/sk\/produkt\/spc_kompozitne_podlahy_repac\/#breadcrumb"},"inLanguage":"sk-SK","potentialAction":[{"@type":"ReadAction","target":["https:\/\/damiper.sk\/sk\/produkt\/spc_kompozitne_podlahy_repac\/"]}]},{"@type":"ImageObject","inLanguage":"sk-SK","@id":"https:\/\/damiper.sk\/sk\/produkt\/spc_kompozitne_podlahy_repac\/#primaryimage","url":"https:\/\/damiper.sk\/sk\/wp-content\/uploads\/ilustracny-1.jpeg","contentUrl":"https:\/\/damiper.sk\/sk\/wp-content\/uploads\/ilustracny-1.jpeg","width":1600,"height":1333,"caption":"Repac Solidlock Premium Herringbone 1040 Dub Pure - skladom s dovozom ZDARMA"},{"@type":"BreadcrumbList","@id":"https:\/\/damiper.sk\/sk\/produkt\/spc_kompozitne_podlahy_repac\/#breadcrumb","itemListElement":[{"@type":"ListItem","position":1,"name":"Domovsk\u00e1 str\u00e1nka","item":"https:\/\/damiper.sk\/sk\/"},{"@type":"ListItem","position":2,"name":"Shop","item":"https:\/\/damiper.sk\/sk\/?page_id=323"},{"@type":"ListItem","position":3,"name":"SPC kompozitn\u00e9 podlahy Repac Solidlock PREMIUM"}]},{"@type":"WebSite","@id":"https:\/\/damiper.sk\/sk\/#website","url":"https:\/\/damiper.sk\/sk\/","name":"Damiper s.r.o. \u00bb Okn\u00e1 | dvere | podlahy","description":"Plastov\u00e9 okn\u00e1 | Dvere | Podlahy | Interi\u00e9r","potentialAction":[{"@type":"SearchAction","target":{"@type":"EntryPoint","urlTemplate":"https:\/\/damiper.sk\/sk\/?s={search_term_string}"},"query-input":{"@type":"PropertyValueSpecification","valueRequired":true,"valueName":"search_term_string"}}],"inLanguage":"sk-SK"}]}},"_links":{"self":[{"href":"https:\/\/damiper.sk\/sk\/wp-json\/wp\/v2\/product\/8079","targetHints":{"allow":["GET"]}}],"collection":[{"href":"https:\/\/damiper.sk\/sk\/wp-json\/wp\/v2\/product"}],"about":[{"href":"https:\/\/damiper.sk\/sk\/wp-json\/wp\/v2\/types\/product"}],"replies":[{"embeddable":true,"href":"https:\/\/damiper.sk\/sk\/wp-json\/wp\/v2\/comments?post=8079"}],"wp:featuredmedia":[{"embeddable":true,"href":"https:\/\/damiper.sk\/sk\/wp-json\/wp\/v2\/media\/8099"}],"wp:attachment":[{"href":"https:\/\/damiper.sk\/sk\/wp-json\/wp\/v2\/media?parent=8079"}],"wp:term":[{"taxonomy":"product_brand","embeddable":true,"href":"https:\/\/damiper.sk\/sk\/wp-json\/wp\/v2\/product_brand?post=8079"},{"taxonomy":"product_cat","embeddable":true,"href":"https:\/\/damiper.sk\/sk\/wp-json\/wp\/v2\/product_cat?post=8079"},{"taxonomy":"product_tag","embeddable":true,"href":"https:\/\/damiper.sk\/sk\/wp-json\/wp\/v2\/product_tag?post=8079"}],"curies":[{"name":"wp","href":"https:\/\/api.w.org\/{rel}","templated":true}]}}